{"id":25794,"date":"2019-06-13T14:02:44","date_gmt":"2019-12-04T11:36:10","guid":{"rendered":"https:\/\/quuttoys.com\/product\/flower-power-2\/"},"modified":"2022-08-19T15:47:36","modified_gmt":"2022-08-19T13:47:36","slug":"flower-power","status":"publish","type":"product","link":"https:\/\/quuttoys.com\/fr\/produit\/flower-power\/","title":{"rendered":"Flower power"},"content":{"rendered":"<p class=\"p1\"><strong><span class=\"s1\">NETTOYAGE ET ENTRETIEN<\/span><\/strong><\/p>\n<p class=\"p1\"><em><span class=\"s1\">Rincez soigneusement apr\u00e8s chaque utilisation et placez-le dans un endroit o\u00f9 il peut s\u00e9cher compl\u00e8tement. Nettoyez avec un d\u00e9tergent doux si n\u00e9cessaire.<\/span><\/em><\/p>\n","protected":false},"excerpt":{"rendered":"<p class=\"p1\"><span class=\"s1\">Retournez dans le pass\u00e9 avec ce puzzle de bain fleurs r\u00e9tro!<\/span><\/p>\n<p class=\"p1\"><span class=\"s1\">Vos enfants am\u00e9lioreront leur motricit\u00e9 fine en collant les fleurs sur le c\u00f4t\u00e9 de la baignoire afin de faire correspondre les couleurs et de reconstruire les fleurs. Donnez \u00e0 votre bain ou votre douche un nouveau look avec cet ensemble de fleurs r\u00e9tro!<br \/>\n<\/span><span class=\"s1\">Cet ensemble comprend 10 grandes pi\u00e8ces en EVA (mousse souple). Les formes flottent sur l&rsquo;eau et vous pouvez facilement coller les figurines humides sur le c\u00f4t\u00e9 de la baignoire ou de la douche pour cr\u00e9er vos propres cr\u00e9ations.<br \/>\n<\/span>[fusion_checklist icon=\"ok\" iconcolor=\"#aaaaaa\" circle=\"no\"]<\/p>\n<ul>\n<li>Stimule la motricit\u00e9 fine<\/li>\n<li>Encourage le jeu cr\u00e9atif<\/li>\n<li>Temps de qualit\u00e9 parent \/ enfant<\/li>\n<li>Mousse douce exempt de bisph\u00e9nol A, de phtalates et de latex.<\/li>\n<li>L&rsquo;ensemble contient 10 pi\u00e8ces<\/li>\n<li>A partir de 10 mois<\/li>\n<\/ul>\n<p>[\/fusion_checklist]<\/p>\n","protected":false},"featured_media":50801,"template":"","meta":{"_coblocks_attr":"","_coblocks_dimensions":"","_coblocks_responsive_height":"","_coblocks_accordion_ie_support":"","_crdt_document":"","jetpack_publicize_message":"","jetpack_publicize_feature_enabled":true,"jetpack_social_post_already_shared":true,"jetpack_social_options":{"image_generator_settings":{"template":"highway","default_image_id":0,"font":"","enabled":false},"version":2},"_wpas_customize_per_network":false},"product_brand":[],"product_cat":[20271,20267,20270],"product_tag":[],"class_list":{"0":"post-25794","1":"product","2":"type-product","3":"status-publish","4":"has-post-thumbnail","6":"product_cat-2d-fr","7":"product_cat-bain","8":"product_cat-quutopia-fr","10":"first","11":"instock","12":"shipping-taxable","13":"product-type-simple"},"yoast_head":"<!-- This site is optimized with the Yoast SEO plugin v27.5 - https:\/\/yoast.com\/product\/yoast-seo-wordpress\/ -->\n<title>Flower power - QUUT<\/title>\n<meta name=\"robots\" content=\"index, follow, max-snippet:-1, max-image-preview:large, max-video-preview:-1\" \/>\n<link rel=\"canonical\" href=\"https:\/\/quuttoys.com\/fr\/produit\/flower-power\/\" \/>\n<meta property=\"og:locale\" content=\"fr_FR\" \/>\n<meta property=\"og:type\" content=\"article\" \/>\n<meta property=\"og:title\" content=\"Flower power - QUUT\" \/>\n<meta property=\"og:description\" content=\"Retournez dans le pass\u00e9 avec ce puzzle de bain fleurs r\u00e9tro! Vos enfants am\u00e9lioreront leur motricit\u00e9 fine en collant les fleurs sur le c\u00f4t\u00e9 de la baignoire afin de faire correspondre les couleurs et de reconstruire les fleurs. Donnez \u00e0 votre bain ou votre douche un nouveau look avec cet ensemble de fleurs r\u00e9tro! Cet ensemble comprend 10 grandes pi\u00e8ces en EVA (mousse souple). Les formes flottent sur l&#039;eau et vous pouvez facilement coller les figurines humides sur le c\u00f4t\u00e9 de la baignoire ou de la douche pour cr\u00e9er vos propres cr\u00e9ations.\" \/>\n<meta property=\"og:url\" content=\"https:\/\/quuttoys.com\/fr\/produit\/flower-power\/\" \/>\n<meta property=\"og:site_name\" content=\"QUUT\" \/>\n<meta property=\"article:modified_time\" content=\"2022-08-19T13:47:36+00:00\" \/>\n<meta property=\"og:image\" content=\"https:\/\/i0.wp.com\/quuttoys.com\/wp-content\/uploads\/2019\/06\/Flower-Power-Bath-Puzzle-1.jpg?fit=1920%2C1919&ssl=1\" \/>\n\t<meta property=\"og:image:width\" content=\"1920\" \/>\n\t<meta property=\"og:image:height\" content=\"1919\" \/>\n\t<meta property=\"og:image:type\" content=\"image\/jpeg\" \/>\n<meta name=\"twitter:card\" content=\"summary_large_image\" \/>\n<meta name=\"twitter:label1\" content=\"Dur\u00e9e de lecture estim\u00e9e\" \/>\n\t<meta name=\"twitter:data1\" content=\"1 minute\" \/>\n<script type=\"application\/ld+json\" class=\"yoast-schema-graph\">{\"@context\":\"https:\\\/\\\/schema.org\",\"@graph\":[{\"@type\":\"WebPage\",\"@id\":\"https:\\\/\\\/quuttoys.com\\\/fr\\\/produit\\\/flower-power\\\/\",\"url\":\"https:\\\/\\\/quuttoys.com\\\/fr\\\/produit\\\/flower-power\\\/\",\"name\":\"Flower power - QUUT\",\"isPartOf\":{\"@id\":\"https:\\\/\\\/quuttoys.com\\\/fr\\\/#website\"},\"primaryImageOfPage\":{\"@id\":\"https:\\\/\\\/quuttoys.com\\\/fr\\\/produit\\\/flower-power\\\/#primaryimage\"},\"image\":{\"@id\":\"https:\\\/\\\/quuttoys.com\\\/fr\\\/produit\\\/flower-power\\\/#primaryimage\"},\"thumbnailUrl\":\"https:\\\/\\\/i0.wp.com\\\/quuttoys.com\\\/wp-content\\\/uploads\\\/2019\\\/06\\\/Flower-Power-Bath-Puzzle-1.jpg?fit=1920%2C1919&ssl=1\",\"datePublished\":\"2019-12-04T11:36:10+00:00\",\"dateModified\":\"2022-08-19T13:47:36+00:00\",\"breadcrumb\":{\"@id\":\"https:\\\/\\\/quuttoys.com\\\/fr\\\/produit\\\/flower-power\\\/#breadcrumb\"},\"inLanguage\":\"fr-FR\",\"potentialAction\":[{\"@type\":\"ReadAction\",\"target\":[\"https:\\\/\\\/quuttoys.com\\\/fr\\\/produit\\\/flower-power\\\/\"]}]},{\"@type\":\"ImageObject\",\"inLanguage\":\"fr-FR\",\"@id\":\"https:\\\/\\\/quuttoys.com\\\/fr\\\/produit\\\/flower-power\\\/#primaryimage\",\"url\":\"https:\\\/\\\/i0.wp.com\\\/quuttoys.com\\\/wp-content\\\/uploads\\\/2019\\\/06\\\/Flower-Power-Bath-Puzzle-1.jpg?fit=1920%2C1919&ssl=1\",\"contentUrl\":\"https:\\\/\\\/i0.wp.com\\\/quuttoys.com\\\/wp-content\\\/uploads\\\/2019\\\/06\\\/Flower-Power-Bath-Puzzle-1.jpg?fit=1920%2C1919&ssl=1\",\"width\":1920,\"height\":1919},{\"@type\":\"BreadcrumbList\",\"@id\":\"https:\\\/\\\/quuttoys.com\\\/fr\\\/produit\\\/flower-power\\\/#breadcrumb\",\"itemListElement\":[{\"@type\":\"ListItem\",\"position\":1,\"name\":\"Home\",\"item\":\"https:\\\/\\\/quuttoys.com\\\/fr\\\/\"},{\"@type\":\"ListItem\",\"position\":2,\"name\":\"All products\",\"item\":\"https:\\\/\\\/quuttoys.com\\\/all-products\\\/\"},{\"@type\":\"ListItem\",\"position\":3,\"name\":\"Flower power\"}]},{\"@type\":\"WebSite\",\"@id\":\"https:\\\/\\\/quuttoys.com\\\/fr\\\/#website\",\"url\":\"https:\\\/\\\/quuttoys.com\\\/fr\\\/\",\"name\":\"QUUT\",\"description\":\"Quality toys quality time - Anywhere anytime\",\"potentialAction\":[{\"@type\":\"SearchAction\",\"target\":{\"@type\":\"EntryPoint\",\"urlTemplate\":\"https:\\\/\\\/quuttoys.com\\\/fr\\\/?s={search_term_string}\"},\"query-input\":{\"@type\":\"PropertyValueSpecification\",\"valueRequired\":true,\"valueName\":\"search_term_string\"}}],\"inLanguage\":\"fr-FR\"}]}<\/script>\n<!-- \/ Yoast SEO plugin. -->","yoast_head_json":{"title":"Flower power - QUUT","robots":{"index":"index","follow":"follow","max-snippet":"max-snippet:-1","max-image-preview":"max-image-preview:large","max-video-preview":"max-video-preview:-1"},"canonical":"https:\/\/quuttoys.com\/fr\/produit\/flower-power\/","og_locale":"fr_FR","og_type":"article","og_title":"Flower power - QUUT","og_description":"Retournez dans le pass\u00e9 avec ce puzzle de bain fleurs r\u00e9tro! Vos enfants am\u00e9lioreront leur motricit\u00e9 fine en collant les fleurs sur le c\u00f4t\u00e9 de la baignoire afin de faire correspondre les couleurs et de reconstruire les fleurs. Donnez \u00e0 votre bain ou votre douche un nouveau look avec cet ensemble de fleurs r\u00e9tro! Cet ensemble comprend 10 grandes pi\u00e8ces en EVA (mousse souple). Les formes flottent sur l'eau et vous pouvez facilement coller les figurines humides sur le c\u00f4t\u00e9 de la baignoire ou de la douche pour cr\u00e9er vos propres cr\u00e9ations.","og_url":"https:\/\/quuttoys.com\/fr\/produit\/flower-power\/","og_site_name":"QUUT","article_modified_time":"2022-08-19T13:47:36+00:00","og_image":[{"width":1920,"height":1919,"url":"https:\/\/i0.wp.com\/quuttoys.com\/wp-content\/uploads\/2019\/06\/Flower-Power-Bath-Puzzle-1.jpg?fit=1920%2C1919&ssl=1","type":"image\/jpeg"}],"twitter_card":"summary_large_image","twitter_misc":{"Dur\u00e9e de lecture estim\u00e9e":"1 minute"},"schema":{"@context":"https:\/\/schema.org","@graph":[{"@type":"WebPage","@id":"https:\/\/quuttoys.com\/fr\/produit\/flower-power\/","url":"https:\/\/quuttoys.com\/fr\/produit\/flower-power\/","name":"Flower power - QUUT","isPartOf":{"@id":"https:\/\/quuttoys.com\/fr\/#website"},"primaryImageOfPage":{"@id":"https:\/\/quuttoys.com\/fr\/produit\/flower-power\/#primaryimage"},"image":{"@id":"https:\/\/quuttoys.com\/fr\/produit\/flower-power\/#primaryimage"},"thumbnailUrl":"https:\/\/i0.wp.com\/quuttoys.com\/wp-content\/uploads\/2019\/06\/Flower-Power-Bath-Puzzle-1.jpg?fit=1920%2C1919&ssl=1","datePublished":"2019-12-04T11:36:10+00:00","dateModified":"2022-08-19T13:47:36+00:00","breadcrumb":{"@id":"https:\/\/quuttoys.com\/fr\/produit\/flower-power\/#breadcrumb"},"inLanguage":"fr-FR","potentialAction":[{"@type":"ReadAction","target":["https:\/\/quuttoys.com\/fr\/produit\/flower-power\/"]}]},{"@type":"ImageObject","inLanguage":"fr-FR","@id":"https:\/\/quuttoys.com\/fr\/produit\/flower-power\/#primaryimage","url":"https:\/\/i0.wp.com\/quuttoys.com\/wp-content\/uploads\/2019\/06\/Flower-Power-Bath-Puzzle-1.jpg?fit=1920%2C1919&ssl=1","contentUrl":"https:\/\/i0.wp.com\/quuttoys.com\/wp-content\/uploads\/2019\/06\/Flower-Power-Bath-Puzzle-1.jpg?fit=1920%2C1919&ssl=1","width":1920,"height":1919},{"@type":"BreadcrumbList","@id":"https:\/\/quuttoys.com\/fr\/produit\/flower-power\/#breadcrumb","itemListElement":[{"@type":"ListItem","position":1,"name":"Home","item":"https:\/\/quuttoys.com\/fr\/"},{"@type":"ListItem","position":2,"name":"All products","item":"https:\/\/quuttoys.com\/all-products\/"},{"@type":"ListItem","position":3,"name":"Flower power"}]},{"@type":"WebSite","@id":"https:\/\/quuttoys.com\/fr\/#website","url":"https:\/\/quuttoys.com\/fr\/","name":"QUUT","description":"Quality toys quality time - Anywhere anytime","potentialAction":[{"@type":"SearchAction","target":{"@type":"EntryPoint","urlTemplate":"https:\/\/quuttoys.com\/fr\/?s={search_term_string}"},"query-input":{"@type":"PropertyValueSpecification","valueRequired":true,"valueName":"search_term_string"}}],"inLanguage":"fr-FR"}]}},"jetpack_publicize_connections":[],"jetpack_likes_enabled":true,"jetpack_sharing_enabled":true,"amp_enabled":true,"_links":{"self":[{"href":"https:\/\/quuttoys.com\/fr\/wp-json\/wp\/v2\/product\/25794","targetHints":{"allow":["GET"]}}],"collection":[{"href":"https:\/\/quuttoys.com\/fr\/wp-json\/wp\/v2\/product"}],"about":[{"href":"https:\/\/quuttoys.com\/fr\/wp-json\/wp\/v2\/types\/product"}],"wp:featuredmedia":[{"embeddable":true,"href":"https:\/\/quuttoys.com\/fr\/wp-json\/wp\/v2\/media\/50801"}],"wp:attachment":[{"href":"https:\/\/quuttoys.com\/fr\/wp-json\/wp\/v2\/media?parent=25794"}],"wp:term":[{"taxonomy":"product_brand","embeddable":true,"href":"https:\/\/quuttoys.com\/fr\/wp-json\/wp\/v2\/product_brand?post=25794"},{"taxonomy":"product_cat","embeddable":true,"href":"https:\/\/quuttoys.com\/fr\/wp-json\/wp\/v2\/product_cat?post=25794"},{"taxonomy":"product_tag","embeddable":true,"href":"https:\/\/quuttoys.com\/fr\/wp-json\/wp\/v2\/product_tag?post=25794"}],"curies":[{"name":"wp","href":"https:\/\/api.w.org\/{rel}","templated":true}]}}