{"id":26001,"date":"2019-02-02T13:35:55","date_gmt":"2019-12-10T10:51:07","guid":{"rendered":"https:\/\/quuttoys.com\/product\/alto-3\/"},"modified":"2022-06-29T10:25:01","modified_gmt":"2022-06-29T08:25:01","slug":"alto-2","status":"publish","type":"product","link":"https:\/\/quuttoys.com\/fr\/produit\/alto-2\/","title":{"rendered":"Alto"},"content":{"rendered":"<p>Couleur: Lagoon green + Vintage blue + Mighty orange<\/p>\n<p>Dimensions: 18 x 18 x 11 cm | 7,1 x 7,1 x 4,3 inches<br \/>\nPoids: \u00b1 300 gr | 0,7 pounds<br \/>\nMati\u00e8re: ABS<\/p>\n<p>\u00c9galement disponible dans d&rsquo;autres couleurs:<br \/>\nLagoon green + Mellow yellow + Ocean Purple<\/p>\n<h3>Le saviez-vous?<\/h3>\n<p><em>Tous les produits sont garantis sans BPA, phtalates ni latex et sont \u00e9videmment 100% recyclables. Chez Quut nous sommes persuad\u00e9s que<br \/>\nlorsque se cr\u00e9e une histoire d\u2019amour avec son jouet pr\u00e9f\u00e9r\u00e9 on le garde soigneusement Et ainsi il sera transmis<br \/>\nde g\u00e9n\u00e9ration en g\u00e9n\u00e9ration. La durabilit\u00e9 au niveau sup\u00e9rieur!<\/em><\/p>\n","protected":false},"excerpt":{"rendered":"<p>Constructeur de ch\u00e2teaux de sable<\/p>\n<p>Alto est un jouet en trois parties inspir\u00e9 par les sculpteurs de sable professionnels.<br \/>\nSes composants empilables, petits-moyens-grands, permettent aux enfants de devenir un expert, cr\u00e9ant des structures solides qui ne s&rsquo;effondreront pas en quelques minutes.<br \/>\nPlus besoin de plusieurs seaux&#8230; il suffit de remplir, presser et mettre en forme, et votre tour \u00e0 plusieurs niveaux est pr\u00eate!<\/p>\n<p>Cr\u00e9ez une seule tour, un ch\u00e2teau impressionant ou tout un village de sable. Et lorsque vous avez termin\u00e9, la conception \u00e0 empiler et \u00e0 cliquer du jouet facilite le nettoyage et le transport. Alto &#8211; le moyen le plus rapide et le plus facile de construire avec du sable.<\/p>\n<p>Jouet prim\u00e9: Red Dot award winner 2014<\/p>\n[fusion_checklist icon=\"ok\" iconcolor=\"#aaaaaa\" circle=\"no\"]<\/p>\n<ul>\n<li>Comprend 3 tailles: petite, moyenne et grande\u2026 empilez-les ou utilisez-les individuellement<\/li>\n<li>Conception ergonomique pour une utilisation, un empilage et un d\u00e9montage facile<\/li>\n<li>S&#8217;embo\u00eete facilement pour un nettoyage et un transport rapide!<\/li>\n<li>Parfait pour jouer \u00e0 la plage, dans le bac \u00e0 sable, des tables de jeu et dans la neige<\/li>\n<li>En plastic durable et recyclable, sans BPA, phtalates ni latex<\/li>\n<\/ul>\n<p>[\/fusion_checklist]\n<p><a href=\"https:\/\/player.vimeo.com\/video\/84754431\" rel=\"nofollow\">https:\/\/player.vimeo.com\/video\/84754431<\/a><\/p>\n","protected":false},"featured_media":26002,"template":"","meta":{"_coblocks_attr":"","_coblocks_dimensions":"","_coblocks_responsive_height":"","_coblocks_accordion_ie_support":"","_crdt_document":"","jetpack_publicize_message":"","jetpack_publicize_feature_enabled":true,"jetpack_social_post_already_shared":true,"jetpack_social_options":{"image_generator_settings":{"template":"highway","default_image_id":0,"font":"","enabled":false},"version":2},"_wpas_customize_per_network":false},"product_brand":[],"product_cat":[20263,20264,20308],"product_tag":[],"class_list":{"0":"post-26001","1":"product","2":"type-product","3":"status-publish","4":"has-post-thumbnail","6":"product_cat-outdoor-fr","7":"product_cat-plage","8":"product_cat-sandcastle-fr","10":"first","11":"instock","12":"shipping-taxable","13":"product-type-simple"},"yoast_head":"<!-- This site is optimized with the Yoast SEO plugin v27.4 - https:\/\/yoast.com\/product\/yoast-seo-wordpress\/ -->\n<title>Alto - QUUT<\/title>\n<meta name=\"robots\" content=\"index, follow, max-snippet:-1, max-image-preview:large, max-video-preview:-1\" \/>\n<link rel=\"canonical\" href=\"https:\/\/quuttoys.com\/fr\/produit\/alto-2\/\" \/>\n<meta property=\"og:locale\" content=\"fr_FR\" \/>\n<meta property=\"og:type\" content=\"article\" \/>\n<meta property=\"og:title\" content=\"Alto - QUUT\" \/>\n<meta property=\"og:description\" content=\"Constructeur de ch\u00e2teaux de sable  Alto est un jouet en trois parties inspir\u00e9 par les sculpteurs de sable professionnels. Ses composants empilables, petits-moyens-grands, permettent aux enfants de devenir un expert, cr\u00e9ant des structures solides qui ne s&#039;effondreront pas en quelques minutes. Plus besoin de plusieurs seaux... il suffit de remplir, presser et mettre en forme, et votre tour \u00e0 plusieurs niveaux est pr\u00eate!  Cr\u00e9ez une seule tour, un ch\u00e2teau impressionant ou tout un village de sable. Et lorsque vous avez termin\u00e9, la conception \u00e0 empiler et \u00e0 cliquer du jouet facilite le nettoyage et le transport. Alto - le moyen le plus rapide et le plus facile de construire avec du sable.  Jouet prim\u00e9: Red Dot award winner 2014    https:\/\/player.vimeo.com\/video\/84754431\" \/>\n<meta property=\"og:url\" content=\"https:\/\/quuttoys.com\/fr\/produit\/alto-2\/\" \/>\n<meta property=\"og:site_name\" content=\"QUUT\" \/>\n<meta property=\"article:modified_time\" content=\"2022-06-29T08:25:01+00:00\" \/>\n<meta property=\"og:image\" content=\"https:\/\/i0.wp.com\/quuttoys.com\/wp-content\/uploads\/2019\/07\/QUUT_alto_3-1.png?fit=570%2C570&ssl=1\" \/>\n\t<meta property=\"og:image:width\" content=\"570\" \/>\n\t<meta property=\"og:image:height\" content=\"570\" \/>\n\t<meta property=\"og:image:type\" content=\"image\/png\" \/>\n<meta name=\"twitter:card\" content=\"summary_large_image\" \/>\n<script type=\"application\/ld+json\" class=\"yoast-schema-graph\">{\"@context\":\"https:\\\/\\\/schema.org\",\"@graph\":[{\"@type\":\"WebPage\",\"@id\":\"https:\\\/\\\/quuttoys.com\\\/fr\\\/produit\\\/alto-2\\\/\",\"url\":\"https:\\\/\\\/quuttoys.com\\\/fr\\\/produit\\\/alto-2\\\/\",\"name\":\"Alto - QUUT\",\"isPartOf\":{\"@id\":\"https:\\\/\\\/quuttoys.com\\\/fr\\\/#website\"},\"primaryImageOfPage\":{\"@id\":\"https:\\\/\\\/quuttoys.com\\\/fr\\\/produit\\\/alto-2\\\/#primaryimage\"},\"image\":{\"@id\":\"https:\\\/\\\/quuttoys.com\\\/fr\\\/produit\\\/alto-2\\\/#primaryimage\"},\"thumbnailUrl\":\"https:\\\/\\\/i0.wp.com\\\/quuttoys.com\\\/wp-content\\\/uploads\\\/2019\\\/07\\\/QUUT_alto_3-1.png?fit=570%2C570&ssl=1\",\"datePublished\":\"2019-12-10T10:51:07+00:00\",\"dateModified\":\"2022-06-29T08:25:01+00:00\",\"breadcrumb\":{\"@id\":\"https:\\\/\\\/quuttoys.com\\\/fr\\\/produit\\\/alto-2\\\/#breadcrumb\"},\"inLanguage\":\"fr-FR\",\"potentialAction\":[{\"@type\":\"ReadAction\",\"target\":[\"https:\\\/\\\/quuttoys.com\\\/fr\\\/produit\\\/alto-2\\\/\"]}]},{\"@type\":\"ImageObject\",\"inLanguage\":\"fr-FR\",\"@id\":\"https:\\\/\\\/quuttoys.com\\\/fr\\\/produit\\\/alto-2\\\/#primaryimage\",\"url\":\"https:\\\/\\\/i0.wp.com\\\/quuttoys.com\\\/wp-content\\\/uploads\\\/2019\\\/07\\\/QUUT_alto_3-1.png?fit=570%2C570&ssl=1\",\"contentUrl\":\"https:\\\/\\\/i0.wp.com\\\/quuttoys.com\\\/wp-content\\\/uploads\\\/2019\\\/07\\\/QUUT_alto_3-1.png?fit=570%2C570&ssl=1\",\"width\":570,\"height\":570,\"caption\":\"quut alto\"},{\"@type\":\"BreadcrumbList\",\"@id\":\"https:\\\/\\\/quuttoys.com\\\/fr\\\/produit\\\/alto-2\\\/#breadcrumb\",\"itemListElement\":[{\"@type\":\"ListItem\",\"position\":1,\"name\":\"Home\",\"item\":\"https:\\\/\\\/quuttoys.com\\\/fr\\\/\"},{\"@type\":\"ListItem\",\"position\":2,\"name\":\"All products\",\"item\":\"https:\\\/\\\/quuttoys.com\\\/all-products\\\/\"},{\"@type\":\"ListItem\",\"position\":3,\"name\":\"Alto\"}]},{\"@type\":\"WebSite\",\"@id\":\"https:\\\/\\\/quuttoys.com\\\/fr\\\/#website\",\"url\":\"https:\\\/\\\/quuttoys.com\\\/fr\\\/\",\"name\":\"QUUT\",\"description\":\"Quality toys quality time - Anywhere anytime\",\"potentialAction\":[{\"@type\":\"SearchAction\",\"target\":{\"@type\":\"EntryPoint\",\"urlTemplate\":\"https:\\\/\\\/quuttoys.com\\\/fr\\\/?s={search_term_string}\"},\"query-input\":{\"@type\":\"PropertyValueSpecification\",\"valueRequired\":true,\"valueName\":\"search_term_string\"}}],\"inLanguage\":\"fr-FR\"}]}<\/script>\n<!-- \/ Yoast SEO plugin. -->","yoast_head_json":{"title":"Alto - QUUT","robots":{"index":"index","follow":"follow","max-snippet":"max-snippet:-1","max-image-preview":"max-image-preview:large","max-video-preview":"max-video-preview:-1"},"canonical":"https:\/\/quuttoys.com\/fr\/produit\/alto-2\/","og_locale":"fr_FR","og_type":"article","og_title":"Alto - QUUT","og_description":"Constructeur de ch\u00e2teaux de sable  Alto est un jouet en trois parties inspir\u00e9 par les sculpteurs de sable professionnels. Ses composants empilables, petits-moyens-grands, permettent aux enfants de devenir un expert, cr\u00e9ant des structures solides qui ne s'effondreront pas en quelques minutes. Plus besoin de plusieurs seaux... il suffit de remplir, presser et mettre en forme, et votre tour \u00e0 plusieurs niveaux est pr\u00eate!  Cr\u00e9ez une seule tour, un ch\u00e2teau impressionant ou tout un village de sable. Et lorsque vous avez termin\u00e9, la conception \u00e0 empiler et \u00e0 cliquer du jouet facilite le nettoyage et le transport. Alto - le moyen le plus rapide et le plus facile de construire avec du sable.  Jouet prim\u00e9: Red Dot award winner 2014    https:\/\/player.vimeo.com\/video\/84754431","og_url":"https:\/\/quuttoys.com\/fr\/produit\/alto-2\/","og_site_name":"QUUT","article_modified_time":"2022-06-29T08:25:01+00:00","og_image":[{"width":570,"height":570,"url":"https:\/\/i0.wp.com\/quuttoys.com\/wp-content\/uploads\/2019\/07\/QUUT_alto_3-1.png?fit=570%2C570&ssl=1","type":"image\/png"}],"twitter_card":"summary_large_image","schema":{"@context":"https:\/\/schema.org","@graph":[{"@type":"WebPage","@id":"https:\/\/quuttoys.com\/fr\/produit\/alto-2\/","url":"https:\/\/quuttoys.com\/fr\/produit\/alto-2\/","name":"Alto - QUUT","isPartOf":{"@id":"https:\/\/quuttoys.com\/fr\/#website"},"primaryImageOfPage":{"@id":"https:\/\/quuttoys.com\/fr\/produit\/alto-2\/#primaryimage"},"image":{"@id":"https:\/\/quuttoys.com\/fr\/produit\/alto-2\/#primaryimage"},"thumbnailUrl":"https:\/\/i0.wp.com\/quuttoys.com\/wp-content\/uploads\/2019\/07\/QUUT_alto_3-1.png?fit=570%2C570&ssl=1","datePublished":"2019-12-10T10:51:07+00:00","dateModified":"2022-06-29T08:25:01+00:00","breadcrumb":{"@id":"https:\/\/quuttoys.com\/fr\/produit\/alto-2\/#breadcrumb"},"inLanguage":"fr-FR","potentialAction":[{"@type":"ReadAction","target":["https:\/\/quuttoys.com\/fr\/produit\/alto-2\/"]}]},{"@type":"ImageObject","inLanguage":"fr-FR","@id":"https:\/\/quuttoys.com\/fr\/produit\/alto-2\/#primaryimage","url":"https:\/\/i0.wp.com\/quuttoys.com\/wp-content\/uploads\/2019\/07\/QUUT_alto_3-1.png?fit=570%2C570&ssl=1","contentUrl":"https:\/\/i0.wp.com\/quuttoys.com\/wp-content\/uploads\/2019\/07\/QUUT_alto_3-1.png?fit=570%2C570&ssl=1","width":570,"height":570,"caption":"quut alto"},{"@type":"BreadcrumbList","@id":"https:\/\/quuttoys.com\/fr\/produit\/alto-2\/#breadcrumb","itemListElement":[{"@type":"ListItem","position":1,"name":"Home","item":"https:\/\/quuttoys.com\/fr\/"},{"@type":"ListItem","position":2,"name":"All products","item":"https:\/\/quuttoys.com\/all-products\/"},{"@type":"ListItem","position":3,"name":"Alto"}]},{"@type":"WebSite","@id":"https:\/\/quuttoys.com\/fr\/#website","url":"https:\/\/quuttoys.com\/fr\/","name":"QUUT","description":"Quality toys quality time - Anywhere anytime","potentialAction":[{"@type":"SearchAction","target":{"@type":"EntryPoint","urlTemplate":"https:\/\/quuttoys.com\/fr\/?s={search_term_string}"},"query-input":{"@type":"PropertyValueSpecification","valueRequired":true,"valueName":"search_term_string"}}],"inLanguage":"fr-FR"}]}},"jetpack_publicize_connections":[],"jetpack_likes_enabled":true,"jetpack_sharing_enabled":true,"amp_enabled":true,"_links":{"self":[{"href":"https:\/\/quuttoys.com\/fr\/wp-json\/wp\/v2\/product\/26001","targetHints":{"allow":["GET"]}}],"collection":[{"href":"https:\/\/quuttoys.com\/fr\/wp-json\/wp\/v2\/product"}],"about":[{"href":"https:\/\/quuttoys.com\/fr\/wp-json\/wp\/v2\/types\/product"}],"wp:featuredmedia":[{"embeddable":true,"href":"https:\/\/quuttoys.com\/fr\/wp-json\/wp\/v2\/media\/26002"}],"wp:attachment":[{"href":"https:\/\/quuttoys.com\/fr\/wp-json\/wp\/v2\/media?parent=26001"}],"wp:term":[{"taxonomy":"product_brand","embeddable":true,"href":"https:\/\/quuttoys.com\/fr\/wp-json\/wp\/v2\/product_brand?post=26001"},{"taxonomy":"product_cat","embeddable":true,"href":"https:\/\/quuttoys.com\/fr\/wp-json\/wp\/v2\/product_cat?post=26001"},{"taxonomy":"product_tag","embeddable":true,"href":"https:\/\/quuttoys.com\/fr\/wp-json\/wp\/v2\/product_tag?post=26001"}],"curies":[{"name":"wp","href":"https:\/\/api.w.org\/{rel}","templated":true}]}}