{"id":26064,"date":"2019-06-12T13:14:10","date_gmt":"2019-12-10T12:59:52","guid":{"rendered":"https:\/\/quuttoys.com\/product\/jellyfish-2\/"},"modified":"2026-03-04T12:26:58","modified_gmt":"2026-03-04T11:26:58","slug":"jellyfish","status":"publish","type":"product","link":"https:\/\/quuttoys.com\/fr\/produit\/jellyfish\/","title":{"rendered":"M\u00e9duse"},"content":{"rendered":"<p class=\"p1\"><strong><span class=\"s1\">NETTOYAGE ET ENTRETIEN<\/span><\/strong><\/p>\n<p class=\"p1\"><em><span class=\"s1\">Rincez soigneusement apr\u00e8s chaque utilisation et placez-le dans un endroit o\u00f9 il peut s\u00e9cher compl\u00e8tement. Nettoyez avec un d\u00e9tergent doux si n\u00e9cessaire.<\/span><\/em><\/p>\n","protected":false},"excerpt":{"rendered":"<p>L&rsquo;heure de bain sera encore plus fun avec ce fascinant puzzle de bain M\u00e9duse.<br \/>\nAssocier les diff\u00e9rentes formes des m\u00e9duses aidera \u00e0 d\u00e9velopper la dext\u00e9rit\u00e9 de vos petits.<br \/>\nLes formes flottent et vous pouvez facilement composer vos propres cr\u00e9ations en les appliquant mouill\u00e9es sur la paroi de la baignoire ou de la douche.<br \/>\nLa mousse souple utilis\u00e9e est sans BPA, phtalates ni latex et est recyclable.<br \/>\nLes pi\u00e8ces n&rsquo;absorbent pas l&rsquo;eau, ce qui r\u00e9duit le risque de moisissure.<br \/>\n[fusion_checklist icon=\"ok\" iconcolor=\"#aaaaaa\" circle=\"no\"]<\/p>\n<ul>\n<li>Stimule la motricit\u00e9 fine<\/li>\n<li>Encourage le jeu cr\u00e9atif<\/li>\n<li>Temps de qualit\u00e9 parent \/ enfant<\/li>\n<li>Mousse douce exempt de bisph\u00e9nol A, de phtalates et de latex.<\/li>\n<li>L&rsquo;ensemble contient 10 pi\u00e8ces<\/li>\n<li>A partir de 10 mois<\/li>\n<\/ul>\n<p>[\/fusion_checklist]<\/p>\n<p><a href=\"https:\/\/player.vimeo.com\/video\/311623642\" rel=\"nofollow\">https:\/\/player.vimeo.com\/video\/311623642<\/a><\/p>\n","protected":false},"featured_media":50786,"template":"","meta":{"_coblocks_attr":"","_coblocks_dimensions":"","_coblocks_responsive_height":"","_coblocks_accordion_ie_support":"","_crdt_document":"","jetpack_publicize_message":"","jetpack_publicize_feature_enabled":true,"jetpack_social_post_already_shared":true,"jetpack_social_options":{"image_generator_settings":{"template":"highway","default_image_id":0,"font":"","enabled":false},"version":2},"_wpas_customize_per_network":false},"product_brand":[],"product_cat":[20271,20267,20268,20265,20992,20766,20270,20739],"product_tag":[],"class_list":{"0":"post-26064","1":"product","2":"type-product","3":"status-publish","4":"has-post-thumbnail","6":"product_cat-2d-fr","7":"product_cat-bain","8":"product_cat-bathmust-fr","9":"product_cat-collection-fr","10":"product_cat-indispensable","11":"product_cat-musthave-2","12":"product_cat-quutopia-fr","13":"product_cat-top-fr","15":"first","16":"instock","17":"shipping-taxable","18":"product-type-simple"},"yoast_head":"<!-- This site is optimized with the Yoast SEO plugin v27.6 - https:\/\/yoast.com\/product\/yoast-seo-wordpress\/ -->\n<title>M\u00e9duse - QUUT<\/title>\n<meta name=\"robots\" content=\"index, follow, max-snippet:-1, max-image-preview:large, max-video-preview:-1\" \/>\n<link rel=\"canonical\" href=\"https:\/\/quuttoys.com\/fr\/produit\/jellyfish\/\" \/>\n<meta property=\"og:locale\" content=\"fr_FR\" \/>\n<meta property=\"og:type\" content=\"article\" \/>\n<meta property=\"og:title\" content=\"M\u00e9duse - QUUT\" \/>\n<meta property=\"og:description\" content=\"L&#039;heure de bain sera encore plus fun avec ce fascinant puzzle de bain M\u00e9duse. Associer les diff\u00e9rentes formes des m\u00e9duses aidera \u00e0 d\u00e9velopper la dext\u00e9rit\u00e9 de vos petits. Les formes flottent et vous pouvez facilement composer vos propres cr\u00e9ations en les appliquant mouill\u00e9es sur la paroi de la baignoire ou de la douche. La mousse souple utilis\u00e9e est sans BPA, phtalates ni latex et est recyclable. Les pi\u00e8ces n&#039;absorbent pas l&#039;eau, ce qui r\u00e9duit le risque de moisissure.   https:\/\/player.vimeo.com\/video\/311623642\" \/>\n<meta property=\"og:url\" content=\"https:\/\/quuttoys.com\/fr\/produit\/jellyfish\/\" \/>\n<meta property=\"og:site_name\" content=\"QUUT\" \/>\n<meta property=\"article:modified_time\" content=\"2026-03-04T11:26:58+00:00\" \/>\n<meta property=\"og:image\" content=\"https:\/\/quuttoys.com\/wp-content\/uploads\/2019\/06\/Jellyfish-Bath-Puzzle-1.jpg\" \/>\n\t<meta property=\"og:image:width\" content=\"1920\" \/>\n\t<meta property=\"og:image:height\" content=\"1919\" \/>\n\t<meta property=\"og:image:type\" content=\"image\/jpeg\" \/>\n<meta name=\"twitter:card\" content=\"summary_large_image\" \/>\n<meta name=\"twitter:label1\" content=\"Dur\u00e9e de lecture estim\u00e9e\" \/>\n\t<meta name=\"twitter:data1\" content=\"1 minute\" \/>\n<script type=\"application\/ld+json\" class=\"yoast-schema-graph\">{\"@context\":\"https:\\\/\\\/schema.org\",\"@graph\":[{\"@type\":\"WebPage\",\"@id\":\"https:\\\/\\\/quuttoys.com\\\/fr\\\/produit\\\/jellyfish\\\/\",\"url\":\"https:\\\/\\\/quuttoys.com\\\/fr\\\/produit\\\/jellyfish\\\/\",\"name\":\"M\u00e9duse - QUUT\",\"isPartOf\":{\"@id\":\"https:\\\/\\\/quuttoys.com\\\/fr\\\/#website\"},\"primaryImageOfPage\":{\"@id\":\"https:\\\/\\\/quuttoys.com\\\/fr\\\/produit\\\/jellyfish\\\/#primaryimage\"},\"image\":{\"@id\":\"https:\\\/\\\/quuttoys.com\\\/fr\\\/produit\\\/jellyfish\\\/#primaryimage\"},\"thumbnailUrl\":\"https:\\\/\\\/i0.wp.com\\\/quuttoys.com\\\/wp-content\\\/uploads\\\/2019\\\/06\\\/Jellyfish-Bath-Puzzle-1.jpg?fit=1920%2C1919&ssl=1\",\"datePublished\":\"2019-12-10T12:59:52+00:00\",\"dateModified\":\"2026-03-04T11:26:58+00:00\",\"breadcrumb\":{\"@id\":\"https:\\\/\\\/quuttoys.com\\\/fr\\\/produit\\\/jellyfish\\\/#breadcrumb\"},\"inLanguage\":\"fr-FR\",\"potentialAction\":[{\"@type\":\"ReadAction\",\"target\":[\"https:\\\/\\\/quuttoys.com\\\/fr\\\/produit\\\/jellyfish\\\/\"]}]},{\"@type\":\"ImageObject\",\"inLanguage\":\"fr-FR\",\"@id\":\"https:\\\/\\\/quuttoys.com\\\/fr\\\/produit\\\/jellyfish\\\/#primaryimage\",\"url\":\"https:\\\/\\\/i0.wp.com\\\/quuttoys.com\\\/wp-content\\\/uploads\\\/2019\\\/06\\\/Jellyfish-Bath-Puzzle-1.jpg?fit=1920%2C1919&ssl=1\",\"contentUrl\":\"https:\\\/\\\/i0.wp.com\\\/quuttoys.com\\\/wp-content\\\/uploads\\\/2019\\\/06\\\/Jellyfish-Bath-Puzzle-1.jpg?fit=1920%2C1919&ssl=1\",\"width\":1920,\"height\":1919},{\"@type\":\"BreadcrumbList\",\"@id\":\"https:\\\/\\\/quuttoys.com\\\/fr\\\/produit\\\/jellyfish\\\/#breadcrumb\",\"itemListElement\":[{\"@type\":\"ListItem\",\"position\":1,\"name\":\"Home\",\"item\":\"https:\\\/\\\/quuttoys.com\\\/fr\\\/\"},{\"@type\":\"ListItem\",\"position\":2,\"name\":\"All products\",\"item\":\"https:\\\/\\\/quuttoys.com\\\/all-products\\\/\"},{\"@type\":\"ListItem\",\"position\":3,\"name\":\"M\u00e9duse\"}]},{\"@type\":\"WebSite\",\"@id\":\"https:\\\/\\\/quuttoys.com\\\/fr\\\/#website\",\"url\":\"https:\\\/\\\/quuttoys.com\\\/fr\\\/\",\"name\":\"QUUT\",\"description\":\"Quality toys quality time - Anywhere anytime\",\"potentialAction\":[{\"@type\":\"SearchAction\",\"target\":{\"@type\":\"EntryPoint\",\"urlTemplate\":\"https:\\\/\\\/quuttoys.com\\\/fr\\\/?s={search_term_string}\"},\"query-input\":{\"@type\":\"PropertyValueSpecification\",\"valueRequired\":true,\"valueName\":\"search_term_string\"}}],\"inLanguage\":\"fr-FR\"}]}<\/script>\n<!-- \/ Yoast SEO plugin. -->","yoast_head_json":{"title":"M\u00e9duse - QUUT","robots":{"index":"index","follow":"follow","max-snippet":"max-snippet:-1","max-image-preview":"max-image-preview:large","max-video-preview":"max-video-preview:-1"},"canonical":"https:\/\/quuttoys.com\/fr\/produit\/jellyfish\/","og_locale":"fr_FR","og_type":"article","og_title":"M\u00e9duse - QUUT","og_description":"L'heure de bain sera encore plus fun avec ce fascinant puzzle de bain M\u00e9duse. Associer les diff\u00e9rentes formes des m\u00e9duses aidera \u00e0 d\u00e9velopper la dext\u00e9rit\u00e9 de vos petits. Les formes flottent et vous pouvez facilement composer vos propres cr\u00e9ations en les appliquant mouill\u00e9es sur la paroi de la baignoire ou de la douche. La mousse souple utilis\u00e9e est sans BPA, phtalates ni latex et est recyclable. Les pi\u00e8ces n'absorbent pas l'eau, ce qui r\u00e9duit le risque de moisissure.   https:\/\/player.vimeo.com\/video\/311623642","og_url":"https:\/\/quuttoys.com\/fr\/produit\/jellyfish\/","og_site_name":"QUUT","article_modified_time":"2026-03-04T11:26:58+00:00","og_image":[{"width":1920,"height":1919,"url":"https:\/\/quuttoys.com\/wp-content\/uploads\/2019\/06\/Jellyfish-Bath-Puzzle-1.jpg","type":"image\/jpeg"}],"twitter_card":"summary_large_image","twitter_misc":{"Dur\u00e9e de lecture estim\u00e9e":"1 minute"},"schema":{"@context":"https:\/\/schema.org","@graph":[{"@type":"WebPage","@id":"https:\/\/quuttoys.com\/fr\/produit\/jellyfish\/","url":"https:\/\/quuttoys.com\/fr\/produit\/jellyfish\/","name":"M\u00e9duse - QUUT","isPartOf":{"@id":"https:\/\/quuttoys.com\/fr\/#website"},"primaryImageOfPage":{"@id":"https:\/\/quuttoys.com\/fr\/produit\/jellyfish\/#primaryimage"},"image":{"@id":"https:\/\/quuttoys.com\/fr\/produit\/jellyfish\/#primaryimage"},"thumbnailUrl":"https:\/\/i0.wp.com\/quuttoys.com\/wp-content\/uploads\/2019\/06\/Jellyfish-Bath-Puzzle-1.jpg?fit=1920%2C1919&ssl=1","datePublished":"2019-12-10T12:59:52+00:00","dateModified":"2026-03-04T11:26:58+00:00","breadcrumb":{"@id":"https:\/\/quuttoys.com\/fr\/produit\/jellyfish\/#breadcrumb"},"inLanguage":"fr-FR","potentialAction":[{"@type":"ReadAction","target":["https:\/\/quuttoys.com\/fr\/produit\/jellyfish\/"]}]},{"@type":"ImageObject","inLanguage":"fr-FR","@id":"https:\/\/quuttoys.com\/fr\/produit\/jellyfish\/#primaryimage","url":"https:\/\/i0.wp.com\/quuttoys.com\/wp-content\/uploads\/2019\/06\/Jellyfish-Bath-Puzzle-1.jpg?fit=1920%2C1919&ssl=1","contentUrl":"https:\/\/i0.wp.com\/quuttoys.com\/wp-content\/uploads\/2019\/06\/Jellyfish-Bath-Puzzle-1.jpg?fit=1920%2C1919&ssl=1","width":1920,"height":1919},{"@type":"BreadcrumbList","@id":"https:\/\/quuttoys.com\/fr\/produit\/jellyfish\/#breadcrumb","itemListElement":[{"@type":"ListItem","position":1,"name":"Home","item":"https:\/\/quuttoys.com\/fr\/"},{"@type":"ListItem","position":2,"name":"All products","item":"https:\/\/quuttoys.com\/all-products\/"},{"@type":"ListItem","position":3,"name":"M\u00e9duse"}]},{"@type":"WebSite","@id":"https:\/\/quuttoys.com\/fr\/#website","url":"https:\/\/quuttoys.com\/fr\/","name":"QUUT","description":"Quality toys quality time - Anywhere anytime","potentialAction":[{"@type":"SearchAction","target":{"@type":"EntryPoint","urlTemplate":"https:\/\/quuttoys.com\/fr\/?s={search_term_string}"},"query-input":{"@type":"PropertyValueSpecification","valueRequired":true,"valueName":"search_term_string"}}],"inLanguage":"fr-FR"}]}},"jetpack_publicize_connections":[],"jetpack_likes_enabled":true,"jetpack_sharing_enabled":true,"amp_enabled":true,"_links":{"self":[{"href":"https:\/\/quuttoys.com\/fr\/wp-json\/wp\/v2\/product\/26064","targetHints":{"allow":["GET"]}}],"collection":[{"href":"https:\/\/quuttoys.com\/fr\/wp-json\/wp\/v2\/product"}],"about":[{"href":"https:\/\/quuttoys.com\/fr\/wp-json\/wp\/v2\/types\/product"}],"wp:featuredmedia":[{"embeddable":true,"href":"https:\/\/quuttoys.com\/fr\/wp-json\/wp\/v2\/media\/50786"}],"wp:attachment":[{"href":"https:\/\/quuttoys.com\/fr\/wp-json\/wp\/v2\/media?parent=26064"}],"wp:term":[{"taxonomy":"product_brand","embeddable":true,"href":"https:\/\/quuttoys.com\/fr\/wp-json\/wp\/v2\/product_brand?post=26064"},{"taxonomy":"product_cat","embeddable":true,"href":"https:\/\/quuttoys.com\/fr\/wp-json\/wp\/v2\/product_cat?post=26064"},{"taxonomy":"product_tag","embeddable":true,"href":"https:\/\/quuttoys.com\/fr\/wp-json\/wp\/v2\/product_tag?post=26064"}],"curies":[{"name":"wp","href":"https:\/\/api.w.org\/{rel}","templated":true}]}}