{"id":26091,"date":"2019-06-11T15:40:46","date_gmt":"2019-12-10T13:46:26","guid":{"rendered":"https:\/\/quuttoys.com\/product\/frog-pond-2\/"},"modified":"2022-08-23T15:36:13","modified_gmt":"2022-08-23T13:36:13","slug":"frog-pond","status":"publish","type":"product","link":"https:\/\/quuttoys.com\/fr\/produit\/frog-pond\/","title":{"rendered":"L\u2019\u00e9tang \u00e0 grenouilles"},"content":{"rendered":"<p class=\"p1\"><strong><span class=\"s1\">NETTOYAGE ET ENTRETIEN<\/span><\/strong><\/p>\n<p class=\"p1\"><em><span class=\"s1\">Rincez soigneusement apr\u00e8s chaque utilisation et placez-le dans un endroit o\u00f9 il peut s\u00e9cher compl\u00e8tement. Nettoyez avec un d\u00e9tergent doux si n\u00e9cessaire.<\/span><\/em><\/p>\n","protected":false},"excerpt":{"rendered":"<p>Laisse libre cours \u00e0 votre imagination avec maman grenouille et ses 2 b\u00e9b\u00e9s grenouilles. Regarde-les sautiller d&rsquo;un n\u00e9nuphar \u00e0 l&rsquo;autre et amuse-toi \u00e0 reconstruire le n\u00e9nuphar g\u00e9ant en 3 parties.<\/p>\n<p>Les plus petits vont adorer construire ces animaux et accoissoires 3D avec l&rsquo;aide de maman ou papa.<br \/>\nL&rsquo;heure du bain n&rsquo;a jamais \u00e9t\u00e9 aussi amusante! Ce set en mousse souple (EVA) stimule la cr\u00e9ativit\u00e9 ainsi que la motricit\u00e9 fine et garanti des moments privil\u00e9gi\u00e9s avec votre enfant, \u00e0 construire et \u00e0 jouer ensemble.<br \/>\nLa mousse souple utilis\u00e9e est sans BPA, phtalates ni latex et est recyclable. Les pi\u00e8ces n&rsquo;absorbent pas l&rsquo;eau, ce qui r\u00e9duit le risque de moisissure.<\/p>\n[fusion_checklist icon=\"ok\" iconcolor=\"#aaaaaa\" circle=\"no\"]<\/p>\n<ul>\n<li>Stimule la motricit\u00e9 fine<\/li>\n<li>Encourage le jeu cr\u00e9atif<\/li>\n<li>Mousse douce exempt de bisph\u00e9nol A, de phtalates et de latex.<\/li>\n<li>Les pi\u00e8ces n&rsquo;absorbent pas l&rsquo;eau, ce qui r\u00e9duit le risque de moisissure.<\/li>\n<li>Ce set contient 9 pi\u00e8ces pour cr\u00e9er 6 jouets<\/li>\n<\/ul>\n<p>[\/fusion_checklist]\n<p><a href=\"https:\/\/player.vimeo.com\/video\/355271544\" rel=\"nofollow\">https:\/\/player.vimeo.com\/video\/355271544<\/a><\/p>\n<p><a href=\"https:\/\/player.vimeo.com\/video\/311469731\" rel=\"nofollow\">https:\/\/player.vimeo.com\/video\/311469731<\/a><\/p>\n","protected":false},"featured_media":26104,"template":"","meta":{"_coblocks_attr":"","_coblocks_dimensions":"","_coblocks_responsive_height":"","_coblocks_accordion_ie_support":"","_crdt_document":"","jetpack_publicize_message":"","jetpack_publicize_feature_enabled":true,"jetpack_social_post_already_shared":true,"jetpack_social_options":{"image_generator_settings":{"template":"highway","default_image_id":0,"font":"","enabled":false},"version":2},"_wpas_customize_per_network":false},"product_brand":[],"product_cat":[20272,20267,20270],"product_tag":[],"class_list":{"0":"post-26091","1":"product","2":"type-product","3":"status-publish","4":"has-post-thumbnail","6":"product_cat-3d-fr","7":"product_cat-bain","8":"product_cat-quutopia-fr","10":"first","11":"instock","12":"shipping-taxable","13":"product-type-simple"},"yoast_head":"<!-- This site is optimized with the Yoast SEO plugin v27.4 - https:\/\/yoast.com\/product\/yoast-seo-wordpress\/ -->\n<title>L\u2019\u00e9tang \u00e0 grenouilles - QUUT<\/title>\n<meta name=\"robots\" content=\"index, follow, max-snippet:-1, max-image-preview:large, max-video-preview:-1\" \/>\n<link rel=\"canonical\" href=\"https:\/\/quuttoys.com\/fr\/produit\/frog-pond\/\" \/>\n<meta property=\"og:locale\" content=\"fr_FR\" \/>\n<meta property=\"og:type\" content=\"article\" \/>\n<meta property=\"og:title\" content=\"L\u2019\u00e9tang \u00e0 grenouilles - QUUT\" \/>\n<meta property=\"og:description\" content=\"Laisse libre cours \u00e0 votre imagination avec maman grenouille et ses 2 b\u00e9b\u00e9s grenouilles. Regarde-les sautiller d&#039;un n\u00e9nuphar \u00e0 l&#039;autre et amuse-toi \u00e0 reconstruire le n\u00e9nuphar g\u00e9ant en 3 parties.  Les plus petits vont adorer construire ces animaux et accoissoires 3D avec l&#039;aide de maman ou papa. L&#039;heure du bain n&#039;a jamais \u00e9t\u00e9 aussi amusante! Ce set en mousse souple (EVA) stimule la cr\u00e9ativit\u00e9 ainsi que la motricit\u00e9 fine et garanti des moments privil\u00e9gi\u00e9s avec votre enfant, \u00e0 construire et \u00e0 jouer ensemble. La mousse souple utilis\u00e9e est sans BPA, phtalates ni latex et est recyclable. Les pi\u00e8ces n&#039;absorbent pas l&#039;eau, ce qui r\u00e9duit le risque de moisissure.    https:\/\/player.vimeo.com\/video\/355271544  https:\/\/player.vimeo.com\/video\/311469731\" \/>\n<meta property=\"og:url\" content=\"https:\/\/quuttoys.com\/fr\/produit\/frog-pond\/\" \/>\n<meta property=\"og:site_name\" content=\"QUUT\" \/>\n<meta property=\"article:modified_time\" content=\"2022-08-23T13:36:13+00:00\" \/>\n<meta property=\"og:image\" content=\"https:\/\/i0.wp.com\/quuttoys.com\/wp-content\/uploads\/2019\/06\/quutopia_frogpond.png?fit=570%2C570&ssl=1\" \/>\n\t<meta property=\"og:image:width\" content=\"570\" \/>\n\t<meta property=\"og:image:height\" content=\"570\" \/>\n\t<meta property=\"og:image:type\" content=\"image\/png\" \/>\n<meta name=\"twitter:card\" content=\"summary_large_image\" \/>\n<meta name=\"twitter:label1\" content=\"Dur\u00e9e de lecture estim\u00e9e\" \/>\n\t<meta name=\"twitter:data1\" content=\"1 minute\" \/>\n<script type=\"application\/ld+json\" class=\"yoast-schema-graph\">{\"@context\":\"https:\\\/\\\/schema.org\",\"@graph\":[{\"@type\":\"WebPage\",\"@id\":\"https:\\\/\\\/quuttoys.com\\\/fr\\\/produit\\\/frog-pond\\\/\",\"url\":\"https:\\\/\\\/quuttoys.com\\\/fr\\\/produit\\\/frog-pond\\\/\",\"name\":\"L\u2019\u00e9tang \u00e0 grenouilles - QUUT\",\"isPartOf\":{\"@id\":\"https:\\\/\\\/quuttoys.com\\\/fr\\\/#website\"},\"primaryImageOfPage\":{\"@id\":\"https:\\\/\\\/quuttoys.com\\\/fr\\\/produit\\\/frog-pond\\\/#primaryimage\"},\"image\":{\"@id\":\"https:\\\/\\\/quuttoys.com\\\/fr\\\/produit\\\/frog-pond\\\/#primaryimage\"},\"thumbnailUrl\":\"https:\\\/\\\/i0.wp.com\\\/quuttoys.com\\\/wp-content\\\/uploads\\\/2019\\\/06\\\/quutopia_frogpond.png?fit=570%2C570&ssl=1\",\"datePublished\":\"2019-12-10T13:46:26+00:00\",\"dateModified\":\"2022-08-23T13:36:13+00:00\",\"breadcrumb\":{\"@id\":\"https:\\\/\\\/quuttoys.com\\\/fr\\\/produit\\\/frog-pond\\\/#breadcrumb\"},\"inLanguage\":\"fr-FR\",\"potentialAction\":[{\"@type\":\"ReadAction\",\"target\":[\"https:\\\/\\\/quuttoys.com\\\/fr\\\/produit\\\/frog-pond\\\/\"]}]},{\"@type\":\"ImageObject\",\"inLanguage\":\"fr-FR\",\"@id\":\"https:\\\/\\\/quuttoys.com\\\/fr\\\/produit\\\/frog-pond\\\/#primaryimage\",\"url\":\"https:\\\/\\\/i0.wp.com\\\/quuttoys.com\\\/wp-content\\\/uploads\\\/2019\\\/06\\\/quutopia_frogpond.png?fit=570%2C570&ssl=1\",\"contentUrl\":\"https:\\\/\\\/i0.wp.com\\\/quuttoys.com\\\/wp-content\\\/uploads\\\/2019\\\/06\\\/quutopia_frogpond.png?fit=570%2C570&ssl=1\",\"width\":570,\"height\":570},{\"@type\":\"BreadcrumbList\",\"@id\":\"https:\\\/\\\/quuttoys.com\\\/fr\\\/produit\\\/frog-pond\\\/#breadcrumb\",\"itemListElement\":[{\"@type\":\"ListItem\",\"position\":1,\"name\":\"Home\",\"item\":\"https:\\\/\\\/quuttoys.com\\\/fr\\\/\"},{\"@type\":\"ListItem\",\"position\":2,\"name\":\"All products\",\"item\":\"https:\\\/\\\/quuttoys.com\\\/all-products\\\/\"},{\"@type\":\"ListItem\",\"position\":3,\"name\":\"L\u2019\u00e9tang \u00e0 grenouilles\"}]},{\"@type\":\"WebSite\",\"@id\":\"https:\\\/\\\/quuttoys.com\\\/fr\\\/#website\",\"url\":\"https:\\\/\\\/quuttoys.com\\\/fr\\\/\",\"name\":\"QUUT\",\"description\":\"Quality toys quality time - Anywhere anytime\",\"potentialAction\":[{\"@type\":\"SearchAction\",\"target\":{\"@type\":\"EntryPoint\",\"urlTemplate\":\"https:\\\/\\\/quuttoys.com\\\/fr\\\/?s={search_term_string}\"},\"query-input\":{\"@type\":\"PropertyValueSpecification\",\"valueRequired\":true,\"valueName\":\"search_term_string\"}}],\"inLanguage\":\"fr-FR\"}]}<\/script>\n<!-- \/ Yoast SEO plugin. -->","yoast_head_json":{"title":"L\u2019\u00e9tang \u00e0 grenouilles - QUUT","robots":{"index":"index","follow":"follow","max-snippet":"max-snippet:-1","max-image-preview":"max-image-preview:large","max-video-preview":"max-video-preview:-1"},"canonical":"https:\/\/quuttoys.com\/fr\/produit\/frog-pond\/","og_locale":"fr_FR","og_type":"article","og_title":"L\u2019\u00e9tang \u00e0 grenouilles - QUUT","og_description":"Laisse libre cours \u00e0 votre imagination avec maman grenouille et ses 2 b\u00e9b\u00e9s grenouilles. Regarde-les sautiller d'un n\u00e9nuphar \u00e0 l'autre et amuse-toi \u00e0 reconstruire le n\u00e9nuphar g\u00e9ant en 3 parties.  Les plus petits vont adorer construire ces animaux et accoissoires 3D avec l'aide de maman ou papa. L'heure du bain n'a jamais \u00e9t\u00e9 aussi amusante! Ce set en mousse souple (EVA) stimule la cr\u00e9ativit\u00e9 ainsi que la motricit\u00e9 fine et garanti des moments privil\u00e9gi\u00e9s avec votre enfant, \u00e0 construire et \u00e0 jouer ensemble. La mousse souple utilis\u00e9e est sans BPA, phtalates ni latex et est recyclable. Les pi\u00e8ces n'absorbent pas l'eau, ce qui r\u00e9duit le risque de moisissure.    https:\/\/player.vimeo.com\/video\/355271544  https:\/\/player.vimeo.com\/video\/311469731","og_url":"https:\/\/quuttoys.com\/fr\/produit\/frog-pond\/","og_site_name":"QUUT","article_modified_time":"2022-08-23T13:36:13+00:00","og_image":[{"width":570,"height":570,"url":"https:\/\/i0.wp.com\/quuttoys.com\/wp-content\/uploads\/2019\/06\/quutopia_frogpond.png?fit=570%2C570&ssl=1","type":"image\/png"}],"twitter_card":"summary_large_image","twitter_misc":{"Dur\u00e9e de lecture estim\u00e9e":"1 minute"},"schema":{"@context":"https:\/\/schema.org","@graph":[{"@type":"WebPage","@id":"https:\/\/quuttoys.com\/fr\/produit\/frog-pond\/","url":"https:\/\/quuttoys.com\/fr\/produit\/frog-pond\/","name":"L\u2019\u00e9tang \u00e0 grenouilles - QUUT","isPartOf":{"@id":"https:\/\/quuttoys.com\/fr\/#website"},"primaryImageOfPage":{"@id":"https:\/\/quuttoys.com\/fr\/produit\/frog-pond\/#primaryimage"},"image":{"@id":"https:\/\/quuttoys.com\/fr\/produit\/frog-pond\/#primaryimage"},"thumbnailUrl":"https:\/\/i0.wp.com\/quuttoys.com\/wp-content\/uploads\/2019\/06\/quutopia_frogpond.png?fit=570%2C570&ssl=1","datePublished":"2019-12-10T13:46:26+00:00","dateModified":"2022-08-23T13:36:13+00:00","breadcrumb":{"@id":"https:\/\/quuttoys.com\/fr\/produit\/frog-pond\/#breadcrumb"},"inLanguage":"fr-FR","potentialAction":[{"@type":"ReadAction","target":["https:\/\/quuttoys.com\/fr\/produit\/frog-pond\/"]}]},{"@type":"ImageObject","inLanguage":"fr-FR","@id":"https:\/\/quuttoys.com\/fr\/produit\/frog-pond\/#primaryimage","url":"https:\/\/i0.wp.com\/quuttoys.com\/wp-content\/uploads\/2019\/06\/quutopia_frogpond.png?fit=570%2C570&ssl=1","contentUrl":"https:\/\/i0.wp.com\/quuttoys.com\/wp-content\/uploads\/2019\/06\/quutopia_frogpond.png?fit=570%2C570&ssl=1","width":570,"height":570},{"@type":"BreadcrumbList","@id":"https:\/\/quuttoys.com\/fr\/produit\/frog-pond\/#breadcrumb","itemListElement":[{"@type":"ListItem","position":1,"name":"Home","item":"https:\/\/quuttoys.com\/fr\/"},{"@type":"ListItem","position":2,"name":"All products","item":"https:\/\/quuttoys.com\/all-products\/"},{"@type":"ListItem","position":3,"name":"L\u2019\u00e9tang \u00e0 grenouilles"}]},{"@type":"WebSite","@id":"https:\/\/quuttoys.com\/fr\/#website","url":"https:\/\/quuttoys.com\/fr\/","name":"QUUT","description":"Quality toys quality time - Anywhere anytime","potentialAction":[{"@type":"SearchAction","target":{"@type":"EntryPoint","urlTemplate":"https:\/\/quuttoys.com\/fr\/?s={search_term_string}"},"query-input":{"@type":"PropertyValueSpecification","valueRequired":true,"valueName":"search_term_string"}}],"inLanguage":"fr-FR"}]}},"jetpack_publicize_connections":[],"jetpack_likes_enabled":true,"jetpack_sharing_enabled":true,"amp_enabled":true,"_links":{"self":[{"href":"https:\/\/quuttoys.com\/fr\/wp-json\/wp\/v2\/product\/26091","targetHints":{"allow":["GET"]}}],"collection":[{"href":"https:\/\/quuttoys.com\/fr\/wp-json\/wp\/v2\/product"}],"about":[{"href":"https:\/\/quuttoys.com\/fr\/wp-json\/wp\/v2\/types\/product"}],"wp:featuredmedia":[{"embeddable":true,"href":"https:\/\/quuttoys.com\/fr\/wp-json\/wp\/v2\/media\/26104"}],"wp:attachment":[{"href":"https:\/\/quuttoys.com\/fr\/wp-json\/wp\/v2\/media?parent=26091"}],"wp:term":[{"taxonomy":"product_brand","embeddable":true,"href":"https:\/\/quuttoys.com\/fr\/wp-json\/wp\/v2\/product_brand?post=26091"},{"taxonomy":"product_cat","embeddable":true,"href":"https:\/\/quuttoys.com\/fr\/wp-json\/wp\/v2\/product_cat?post=26091"},{"taxonomy":"product_tag","embeddable":true,"href":"https:\/\/quuttoys.com\/fr\/wp-json\/wp\/v2\/product_tag?post=26091"}],"curies":[{"name":"wp","href":"https:\/\/api.w.org\/{rel}","templated":true}]}}