{"id":26149,"date":"2019-08-05T11:32:23","date_gmt":"2019-12-10T13:57:28","guid":{"rendered":"https:\/\/quuttoys.com\/product\/cana-large-1l\/"},"modified":"2025-02-13T13:12:06","modified_gmt":"2025-02-13T12:12:06","slug":"cana","status":"publish","type":"product","link":"https:\/\/quuttoys.com\/fr\/produit\/cana\/","title":{"rendered":"Cana Large (1L)"},"content":{"rendered":"<p>Couleur: Cherry Red + Sweet pink<\/p>\n<p>Dimensions: 23,5 x 20 x 8 cm | 9,3 x 7,9 x 3,1 inches<br \/>\nPoids: 175 gr | 0,4 pounds<br \/>\nMati\u00e8re: HDPE \/ TPR<\/p>\n<p>\u00c9galement disponible dans d&rsquo;autres couleurs:<br \/>\nMineral green + Vintage blue<br \/>\nVintage blue + Mighty orange<\/p>\n<h3 data-fontsize=\"20\" data-lineheight=\"37\">Le saviez-vous?<\/h3>\n<p><em>Tous les produits sont garantis sans BPA, phtalates ni latex et sont \u00e9videmment 100% recyclables. Chez Quut nous sommes persuad\u00e9s que<br \/>\nlorsque se cr\u00e9e une histoire d\u2019amour avec son jouet pr\u00e9f\u00e9r\u00e9 on le garde soigneusement Et ainsi il sera transmis<br \/>\nde g\u00e9n\u00e9ration en g\u00e9n\u00e9ration. La durabilit\u00e9 au niveau sup\u00e9rieur!<\/em><\/p>\n","protected":false},"excerpt":{"rendered":"<p>Cana est un arrosoir ludique qui pr\u00e9sente un design iconique et innovant.<br \/>\n\u00c0 utiliser dans la baignoire, \u00e0 la maison, \u00e0 la plage ou dans le jardin. Deux embouts diff\u00e9rents pour deux fois plus de plaisir pour vos enfants: ils peuvent servir \u00e0 arroser ou \u00e0 verser l&rsquo;eau de mani\u00e8re pr\u00e9cise tout en stimulant leur motricit\u00e9 fine.<\/p>\n<p>Aussi disponible en plus petite taille (0,5L).<\/p>\n<p>Design prim\u00e9: Red Dot Product Design Award in 2017<\/p>\n[fusion_checklist icon=\"ok\" iconcolor=\"#aaaaaa\" circle=\"no\"]<\/p>\n<ul>\n<li>Design embl\u00e9matique et intemporel<\/li>\n<li>Poign\u00e9e ergonomique<\/li>\n<li>Design anti-d\u00e9versement<\/li>\n<li>2 fonctions: arroser ou verser de l&rsquo;eau<\/li>\n<li>\u00c0 utiliser dans la baignoire, \u00e0 la maison, \u00e0 la plage ou dans le jardin.<\/li>\n<li>En plastic durable et recyclable, sans BPA, phtalates ni latex<\/li>\n<\/ul>\n<p>[\/fusion_checklist]\n<p><a href=\"https:\/\/player.vimeo.com\/video\/213837164\" rel=\"nofollow\">https:\/\/player.vimeo.com\/video\/213837164<\/a><\/p>\n","protected":false},"featured_media":26150,"template":"","meta":{"_coblocks_attr":"","_coblocks_dimensions":"","_coblocks_responsive_height":"","_coblocks_accordion_ie_support":"","_crdt_document":"","jetpack_post_was_ever_published":false,"jetpack_publicize_message":"","jetpack_publicize_feature_enabled":true,"jetpack_social_post_already_shared":true,"jetpack_social_options":{"image_generator_settings":{"template":"highway","default_image_id":0,"font":"","enabled":false},"version":2},"_wpas_customize_per_network":false},"product_brand":[],"product_cat":[20267,20898,20341,20263,20264],"product_tag":[],"class_list":{"0":"post-26149","1":"product","2":"type-product","3":"status-publish","4":"has-post-thumbnail","6":"product_cat-bain","7":"product_cat-canalarge-3","8":"product_cat-cherry-fr","9":"product_cat-outdoor-fr","10":"product_cat-plage","12":"first","13":"instock","14":"shipping-taxable","15":"product-type-simple"},"yoast_head":"<!-- This site is optimized with the Yoast SEO plugin v27.3 - https:\/\/yoast.com\/product\/yoast-seo-wordpress\/ -->\n<title>Cana Large (1L) - QUUT<\/title>\n<meta name=\"robots\" content=\"index, follow, max-snippet:-1, max-image-preview:large, max-video-preview:-1\" \/>\n<link rel=\"canonical\" href=\"https:\/\/quuttoys.com\/fr\/produit\/cana\/\" \/>\n<meta property=\"og:locale\" content=\"fr_FR\" \/>\n<meta property=\"og:type\" content=\"article\" \/>\n<meta property=\"og:title\" content=\"Cana Large (1L) - QUUT\" \/>\n<meta property=\"og:description\" content=\"Cana est un arrosoir ludique qui pr\u00e9sente un design iconique et innovant. \u00c0 utiliser dans la baignoire, \u00e0 la maison, \u00e0 la plage ou dans le jardin. Deux embouts diff\u00e9rents pour deux fois plus de plaisir pour vos enfants: ils peuvent servir \u00e0 arroser ou \u00e0 verser l&#039;eau de mani\u00e8re pr\u00e9cise tout en stimulant leur motricit\u00e9 fine.  Aussi disponible en plus petite taille (0,5L).  Design prim\u00e9: Red Dot Product Design Award in 2017    https:\/\/player.vimeo.com\/video\/213837164\" \/>\n<meta property=\"og:url\" content=\"https:\/\/quuttoys.com\/fr\/produit\/cana\/\" \/>\n<meta property=\"og:site_name\" content=\"QUUT\" \/>\n<meta property=\"article:modified_time\" content=\"2025-02-13T12:12:06+00:00\" \/>\n<meta property=\"og:image\" content=\"https:\/\/quuttoys.com\/wp-content\/uploads\/2019\/06\/Quut_CANA-L1L_on-white_Cherry-Red-02.png\" \/>\n\t<meta property=\"og:image:width\" content=\"500\" \/>\n\t<meta property=\"og:image:height\" content=\"500\" \/>\n\t<meta property=\"og:image:type\" content=\"image\/png\" \/>\n<meta name=\"twitter:card\" content=\"summary_large_image\" \/>\n<meta name=\"twitter:label1\" content=\"Dur\u00e9e de lecture estim\u00e9e\" \/>\n\t<meta name=\"twitter:data1\" content=\"1 minute\" \/>\n<script type=\"application\/ld+json\" class=\"yoast-schema-graph\">{\"@context\":\"https:\\\/\\\/schema.org\",\"@graph\":[{\"@type\":\"WebPage\",\"@id\":\"https:\\\/\\\/quuttoys.com\\\/fr\\\/produit\\\/cana\\\/\",\"url\":\"https:\\\/\\\/quuttoys.com\\\/fr\\\/produit\\\/cana\\\/\",\"name\":\"Cana Large (1L) - QUUT\",\"isPartOf\":{\"@id\":\"https:\\\/\\\/quuttoys.com\\\/fr\\\/#website\"},\"primaryImageOfPage\":{\"@id\":\"https:\\\/\\\/quuttoys.com\\\/fr\\\/produit\\\/cana\\\/#primaryimage\"},\"image\":{\"@id\":\"https:\\\/\\\/quuttoys.com\\\/fr\\\/produit\\\/cana\\\/#primaryimage\"},\"thumbnailUrl\":\"https:\\\/\\\/i0.wp.com\\\/quuttoys.com\\\/wp-content\\\/uploads\\\/2019\\\/06\\\/Quut_CANA-L1L_on-white_Cherry-Red-02.png?fit=500%2C500&ssl=1\",\"datePublished\":\"2019-12-10T13:57:28+00:00\",\"dateModified\":\"2025-02-13T12:12:06+00:00\",\"breadcrumb\":{\"@id\":\"https:\\\/\\\/quuttoys.com\\\/fr\\\/produit\\\/cana\\\/#breadcrumb\"},\"inLanguage\":\"fr-FR\",\"potentialAction\":[{\"@type\":\"ReadAction\",\"target\":[\"https:\\\/\\\/quuttoys.com\\\/fr\\\/produit\\\/cana\\\/\"]}]},{\"@type\":\"ImageObject\",\"inLanguage\":\"fr-FR\",\"@id\":\"https:\\\/\\\/quuttoys.com\\\/fr\\\/produit\\\/cana\\\/#primaryimage\",\"url\":\"https:\\\/\\\/i0.wp.com\\\/quuttoys.com\\\/wp-content\\\/uploads\\\/2019\\\/06\\\/Quut_CANA-L1L_on-white_Cherry-Red-02.png?fit=500%2C500&ssl=1\",\"contentUrl\":\"https:\\\/\\\/i0.wp.com\\\/quuttoys.com\\\/wp-content\\\/uploads\\\/2019\\\/06\\\/Quut_CANA-L1L_on-white_Cherry-Red-02.png?fit=500%2C500&ssl=1\",\"width\":500,\"height\":500,\"caption\":\"quut cana\"},{\"@type\":\"BreadcrumbList\",\"@id\":\"https:\\\/\\\/quuttoys.com\\\/fr\\\/produit\\\/cana\\\/#breadcrumb\",\"itemListElement\":[{\"@type\":\"ListItem\",\"position\":1,\"name\":\"Home\",\"item\":\"https:\\\/\\\/quuttoys.com\\\/fr\\\/\"},{\"@type\":\"ListItem\",\"position\":2,\"name\":\"All products\",\"item\":\"https:\\\/\\\/quuttoys.com\\\/all-products\\\/\"},{\"@type\":\"ListItem\",\"position\":3,\"name\":\"Cana Large (1L)\"}]},{\"@type\":\"WebSite\",\"@id\":\"https:\\\/\\\/quuttoys.com\\\/fr\\\/#website\",\"url\":\"https:\\\/\\\/quuttoys.com\\\/fr\\\/\",\"name\":\"QUUT\",\"description\":\"Quality toys quality time - Anywhere anytime\",\"potentialAction\":[{\"@type\":\"SearchAction\",\"target\":{\"@type\":\"EntryPoint\",\"urlTemplate\":\"https:\\\/\\\/quuttoys.com\\\/fr\\\/?s={search_term_string}\"},\"query-input\":{\"@type\":\"PropertyValueSpecification\",\"valueRequired\":true,\"valueName\":\"search_term_string\"}}],\"inLanguage\":\"fr-FR\"}]}<\/script>\n<!-- \/ Yoast SEO plugin. -->","yoast_head_json":{"title":"Cana Large (1L) - QUUT","robots":{"index":"index","follow":"follow","max-snippet":"max-snippet:-1","max-image-preview":"max-image-preview:large","max-video-preview":"max-video-preview:-1"},"canonical":"https:\/\/quuttoys.com\/fr\/produit\/cana\/","og_locale":"fr_FR","og_type":"article","og_title":"Cana Large (1L) - QUUT","og_description":"Cana est un arrosoir ludique qui pr\u00e9sente un design iconique et innovant. \u00c0 utiliser dans la baignoire, \u00e0 la maison, \u00e0 la plage ou dans le jardin. Deux embouts diff\u00e9rents pour deux fois plus de plaisir pour vos enfants: ils peuvent servir \u00e0 arroser ou \u00e0 verser l'eau de mani\u00e8re pr\u00e9cise tout en stimulant leur motricit\u00e9 fine.  Aussi disponible en plus petite taille (0,5L).  Design prim\u00e9: Red Dot Product Design Award in 2017    https:\/\/player.vimeo.com\/video\/213837164","og_url":"https:\/\/quuttoys.com\/fr\/produit\/cana\/","og_site_name":"QUUT","article_modified_time":"2025-02-13T12:12:06+00:00","og_image":[{"width":500,"height":500,"url":"https:\/\/quuttoys.com\/wp-content\/uploads\/2019\/06\/Quut_CANA-L1L_on-white_Cherry-Red-02.png","type":"image\/png"}],"twitter_card":"summary_large_image","twitter_misc":{"Dur\u00e9e de lecture estim\u00e9e":"1 minute"},"schema":{"@context":"https:\/\/schema.org","@graph":[{"@type":"WebPage","@id":"https:\/\/quuttoys.com\/fr\/produit\/cana\/","url":"https:\/\/quuttoys.com\/fr\/produit\/cana\/","name":"Cana Large (1L) - QUUT","isPartOf":{"@id":"https:\/\/quuttoys.com\/fr\/#website"},"primaryImageOfPage":{"@id":"https:\/\/quuttoys.com\/fr\/produit\/cana\/#primaryimage"},"image":{"@id":"https:\/\/quuttoys.com\/fr\/produit\/cana\/#primaryimage"},"thumbnailUrl":"https:\/\/i0.wp.com\/quuttoys.com\/wp-content\/uploads\/2019\/06\/Quut_CANA-L1L_on-white_Cherry-Red-02.png?fit=500%2C500&ssl=1","datePublished":"2019-12-10T13:57:28+00:00","dateModified":"2025-02-13T12:12:06+00:00","breadcrumb":{"@id":"https:\/\/quuttoys.com\/fr\/produit\/cana\/#breadcrumb"},"inLanguage":"fr-FR","potentialAction":[{"@type":"ReadAction","target":["https:\/\/quuttoys.com\/fr\/produit\/cana\/"]}]},{"@type":"ImageObject","inLanguage":"fr-FR","@id":"https:\/\/quuttoys.com\/fr\/produit\/cana\/#primaryimage","url":"https:\/\/i0.wp.com\/quuttoys.com\/wp-content\/uploads\/2019\/06\/Quut_CANA-L1L_on-white_Cherry-Red-02.png?fit=500%2C500&ssl=1","contentUrl":"https:\/\/i0.wp.com\/quuttoys.com\/wp-content\/uploads\/2019\/06\/Quut_CANA-L1L_on-white_Cherry-Red-02.png?fit=500%2C500&ssl=1","width":500,"height":500,"caption":"quut cana"},{"@type":"BreadcrumbList","@id":"https:\/\/quuttoys.com\/fr\/produit\/cana\/#breadcrumb","itemListElement":[{"@type":"ListItem","position":1,"name":"Home","item":"https:\/\/quuttoys.com\/fr\/"},{"@type":"ListItem","position":2,"name":"All products","item":"https:\/\/quuttoys.com\/all-products\/"},{"@type":"ListItem","position":3,"name":"Cana Large (1L)"}]},{"@type":"WebSite","@id":"https:\/\/quuttoys.com\/fr\/#website","url":"https:\/\/quuttoys.com\/fr\/","name":"QUUT","description":"Quality toys quality time - Anywhere anytime","potentialAction":[{"@type":"SearchAction","target":{"@type":"EntryPoint","urlTemplate":"https:\/\/quuttoys.com\/fr\/?s={search_term_string}"},"query-input":{"@type":"PropertyValueSpecification","valueRequired":true,"valueName":"search_term_string"}}],"inLanguage":"fr-FR"}]}},"jetpack_publicize_connections":[],"jetpack_likes_enabled":true,"jetpack_sharing_enabled":true,"amp_enabled":true,"_links":{"self":[{"href":"https:\/\/quuttoys.com\/fr\/wp-json\/wp\/v2\/product\/26149","targetHints":{"allow":["GET"]}}],"collection":[{"href":"https:\/\/quuttoys.com\/fr\/wp-json\/wp\/v2\/product"}],"about":[{"href":"https:\/\/quuttoys.com\/fr\/wp-json\/wp\/v2\/types\/product"}],"wp:featuredmedia":[{"embeddable":true,"href":"https:\/\/quuttoys.com\/fr\/wp-json\/wp\/v2\/media\/26150"}],"wp:attachment":[{"href":"https:\/\/quuttoys.com\/fr\/wp-json\/wp\/v2\/media?parent=26149"}],"wp:term":[{"taxonomy":"product_brand","embeddable":true,"href":"https:\/\/quuttoys.com\/fr\/wp-json\/wp\/v2\/product_brand?post=26149"},{"taxonomy":"product_cat","embeddable":true,"href":"https:\/\/quuttoys.com\/fr\/wp-json\/wp\/v2\/product_cat?post=26149"},{"taxonomy":"product_tag","embeddable":true,"href":"https:\/\/quuttoys.com\/fr\/wp-json\/wp\/v2\/product_tag?post=26149"}],"curies":[{"name":"wp","href":"https:\/\/api.w.org\/{rel}","templated":true}]}}