{"id":26166,"date":"2019-06-05T10:00:53","date_gmt":"2019-12-10T14:18:04","guid":{"rendered":"https:\/\/quuttoys.com\/product\/ringo-2\/"},"modified":"2022-08-23T12:19:49","modified_gmt":"2022-08-23T10:19:49","slug":"ringo","status":"publish","type":"product","link":"https:\/\/quuttoys.com\/fr\/produit\/ringo\/","title":{"rendered":"Ringo"},"content":{"rendered":"<p>Dimensions: 15,7 x 11,1 x 5,5 cm | 6,2 x 4,4 x 2,2 inches<br \/>\nPoids: \u00b1 160 gr | 0,4 pounds<br \/>\nMati\u00e8re: PP\/TPE + environmental PVC (ball)<\/p>\n<h3>Le saviez-vous?<\/h3>\n<p><em>Tous les produits sont garantis sans BPA, phtalates ni latex et sont \u00e9videmment 100% recyclables. Chez Quut nous sommes persuad\u00e9s que<br \/>\nlorsque se cr\u00e9e une histoire d\u2019amour avec son jouet pr\u00e9f\u00e9r\u00e9 on le garde soigneusement Et ainsi il sera transmis<br \/>\nde g\u00e9n\u00e9ration en g\u00e9n\u00e9ration. La durabilit\u00e9 au niveau sup\u00e9rieur!<\/em><\/p>\n","protected":false},"excerpt":{"rendered":"<p>6 anneaux l\u00e9gers + 1 balle = 100 possibilit\u00e9s de jeu<\/p>\n<p>Ringo est le jeu de p\u00e9tanque le plus polyvalent et le plus compact jamais invent\u00e9!<br \/>\n6 anneaux l\u00e9gers et une balle de couleur contrastante repr\u00e9sentent des possibilit\u00e9s de jeu infinis<br \/>\nRingo peut \u00eatre utilis\u00e9 dans l&rsquo;eau, sur la plage, dans le jardin ou m\u00eame \u00e0 l&rsquo;int\u00e9rieur. Son emballage compact en fait le jeu de voyage id\u00e9al!<br \/>\nRingo se combine parfaitement avec d&rsquo;autres jouets Quut comme Triplet et Cuppi.<br \/>\nVous pouvez m\u00eame inventer vos propres jeux!<\/p>\n[fusion_checklist icon=\"ok\" iconcolor=\"#aaaaaa\" circle=\"no\"]<\/p>\n<ul>\n<li>Jeu de voyage id\u00e9al: compact et l\u00e9ger.<\/li>\n<li>Flotte sur l&rsquo;eau<\/li>\n<li>Se combine parfaitement avec Triplet et Cuppi<\/li>\n<li>Stimule la cr\u00e9ativit\u00e9: inventez vos propres jeux<\/li>\n<li>Am\u00e9liore la coordination \u0153il-main<\/li>\n<li>En plastic durable et recyclable, sans BPA, phtalates ni latex<\/li>\n<\/ul>\n<p>[\/fusion_checklist]\n<p><a href=\"https:\/\/player.vimeo.com\/video\/86979047\" rel=\"nofollow\">https:\/\/player.vimeo.com\/video\/86979047<\/a><\/p>\n","protected":false},"featured_media":26167,"template":"","meta":{"_coblocks_attr":"","_coblocks_dimensions":"","_coblocks_responsive_height":"","_coblocks_accordion_ie_support":"","_crdt_document":"","jetpack_post_was_ever_published":false,"jetpack_publicize_message":"","jetpack_publicize_feature_enabled":true,"jetpack_social_post_already_shared":true,"jetpack_social_options":{"image_generator_settings":{"template":"highway","default_image_id":0,"font":"","enabled":false},"version":2},"_wpas_customize_per_network":false},"product_brand":[],"product_cat":[20305,20263,20269,20264],"product_tag":[],"class_list":{"0":"post-26166","1":"product","2":"type-product","3":"status-publish","4":"has-post-thumbnail","6":"product_cat-games-fr","7":"product_cat-outdoor-fr","8":"product_cat-outdoormust-fr","9":"product_cat-plage","11":"first","12":"instock","13":"shipping-taxable","14":"product-type-simple"},"yoast_head":"<!-- This site is optimized with the Yoast SEO plugin v27.3 - https:\/\/yoast.com\/product\/yoast-seo-wordpress\/ -->\n<title>Ringo - QUUT<\/title>\n<meta name=\"robots\" content=\"index, follow, max-snippet:-1, max-image-preview:large, max-video-preview:-1\" \/>\n<link rel=\"canonical\" href=\"https:\/\/quuttoys.com\/fr\/produit\/ringo\/\" \/>\n<meta property=\"og:locale\" content=\"fr_FR\" \/>\n<meta property=\"og:type\" content=\"article\" \/>\n<meta property=\"og:title\" content=\"Ringo - QUUT\" \/>\n<meta property=\"og:description\" content=\"6 anneaux l\u00e9gers + 1 balle = 100 possibilit\u00e9s de jeu  Ringo est le jeu de p\u00e9tanque le plus polyvalent et le plus compact jamais invent\u00e9! 6 anneaux l\u00e9gers et une balle de couleur contrastante repr\u00e9sentent des possibilit\u00e9s de jeu infinis Ringo peut \u00eatre utilis\u00e9 dans l&#039;eau, sur la plage, dans le jardin ou m\u00eame \u00e0 l&#039;int\u00e9rieur. Son emballage compact en fait le jeu de voyage id\u00e9al! Ringo se combine parfaitement avec d&#039;autres jouets Quut comme Triplet et Cuppi. Vous pouvez m\u00eame inventer vos propres jeux!    https:\/\/player.vimeo.com\/video\/86979047\" \/>\n<meta property=\"og:url\" content=\"https:\/\/quuttoys.com\/fr\/produit\/ringo\/\" \/>\n<meta property=\"og:site_name\" content=\"QUUT\" \/>\n<meta property=\"article:modified_time\" content=\"2022-08-23T10:19:49+00:00\" \/>\n<meta property=\"og:image\" content=\"https:\/\/i0.wp.com\/quuttoys.com\/wp-content\/uploads\/2019\/06\/quut_ringo-copy-3.jpg?fit=570%2C570&ssl=1\" \/>\n\t<meta property=\"og:image:width\" content=\"570\" \/>\n\t<meta property=\"og:image:height\" content=\"570\" \/>\n\t<meta property=\"og:image:type\" content=\"image\/jpeg\" \/>\n<meta name=\"twitter:card\" content=\"summary_large_image\" \/>\n<meta name=\"twitter:label1\" content=\"Dur\u00e9e de lecture estim\u00e9e\" \/>\n\t<meta name=\"twitter:data1\" content=\"1 minute\" \/>\n<script type=\"application\/ld+json\" class=\"yoast-schema-graph\">{\"@context\":\"https:\\\/\\\/schema.org\",\"@graph\":[{\"@type\":\"WebPage\",\"@id\":\"https:\\\/\\\/quuttoys.com\\\/fr\\\/produit\\\/ringo\\\/\",\"url\":\"https:\\\/\\\/quuttoys.com\\\/fr\\\/produit\\\/ringo\\\/\",\"name\":\"Ringo - QUUT\",\"isPartOf\":{\"@id\":\"https:\\\/\\\/quuttoys.com\\\/fr\\\/#website\"},\"primaryImageOfPage\":{\"@id\":\"https:\\\/\\\/quuttoys.com\\\/fr\\\/produit\\\/ringo\\\/#primaryimage\"},\"image\":{\"@id\":\"https:\\\/\\\/quuttoys.com\\\/fr\\\/produit\\\/ringo\\\/#primaryimage\"},\"thumbnailUrl\":\"https:\\\/\\\/i0.wp.com\\\/quuttoys.com\\\/wp-content\\\/uploads\\\/2019\\\/06\\\/quut_ringo-copy-3.jpg?fit=570%2C570&ssl=1\",\"datePublished\":\"2019-12-10T14:18:04+00:00\",\"dateModified\":\"2022-08-23T10:19:49+00:00\",\"breadcrumb\":{\"@id\":\"https:\\\/\\\/quuttoys.com\\\/fr\\\/produit\\\/ringo\\\/#breadcrumb\"},\"inLanguage\":\"fr-FR\",\"potentialAction\":[{\"@type\":\"ReadAction\",\"target\":[\"https:\\\/\\\/quuttoys.com\\\/fr\\\/produit\\\/ringo\\\/\"]}]},{\"@type\":\"ImageObject\",\"inLanguage\":\"fr-FR\",\"@id\":\"https:\\\/\\\/quuttoys.com\\\/fr\\\/produit\\\/ringo\\\/#primaryimage\",\"url\":\"https:\\\/\\\/i0.wp.com\\\/quuttoys.com\\\/wp-content\\\/uploads\\\/2019\\\/06\\\/quut_ringo-copy-3.jpg?fit=570%2C570&ssl=1\",\"contentUrl\":\"https:\\\/\\\/i0.wp.com\\\/quuttoys.com\\\/wp-content\\\/uploads\\\/2019\\\/06\\\/quut_ringo-copy-3.jpg?fit=570%2C570&ssl=1\",\"width\":570,\"height\":570,\"caption\":\"quut ringo\"},{\"@type\":\"BreadcrumbList\",\"@id\":\"https:\\\/\\\/quuttoys.com\\\/fr\\\/produit\\\/ringo\\\/#breadcrumb\",\"itemListElement\":[{\"@type\":\"ListItem\",\"position\":1,\"name\":\"Home\",\"item\":\"https:\\\/\\\/quuttoys.com\\\/fr\\\/\"},{\"@type\":\"ListItem\",\"position\":2,\"name\":\"All products\",\"item\":\"https:\\\/\\\/quuttoys.com\\\/all-products\\\/\"},{\"@type\":\"ListItem\",\"position\":3,\"name\":\"Ringo\"}]},{\"@type\":\"WebSite\",\"@id\":\"https:\\\/\\\/quuttoys.com\\\/fr\\\/#website\",\"url\":\"https:\\\/\\\/quuttoys.com\\\/fr\\\/\",\"name\":\"QUUT\",\"description\":\"Quality toys quality time - Anywhere anytime\",\"potentialAction\":[{\"@type\":\"SearchAction\",\"target\":{\"@type\":\"EntryPoint\",\"urlTemplate\":\"https:\\\/\\\/quuttoys.com\\\/fr\\\/?s={search_term_string}\"},\"query-input\":{\"@type\":\"PropertyValueSpecification\",\"valueRequired\":true,\"valueName\":\"search_term_string\"}}],\"inLanguage\":\"fr-FR\"}]}<\/script>\n<!-- \/ Yoast SEO plugin. -->","yoast_head_json":{"title":"Ringo - QUUT","robots":{"index":"index","follow":"follow","max-snippet":"max-snippet:-1","max-image-preview":"max-image-preview:large","max-video-preview":"max-video-preview:-1"},"canonical":"https:\/\/quuttoys.com\/fr\/produit\/ringo\/","og_locale":"fr_FR","og_type":"article","og_title":"Ringo - QUUT","og_description":"6 anneaux l\u00e9gers + 1 balle = 100 possibilit\u00e9s de jeu  Ringo est le jeu de p\u00e9tanque le plus polyvalent et le plus compact jamais invent\u00e9! 6 anneaux l\u00e9gers et une balle de couleur contrastante repr\u00e9sentent des possibilit\u00e9s de jeu infinis Ringo peut \u00eatre utilis\u00e9 dans l'eau, sur la plage, dans le jardin ou m\u00eame \u00e0 l'int\u00e9rieur. Son emballage compact en fait le jeu de voyage id\u00e9al! Ringo se combine parfaitement avec d'autres jouets Quut comme Triplet et Cuppi. Vous pouvez m\u00eame inventer vos propres jeux!    https:\/\/player.vimeo.com\/video\/86979047","og_url":"https:\/\/quuttoys.com\/fr\/produit\/ringo\/","og_site_name":"QUUT","article_modified_time":"2022-08-23T10:19:49+00:00","og_image":[{"width":570,"height":570,"url":"https:\/\/i0.wp.com\/quuttoys.com\/wp-content\/uploads\/2019\/06\/quut_ringo-copy-3.jpg?fit=570%2C570&ssl=1","type":"image\/jpeg"}],"twitter_card":"summary_large_image","twitter_misc":{"Dur\u00e9e de lecture estim\u00e9e":"1 minute"},"schema":{"@context":"https:\/\/schema.org","@graph":[{"@type":"WebPage","@id":"https:\/\/quuttoys.com\/fr\/produit\/ringo\/","url":"https:\/\/quuttoys.com\/fr\/produit\/ringo\/","name":"Ringo - QUUT","isPartOf":{"@id":"https:\/\/quuttoys.com\/fr\/#website"},"primaryImageOfPage":{"@id":"https:\/\/quuttoys.com\/fr\/produit\/ringo\/#primaryimage"},"image":{"@id":"https:\/\/quuttoys.com\/fr\/produit\/ringo\/#primaryimage"},"thumbnailUrl":"https:\/\/i0.wp.com\/quuttoys.com\/wp-content\/uploads\/2019\/06\/quut_ringo-copy-3.jpg?fit=570%2C570&ssl=1","datePublished":"2019-12-10T14:18:04+00:00","dateModified":"2022-08-23T10:19:49+00:00","breadcrumb":{"@id":"https:\/\/quuttoys.com\/fr\/produit\/ringo\/#breadcrumb"},"inLanguage":"fr-FR","potentialAction":[{"@type":"ReadAction","target":["https:\/\/quuttoys.com\/fr\/produit\/ringo\/"]}]},{"@type":"ImageObject","inLanguage":"fr-FR","@id":"https:\/\/quuttoys.com\/fr\/produit\/ringo\/#primaryimage","url":"https:\/\/i0.wp.com\/quuttoys.com\/wp-content\/uploads\/2019\/06\/quut_ringo-copy-3.jpg?fit=570%2C570&ssl=1","contentUrl":"https:\/\/i0.wp.com\/quuttoys.com\/wp-content\/uploads\/2019\/06\/quut_ringo-copy-3.jpg?fit=570%2C570&ssl=1","width":570,"height":570,"caption":"quut ringo"},{"@type":"BreadcrumbList","@id":"https:\/\/quuttoys.com\/fr\/produit\/ringo\/#breadcrumb","itemListElement":[{"@type":"ListItem","position":1,"name":"Home","item":"https:\/\/quuttoys.com\/fr\/"},{"@type":"ListItem","position":2,"name":"All products","item":"https:\/\/quuttoys.com\/all-products\/"},{"@type":"ListItem","position":3,"name":"Ringo"}]},{"@type":"WebSite","@id":"https:\/\/quuttoys.com\/fr\/#website","url":"https:\/\/quuttoys.com\/fr\/","name":"QUUT","description":"Quality toys quality time - Anywhere anytime","potentialAction":[{"@type":"SearchAction","target":{"@type":"EntryPoint","urlTemplate":"https:\/\/quuttoys.com\/fr\/?s={search_term_string}"},"query-input":{"@type":"PropertyValueSpecification","valueRequired":true,"valueName":"search_term_string"}}],"inLanguage":"fr-FR"}]}},"jetpack_publicize_connections":[],"jetpack_likes_enabled":true,"jetpack_sharing_enabled":true,"amp_enabled":true,"_links":{"self":[{"href":"https:\/\/quuttoys.com\/fr\/wp-json\/wp\/v2\/product\/26166","targetHints":{"allow":["GET"]}}],"collection":[{"href":"https:\/\/quuttoys.com\/fr\/wp-json\/wp\/v2\/product"}],"about":[{"href":"https:\/\/quuttoys.com\/fr\/wp-json\/wp\/v2\/types\/product"}],"wp:featuredmedia":[{"embeddable":true,"href":"https:\/\/quuttoys.com\/fr\/wp-json\/wp\/v2\/media\/26167"}],"wp:attachment":[{"href":"https:\/\/quuttoys.com\/fr\/wp-json\/wp\/v2\/media?parent=26166"}],"wp:term":[{"taxonomy":"product_brand","embeddable":true,"href":"https:\/\/quuttoys.com\/fr\/wp-json\/wp\/v2\/product_brand?post=26166"},{"taxonomy":"product_cat","embeddable":true,"href":"https:\/\/quuttoys.com\/fr\/wp-json\/wp\/v2\/product_cat?post=26166"},{"taxonomy":"product_tag","embeddable":true,"href":"https:\/\/quuttoys.com\/fr\/wp-json\/wp\/v2\/product_tag?post=26166"}],"curies":[{"name":"wp","href":"https:\/\/api.w.org\/{rel}","templated":true}]}}