{"id":26177,"date":"2019-05-05T10:05:20","date_gmt":"2019-12-10T14:18:53","guid":{"rendered":"https:\/\/quuttoys.com\/product\/magic-shapers-4\/"},"modified":"2022-08-25T12:25:18","modified_gmt":"2022-08-25T10:25:18","slug":"magicshapers","status":"publish","type":"product","link":"https:\/\/quuttoys.com\/fr\/produit\/magicshapers\/","title":{"rendered":"Magic shapers"},"content":{"rendered":"<p>Couleur: Deep blue<\/p>\n<p>Dimensions: 16 x 16 x 4 cm | 6,3 x 6,3 x 1,8 inches<br \/>\nPoids: \u00b1 75 gr | 0,2 pounds<br \/>\nMati\u00e8re: PP<\/p>\n<p>\u00c9galement disponible dans d&rsquo;autres couleurs:<br \/>\nVintage blue<\/p>\n<h3>Le saviez-vous?<\/h3>\n<p><em>Tous les produits sont garantis sans BPA, phtalates ni latex et sont \u00e9videmment 100% recyclables. Chez Quut nous sommes persuad\u00e9s que<br \/>\nlorsque se cr\u00e9e une histoire d\u2019amour avec son jouet pr\u00e9f\u00e9r\u00e9 on le garde soigneusement Et ainsi il sera transmis<br \/>\nde g\u00e9n\u00e9ration en g\u00e9n\u00e9ration. La durabilit\u00e9 au niveau sup\u00e9rieur!<\/em><\/p>\n","protected":false},"excerpt":{"rendered":"<p>Bougez, tapez, soulevez et\u2026 magie!<\/p>\n<p>Les Magic Shapers repr\u00e9sentent une am\u00e9lioration r\u00e9volutionnaire par rapport \u00e0 un jouet classique.<br \/>\nFini de remplir et retourner du sable. Pour remplir le moule magique, il suffit de faire des mouvements circulaires sur le sable et le moule se remplit automatiquement! Un petit mouvement, on soul\u00e8ve et magie&#8230; la forme est faite. Et vos moules magiques font aussi leur magie dans la neige ou avec des bulles de bain !!<br \/>\nLes moules peuvent \u00eatre d\u00e9cor\u00e9es et finies selon votre imagination.<br \/>\nAjoutez des yeux et des ornements pour donner vie aux formes. Que seront-ils?<br \/>\nUne m\u00e9duse, une vache ou m\u00eame une fus\u00e9e?<\/p>\n[fusion_checklist icon=\"ok\" iconcolor=\"#aaaaaa\" circle=\"no\"]<\/p>\n<ul>\n<li>\u00c0 utiliser avec du sable, de l&rsquo;eau, de la p\u00e2te \u00e0 modeler, du sable cin\u00e9tique et de la neige!<\/li>\n<li>Design ergonomique avec poign\u00e9e facile \u00e0 saisir et finition soft-touch qualitative<\/li>\n<li>Encourage l&rsquo;imagination, la cr\u00e9ativit\u00e9, le jeu en plein air et l&rsquo;interaction<\/li>\n<li>S\u00fbr \u00e0 utiliser et super facile \u00e0 nettoyer<\/li>\n<li>Cliquer et stocker pour un transport facile<\/li>\n<li>En plastic durable et recyclable, sans BPA, phtalates ni latex<\/li>\n<\/ul>\n<p>[\/fusion_checklist]\n<p><a href=\"https:\/\/player.vimeo.com\/video\/103912094\" rel=\"nofollow\">https:\/\/player.vimeo.com\/video\/103912094<\/a><\/p>\n","protected":false},"featured_media":26204,"template":"","meta":{"_coblocks_attr":"","_coblocks_dimensions":"","_coblocks_responsive_height":"","_coblocks_accordion_ie_support":"","_crdt_document":"","jetpack_post_was_ever_published":false,"jetpack_publicize_message":"","jetpack_publicize_feature_enabled":true,"jetpack_social_post_already_shared":true,"jetpack_social_options":{"image_generator_settings":{"template":"highway","default_image_id":0,"font":"","enabled":false},"version":2},"_wpas_customize_per_network":false},"product_brand":[],"product_cat":[20343,20263,20264,20307],"product_tag":[],"class_list":{"0":"post-26177","1":"product","2":"type-product","3":"status-publish","4":"has-post-thumbnail","6":"product_cat-ocean-fr","7":"product_cat-outdoor-fr","8":"product_cat-plage","9":"product_cat-magicshapers-fr","11":"first","12":"instock","13":"shipping-taxable","14":"product-type-simple"},"yoast_head":"<!-- This site is optimized with the Yoast SEO plugin v27.2 - https:\/\/yoast.com\/product\/yoast-seo-wordpress\/ -->\n<title>Magic shapers - QUUT<\/title>\n<meta name=\"robots\" content=\"index, follow, max-snippet:-1, max-image-preview:large, max-video-preview:-1\" \/>\n<link rel=\"canonical\" href=\"https:\/\/quuttoys.com\/fr\/produit\/magicshapers\/\" \/>\n<meta property=\"og:locale\" content=\"fr_FR\" \/>\n<meta property=\"og:type\" content=\"article\" \/>\n<meta property=\"og:title\" content=\"Magic shapers - QUUT\" \/>\n<meta property=\"og:description\" content=\"Bougez, tapez, soulevez et\u2026 magie!  Les Magic Shapers repr\u00e9sentent une am\u00e9lioration r\u00e9volutionnaire par rapport \u00e0 un jouet classique. Fini de remplir et retourner du sable. Pour remplir le moule magique, il suffit de faire des mouvements circulaires sur le sable et le moule se remplit automatiquement! Un petit mouvement, on soul\u00e8ve et magie... la forme est faite. Et vos moules magiques font aussi leur magie dans la neige ou avec des bulles de bain !! Les moules peuvent \u00eatre d\u00e9cor\u00e9es et finies selon votre imagination. Ajoutez des yeux et des ornements pour donner vie aux formes. Que seront-ils? Une m\u00e9duse, une vache ou m\u00eame une fus\u00e9e?    https:\/\/player.vimeo.com\/video\/103912094\" \/>\n<meta property=\"og:url\" content=\"https:\/\/quuttoys.com\/fr\/produit\/magicshapers\/\" \/>\n<meta property=\"og:site_name\" content=\"QUUT\" \/>\n<meta property=\"article:modified_time\" content=\"2022-08-25T10:25:18+00:00\" \/>\n<meta property=\"og:image\" content=\"https:\/\/i0.wp.com\/quuttoys.com\/wp-content\/uploads\/2019\/06\/Quut_MAGIC-SHAPER-FISH_onwhite_Deep-Blue-01.png?fit=500%2C500&ssl=1\" \/>\n\t<meta property=\"og:image:width\" content=\"500\" \/>\n\t<meta property=\"og:image:height\" content=\"500\" \/>\n\t<meta property=\"og:image:type\" content=\"image\/png\" \/>\n<meta name=\"twitter:card\" content=\"summary_large_image\" \/>\n<meta name=\"twitter:label1\" content=\"Dur\u00e9e de lecture estim\u00e9e\" \/>\n\t<meta name=\"twitter:data1\" content=\"1 minute\" \/>\n<script type=\"application\/ld+json\" class=\"yoast-schema-graph\">{\"@context\":\"https:\/\/schema.org\",\"@graph\":[{\"@type\":\"WebPage\",\"@id\":\"https:\/\/quuttoys.com\/fr\/produit\/magicshapers\/\",\"url\":\"https:\/\/quuttoys.com\/fr\/produit\/magicshapers\/\",\"name\":\"Magic shapers - QUUT\",\"isPartOf\":{\"@id\":\"https:\/\/quuttoys.com\/fr\/#website\"},\"primaryImageOfPage\":{\"@id\":\"https:\/\/quuttoys.com\/fr\/produit\/magicshapers\/#primaryimage\"},\"image\":{\"@id\":\"https:\/\/quuttoys.com\/fr\/produit\/magicshapers\/#primaryimage\"},\"thumbnailUrl\":\"https:\/\/i0.wp.com\/quuttoys.com\/wp-content\/uploads\/2019\/06\/Quut_MAGIC-SHAPER-FISH_onwhite_Deep-Blue-01.png?fit=500%2C500&ssl=1\",\"datePublished\":\"2019-12-10T14:18:53+00:00\",\"dateModified\":\"2022-08-25T10:25:18+00:00\",\"breadcrumb\":{\"@id\":\"https:\/\/quuttoys.com\/fr\/produit\/magicshapers\/#breadcrumb\"},\"inLanguage\":\"fr-FR\",\"potentialAction\":[{\"@type\":\"ReadAction\",\"target\":[\"https:\/\/quuttoys.com\/fr\/produit\/magicshapers\/\"]}]},{\"@type\":\"ImageObject\",\"inLanguage\":\"fr-FR\",\"@id\":\"https:\/\/quuttoys.com\/fr\/produit\/magicshapers\/#primaryimage\",\"url\":\"https:\/\/i0.wp.com\/quuttoys.com\/wp-content\/uploads\/2019\/06\/Quut_MAGIC-SHAPER-FISH_onwhite_Deep-Blue-01.png?fit=500%2C500&ssl=1\",\"contentUrl\":\"https:\/\/i0.wp.com\/quuttoys.com\/wp-content\/uploads\/2019\/06\/Quut_MAGIC-SHAPER-FISH_onwhite_Deep-Blue-01.png?fit=500%2C500&ssl=1\",\"width\":500,\"height\":500,\"caption\":\"quut magic shaper\"},{\"@type\":\"BreadcrumbList\",\"@id\":\"https:\/\/quuttoys.com\/fr\/produit\/magicshapers\/#breadcrumb\",\"itemListElement\":[{\"@type\":\"ListItem\",\"position\":1,\"name\":\"Home\",\"item\":\"https:\/\/quuttoys.com\/fr\/\"},{\"@type\":\"ListItem\",\"position\":2,\"name\":\"All products\",\"item\":\"https:\/\/quuttoys.com\/all-products\/\"},{\"@type\":\"ListItem\",\"position\":3,\"name\":\"Magic shapers\"}]},{\"@type\":\"WebSite\",\"@id\":\"https:\/\/quuttoys.com\/fr\/#website\",\"url\":\"https:\/\/quuttoys.com\/fr\/\",\"name\":\"QUUT\",\"description\":\"Quality toys quality time - Anywhere anytime\",\"potentialAction\":[{\"@type\":\"SearchAction\",\"target\":{\"@type\":\"EntryPoint\",\"urlTemplate\":\"https:\/\/quuttoys.com\/fr\/?s={search_term_string}\"},\"query-input\":{\"@type\":\"PropertyValueSpecification\",\"valueRequired\":true,\"valueName\":\"search_term_string\"}}],\"inLanguage\":\"fr-FR\"}]}<\/script>\n<!-- \/ Yoast SEO plugin. -->","yoast_head_json":{"title":"Magic shapers - QUUT","robots":{"index":"index","follow":"follow","max-snippet":"max-snippet:-1","max-image-preview":"max-image-preview:large","max-video-preview":"max-video-preview:-1"},"canonical":"https:\/\/quuttoys.com\/fr\/produit\/magicshapers\/","og_locale":"fr_FR","og_type":"article","og_title":"Magic shapers - QUUT","og_description":"Bougez, tapez, soulevez et\u2026 magie!  Les Magic Shapers repr\u00e9sentent une am\u00e9lioration r\u00e9volutionnaire par rapport \u00e0 un jouet classique. Fini de remplir et retourner du sable. Pour remplir le moule magique, il suffit de faire des mouvements circulaires sur le sable et le moule se remplit automatiquement! Un petit mouvement, on soul\u00e8ve et magie... la forme est faite. Et vos moules magiques font aussi leur magie dans la neige ou avec des bulles de bain !! Les moules peuvent \u00eatre d\u00e9cor\u00e9es et finies selon votre imagination. Ajoutez des yeux et des ornements pour donner vie aux formes. Que seront-ils? Une m\u00e9duse, une vache ou m\u00eame une fus\u00e9e?    https:\/\/player.vimeo.com\/video\/103912094","og_url":"https:\/\/quuttoys.com\/fr\/produit\/magicshapers\/","og_site_name":"QUUT","article_modified_time":"2022-08-25T10:25:18+00:00","og_image":[{"width":500,"height":500,"url":"https:\/\/i0.wp.com\/quuttoys.com\/wp-content\/uploads\/2019\/06\/Quut_MAGIC-SHAPER-FISH_onwhite_Deep-Blue-01.png?fit=500%2C500&ssl=1","type":"image\/png"}],"twitter_card":"summary_large_image","twitter_misc":{"Dur\u00e9e de lecture estim\u00e9e":"1 minute"},"schema":{"@context":"https:\/\/schema.org","@graph":[{"@type":"WebPage","@id":"https:\/\/quuttoys.com\/fr\/produit\/magicshapers\/","url":"https:\/\/quuttoys.com\/fr\/produit\/magicshapers\/","name":"Magic shapers - QUUT","isPartOf":{"@id":"https:\/\/quuttoys.com\/fr\/#website"},"primaryImageOfPage":{"@id":"https:\/\/quuttoys.com\/fr\/produit\/magicshapers\/#primaryimage"},"image":{"@id":"https:\/\/quuttoys.com\/fr\/produit\/magicshapers\/#primaryimage"},"thumbnailUrl":"https:\/\/i0.wp.com\/quuttoys.com\/wp-content\/uploads\/2019\/06\/Quut_MAGIC-SHAPER-FISH_onwhite_Deep-Blue-01.png?fit=500%2C500&ssl=1","datePublished":"2019-12-10T14:18:53+00:00","dateModified":"2022-08-25T10:25:18+00:00","breadcrumb":{"@id":"https:\/\/quuttoys.com\/fr\/produit\/magicshapers\/#breadcrumb"},"inLanguage":"fr-FR","potentialAction":[{"@type":"ReadAction","target":["https:\/\/quuttoys.com\/fr\/produit\/magicshapers\/"]}]},{"@type":"ImageObject","inLanguage":"fr-FR","@id":"https:\/\/quuttoys.com\/fr\/produit\/magicshapers\/#primaryimage","url":"https:\/\/i0.wp.com\/quuttoys.com\/wp-content\/uploads\/2019\/06\/Quut_MAGIC-SHAPER-FISH_onwhite_Deep-Blue-01.png?fit=500%2C500&ssl=1","contentUrl":"https:\/\/i0.wp.com\/quuttoys.com\/wp-content\/uploads\/2019\/06\/Quut_MAGIC-SHAPER-FISH_onwhite_Deep-Blue-01.png?fit=500%2C500&ssl=1","width":500,"height":500,"caption":"quut magic shaper"},{"@type":"BreadcrumbList","@id":"https:\/\/quuttoys.com\/fr\/produit\/magicshapers\/#breadcrumb","itemListElement":[{"@type":"ListItem","position":1,"name":"Home","item":"https:\/\/quuttoys.com\/fr\/"},{"@type":"ListItem","position":2,"name":"All products","item":"https:\/\/quuttoys.com\/all-products\/"},{"@type":"ListItem","position":3,"name":"Magic shapers"}]},{"@type":"WebSite","@id":"https:\/\/quuttoys.com\/fr\/#website","url":"https:\/\/quuttoys.com\/fr\/","name":"QUUT","description":"Quality toys quality time - Anywhere anytime","potentialAction":[{"@type":"SearchAction","target":{"@type":"EntryPoint","urlTemplate":"https:\/\/quuttoys.com\/fr\/?s={search_term_string}"},"query-input":{"@type":"PropertyValueSpecification","valueRequired":true,"valueName":"search_term_string"}}],"inLanguage":"fr-FR"}]}},"jetpack_publicize_connections":[],"jetpack_likes_enabled":true,"jetpack_sharing_enabled":true,"amp_enabled":true,"_links":{"self":[{"href":"https:\/\/quuttoys.com\/fr\/wp-json\/wp\/v2\/product\/26177","targetHints":{"allow":["GET"]}}],"collection":[{"href":"https:\/\/quuttoys.com\/fr\/wp-json\/wp\/v2\/product"}],"about":[{"href":"https:\/\/quuttoys.com\/fr\/wp-json\/wp\/v2\/types\/product"}],"wp:featuredmedia":[{"embeddable":true,"href":"https:\/\/quuttoys.com\/fr\/wp-json\/wp\/v2\/media\/26204"}],"wp:attachment":[{"href":"https:\/\/quuttoys.com\/fr\/wp-json\/wp\/v2\/media?parent=26177"}],"wp:term":[{"taxonomy":"product_brand","embeddable":true,"href":"https:\/\/quuttoys.com\/fr\/wp-json\/wp\/v2\/product_brand?post=26177"},{"taxonomy":"product_cat","embeddable":true,"href":"https:\/\/quuttoys.com\/fr\/wp-json\/wp\/v2\/product_cat?post=26177"},{"taxonomy":"product_tag","embeddable":true,"href":"https:\/\/quuttoys.com\/fr\/wp-json\/wp\/v2\/product_tag?post=26177"}],"curies":[{"name":"wp","href":"https:\/\/api.w.org\/{rel}","templated":true}]}}