{"id":26238,"date":"2019-08-03T09:26:13","date_gmt":"2019-12-10T14:41:27","guid":{"rendered":"https:\/\/quuttoys.com\/product\/mini-ballo-3\/"},"modified":"2025-02-13T13:04:18","modified_gmt":"2025-02-13T12:04:18","slug":"mini-ballo","status":"publish","type":"product","link":"https:\/\/quuttoys.com\/fr\/produit\/mini-ballo\/","title":{"rendered":"Mini ballo"},"content":{"rendered":"<p>Couleur: Sweet pink + Yellow stone<\/p>\n<p>Dimensions: 16 x 16 x 16 cm (1,70 L) | 6,2 x 6,2 x 6,2 inches<br \/>\nPoids: 180 gr | 0,4 pounds<br \/>\nMati\u00e8re: HDPE (ballon) \/ ABS (poign\u00e9e) \/ TPR (couvercle verseur ) \/ PP (corde)<\/p>\n<p>\u00c9galement disponible dans d&rsquo;autres couleurs:<br \/>\nVintage blue + Mineral green<\/p>\n<h3>Le saviez-vous?<\/h3>\n<p><em>Tous les produits sont garantis sans BPA, phtalates ni latex et sont \u00e9videmment 100% recyclables. Chez Quut nous sommes persuad\u00e9s que<br \/>\nlorsque se cr\u00e9e une histoire d\u2019amour avec son jouet pr\u00e9f\u00e9r\u00e9 on le garde soigneusement Et ainsi il sera transmis<br \/>\nde g\u00e9n\u00e9ration en g\u00e9n\u00e9ration. La durabilit\u00e9 au niveau sup\u00e9rieur!<\/em><\/p>\n","protected":false},"excerpt":{"rendered":"<p>Le seau sans d\u00e9versement<\/p>\n<p>Gr\u00e2ce \u00e0 son design moderne et astucieux et \u00e0 sa finition soft-touch, le mini Ballo permet aux petites mains de le remplir facilement d&rsquo;eau et de remonter la plage en courant pour venir la d\u00e9verser sans peine. Transporter de l&rsquo;eau de la mer \u00e0 un ch\u00e2teau de sable n&rsquo;a jamais \u00e9t\u00e9 aussi amusant.<br \/>\nAussi disponible en plus grande taille pour les enfants plus \u00e2g\u00e9s.<\/p>\n[fusion_checklist icon=\"ok\" iconcolor=\"#aaaaaa\" circle=\"no\"]<\/p>\n<ul>\n<li>Poign\u00e9e ergonomique et facile \u00e0 saisir<\/li>\n<li>Encourage l&rsquo;imagination, la cr\u00e9ativit\u00e9, le jeu en plein air et l&rsquo;interaction<\/li>\n<li>A utiliser sur la plage, dans le jardin ou m\u00eame dans la baignoire!<\/li>\n<li>Emp\u00eache les renversements<\/li>\n<li>S\u00fbr \u00e0 utiliser et super facile \u00e0 nettoyer<\/li>\n<li>Fabriqu\u00e9e en plastic durable et recyclable, sans BPA, latex ni phthalates<\/li>\n<\/ul>\n<p>[\/fusion_checklist]\n<p><a href=\"https:\/\/player.vimeo.com\/video\/84754432\" rel=\"nofollow\">https:\/\/player.vimeo.com\/video\/84754432<\/a><\/p>\n","protected":false},"featured_media":48380,"template":"","meta":{"_coblocks_attr":"","_coblocks_dimensions":"","_coblocks_responsive_height":"","_coblocks_accordion_ie_support":"","_crdt_document":"","jetpack_publicize_message":"","jetpack_publicize_feature_enabled":true,"jetpack_social_post_already_shared":true,"jetpack_social_options":{"image_generator_settings":{"template":"highway","default_image_id":0,"font":"","enabled":false},"version":2},"_wpas_customize_per_network":false},"product_brand":[],"product_cat":[20267,20349,20268,20900,20263,20264],"product_tag":[20351],"class_list":{"0":"post-26238","1":"product","2":"type-product","3":"status-publish","4":"has-post-thumbnail","6":"product_cat-bain","7":"product_cat-bananapink-fr","8":"product_cat-bathmust-fr","9":"product_cat-miniballo-3","10":"product_cat-outdoor-fr","11":"product_cat-plage","12":"product_tag-bananapink-fr","14":"first","15":"instock","16":"shipping-taxable","17":"product-type-simple"},"yoast_head":"<!-- This site is optimized with the Yoast SEO plugin v27.5 - https:\/\/yoast.com\/product\/yoast-seo-wordpress\/ -->\n<title>Mini ballo - QUUT<\/title>\n<meta name=\"robots\" content=\"index, follow, max-snippet:-1, max-image-preview:large, max-video-preview:-1\" \/>\n<link rel=\"canonical\" href=\"https:\/\/quuttoys.com\/fr\/produit\/mini-ballo\/\" \/>\n<meta property=\"og:locale\" content=\"fr_FR\" \/>\n<meta property=\"og:type\" content=\"article\" \/>\n<meta property=\"og:title\" content=\"Mini ballo - QUUT\" \/>\n<meta property=\"og:description\" content=\"Le seau sans d\u00e9versement  Gr\u00e2ce \u00e0 son design moderne et astucieux et \u00e0 sa finition soft-touch, le mini Ballo permet aux petites mains de le remplir facilement d&#039;eau et de remonter la plage en courant pour venir la d\u00e9verser sans peine. Transporter de l&#039;eau de la mer \u00e0 un ch\u00e2teau de sable n&#039;a jamais \u00e9t\u00e9 aussi amusant. Aussi disponible en plus grande taille pour les enfants plus \u00e2g\u00e9s.    https:\/\/player.vimeo.com\/video\/84754432\" \/>\n<meta property=\"og:url\" content=\"https:\/\/quuttoys.com\/fr\/produit\/mini-ballo\/\" \/>\n<meta property=\"og:site_name\" content=\"QUUT\" \/>\n<meta property=\"article:modified_time\" content=\"2025-02-13T12:04:18+00:00\" \/>\n<meta property=\"og:image\" content=\"https:\/\/quuttoys.com\/wp-content\/uploads\/2019\/08\/Mini_ballo-Copy-5.png\" \/>\n\t<meta property=\"og:image:width\" content=\"570\" \/>\n\t<meta property=\"og:image:height\" content=\"570\" \/>\n\t<meta property=\"og:image:type\" content=\"image\/png\" \/>\n<meta name=\"twitter:card\" content=\"summary_large_image\" \/>\n<meta name=\"twitter:label1\" content=\"Dur\u00e9e de lecture estim\u00e9e\" \/>\n\t<meta name=\"twitter:data1\" content=\"1 minute\" \/>\n<script type=\"application\/ld+json\" class=\"yoast-schema-graph\">{\"@context\":\"https:\\\/\\\/schema.org\",\"@graph\":[{\"@type\":\"WebPage\",\"@id\":\"https:\\\/\\\/quuttoys.com\\\/fr\\\/produit\\\/mini-ballo\\\/\",\"url\":\"https:\\\/\\\/quuttoys.com\\\/fr\\\/produit\\\/mini-ballo\\\/\",\"name\":\"Mini ballo - QUUT\",\"isPartOf\":{\"@id\":\"https:\\\/\\\/quuttoys.com\\\/fr\\\/#website\"},\"primaryImageOfPage\":{\"@id\":\"https:\\\/\\\/quuttoys.com\\\/fr\\\/produit\\\/mini-ballo\\\/#primaryimage\"},\"image\":{\"@id\":\"https:\\\/\\\/quuttoys.com\\\/fr\\\/produit\\\/mini-ballo\\\/#primaryimage\"},\"thumbnailUrl\":\"https:\\\/\\\/i0.wp.com\\\/quuttoys.com\\\/wp-content\\\/uploads\\\/2019\\\/08\\\/Mini_ballo-Copy-5.png?fit=570%2C570&ssl=1\",\"datePublished\":\"2019-12-10T14:41:27+00:00\",\"dateModified\":\"2025-02-13T12:04:18+00:00\",\"breadcrumb\":{\"@id\":\"https:\\\/\\\/quuttoys.com\\\/fr\\\/produit\\\/mini-ballo\\\/#breadcrumb\"},\"inLanguage\":\"fr-FR\",\"potentialAction\":[{\"@type\":\"ReadAction\",\"target\":[\"https:\\\/\\\/quuttoys.com\\\/fr\\\/produit\\\/mini-ballo\\\/\"]}]},{\"@type\":\"ImageObject\",\"inLanguage\":\"fr-FR\",\"@id\":\"https:\\\/\\\/quuttoys.com\\\/fr\\\/produit\\\/mini-ballo\\\/#primaryimage\",\"url\":\"https:\\\/\\\/i0.wp.com\\\/quuttoys.com\\\/wp-content\\\/uploads\\\/2019\\\/08\\\/Mini_ballo-Copy-5.png?fit=570%2C570&ssl=1\",\"contentUrl\":\"https:\\\/\\\/i0.wp.com\\\/quuttoys.com\\\/wp-content\\\/uploads\\\/2019\\\/08\\\/Mini_ballo-Copy-5.png?fit=570%2C570&ssl=1\",\"width\":570,\"height\":570},{\"@type\":\"BreadcrumbList\",\"@id\":\"https:\\\/\\\/quuttoys.com\\\/fr\\\/produit\\\/mini-ballo\\\/#breadcrumb\",\"itemListElement\":[{\"@type\":\"ListItem\",\"position\":1,\"name\":\"Home\",\"item\":\"https:\\\/\\\/quuttoys.com\\\/fr\\\/\"},{\"@type\":\"ListItem\",\"position\":2,\"name\":\"All products\",\"item\":\"https:\\\/\\\/quuttoys.com\\\/all-products\\\/\"},{\"@type\":\"ListItem\",\"position\":3,\"name\":\"Mini ballo\"}]},{\"@type\":\"WebSite\",\"@id\":\"https:\\\/\\\/quuttoys.com\\\/fr\\\/#website\",\"url\":\"https:\\\/\\\/quuttoys.com\\\/fr\\\/\",\"name\":\"QUUT\",\"description\":\"Quality toys quality time - Anywhere anytime\",\"potentialAction\":[{\"@type\":\"SearchAction\",\"target\":{\"@type\":\"EntryPoint\",\"urlTemplate\":\"https:\\\/\\\/quuttoys.com\\\/fr\\\/?s={search_term_string}\"},\"query-input\":{\"@type\":\"PropertyValueSpecification\",\"valueRequired\":true,\"valueName\":\"search_term_string\"}}],\"inLanguage\":\"fr-FR\"}]}<\/script>\n<!-- \/ Yoast SEO plugin. -->","yoast_head_json":{"title":"Mini ballo - QUUT","robots":{"index":"index","follow":"follow","max-snippet":"max-snippet:-1","max-image-preview":"max-image-preview:large","max-video-preview":"max-video-preview:-1"},"canonical":"https:\/\/quuttoys.com\/fr\/produit\/mini-ballo\/","og_locale":"fr_FR","og_type":"article","og_title":"Mini ballo - QUUT","og_description":"Le seau sans d\u00e9versement  Gr\u00e2ce \u00e0 son design moderne et astucieux et \u00e0 sa finition soft-touch, le mini Ballo permet aux petites mains de le remplir facilement d'eau et de remonter la plage en courant pour venir la d\u00e9verser sans peine. Transporter de l'eau de la mer \u00e0 un ch\u00e2teau de sable n'a jamais \u00e9t\u00e9 aussi amusant. Aussi disponible en plus grande taille pour les enfants plus \u00e2g\u00e9s.    https:\/\/player.vimeo.com\/video\/84754432","og_url":"https:\/\/quuttoys.com\/fr\/produit\/mini-ballo\/","og_site_name":"QUUT","article_modified_time":"2025-02-13T12:04:18+00:00","og_image":[{"width":570,"height":570,"url":"https:\/\/quuttoys.com\/wp-content\/uploads\/2019\/08\/Mini_ballo-Copy-5.png","type":"image\/png"}],"twitter_card":"summary_large_image","twitter_misc":{"Dur\u00e9e de lecture estim\u00e9e":"1 minute"},"schema":{"@context":"https:\/\/schema.org","@graph":[{"@type":"WebPage","@id":"https:\/\/quuttoys.com\/fr\/produit\/mini-ballo\/","url":"https:\/\/quuttoys.com\/fr\/produit\/mini-ballo\/","name":"Mini ballo - QUUT","isPartOf":{"@id":"https:\/\/quuttoys.com\/fr\/#website"},"primaryImageOfPage":{"@id":"https:\/\/quuttoys.com\/fr\/produit\/mini-ballo\/#primaryimage"},"image":{"@id":"https:\/\/quuttoys.com\/fr\/produit\/mini-ballo\/#primaryimage"},"thumbnailUrl":"https:\/\/i0.wp.com\/quuttoys.com\/wp-content\/uploads\/2019\/08\/Mini_ballo-Copy-5.png?fit=570%2C570&ssl=1","datePublished":"2019-12-10T14:41:27+00:00","dateModified":"2025-02-13T12:04:18+00:00","breadcrumb":{"@id":"https:\/\/quuttoys.com\/fr\/produit\/mini-ballo\/#breadcrumb"},"inLanguage":"fr-FR","potentialAction":[{"@type":"ReadAction","target":["https:\/\/quuttoys.com\/fr\/produit\/mini-ballo\/"]}]},{"@type":"ImageObject","inLanguage":"fr-FR","@id":"https:\/\/quuttoys.com\/fr\/produit\/mini-ballo\/#primaryimage","url":"https:\/\/i0.wp.com\/quuttoys.com\/wp-content\/uploads\/2019\/08\/Mini_ballo-Copy-5.png?fit=570%2C570&ssl=1","contentUrl":"https:\/\/i0.wp.com\/quuttoys.com\/wp-content\/uploads\/2019\/08\/Mini_ballo-Copy-5.png?fit=570%2C570&ssl=1","width":570,"height":570},{"@type":"BreadcrumbList","@id":"https:\/\/quuttoys.com\/fr\/produit\/mini-ballo\/#breadcrumb","itemListElement":[{"@type":"ListItem","position":1,"name":"Home","item":"https:\/\/quuttoys.com\/fr\/"},{"@type":"ListItem","position":2,"name":"All products","item":"https:\/\/quuttoys.com\/all-products\/"},{"@type":"ListItem","position":3,"name":"Mini ballo"}]},{"@type":"WebSite","@id":"https:\/\/quuttoys.com\/fr\/#website","url":"https:\/\/quuttoys.com\/fr\/","name":"QUUT","description":"Quality toys quality time - Anywhere anytime","potentialAction":[{"@type":"SearchAction","target":{"@type":"EntryPoint","urlTemplate":"https:\/\/quuttoys.com\/fr\/?s={search_term_string}"},"query-input":{"@type":"PropertyValueSpecification","valueRequired":true,"valueName":"search_term_string"}}],"inLanguage":"fr-FR"}]}},"jetpack_publicize_connections":[],"jetpack_likes_enabled":true,"jetpack_sharing_enabled":true,"amp_enabled":true,"_links":{"self":[{"href":"https:\/\/quuttoys.com\/fr\/wp-json\/wp\/v2\/product\/26238","targetHints":{"allow":["GET"]}}],"collection":[{"href":"https:\/\/quuttoys.com\/fr\/wp-json\/wp\/v2\/product"}],"about":[{"href":"https:\/\/quuttoys.com\/fr\/wp-json\/wp\/v2\/types\/product"}],"wp:featuredmedia":[{"embeddable":true,"href":"https:\/\/quuttoys.com\/fr\/wp-json\/wp\/v2\/media\/48380"}],"wp:attachment":[{"href":"https:\/\/quuttoys.com\/fr\/wp-json\/wp\/v2\/media?parent=26238"}],"wp:term":[{"taxonomy":"product_brand","embeddable":true,"href":"https:\/\/quuttoys.com\/fr\/wp-json\/wp\/v2\/product_brand?post=26238"},{"taxonomy":"product_cat","embeddable":true,"href":"https:\/\/quuttoys.com\/fr\/wp-json\/wp\/v2\/product_cat?post=26238"},{"taxonomy":"product_tag","embeddable":true,"href":"https:\/\/quuttoys.com\/fr\/wp-json\/wp\/v2\/product_tag?post=26238"}],"curies":[{"name":"wp","href":"https:\/\/api.w.org\/{rel}","templated":true}]}}