{"id":27180,"date":"2020-01-03T13:59:26","date_gmt":"2020-01-03T12:59:26","guid":{"rendered":"https:\/\/quuttoys.com\/?post_type=product&#038;p=27180"},"modified":"2022-01-21T10:09:29","modified_gmt":"2022-01-21T09:09:29","slug":"flying-disc","status":"publish","type":"product","link":"https:\/\/quuttoys.com\/fr\/produit\/flying-disc\/","title":{"rendered":"Flying disc"},"content":{"rendered":"<h3>Le saviez-vous?<\/h3>\n<p><em>Tous les produits sont garantis sans BPA, phtalates ni latex et sont \u00e9videmment 100% recyclables.<br \/>\nChez Quut nous sommes persuad\u00e9s que lorsque se cr\u00e9e une histoire d\u2019amour avec son jouet pr\u00e9f\u00e9r\u00e9 on le garde soigneusement.<br \/>\nEt ainsi il sera transmis de g\u00e9n\u00e9ration en g\u00e9n\u00e9ration. La durabilit\u00e9 au niveau sup\u00e9rieur!<\/em><\/p>\n","protected":false},"excerpt":{"rendered":"<p class=\"p1\"><span class=\"s1\"><b>Surprise! C&rsquo;est aussi un tamis!<\/b><\/span><\/p>\n<p class=\"p1\"><span class=\"s1\"><i>Ce flying disc infaillible fait aussi office de tamis XL pour le sable !<br \/>\n<\/i><\/span><span class=\"s1\"> Tout le monde arrivera \u00e0 se servir de ce flying disc il convient aux joueurs de tous les niveaux, il a une bonne stabilit\u00e9, il est agr\u00e9able \u00e0 prendre en main et il est extr\u00eamement durable. Un grand classique de la plage, qui peut aussi parfaitement \u00eatre utilis\u00e9 au parc, au jardin ou \u00e0 la piscine.<br \/>\nSon large diam\u00e8tre de 25 cm et le motif \u00e0 trous caract\u00e9ristique de Quut en font un tamis efficace pour la sable.<\/span><\/p>\n[fusion_checklist icon=\"ok\" iconcolor=\"#aaaaaa\" circle=\"no\"]<\/p>\n<ul>\n<li>Design intemporel<\/li>\n<li>2 fonctions: flying disc ou tamis \u00e0 sable<\/li>\n<li>En plastic durable et recyclable, sans BPA, phtalates ni latex<\/li>\n<\/ul>\n<p>[\/fusion_checklist]\n<p><a href=\"https:\/\/vimeo.com\/413618934\" rel=\"nofollow\">https:\/\/vimeo.com\/413618934<\/a><\/p>\n","protected":false},"featured_media":27193,"template":"","meta":{"_coblocks_attr":"","_coblocks_dimensions":"","_coblocks_responsive_height":"","_coblocks_accordion_ie_support":"","_crdt_document":"","jetpack_post_was_ever_published":false,"jetpack_publicize_message":"","jetpack_publicize_feature_enabled":true,"jetpack_social_post_already_shared":true,"jetpack_social_options":{"image_generator_settings":{"template":"highway","default_image_id":0,"font":"","enabled":false},"version":2},"_wpas_customize_per_network":false},"product_brand":[],"product_cat":[20347,20305,20345,20343,20263,20269,20264],"product_tag":[],"class_list":{"0":"post-27180","1":"product","2":"type-product","3":"status-publish","4":"has-post-thumbnail","6":"product_cat-bananablue-fr","7":"product_cat-games-fr","8":"product_cat-lagoon-fr","9":"product_cat-ocean-fr","10":"product_cat-outdoor-fr","11":"product_cat-outdoormust-fr","12":"product_cat-plage","14":"first","15":"instock","16":"shipping-taxable","17":"product-type-simple"},"yoast_head":"<!-- This site is optimized with the Yoast SEO plugin v27.3 - https:\/\/yoast.com\/product\/yoast-seo-wordpress\/ -->\n<title>Flying disc - QUUT<\/title>\n<meta name=\"description\" content=\"Ce frisbee infaillible fait aussi office de tamis XL pour le sable ! The wide 25 centimeter diameter and the typical Quut hole pattern makes it a mighty sand sifter\" \/>\n<meta name=\"robots\" content=\"index, follow, max-snippet:-1, max-image-preview:large, max-video-preview:-1\" \/>\n<link rel=\"canonical\" href=\"https:\/\/quuttoys.com\/fr\/produit\/flying-disc\/\" \/>\n<meta property=\"og:locale\" content=\"fr_FR\" \/>\n<meta property=\"og:type\" content=\"article\" \/>\n<meta property=\"og:title\" content=\"Flying disc - QUUT\" \/>\n<meta property=\"og:description\" content=\"Ce frisbee infaillible fait aussi office de tamis XL pour le sable ! The wide 25 centimeter diameter and the typical Quut hole pattern makes it a mighty sand sifter\" \/>\n<meta property=\"og:url\" content=\"https:\/\/quuttoys.com\/fr\/produit\/flying-disc\/\" \/>\n<meta property=\"og:site_name\" content=\"QUUT\" \/>\n<meta property=\"article:modified_time\" content=\"2022-01-21T09:09:29+00:00\" \/>\n<meta property=\"og:image\" content=\"https:\/\/quuttoys.com\/wp-content\/uploads\/2020\/01\/QUUT_frisbee-1.jpg\" \/>\n\t<meta property=\"og:image:width\" content=\"570\" \/>\n\t<meta property=\"og:image:height\" content=\"570\" \/>\n\t<meta property=\"og:image:type\" content=\"image\/jpeg\" \/>\n<meta name=\"twitter:card\" content=\"summary_large_image\" \/>\n<script type=\"application\/ld+json\" class=\"yoast-schema-graph\">{\"@context\":\"https:\\\/\\\/schema.org\",\"@graph\":[{\"@type\":\"WebPage\",\"@id\":\"https:\\\/\\\/quuttoys.com\\\/fr\\\/produit\\\/flying-disc\\\/\",\"url\":\"https:\\\/\\\/quuttoys.com\\\/fr\\\/produit\\\/flying-disc\\\/\",\"name\":\"Flying disc - QUUT\",\"isPartOf\":{\"@id\":\"https:\\\/\\\/quuttoys.com\\\/fr\\\/#website\"},\"primaryImageOfPage\":{\"@id\":\"https:\\\/\\\/quuttoys.com\\\/fr\\\/produit\\\/flying-disc\\\/#primaryimage\"},\"image\":{\"@id\":\"https:\\\/\\\/quuttoys.com\\\/fr\\\/produit\\\/flying-disc\\\/#primaryimage\"},\"thumbnailUrl\":\"https:\\\/\\\/i0.wp.com\\\/quuttoys.com\\\/wp-content\\\/uploads\\\/2020\\\/01\\\/QUUT_frisbee-1.jpg?fit=570%2C570&ssl=1\",\"datePublished\":\"2020-01-03T12:59:26+00:00\",\"dateModified\":\"2022-01-21T09:09:29+00:00\",\"description\":\"Ce frisbee infaillible fait aussi office de tamis XL pour le sable ! The wide 25 centimeter diameter and the typical Quut hole pattern makes it a mighty sand sifter\",\"breadcrumb\":{\"@id\":\"https:\\\/\\\/quuttoys.com\\\/fr\\\/produit\\\/flying-disc\\\/#breadcrumb\"},\"inLanguage\":\"fr-FR\",\"potentialAction\":[{\"@type\":\"ReadAction\",\"target\":[\"https:\\\/\\\/quuttoys.com\\\/fr\\\/produit\\\/flying-disc\\\/\"]}]},{\"@type\":\"ImageObject\",\"inLanguage\":\"fr-FR\",\"@id\":\"https:\\\/\\\/quuttoys.com\\\/fr\\\/produit\\\/flying-disc\\\/#primaryimage\",\"url\":\"https:\\\/\\\/i0.wp.com\\\/quuttoys.com\\\/wp-content\\\/uploads\\\/2020\\\/01\\\/QUUT_frisbee-1.jpg?fit=570%2C570&ssl=1\",\"contentUrl\":\"https:\\\/\\\/i0.wp.com\\\/quuttoys.com\\\/wp-content\\\/uploads\\\/2020\\\/01\\\/QUUT_frisbee-1.jpg?fit=570%2C570&ssl=1\",\"width\":570,\"height\":570,\"caption\":\"Quut frisbee\"},{\"@type\":\"BreadcrumbList\",\"@id\":\"https:\\\/\\\/quuttoys.com\\\/fr\\\/produit\\\/flying-disc\\\/#breadcrumb\",\"itemListElement\":[{\"@type\":\"ListItem\",\"position\":1,\"name\":\"Home\",\"item\":\"https:\\\/\\\/quuttoys.com\\\/fr\\\/\"},{\"@type\":\"ListItem\",\"position\":2,\"name\":\"All products\",\"item\":\"https:\\\/\\\/quuttoys.com\\\/all-products\\\/\"},{\"@type\":\"ListItem\",\"position\":3,\"name\":\"Flying disc\"}]},{\"@type\":\"WebSite\",\"@id\":\"https:\\\/\\\/quuttoys.com\\\/fr\\\/#website\",\"url\":\"https:\\\/\\\/quuttoys.com\\\/fr\\\/\",\"name\":\"QUUT\",\"description\":\"Quality toys quality time - Anywhere anytime\",\"potentialAction\":[{\"@type\":\"SearchAction\",\"target\":{\"@type\":\"EntryPoint\",\"urlTemplate\":\"https:\\\/\\\/quuttoys.com\\\/fr\\\/?s={search_term_string}\"},\"query-input\":{\"@type\":\"PropertyValueSpecification\",\"valueRequired\":true,\"valueName\":\"search_term_string\"}}],\"inLanguage\":\"fr-FR\"}]}<\/script>\n<!-- \/ Yoast SEO plugin. -->","yoast_head_json":{"title":"Flying disc - QUUT","description":"Ce frisbee infaillible fait aussi office de tamis XL pour le sable ! The wide 25 centimeter diameter and the typical Quut hole pattern makes it a mighty sand sifter","robots":{"index":"index","follow":"follow","max-snippet":"max-snippet:-1","max-image-preview":"max-image-preview:large","max-video-preview":"max-video-preview:-1"},"canonical":"https:\/\/quuttoys.com\/fr\/produit\/flying-disc\/","og_locale":"fr_FR","og_type":"article","og_title":"Flying disc - QUUT","og_description":"Ce frisbee infaillible fait aussi office de tamis XL pour le sable ! The wide 25 centimeter diameter and the typical Quut hole pattern makes it a mighty sand sifter","og_url":"https:\/\/quuttoys.com\/fr\/produit\/flying-disc\/","og_site_name":"QUUT","article_modified_time":"2022-01-21T09:09:29+00:00","og_image":[{"width":570,"height":570,"url":"https:\/\/quuttoys.com\/wp-content\/uploads\/2020\/01\/QUUT_frisbee-1.jpg","type":"image\/jpeg"}],"twitter_card":"summary_large_image","schema":{"@context":"https:\/\/schema.org","@graph":[{"@type":"WebPage","@id":"https:\/\/quuttoys.com\/fr\/produit\/flying-disc\/","url":"https:\/\/quuttoys.com\/fr\/produit\/flying-disc\/","name":"Flying disc - QUUT","isPartOf":{"@id":"https:\/\/quuttoys.com\/fr\/#website"},"primaryImageOfPage":{"@id":"https:\/\/quuttoys.com\/fr\/produit\/flying-disc\/#primaryimage"},"image":{"@id":"https:\/\/quuttoys.com\/fr\/produit\/flying-disc\/#primaryimage"},"thumbnailUrl":"https:\/\/i0.wp.com\/quuttoys.com\/wp-content\/uploads\/2020\/01\/QUUT_frisbee-1.jpg?fit=570%2C570&ssl=1","datePublished":"2020-01-03T12:59:26+00:00","dateModified":"2022-01-21T09:09:29+00:00","description":"Ce frisbee infaillible fait aussi office de tamis XL pour le sable ! The wide 25 centimeter diameter and the typical Quut hole pattern makes it a mighty sand sifter","breadcrumb":{"@id":"https:\/\/quuttoys.com\/fr\/produit\/flying-disc\/#breadcrumb"},"inLanguage":"fr-FR","potentialAction":[{"@type":"ReadAction","target":["https:\/\/quuttoys.com\/fr\/produit\/flying-disc\/"]}]},{"@type":"ImageObject","inLanguage":"fr-FR","@id":"https:\/\/quuttoys.com\/fr\/produit\/flying-disc\/#primaryimage","url":"https:\/\/i0.wp.com\/quuttoys.com\/wp-content\/uploads\/2020\/01\/QUUT_frisbee-1.jpg?fit=570%2C570&ssl=1","contentUrl":"https:\/\/i0.wp.com\/quuttoys.com\/wp-content\/uploads\/2020\/01\/QUUT_frisbee-1.jpg?fit=570%2C570&ssl=1","width":570,"height":570,"caption":"Quut frisbee"},{"@type":"BreadcrumbList","@id":"https:\/\/quuttoys.com\/fr\/produit\/flying-disc\/#breadcrumb","itemListElement":[{"@type":"ListItem","position":1,"name":"Home","item":"https:\/\/quuttoys.com\/fr\/"},{"@type":"ListItem","position":2,"name":"All products","item":"https:\/\/quuttoys.com\/all-products\/"},{"@type":"ListItem","position":3,"name":"Flying disc"}]},{"@type":"WebSite","@id":"https:\/\/quuttoys.com\/fr\/#website","url":"https:\/\/quuttoys.com\/fr\/","name":"QUUT","description":"Quality toys quality time - Anywhere anytime","potentialAction":[{"@type":"SearchAction","target":{"@type":"EntryPoint","urlTemplate":"https:\/\/quuttoys.com\/fr\/?s={search_term_string}"},"query-input":{"@type":"PropertyValueSpecification","valueRequired":true,"valueName":"search_term_string"}}],"inLanguage":"fr-FR"}]}},"jetpack_publicize_connections":[],"jetpack_likes_enabled":true,"jetpack_sharing_enabled":true,"amp_enabled":true,"_links":{"self":[{"href":"https:\/\/quuttoys.com\/fr\/wp-json\/wp\/v2\/product\/27180","targetHints":{"allow":["GET"]}}],"collection":[{"href":"https:\/\/quuttoys.com\/fr\/wp-json\/wp\/v2\/product"}],"about":[{"href":"https:\/\/quuttoys.com\/fr\/wp-json\/wp\/v2\/types\/product"}],"wp:featuredmedia":[{"embeddable":true,"href":"https:\/\/quuttoys.com\/fr\/wp-json\/wp\/v2\/media\/27193"}],"wp:attachment":[{"href":"https:\/\/quuttoys.com\/fr\/wp-json\/wp\/v2\/media?parent=27180"}],"wp:term":[{"taxonomy":"product_brand","embeddable":true,"href":"https:\/\/quuttoys.com\/fr\/wp-json\/wp\/v2\/product_brand?post=27180"},{"taxonomy":"product_cat","embeddable":true,"href":"https:\/\/quuttoys.com\/fr\/wp-json\/wp\/v2\/product_cat?post=27180"},{"taxonomy":"product_tag","embeddable":true,"href":"https:\/\/quuttoys.com\/fr\/wp-json\/wp\/v2\/product_tag?post=27180"}],"curies":[{"name":"wp","href":"https:\/\/api.w.org\/{rel}","templated":true}]}}