{"id":27195,"date":"2020-01-03T14:12:48","date_gmt":"2020-01-03T13:12:49","guid":{"rendered":"https:\/\/quuttoys.com\/?post_type=product&#038;p=27195"},"modified":"2021-08-04T16:06:58","modified_gmt":"2021-08-04T14:06:58","slug":"sail-away","status":"publish","type":"product","link":"https:\/\/quuttoys.com\/fr\/produit\/sail-away\/","title":{"rendered":"Mettre les voiles"},"content":{"rendered":"<p class=\"p1\"><strong><span class=\"s1\">NETTOYAGE ET ENTRETIEN<\/span><\/strong><\/p>\n<p class=\"p1\"><em><span class=\"s1\">Rincez soigneusement apr\u00e8s chaque utilisation et placez-le dans un endroit o\u00f9 il peut s\u00e9cher compl\u00e8tement. Nettoyez avec un d\u00e9tergent doux si n\u00e9cessaire.<br \/>\nThe pieces do not absorb water which makes them easy to clean and reduce mold and mildew.<\/span><\/em><\/p>\n","protected":false},"excerpt":{"rendered":"<p class=\"p1\"><span class=\"s1\"><b>Pr\u00eats \u00e0 sillonner les mers?<br \/>\n<\/b>Partir \u00e0 l\u2019aventure \u00e0 bord du voilier ou faire une course en bateau \u00e0 moteur.<br \/>\n<\/span><\/p>\n<p class=\"p1\"><i>Tout est possible avec ce amusant puzzle de bain! Combinez ce set \u00e0 d&rsquo;autres pour un monde de jeu encore plus vaste.<br \/>\nAssembler les diff\u00e9rentes formes permet \u00e0 votre enfant d\u2019am\u00e9liorer sa motricit\u00e9 fine et stimule sa cr\u00e9ativit\u00e9 et son imagination.<br \/>\nToutes les formes sont faites d&rsquo;une mousse souple, donc elles flottent. Ce set aussi contient 3 marionnettes \u00e0 doigts en plastic durable.<br \/>\n<\/i><\/p>\n<p class=\"p1\">[fusion_checklist icon=\"ok\" iconcolor=\"#aaaaaa\" circle=\"no\"]<\/p>\n<ul>\n<li>Stimule la motricit\u00e9 fine<\/li>\n<li>Encourage le jeu cr\u00e9atif<\/li>\n<li>Temps de qualit\u00e9 parent \/ enfant<\/li>\n<li>Mousse douce exempt de bisph\u00e9nol A, de phtalates et de latex.<\/li>\n<li>Set contains 13 pieces<\/li>\n<li>A partir de 10 mois<\/li>\n<\/ul>\n<p>[\/fusion_checklist]<\/p>\n<p><a href=\"https:\/\/vimeo.com\/448484714\" rel=\"nofollow\">https:\/\/vimeo.com\/448484714<\/a><\/p>\n","protected":false},"featured_media":50807,"template":"","meta":{"_coblocks_attr":"","_coblocks_dimensions":"","_coblocks_responsive_height":"","_coblocks_accordion_ie_support":"","_crdt_document":"","jetpack_publicize_message":"","jetpack_publicize_feature_enabled":true,"jetpack_social_post_already_shared":true,"jetpack_social_options":{"image_generator_settings":{"template":"highway","default_image_id":0,"font":"","enabled":false},"version":2},"_wpas_customize_per_network":false},"product_brand":[],"product_cat":[20267,20274,20270],"product_tag":[],"class_list":{"0":"post-27195","1":"product","2":"type-product","3":"status-publish","4":"has-post-thumbnail","6":"product_cat-bain","7":"product_cat-newquutopia-fr","8":"product_cat-quutopia-fr","10":"first","11":"instock","12":"shipping-taxable","13":"product-type-simple"},"yoast_head":"<!-- This site is optimized with the Yoast SEO plugin v27.6 - https:\/\/yoast.com\/product\/yoast-seo-wordpress\/ -->\n<title>Mettre les voiles - QUUT - Sail away is a new Quut bath toy!<\/title>\n<meta name=\"description\" content=\"Partir \u00e0 l&#039;aventure \u00e0 bord du voilier ou faire une course en bateau \u00e0 moteur. Sail away is the new bath puzzle of Quut\" \/>\n<meta name=\"robots\" content=\"index, follow, max-snippet:-1, max-image-preview:large, max-video-preview:-1\" \/>\n<link rel=\"canonical\" href=\"https:\/\/quuttoys.com\/fr\/produit\/sail-away\/\" \/>\n<meta property=\"og:locale\" content=\"fr_FR\" \/>\n<meta property=\"og:type\" content=\"article\" \/>\n<meta property=\"og:title\" content=\"Mettre les voiles - QUUT - Sail away is a new Quut bath toy!\" \/>\n<meta property=\"og:description\" content=\"Partir \u00e0 l&#039;aventure \u00e0 bord du voilier ou faire une course en bateau \u00e0 moteur. Sail away is the new bath puzzle of Quut\" \/>\n<meta property=\"og:url\" content=\"https:\/\/quuttoys.com\/fr\/produit\/sail-away\/\" \/>\n<meta property=\"og:site_name\" content=\"QUUT\" \/>\n<meta property=\"article:modified_time\" content=\"2021-08-04T14:06:58+00:00\" \/>\n<meta property=\"og:image\" content=\"https:\/\/i0.wp.com\/quuttoys.com\/wp-content\/uploads\/2019\/06\/Sail-Away_packaging-1.jpg?fit=1920%2C1919&ssl=1\" \/>\n\t<meta property=\"og:image:width\" content=\"1920\" \/>\n\t<meta property=\"og:image:height\" content=\"1919\" \/>\n\t<meta property=\"og:image:type\" content=\"image\/jpeg\" \/>\n<meta name=\"twitter:card\" content=\"summary_large_image\" \/>\n<script type=\"application\/ld+json\" class=\"yoast-schema-graph\">{\"@context\":\"https:\\\/\\\/schema.org\",\"@graph\":[{\"@type\":\"WebPage\",\"@id\":\"https:\\\/\\\/quuttoys.com\\\/fr\\\/produit\\\/sail-away\\\/\",\"url\":\"https:\\\/\\\/quuttoys.com\\\/fr\\\/produit\\\/sail-away\\\/\",\"name\":\"Mettre les voiles - QUUT - Sail away is a new Quut bath toy!\",\"isPartOf\":{\"@id\":\"https:\\\/\\\/quuttoys.com\\\/fr\\\/#website\"},\"primaryImageOfPage\":{\"@id\":\"https:\\\/\\\/quuttoys.com\\\/fr\\\/produit\\\/sail-away\\\/#primaryimage\"},\"image\":{\"@id\":\"https:\\\/\\\/quuttoys.com\\\/fr\\\/produit\\\/sail-away\\\/#primaryimage\"},\"thumbnailUrl\":\"https:\\\/\\\/i0.wp.com\\\/quuttoys.com\\\/wp-content\\\/uploads\\\/2019\\\/06\\\/Sail-Away_packaging-1.jpg?fit=1920%2C1919&ssl=1\",\"datePublished\":\"2020-01-03T13:12:49+00:00\",\"dateModified\":\"2021-08-04T14:06:58+00:00\",\"description\":\"Partir \u00e0 l'aventure \u00e0 bord du voilier ou faire une course en bateau \u00e0 moteur. Sail away is the new bath puzzle of Quut\",\"breadcrumb\":{\"@id\":\"https:\\\/\\\/quuttoys.com\\\/fr\\\/produit\\\/sail-away\\\/#breadcrumb\"},\"inLanguage\":\"fr-FR\",\"potentialAction\":[{\"@type\":\"ReadAction\",\"target\":[\"https:\\\/\\\/quuttoys.com\\\/fr\\\/produit\\\/sail-away\\\/\"]}]},{\"@type\":\"ImageObject\",\"inLanguage\":\"fr-FR\",\"@id\":\"https:\\\/\\\/quuttoys.com\\\/fr\\\/produit\\\/sail-away\\\/#primaryimage\",\"url\":\"https:\\\/\\\/i0.wp.com\\\/quuttoys.com\\\/wp-content\\\/uploads\\\/2019\\\/06\\\/Sail-Away_packaging-1.jpg?fit=1920%2C1919&ssl=1\",\"contentUrl\":\"https:\\\/\\\/i0.wp.com\\\/quuttoys.com\\\/wp-content\\\/uploads\\\/2019\\\/06\\\/Sail-Away_packaging-1.jpg?fit=1920%2C1919&ssl=1\",\"width\":1920,\"height\":1919},{\"@type\":\"BreadcrumbList\",\"@id\":\"https:\\\/\\\/quuttoys.com\\\/fr\\\/produit\\\/sail-away\\\/#breadcrumb\",\"itemListElement\":[{\"@type\":\"ListItem\",\"position\":1,\"name\":\"Home\",\"item\":\"https:\\\/\\\/quuttoys.com\\\/fr\\\/\"},{\"@type\":\"ListItem\",\"position\":2,\"name\":\"All products\",\"item\":\"https:\\\/\\\/quuttoys.com\\\/all-products\\\/\"},{\"@type\":\"ListItem\",\"position\":3,\"name\":\"Mettre les voiles\"}]},{\"@type\":\"WebSite\",\"@id\":\"https:\\\/\\\/quuttoys.com\\\/fr\\\/#website\",\"url\":\"https:\\\/\\\/quuttoys.com\\\/fr\\\/\",\"name\":\"QUUT\",\"description\":\"Quality toys quality time - Anywhere anytime\",\"potentialAction\":[{\"@type\":\"SearchAction\",\"target\":{\"@type\":\"EntryPoint\",\"urlTemplate\":\"https:\\\/\\\/quuttoys.com\\\/fr\\\/?s={search_term_string}\"},\"query-input\":{\"@type\":\"PropertyValueSpecification\",\"valueRequired\":true,\"valueName\":\"search_term_string\"}}],\"inLanguage\":\"fr-FR\"}]}<\/script>\n<!-- \/ Yoast SEO plugin. -->","yoast_head_json":{"title":"Mettre les voiles - QUUT - Sail away is a new Quut bath toy!","description":"Partir \u00e0 l'aventure \u00e0 bord du voilier ou faire une course en bateau \u00e0 moteur. Sail away is the new bath puzzle of Quut","robots":{"index":"index","follow":"follow","max-snippet":"max-snippet:-1","max-image-preview":"max-image-preview:large","max-video-preview":"max-video-preview:-1"},"canonical":"https:\/\/quuttoys.com\/fr\/produit\/sail-away\/","og_locale":"fr_FR","og_type":"article","og_title":"Mettre les voiles - QUUT - Sail away is a new Quut bath toy!","og_description":"Partir \u00e0 l'aventure \u00e0 bord du voilier ou faire une course en bateau \u00e0 moteur. Sail away is the new bath puzzle of Quut","og_url":"https:\/\/quuttoys.com\/fr\/produit\/sail-away\/","og_site_name":"QUUT","article_modified_time":"2021-08-04T14:06:58+00:00","og_image":[{"width":1920,"height":1919,"url":"https:\/\/i0.wp.com\/quuttoys.com\/wp-content\/uploads\/2019\/06\/Sail-Away_packaging-1.jpg?fit=1920%2C1919&ssl=1","type":"image\/jpeg"}],"twitter_card":"summary_large_image","schema":{"@context":"https:\/\/schema.org","@graph":[{"@type":"WebPage","@id":"https:\/\/quuttoys.com\/fr\/produit\/sail-away\/","url":"https:\/\/quuttoys.com\/fr\/produit\/sail-away\/","name":"Mettre les voiles - QUUT - Sail away is a new Quut bath toy!","isPartOf":{"@id":"https:\/\/quuttoys.com\/fr\/#website"},"primaryImageOfPage":{"@id":"https:\/\/quuttoys.com\/fr\/produit\/sail-away\/#primaryimage"},"image":{"@id":"https:\/\/quuttoys.com\/fr\/produit\/sail-away\/#primaryimage"},"thumbnailUrl":"https:\/\/i0.wp.com\/quuttoys.com\/wp-content\/uploads\/2019\/06\/Sail-Away_packaging-1.jpg?fit=1920%2C1919&ssl=1","datePublished":"2020-01-03T13:12:49+00:00","dateModified":"2021-08-04T14:06:58+00:00","description":"Partir \u00e0 l'aventure \u00e0 bord du voilier ou faire une course en bateau \u00e0 moteur. Sail away is the new bath puzzle of Quut","breadcrumb":{"@id":"https:\/\/quuttoys.com\/fr\/produit\/sail-away\/#breadcrumb"},"inLanguage":"fr-FR","potentialAction":[{"@type":"ReadAction","target":["https:\/\/quuttoys.com\/fr\/produit\/sail-away\/"]}]},{"@type":"ImageObject","inLanguage":"fr-FR","@id":"https:\/\/quuttoys.com\/fr\/produit\/sail-away\/#primaryimage","url":"https:\/\/i0.wp.com\/quuttoys.com\/wp-content\/uploads\/2019\/06\/Sail-Away_packaging-1.jpg?fit=1920%2C1919&ssl=1","contentUrl":"https:\/\/i0.wp.com\/quuttoys.com\/wp-content\/uploads\/2019\/06\/Sail-Away_packaging-1.jpg?fit=1920%2C1919&ssl=1","width":1920,"height":1919},{"@type":"BreadcrumbList","@id":"https:\/\/quuttoys.com\/fr\/produit\/sail-away\/#breadcrumb","itemListElement":[{"@type":"ListItem","position":1,"name":"Home","item":"https:\/\/quuttoys.com\/fr\/"},{"@type":"ListItem","position":2,"name":"All products","item":"https:\/\/quuttoys.com\/all-products\/"},{"@type":"ListItem","position":3,"name":"Mettre les voiles"}]},{"@type":"WebSite","@id":"https:\/\/quuttoys.com\/fr\/#website","url":"https:\/\/quuttoys.com\/fr\/","name":"QUUT","description":"Quality toys quality time - Anywhere anytime","potentialAction":[{"@type":"SearchAction","target":{"@type":"EntryPoint","urlTemplate":"https:\/\/quuttoys.com\/fr\/?s={search_term_string}"},"query-input":{"@type":"PropertyValueSpecification","valueRequired":true,"valueName":"search_term_string"}}],"inLanguage":"fr-FR"}]}},"jetpack_publicize_connections":[],"jetpack_likes_enabled":true,"jetpack_sharing_enabled":true,"amp_enabled":true,"_links":{"self":[{"href":"https:\/\/quuttoys.com\/fr\/wp-json\/wp\/v2\/product\/27195","targetHints":{"allow":["GET"]}}],"collection":[{"href":"https:\/\/quuttoys.com\/fr\/wp-json\/wp\/v2\/product"}],"about":[{"href":"https:\/\/quuttoys.com\/fr\/wp-json\/wp\/v2\/types\/product"}],"wp:featuredmedia":[{"embeddable":true,"href":"https:\/\/quuttoys.com\/fr\/wp-json\/wp\/v2\/media\/50807"}],"wp:attachment":[{"href":"https:\/\/quuttoys.com\/fr\/wp-json\/wp\/v2\/media?parent=27195"}],"wp:term":[{"taxonomy":"product_brand","embeddable":true,"href":"https:\/\/quuttoys.com\/fr\/wp-json\/wp\/v2\/product_brand?post=27195"},{"taxonomy":"product_cat","embeddable":true,"href":"https:\/\/quuttoys.com\/fr\/wp-json\/wp\/v2\/product_cat?post=27195"},{"taxonomy":"product_tag","embeddable":true,"href":"https:\/\/quuttoys.com\/fr\/wp-json\/wp\/v2\/product_tag?post=27195"}],"curies":[{"name":"wp","href":"https:\/\/api.w.org\/{rel}","templated":true}]}}