{"id":31587,"date":"2020-05-14T17:12:13","date_gmt":"2020-05-14T15:12:14","guid":{"rendered":"https:\/\/quuttoys.com\/?post_type=product&#038;p=31587"},"modified":"2020-06-16T14:18:26","modified_gmt":"2020-06-16T12:18:26","slug":"beach-set-ballo","status":"publish","type":"product","link":"https:\/\/quuttoys.com\/fr\/produit\/beach-set-ballo\/","title":{"rendered":"Beach Set Ballo"},"content":{"rendered":"<p>Mini Ballo Couleur: Vintage blue + Mineral green<br \/>\nDimensions: 16 x 16 x 16 cm (1,70 L) | 6,2 x 6,2 x 6,2 inches<br \/>\nPoids: 180 gr | 0,4 pounds<br \/>\nMati\u00e8re: HDPE (ballon) \/ ABS (poign\u00e9e) \/ TPR (couvercle verseur ) \/ PP (corde) Cuppi<br \/>\nCouleur: Lagoon green + Yellow stone &amp; Cherry red ball<br \/>\nDimensions: 6,9 x 9,1 x 15,6 cm | 2,7 x 2,4 x 6,1 inches<br \/>\nPoids: \u00b1 85 gr | 0,2 pounds<br \/>\nMati\u00e8re: PP (pelles) + environmental PVC (balle<br \/>\n<span style=\"font-family: -apple-system, BlinkMacSystemFont, 'Segoe UI', Roboto, Oxygen-Sans, Ubuntu, Cantarell, 'Helvetica Neue', sans-serif;\">Heart shaper Couleur: Sweet pink Dimensions: 16 x 16 x 4 cm |<\/span><\/p>\n<h3 class=\"p1\">Le saviez-vous?<\/h3>\n<p class=\"p1\"><em>Tous les produits sont garantis sans BPA, phtalates ni latex et sont \u00e9videmment 100% recyclables. Chez Quut nous sommes persuad\u00e9s que lorsque se cr\u00e9e une histoire d\u2019amour avec son jouet pr\u00e9f\u00e9r\u00e9 on le garde soigneusement Et ainsi il sera transmis de g\u00e9n\u00e9ration en g\u00e9n\u00e9ration. La durabilit\u00e9 au niveau sup\u00e9rieur!<\/em><\/p>\n","protected":false},"excerpt":{"rendered":"<p class=\"p1\">Les enfants vont adorer ce set de plage qui se compose d\u2019un mini Ballo, un Cuppi et un Magic Shaper. En combinant les trois on peut cr\u00e9er de fantastiques constructions. Le Cuppi s\u2019utilise comme pelle pour construire des ch\u00e2teaux de sable ou pour creuser des foss\u00e9s dans lesquels on peut faire rouler la balle. Le Ballo est parfait pour aller chercher de l\u2019eau dans la mer et transformer les foss\u00e9s en douves. Et avec le moule magique on cr\u00e9e de v\u00e9ritables petites \u0153uvres d\u2019art. Bref, des heures d\u2019amusement ! Et le tout dans un sac de plage super pratique.<\/p>\n<p class=\"p1\">[fusion_checklist icon=\"ok\" iconcolor=\"#aaaaaa\" circle=\"no\"]<\/p>\n<ul>\n<li>Jouets ergonomiques<\/li>\n<li>Encourage l\u2019imagination, la cr\u00e9ativit\u00e9, le jeu en plein air et l\u2019interaction<\/li>\n<li>A utiliser sur la plage, dans le jardin ou m\u00eame dans la baignoire!<\/li>\n<li>S\u00fbr \u00e0 utiliser et super facile \u00e0 nettoyer<\/li>\n<li>Livr\u00e9 dans un sac de plage pratique qui s\u00e8che vite<\/li>\n<\/ul>\n<p>[\/fusion_checklist]<\/p>\n","protected":false},"featured_media":48399,"template":"","meta":{"_coblocks_attr":"","_coblocks_dimensions":"","_coblocks_responsive_height":"","_coblocks_accordion_ie_support":"","_crdt_document":"","jetpack_post_was_ever_published":false,"jetpack_publicize_message":"","jetpack_publicize_feature_enabled":true,"jetpack_social_post_already_shared":true,"jetpack_social_options":{"image_generator_settings":{"template":"highway","default_image_id":0,"font":"","enabled":false},"version":2},"_wpas_customize_per_network":false},"product_brand":[],"product_cat":[20315],"product_tag":[],"class_list":{"0":"post-31587","1":"product","2":"type-product","3":"status-publish","4":"has-post-thumbnail","6":"product_cat-beachset-fr","8":"first","9":"instock","10":"shipping-taxable","11":"product-type-simple"},"yoast_head":"<!-- This site is optimized with the Yoast SEO plugin v27.2 - https:\/\/yoast.com\/product\/yoast-seo-wordpress\/ -->\n<title>Beach Set Ballo - QUUT<\/title>\n<meta name=\"robots\" content=\"index, follow, max-snippet:-1, max-image-preview:large, max-video-preview:-1\" \/>\n<link rel=\"canonical\" href=\"https:\/\/quuttoys.com\/fr\/produit\/beach-set-ballo\/\" \/>\n<meta property=\"og:locale\" content=\"fr_FR\" \/>\n<meta property=\"og:type\" content=\"article\" \/>\n<meta property=\"og:title\" content=\"Beach Set Ballo - QUUT\" \/>\n<meta property=\"og:description\" content=\"Les enfants vont adorer ce set de plage qui se compose d\u2019un mini Ballo, un Cuppi et un Magic Shaper. En combinant les trois on peut cr\u00e9er de fantastiques constructions. Le Cuppi s\u2019utilise comme pelle pour construire des ch\u00e2teaux de sable ou pour creuser des foss\u00e9s dans lesquels on peut faire rouler la balle. Le Ballo est parfait pour aller chercher de l\u2019eau dans la mer et transformer les foss\u00e9s en douves. Et avec le moule magique on cr\u00e9e de v\u00e9ritables petites \u0153uvres d\u2019art. Bref, des heures d\u2019amusement ! Et le tout dans un sac de plage super pratique.\" \/>\n<meta property=\"og:url\" content=\"https:\/\/quuttoys.com\/fr\/produit\/beach-set-ballo\/\" \/>\n<meta property=\"og:site_name\" content=\"QUUT\" \/>\n<meta property=\"article:modified_time\" content=\"2020-06-16T12:18:26+00:00\" \/>\n<meta property=\"og:image\" content=\"https:\/\/i0.wp.com\/quuttoys.com\/wp-content\/uploads\/2020\/05\/beachbags-copy-25.png?fit=570%2C570&ssl=1\" \/>\n\t<meta property=\"og:image:width\" content=\"570\" \/>\n\t<meta property=\"og:image:height\" content=\"570\" \/>\n\t<meta property=\"og:image:type\" content=\"image\/png\" \/>\n<meta name=\"twitter:card\" content=\"summary_large_image\" \/>\n<meta name=\"twitter:label1\" content=\"Dur\u00e9e de lecture estim\u00e9e\" \/>\n\t<meta name=\"twitter:data1\" content=\"1 minute\" \/>\n<script type=\"application\/ld+json\" class=\"yoast-schema-graph\">{\"@context\":\"https:\/\/schema.org\",\"@graph\":[{\"@type\":\"WebPage\",\"@id\":\"https:\/\/quuttoys.com\/fr\/produit\/beach-set-ballo\/\",\"url\":\"https:\/\/quuttoys.com\/fr\/produit\/beach-set-ballo\/\",\"name\":\"Beach Set Ballo - QUUT\",\"isPartOf\":{\"@id\":\"https:\/\/quuttoys.com\/fr\/#website\"},\"primaryImageOfPage\":{\"@id\":\"https:\/\/quuttoys.com\/fr\/produit\/beach-set-ballo\/#primaryimage\"},\"image\":{\"@id\":\"https:\/\/quuttoys.com\/fr\/produit\/beach-set-ballo\/#primaryimage\"},\"thumbnailUrl\":\"https:\/\/i0.wp.com\/quuttoys.com\/wp-content\/uploads\/2020\/05\/beachbags-copy-25.png?fit=570%2C570&ssl=1\",\"datePublished\":\"2020-05-14T15:12:14+00:00\",\"dateModified\":\"2020-06-16T12:18:26+00:00\",\"breadcrumb\":{\"@id\":\"https:\/\/quuttoys.com\/fr\/produit\/beach-set-ballo\/#breadcrumb\"},\"inLanguage\":\"fr-FR\",\"potentialAction\":[{\"@type\":\"ReadAction\",\"target\":[\"https:\/\/quuttoys.com\/fr\/produit\/beach-set-ballo\/\"]}]},{\"@type\":\"ImageObject\",\"inLanguage\":\"fr-FR\",\"@id\":\"https:\/\/quuttoys.com\/fr\/produit\/beach-set-ballo\/#primaryimage\",\"url\":\"https:\/\/i0.wp.com\/quuttoys.com\/wp-content\/uploads\/2020\/05\/beachbags-copy-25.png?fit=570%2C570&ssl=1\",\"contentUrl\":\"https:\/\/i0.wp.com\/quuttoys.com\/wp-content\/uploads\/2020\/05\/beachbags-copy-25.png?fit=570%2C570&ssl=1\",\"width\":570,\"height\":570},{\"@type\":\"BreadcrumbList\",\"@id\":\"https:\/\/quuttoys.com\/fr\/produit\/beach-set-ballo\/#breadcrumb\",\"itemListElement\":[{\"@type\":\"ListItem\",\"position\":1,\"name\":\"Home\",\"item\":\"https:\/\/quuttoys.com\/fr\/\"},{\"@type\":\"ListItem\",\"position\":2,\"name\":\"All products\",\"item\":\"https:\/\/quuttoys.com\/all-products\/\"},{\"@type\":\"ListItem\",\"position\":3,\"name\":\"Beach Set Ballo\"}]},{\"@type\":\"WebSite\",\"@id\":\"https:\/\/quuttoys.com\/fr\/#website\",\"url\":\"https:\/\/quuttoys.com\/fr\/\",\"name\":\"QUUT\",\"description\":\"Quality toys quality time - Anywhere anytime\",\"potentialAction\":[{\"@type\":\"SearchAction\",\"target\":{\"@type\":\"EntryPoint\",\"urlTemplate\":\"https:\/\/quuttoys.com\/fr\/?s={search_term_string}\"},\"query-input\":{\"@type\":\"PropertyValueSpecification\",\"valueRequired\":true,\"valueName\":\"search_term_string\"}}],\"inLanguage\":\"fr-FR\"}]}<\/script>\n<!-- \/ Yoast SEO plugin. -->","yoast_head_json":{"title":"Beach Set Ballo - QUUT","robots":{"index":"index","follow":"follow","max-snippet":"max-snippet:-1","max-image-preview":"max-image-preview:large","max-video-preview":"max-video-preview:-1"},"canonical":"https:\/\/quuttoys.com\/fr\/produit\/beach-set-ballo\/","og_locale":"fr_FR","og_type":"article","og_title":"Beach Set Ballo - QUUT","og_description":"Les enfants vont adorer ce set de plage qui se compose d\u2019un mini Ballo, un Cuppi et un Magic Shaper. En combinant les trois on peut cr\u00e9er de fantastiques constructions. Le Cuppi s\u2019utilise comme pelle pour construire des ch\u00e2teaux de sable ou pour creuser des foss\u00e9s dans lesquels on peut faire rouler la balle. Le Ballo est parfait pour aller chercher de l\u2019eau dans la mer et transformer les foss\u00e9s en douves. Et avec le moule magique on cr\u00e9e de v\u00e9ritables petites \u0153uvres d\u2019art. Bref, des heures d\u2019amusement ! Et le tout dans un sac de plage super pratique.","og_url":"https:\/\/quuttoys.com\/fr\/produit\/beach-set-ballo\/","og_site_name":"QUUT","article_modified_time":"2020-06-16T12:18:26+00:00","og_image":[{"width":570,"height":570,"url":"https:\/\/i0.wp.com\/quuttoys.com\/wp-content\/uploads\/2020\/05\/beachbags-copy-25.png?fit=570%2C570&ssl=1","type":"image\/png"}],"twitter_card":"summary_large_image","twitter_misc":{"Dur\u00e9e de lecture estim\u00e9e":"1 minute"},"schema":{"@context":"https:\/\/schema.org","@graph":[{"@type":"WebPage","@id":"https:\/\/quuttoys.com\/fr\/produit\/beach-set-ballo\/","url":"https:\/\/quuttoys.com\/fr\/produit\/beach-set-ballo\/","name":"Beach Set Ballo - QUUT","isPartOf":{"@id":"https:\/\/quuttoys.com\/fr\/#website"},"primaryImageOfPage":{"@id":"https:\/\/quuttoys.com\/fr\/produit\/beach-set-ballo\/#primaryimage"},"image":{"@id":"https:\/\/quuttoys.com\/fr\/produit\/beach-set-ballo\/#primaryimage"},"thumbnailUrl":"https:\/\/i0.wp.com\/quuttoys.com\/wp-content\/uploads\/2020\/05\/beachbags-copy-25.png?fit=570%2C570&ssl=1","datePublished":"2020-05-14T15:12:14+00:00","dateModified":"2020-06-16T12:18:26+00:00","breadcrumb":{"@id":"https:\/\/quuttoys.com\/fr\/produit\/beach-set-ballo\/#breadcrumb"},"inLanguage":"fr-FR","potentialAction":[{"@type":"ReadAction","target":["https:\/\/quuttoys.com\/fr\/produit\/beach-set-ballo\/"]}]},{"@type":"ImageObject","inLanguage":"fr-FR","@id":"https:\/\/quuttoys.com\/fr\/produit\/beach-set-ballo\/#primaryimage","url":"https:\/\/i0.wp.com\/quuttoys.com\/wp-content\/uploads\/2020\/05\/beachbags-copy-25.png?fit=570%2C570&ssl=1","contentUrl":"https:\/\/i0.wp.com\/quuttoys.com\/wp-content\/uploads\/2020\/05\/beachbags-copy-25.png?fit=570%2C570&ssl=1","width":570,"height":570},{"@type":"BreadcrumbList","@id":"https:\/\/quuttoys.com\/fr\/produit\/beach-set-ballo\/#breadcrumb","itemListElement":[{"@type":"ListItem","position":1,"name":"Home","item":"https:\/\/quuttoys.com\/fr\/"},{"@type":"ListItem","position":2,"name":"All products","item":"https:\/\/quuttoys.com\/all-products\/"},{"@type":"ListItem","position":3,"name":"Beach Set Ballo"}]},{"@type":"WebSite","@id":"https:\/\/quuttoys.com\/fr\/#website","url":"https:\/\/quuttoys.com\/fr\/","name":"QUUT","description":"Quality toys quality time - Anywhere anytime","potentialAction":[{"@type":"SearchAction","target":{"@type":"EntryPoint","urlTemplate":"https:\/\/quuttoys.com\/fr\/?s={search_term_string}"},"query-input":{"@type":"PropertyValueSpecification","valueRequired":true,"valueName":"search_term_string"}}],"inLanguage":"fr-FR"}]}},"jetpack_publicize_connections":[],"jetpack_likes_enabled":false,"jetpack_sharing_enabled":false,"amp_enabled":true,"_links":{"self":[{"href":"https:\/\/quuttoys.com\/fr\/wp-json\/wp\/v2\/product\/31587","targetHints":{"allow":["GET"]}}],"collection":[{"href":"https:\/\/quuttoys.com\/fr\/wp-json\/wp\/v2\/product"}],"about":[{"href":"https:\/\/quuttoys.com\/fr\/wp-json\/wp\/v2\/types\/product"}],"wp:featuredmedia":[{"embeddable":true,"href":"https:\/\/quuttoys.com\/fr\/wp-json\/wp\/v2\/media\/48399"}],"wp:attachment":[{"href":"https:\/\/quuttoys.com\/fr\/wp-json\/wp\/v2\/media?parent=31587"}],"wp:term":[{"taxonomy":"product_brand","embeddable":true,"href":"https:\/\/quuttoys.com\/fr\/wp-json\/wp\/v2\/product_brand?post=31587"},{"taxonomy":"product_cat","embeddable":true,"href":"https:\/\/quuttoys.com\/fr\/wp-json\/wp\/v2\/product_cat?post=31587"},{"taxonomy":"product_tag","embeddable":true,"href":"https:\/\/quuttoys.com\/fr\/wp-json\/wp\/v2\/product_tag?post=31587"}],"curies":[{"name":"wp","href":"https:\/\/api.w.org\/{rel}","templated":true}]}}