{"id":32008,"date":"2020-07-06T15:37:23","date_gmt":"2020-07-06T13:37:24","guid":{"rendered":"https:\/\/quuttoys.com\/?post_type=product&#038;p=32008"},"modified":"2021-02-22T18:59:17","modified_gmt":"2021-02-22T17:59:17","slug":"scoppi-4","status":"publish","type":"product","link":"https:\/\/quuttoys.com\/fr\/produit\/scoppi-4\/","title":{"rendered":"Scoppi"},"content":{"rendered":"<p>Couleur: Ocean<\/p>\n<p>Dimensions: 65,5 x 16,5 x 2,7 cm | 25,8 x 6,5 x 1,1 inches<br \/>\nPoids: \u00b1 650 gr | 1,45 pounds<br \/>\nMati\u00e8re: PP<\/p>\n<p>\u00c9galement disponible dans d&rsquo;autres couleurs:<br \/>\nLagoon green + Mellow yellow<br \/>\nBungee grey + Vintage blue<br \/>\nCherry Red<\/p>\n<h3>Le saviez-vous?<\/h3>\n<p><em>Tous les produits sont garantis sans BPA, phtalates ni latex et sont \u00e9videmment 100% recyclables. Chez Quut nous sommes persuad\u00e9s que<br \/>\nlorsque se cr\u00e9e une histoire d\u2019amour avec son jouet pr\u00e9f\u00e9r\u00e9 on le garde soigneusement Et ainsi il sera transmis<br \/>\nde g\u00e9n\u00e9ration en g\u00e9n\u00e9ration. La durabilit\u00e9 au niveau sup\u00e9rieur!<\/em><\/p>\n","protected":false},"excerpt":{"rendered":"<p>La pelle incassable<\/p>\n<p>Un pouvoir de super h\u00e9ros instantan\u00e9!<br \/>\nScoppi attire imm\u00e9diatement le regard avec son design embl\u00e9matique et accrocheur. Les enfants en raffoleront pour<br \/>\nd\u00e9placer facilement du sable sur la plage en se servant de leurs mains et de leurs pieds. Scoppi est m\u00eame livr\u00e9 avec un<br \/>\nastucieux tamis de sable d\u00e9tachable qui leur offrira deux fois plus de plaisir.<\/p>\n<p>Jouet prim\u00e9: Red Dot award winner<\/p>\n[fusion_checklist icon=\"ok\" iconcolor=\"#aaaaaa\" circle=\"no\"]<\/p>\n<ul>\n<li>Design de poign\u00e9e ergonomique et facile \u00e0 saisir: utilisez deux mains pour plus de puissance<\/li>\n<li>Encourage l&rsquo;imagination, la cr\u00e9ativit\u00e9, le jeu en plein air et l&rsquo;interaction<\/li>\n<li>Offre une valeur de jeu durable saison apr\u00e8s saison<\/li>\n<li>S\u00fbr \u00e0 utiliser et super facile \u00e0 nettoyer<\/li>\n<li>Fabriqu\u00e9 en plastique durable<\/li>\n<li>Plastic recyclable<\/li>\n<\/ul>\n<p>[\/fusion_checklist]\n<p><a href=\"https:\/\/player.vimeo.com\/video\/84754434\" rel=\"nofollow\">https:\/\/player.vimeo.com\/video\/84754434<\/a><\/p>\n","protected":false},"featured_media":27464,"template":"","meta":{"_coblocks_attr":"","_coblocks_dimensions":"","_coblocks_responsive_height":"","_coblocks_accordion_ie_support":"","_crdt_document":"","jetpack_post_was_ever_published":false,"jetpack_publicize_message":"","jetpack_publicize_feature_enabled":true,"jetpack_social_post_already_shared":true,"jetpack_social_options":{"image_generator_settings":{"template":"highway","default_image_id":0,"font":"","enabled":false},"version":2},"_wpas_customize_per_network":false},"product_brand":[],"product_cat":[20343,20263,20264,20309],"product_tag":[],"class_list":{"0":"post-32008","1":"product","2":"type-product","3":"status-publish","4":"has-post-thumbnail","6":"product_cat-ocean-fr","7":"product_cat-outdoor-fr","8":"product_cat-plage","9":"product_cat-scoppi-fr","11":"first","12":"instock","13":"shipping-taxable","14":"product-type-simple"},"yoast_head":"<!-- This site is optimized with the Yoast SEO plugin v27.0 - https:\/\/yoast.com\/product\/yoast-seo-wordpress\/ -->\n<title>Scoppi - QUUT<\/title>\n<meta name=\"robots\" content=\"index, follow, max-snippet:-1, max-image-preview:large, max-video-preview:-1\" \/>\n<link rel=\"canonical\" href=\"https:\/\/quuttoys.com\/fr\/produit\/scoppi-4\/\" \/>\n<meta property=\"og:locale\" content=\"fr_FR\" \/>\n<meta property=\"og:type\" content=\"article\" \/>\n<meta property=\"og:title\" content=\"Scoppi - QUUT\" \/>\n<meta property=\"og:description\" content=\"La pelle incassable Un pouvoir de super h\u00e9ros instantan\u00e9! Scoppi attire imm\u00e9diatement le regard avec son design embl\u00e9matique et accrocheur. Les enfants en raffoleront pour d\u00e9placer facilement du sable sur la plage en se servant de leurs mains et de leurs pieds. Scoppi est m\u00eame livr\u00e9 avec un astucieux tamis de sable d\u00e9tachable qui leur offrira deux fois plus de plaisir. Jouet prim\u00e9: Red Dot award winner  https:\/\/player.vimeo.com\/video\/84754434\" \/>\n<meta property=\"og:url\" content=\"https:\/\/quuttoys.com\/fr\/produit\/scoppi-4\/\" \/>\n<meta property=\"og:site_name\" content=\"QUUT\" \/>\n<meta property=\"article:modified_time\" content=\"2021-02-22T17:59:17+00:00\" \/>\n<meta property=\"og:image\" content=\"https:\/\/i0.wp.com\/quuttoys.com\/wp-content\/uploads\/2019\/07\/QUUT_Scoppi_deepblue.png?fit=570%2C570&ssl=1\" \/>\n\t<meta property=\"og:image:width\" content=\"570\" \/>\n\t<meta property=\"og:image:height\" content=\"570\" \/>\n\t<meta property=\"og:image:type\" content=\"image\/png\" \/>\n<meta name=\"twitter:card\" content=\"summary_large_image\" \/>\n<script type=\"application\/ld+json\" class=\"yoast-schema-graph\">{\"@context\":\"https:\/\/schema.org\",\"@graph\":[{\"@type\":\"WebPage\",\"@id\":\"https:\/\/quuttoys.com\/fr\/produit\/scoppi-4\/\",\"url\":\"https:\/\/quuttoys.com\/fr\/produit\/scoppi-4\/\",\"name\":\"Scoppi - QUUT\",\"isPartOf\":{\"@id\":\"https:\/\/quuttoys.com\/fr\/#website\"},\"primaryImageOfPage\":{\"@id\":\"https:\/\/quuttoys.com\/fr\/produit\/scoppi-4\/#primaryimage\"},\"image\":{\"@id\":\"https:\/\/quuttoys.com\/fr\/produit\/scoppi-4\/#primaryimage\"},\"thumbnailUrl\":\"https:\/\/i0.wp.com\/quuttoys.com\/wp-content\/uploads\/2019\/07\/QUUT_Scoppi_deepblue.png?fit=570%2C570&ssl=1\",\"datePublished\":\"2020-07-06T13:37:24+00:00\",\"dateModified\":\"2021-02-22T17:59:17+00:00\",\"breadcrumb\":{\"@id\":\"https:\/\/quuttoys.com\/fr\/produit\/scoppi-4\/#breadcrumb\"},\"inLanguage\":\"fr-FR\",\"potentialAction\":[{\"@type\":\"ReadAction\",\"target\":[\"https:\/\/quuttoys.com\/fr\/produit\/scoppi-4\/\"]}]},{\"@type\":\"ImageObject\",\"inLanguage\":\"fr-FR\",\"@id\":\"https:\/\/quuttoys.com\/fr\/produit\/scoppi-4\/#primaryimage\",\"url\":\"https:\/\/i0.wp.com\/quuttoys.com\/wp-content\/uploads\/2019\/07\/QUUT_Scoppi_deepblue.png?fit=570%2C570&ssl=1\",\"contentUrl\":\"https:\/\/i0.wp.com\/quuttoys.com\/wp-content\/uploads\/2019\/07\/QUUT_Scoppi_deepblue.png?fit=570%2C570&ssl=1\",\"width\":570,\"height\":570,\"caption\":\"quut scoppi\"},{\"@type\":\"BreadcrumbList\",\"@id\":\"https:\/\/quuttoys.com\/fr\/produit\/scoppi-4\/#breadcrumb\",\"itemListElement\":[{\"@type\":\"ListItem\",\"position\":1,\"name\":\"Home\",\"item\":\"https:\/\/quuttoys.com\/fr\/\"},{\"@type\":\"ListItem\",\"position\":2,\"name\":\"All products\",\"item\":\"https:\/\/quuttoys.com\/all-products\/\"},{\"@type\":\"ListItem\",\"position\":3,\"name\":\"Scoppi\"}]},{\"@type\":\"WebSite\",\"@id\":\"https:\/\/quuttoys.com\/fr\/#website\",\"url\":\"https:\/\/quuttoys.com\/fr\/\",\"name\":\"QUUT\",\"description\":\"Quality toys quality time - Anywhere anytime\",\"potentialAction\":[{\"@type\":\"SearchAction\",\"target\":{\"@type\":\"EntryPoint\",\"urlTemplate\":\"https:\/\/quuttoys.com\/fr\/?s={search_term_string}\"},\"query-input\":{\"@type\":\"PropertyValueSpecification\",\"valueRequired\":true,\"valueName\":\"search_term_string\"}}],\"inLanguage\":\"fr-FR\"}]}<\/script>\n<!-- \/ Yoast SEO plugin. -->","yoast_head_json":{"title":"Scoppi - QUUT","robots":{"index":"index","follow":"follow","max-snippet":"max-snippet:-1","max-image-preview":"max-image-preview:large","max-video-preview":"max-video-preview:-1"},"canonical":"https:\/\/quuttoys.com\/fr\/produit\/scoppi-4\/","og_locale":"fr_FR","og_type":"article","og_title":"Scoppi - QUUT","og_description":"La pelle incassable Un pouvoir de super h\u00e9ros instantan\u00e9! Scoppi attire imm\u00e9diatement le regard avec son design embl\u00e9matique et accrocheur. Les enfants en raffoleront pour d\u00e9placer facilement du sable sur la plage en se servant de leurs mains et de leurs pieds. Scoppi est m\u00eame livr\u00e9 avec un astucieux tamis de sable d\u00e9tachable qui leur offrira deux fois plus de plaisir. Jouet prim\u00e9: Red Dot award winner  https:\/\/player.vimeo.com\/video\/84754434","og_url":"https:\/\/quuttoys.com\/fr\/produit\/scoppi-4\/","og_site_name":"QUUT","article_modified_time":"2021-02-22T17:59:17+00:00","og_image":[{"width":570,"height":570,"url":"https:\/\/i0.wp.com\/quuttoys.com\/wp-content\/uploads\/2019\/07\/QUUT_Scoppi_deepblue.png?fit=570%2C570&ssl=1","type":"image\/png"}],"twitter_card":"summary_large_image","schema":{"@context":"https:\/\/schema.org","@graph":[{"@type":"WebPage","@id":"https:\/\/quuttoys.com\/fr\/produit\/scoppi-4\/","url":"https:\/\/quuttoys.com\/fr\/produit\/scoppi-4\/","name":"Scoppi - QUUT","isPartOf":{"@id":"https:\/\/quuttoys.com\/fr\/#website"},"primaryImageOfPage":{"@id":"https:\/\/quuttoys.com\/fr\/produit\/scoppi-4\/#primaryimage"},"image":{"@id":"https:\/\/quuttoys.com\/fr\/produit\/scoppi-4\/#primaryimage"},"thumbnailUrl":"https:\/\/i0.wp.com\/quuttoys.com\/wp-content\/uploads\/2019\/07\/QUUT_Scoppi_deepblue.png?fit=570%2C570&ssl=1","datePublished":"2020-07-06T13:37:24+00:00","dateModified":"2021-02-22T17:59:17+00:00","breadcrumb":{"@id":"https:\/\/quuttoys.com\/fr\/produit\/scoppi-4\/#breadcrumb"},"inLanguage":"fr-FR","potentialAction":[{"@type":"ReadAction","target":["https:\/\/quuttoys.com\/fr\/produit\/scoppi-4\/"]}]},{"@type":"ImageObject","inLanguage":"fr-FR","@id":"https:\/\/quuttoys.com\/fr\/produit\/scoppi-4\/#primaryimage","url":"https:\/\/i0.wp.com\/quuttoys.com\/wp-content\/uploads\/2019\/07\/QUUT_Scoppi_deepblue.png?fit=570%2C570&ssl=1","contentUrl":"https:\/\/i0.wp.com\/quuttoys.com\/wp-content\/uploads\/2019\/07\/QUUT_Scoppi_deepblue.png?fit=570%2C570&ssl=1","width":570,"height":570,"caption":"quut scoppi"},{"@type":"BreadcrumbList","@id":"https:\/\/quuttoys.com\/fr\/produit\/scoppi-4\/#breadcrumb","itemListElement":[{"@type":"ListItem","position":1,"name":"Home","item":"https:\/\/quuttoys.com\/fr\/"},{"@type":"ListItem","position":2,"name":"All products","item":"https:\/\/quuttoys.com\/all-products\/"},{"@type":"ListItem","position":3,"name":"Scoppi"}]},{"@type":"WebSite","@id":"https:\/\/quuttoys.com\/fr\/#website","url":"https:\/\/quuttoys.com\/fr\/","name":"QUUT","description":"Quality toys quality time - Anywhere anytime","potentialAction":[{"@type":"SearchAction","target":{"@type":"EntryPoint","urlTemplate":"https:\/\/quuttoys.com\/fr\/?s={search_term_string}"},"query-input":{"@type":"PropertyValueSpecification","valueRequired":true,"valueName":"search_term_string"}}],"inLanguage":"fr-FR"}]}},"jetpack_publicize_connections":[],"jetpack_likes_enabled":true,"jetpack_sharing_enabled":true,"amp_enabled":true,"_links":{"self":[{"href":"https:\/\/quuttoys.com\/fr\/wp-json\/wp\/v2\/product\/32008","targetHints":{"allow":["GET"]}}],"collection":[{"href":"https:\/\/quuttoys.com\/fr\/wp-json\/wp\/v2\/product"}],"about":[{"href":"https:\/\/quuttoys.com\/fr\/wp-json\/wp\/v2\/types\/product"}],"wp:featuredmedia":[{"embeddable":true,"href":"https:\/\/quuttoys.com\/fr\/wp-json\/wp\/v2\/media\/27464"}],"wp:attachment":[{"href":"https:\/\/quuttoys.com\/fr\/wp-json\/wp\/v2\/media?parent=32008"}],"wp:term":[{"taxonomy":"product_brand","embeddable":true,"href":"https:\/\/quuttoys.com\/fr\/wp-json\/wp\/v2\/product_brand?post=32008"},{"taxonomy":"product_cat","embeddable":true,"href":"https:\/\/quuttoys.com\/fr\/wp-json\/wp\/v2\/product_cat?post=32008"},{"taxonomy":"product_tag","embeddable":true,"href":"https:\/\/quuttoys.com\/fr\/wp-json\/wp\/v2\/product_tag?post=32008"}],"curies":[{"name":"wp","href":"https:\/\/api.w.org\/{rel}","templated":true}]}}