{"id":47945,"date":"2020-09-30T17:38:56","date_gmt":"2020-10-30T14:30:55","guid":{"rendered":"https:\/\/quuttoys.com\/?post_type=product&#038;p=47945"},"modified":"2022-04-04T15:08:56","modified_gmt":"2022-04-04T13:08:56","slug":"playmat-large-2","status":"publish","type":"product","link":"https:\/\/quuttoys.com\/fr\/produit\/playmat-large-2\/","title":{"rendered":"Tapis de jeu Large"},"content":{"rendered":"<p>Non-toxique &amp; imperm\u00e9able<br \/>\n10 pi\u00e8ces<br \/>\nMeasurements: 175 x 145 cm et 12 mm d&rsquo;\u00e9paisseur<br \/>\nMaterial: mousse EVA<br \/>\nDisponible dans les couleurs Dusty Blue and Pearl Grey<\/p>\n<h3>Le saviez-vous?<\/h3>\n<p><em>La mousse EVA est une mati\u00e8re extr\u00eamement adapt\u00e9e aux enfants! C&rsquo;est une surface douce, imperm\u00e9able et thermo-isolante (NON au sol froid!). Les petits peuvent jouer en toute s\u00e9curit\u00e9 et confort par terre. De plus, la mati\u00e8re est facile \u00e0 maintenir. Il suffit de le nettoyer de temps en temps avec un peu d&rsquo;eau et du savon doux. EVA est une mousse flexible \u00e0 structure cellulaire ferm\u00e9e qui n\u2019absorbe pas l\u2019eau. Sup\u00ear hygi\u00e9nique! <\/em><\/p>\n","protected":false},"excerpt":{"rendered":"<p>Gr\u00e2ce aux coloris apaisants et subtils ainsi qu&rsquo;\u00e0 la jolie forme de ce tapis, vous aurez un accessoire \u00e0 la fois ludique, adapt\u00e9 aux enfants et \u00e9l\u00e9gant dans votre s\u00e9jour. \u00c9gayez l&rsquo;espace de jeu de vos petits tout en le rendant s\u00fbr et doux. Le tapis de jeu \u00e9volue avec votre enfant gr\u00e2ce aux diff\u00e9rentes possibilit\u00e9s qu&rsquo;il offre. Passez d&rsquo;une surface ferme mais confortable o\u00f9 laisser jouer votre petit sur le ventre \u00e0 un coin lecture douillet ou un petit th\u00e9\u00e2tre. \u00c0 chaque \u00e9tape de l&rsquo;\u00e9volution de votre enfant, le tapis de jeu Quut est l&rsquo;accessoire id\u00e9al pour vous cr\u00e9er de pr\u00e9cieux souvenirs.<\/p>\n[fusion_checklist icon=\"ok\" iconcolor=\"#aaaaaa\" circle=\"no\"]<\/p>\n<ul>\n<li>Luxueux tapis de jeu en mousse douce<\/li>\n<li>4 configurations possibles<\/li>\n<li>Convient \u00e0 tous les stades du d\u00e9veloppement de votre enfant<\/li>\n<li>Compl\u00e8tement imperm\u00e9able, donc nos tapis de jeux sont super hygi\u00e9nique (pas d&rsquo;absorption de fluides)<\/li>\n<li>Tr\u00e8s simple d&rsquo;entretien : un chiffon humide et du savon doux suffisent<\/li>\n<\/ul>\n<p>[\/fusion_checklist]\n<p><a href=\"https:\/\/vimeo.com\/473482140\" rel=\"nofollow\">https:\/\/vimeo.com\/473482140<\/a><\/p>\n<p><a href=\"https:\/\/vimeo.com\/472947375\" rel=\"nofollow\">https:\/\/vimeo.com\/472947375<\/a><\/p>\n","protected":false},"featured_media":48040,"template":"","meta":{"_coblocks_attr":"","_coblocks_dimensions":"","_coblocks_responsive_height":"","_coblocks_accordion_ie_support":"","_crdt_document":"","jetpack_publicize_message":"","jetpack_publicize_feature_enabled":true,"jetpack_social_post_already_shared":true,"jetpack_social_options":{"image_generator_settings":{"template":"highway","default_image_id":0,"font":"","enabled":false},"version":2},"_wpas_customize_per_network":false},"product_brand":[],"product_cat":[20325,20327],"product_tag":[],"class_list":{"0":"post-47945","1":"product","2":"type-product","3":"status-publish","4":"has-post-thumbnail","6":"product_cat-playmat-fr","7":"product_cat-playmatl-fr","9":"first","10":"instock","11":"shipping-taxable","12":"product-type-simple"},"yoast_head":"<!-- This site is optimized with the Yoast SEO plugin v27.5 - https:\/\/yoast.com\/product\/yoast-seo-wordpress\/ -->\n<title>Tapis de jeu Large - QUUT<\/title>\n<meta name=\"robots\" content=\"index, follow, max-snippet:-1, max-image-preview:large, max-video-preview:-1\" \/>\n<link rel=\"canonical\" href=\"https:\/\/quuttoys.com\/fr\/produit\/playmat-large-2\/\" \/>\n<meta property=\"og:locale\" content=\"fr_FR\" \/>\n<meta property=\"og:type\" content=\"article\" \/>\n<meta property=\"og:title\" content=\"Tapis de jeu Large - QUUT\" \/>\n<meta property=\"og:description\" content=\"Gr\u00e2ce aux coloris apaisants et subtils ainsi qu&#039;\u00e0 la jolie forme de ce tapis, vous aurez un accessoire \u00e0 la fois ludique, adapt\u00e9 aux enfants et \u00e9l\u00e9gant dans votre s\u00e9jour. \u00c9gayez l&#039;espace de jeu de vos petits tout en le rendant s\u00fbr et doux. Le tapis de jeu \u00e9volue avec votre enfant gr\u00e2ce aux diff\u00e9rentes possibilit\u00e9s qu&#039;il offre. Passez d&#039;une surface ferme mais confortable o\u00f9 laisser jouer votre petit sur le ventre \u00e0 un coin lecture douillet ou un petit th\u00e9\u00e2tre. \u00c0 chaque \u00e9tape de l&#039;\u00e9volution de votre enfant, le tapis de jeu Quut est l&#039;accessoire id\u00e9al pour vous cr\u00e9er de pr\u00e9cieux souvenirs.    https:\/\/vimeo.com\/473482140  https:\/\/vimeo.com\/472947375\" \/>\n<meta property=\"og:url\" content=\"https:\/\/quuttoys.com\/fr\/produit\/playmat-large-2\/\" \/>\n<meta property=\"og:site_name\" content=\"QUUT\" \/>\n<meta property=\"article:modified_time\" content=\"2022-04-04T13:08:56+00:00\" \/>\n<meta property=\"og:image\" content=\"https:\/\/i0.wp.com\/quuttoys.com\/wp-content\/uploads\/2020\/09\/Quut_playmat_L.jpg?fit=570%2C570&ssl=1\" \/>\n\t<meta property=\"og:image:width\" content=\"570\" \/>\n\t<meta property=\"og:image:height\" content=\"570\" \/>\n\t<meta property=\"og:image:type\" content=\"image\/jpeg\" \/>\n<meta name=\"twitter:card\" content=\"summary_large_image\" \/>\n<meta name=\"twitter:label1\" content=\"Dur\u00e9e de lecture estim\u00e9e\" \/>\n\t<meta name=\"twitter:data1\" content=\"1 minute\" \/>\n<script type=\"application\/ld+json\" class=\"yoast-schema-graph\">{\"@context\":\"https:\\\/\\\/schema.org\",\"@graph\":[{\"@type\":\"WebPage\",\"@id\":\"https:\\\/\\\/quuttoys.com\\\/fr\\\/produit\\\/playmat-large-2\\\/\",\"url\":\"https:\\\/\\\/quuttoys.com\\\/fr\\\/produit\\\/playmat-large-2\\\/\",\"name\":\"Tapis de jeu Large - QUUT\",\"isPartOf\":{\"@id\":\"https:\\\/\\\/quuttoys.com\\\/fr\\\/#website\"},\"primaryImageOfPage\":{\"@id\":\"https:\\\/\\\/quuttoys.com\\\/fr\\\/produit\\\/playmat-large-2\\\/#primaryimage\"},\"image\":{\"@id\":\"https:\\\/\\\/quuttoys.com\\\/fr\\\/produit\\\/playmat-large-2\\\/#primaryimage\"},\"thumbnailUrl\":\"https:\\\/\\\/i0.wp.com\\\/quuttoys.com\\\/wp-content\\\/uploads\\\/2020\\\/09\\\/Quut_playmat_L.jpg?fit=570%2C570&ssl=1\",\"datePublished\":\"2020-10-30T14:30:55+00:00\",\"dateModified\":\"2022-04-04T13:08:56+00:00\",\"breadcrumb\":{\"@id\":\"https:\\\/\\\/quuttoys.com\\\/fr\\\/produit\\\/playmat-large-2\\\/#breadcrumb\"},\"inLanguage\":\"fr-FR\",\"potentialAction\":[{\"@type\":\"ReadAction\",\"target\":[\"https:\\\/\\\/quuttoys.com\\\/fr\\\/produit\\\/playmat-large-2\\\/\"]}]},{\"@type\":\"ImageObject\",\"inLanguage\":\"fr-FR\",\"@id\":\"https:\\\/\\\/quuttoys.com\\\/fr\\\/produit\\\/playmat-large-2\\\/#primaryimage\",\"url\":\"https:\\\/\\\/i0.wp.com\\\/quuttoys.com\\\/wp-content\\\/uploads\\\/2020\\\/09\\\/Quut_playmat_L.jpg?fit=570%2C570&ssl=1\",\"contentUrl\":\"https:\\\/\\\/i0.wp.com\\\/quuttoys.com\\\/wp-content\\\/uploads\\\/2020\\\/09\\\/Quut_playmat_L.jpg?fit=570%2C570&ssl=1\",\"width\":570,\"height\":570},{\"@type\":\"BreadcrumbList\",\"@id\":\"https:\\\/\\\/quuttoys.com\\\/fr\\\/produit\\\/playmat-large-2\\\/#breadcrumb\",\"itemListElement\":[{\"@type\":\"ListItem\",\"position\":1,\"name\":\"Home\",\"item\":\"https:\\\/\\\/quuttoys.com\\\/fr\\\/\"},{\"@type\":\"ListItem\",\"position\":2,\"name\":\"All products\",\"item\":\"https:\\\/\\\/quuttoys.com\\\/all-products\\\/\"},{\"@type\":\"ListItem\",\"position\":3,\"name\":\"Tapis de jeu Large\"}]},{\"@type\":\"WebSite\",\"@id\":\"https:\\\/\\\/quuttoys.com\\\/fr\\\/#website\",\"url\":\"https:\\\/\\\/quuttoys.com\\\/fr\\\/\",\"name\":\"QUUT\",\"description\":\"Quality toys quality time - Anywhere anytime\",\"potentialAction\":[{\"@type\":\"SearchAction\",\"target\":{\"@type\":\"EntryPoint\",\"urlTemplate\":\"https:\\\/\\\/quuttoys.com\\\/fr\\\/?s={search_term_string}\"},\"query-input\":{\"@type\":\"PropertyValueSpecification\",\"valueRequired\":true,\"valueName\":\"search_term_string\"}}],\"inLanguage\":\"fr-FR\"}]}<\/script>\n<!-- \/ Yoast SEO plugin. -->","yoast_head_json":{"title":"Tapis de jeu Large - QUUT","robots":{"index":"index","follow":"follow","max-snippet":"max-snippet:-1","max-image-preview":"max-image-preview:large","max-video-preview":"max-video-preview:-1"},"canonical":"https:\/\/quuttoys.com\/fr\/produit\/playmat-large-2\/","og_locale":"fr_FR","og_type":"article","og_title":"Tapis de jeu Large - QUUT","og_description":"Gr\u00e2ce aux coloris apaisants et subtils ainsi qu'\u00e0 la jolie forme de ce tapis, vous aurez un accessoire \u00e0 la fois ludique, adapt\u00e9 aux enfants et \u00e9l\u00e9gant dans votre s\u00e9jour. \u00c9gayez l'espace de jeu de vos petits tout en le rendant s\u00fbr et doux. Le tapis de jeu \u00e9volue avec votre enfant gr\u00e2ce aux diff\u00e9rentes possibilit\u00e9s qu'il offre. Passez d'une surface ferme mais confortable o\u00f9 laisser jouer votre petit sur le ventre \u00e0 un coin lecture douillet ou un petit th\u00e9\u00e2tre. \u00c0 chaque \u00e9tape de l'\u00e9volution de votre enfant, le tapis de jeu Quut est l'accessoire id\u00e9al pour vous cr\u00e9er de pr\u00e9cieux souvenirs.    https:\/\/vimeo.com\/473482140  https:\/\/vimeo.com\/472947375","og_url":"https:\/\/quuttoys.com\/fr\/produit\/playmat-large-2\/","og_site_name":"QUUT","article_modified_time":"2022-04-04T13:08:56+00:00","og_image":[{"width":570,"height":570,"url":"https:\/\/i0.wp.com\/quuttoys.com\/wp-content\/uploads\/2020\/09\/Quut_playmat_L.jpg?fit=570%2C570&ssl=1","type":"image\/jpeg"}],"twitter_card":"summary_large_image","twitter_misc":{"Dur\u00e9e de lecture estim\u00e9e":"1 minute"},"schema":{"@context":"https:\/\/schema.org","@graph":[{"@type":"WebPage","@id":"https:\/\/quuttoys.com\/fr\/produit\/playmat-large-2\/","url":"https:\/\/quuttoys.com\/fr\/produit\/playmat-large-2\/","name":"Tapis de jeu Large - QUUT","isPartOf":{"@id":"https:\/\/quuttoys.com\/fr\/#website"},"primaryImageOfPage":{"@id":"https:\/\/quuttoys.com\/fr\/produit\/playmat-large-2\/#primaryimage"},"image":{"@id":"https:\/\/quuttoys.com\/fr\/produit\/playmat-large-2\/#primaryimage"},"thumbnailUrl":"https:\/\/i0.wp.com\/quuttoys.com\/wp-content\/uploads\/2020\/09\/Quut_playmat_L.jpg?fit=570%2C570&ssl=1","datePublished":"2020-10-30T14:30:55+00:00","dateModified":"2022-04-04T13:08:56+00:00","breadcrumb":{"@id":"https:\/\/quuttoys.com\/fr\/produit\/playmat-large-2\/#breadcrumb"},"inLanguage":"fr-FR","potentialAction":[{"@type":"ReadAction","target":["https:\/\/quuttoys.com\/fr\/produit\/playmat-large-2\/"]}]},{"@type":"ImageObject","inLanguage":"fr-FR","@id":"https:\/\/quuttoys.com\/fr\/produit\/playmat-large-2\/#primaryimage","url":"https:\/\/i0.wp.com\/quuttoys.com\/wp-content\/uploads\/2020\/09\/Quut_playmat_L.jpg?fit=570%2C570&ssl=1","contentUrl":"https:\/\/i0.wp.com\/quuttoys.com\/wp-content\/uploads\/2020\/09\/Quut_playmat_L.jpg?fit=570%2C570&ssl=1","width":570,"height":570},{"@type":"BreadcrumbList","@id":"https:\/\/quuttoys.com\/fr\/produit\/playmat-large-2\/#breadcrumb","itemListElement":[{"@type":"ListItem","position":1,"name":"Home","item":"https:\/\/quuttoys.com\/fr\/"},{"@type":"ListItem","position":2,"name":"All products","item":"https:\/\/quuttoys.com\/all-products\/"},{"@type":"ListItem","position":3,"name":"Tapis de jeu Large"}]},{"@type":"WebSite","@id":"https:\/\/quuttoys.com\/fr\/#website","url":"https:\/\/quuttoys.com\/fr\/","name":"QUUT","description":"Quality toys quality time - Anywhere anytime","potentialAction":[{"@type":"SearchAction","target":{"@type":"EntryPoint","urlTemplate":"https:\/\/quuttoys.com\/fr\/?s={search_term_string}"},"query-input":{"@type":"PropertyValueSpecification","valueRequired":true,"valueName":"search_term_string"}}],"inLanguage":"fr-FR"}]}},"jetpack_publicize_connections":[],"jetpack_likes_enabled":false,"jetpack_sharing_enabled":false,"amp_enabled":true,"_links":{"self":[{"href":"https:\/\/quuttoys.com\/fr\/wp-json\/wp\/v2\/product\/47945","targetHints":{"allow":["GET"]}}],"collection":[{"href":"https:\/\/quuttoys.com\/fr\/wp-json\/wp\/v2\/product"}],"about":[{"href":"https:\/\/quuttoys.com\/fr\/wp-json\/wp\/v2\/types\/product"}],"wp:featuredmedia":[{"embeddable":true,"href":"https:\/\/quuttoys.com\/fr\/wp-json\/wp\/v2\/media\/48040"}],"wp:attachment":[{"href":"https:\/\/quuttoys.com\/fr\/wp-json\/wp\/v2\/media?parent=47945"}],"wp:term":[{"taxonomy":"product_brand","embeddable":true,"href":"https:\/\/quuttoys.com\/fr\/wp-json\/wp\/v2\/product_brand?post=47945"},{"taxonomy":"product_cat","embeddable":true,"href":"https:\/\/quuttoys.com\/fr\/wp-json\/wp\/v2\/product_cat?post=47945"},{"taxonomy":"product_tag","embeddable":true,"href":"https:\/\/quuttoys.com\/fr\/wp-json\/wp\/v2\/product_tag?post=47945"}],"curies":[{"name":"wp","href":"https:\/\/api.w.org\/{rel}","templated":true}]}}