{"id":48370,"date":"2018-01-08T11:03:52","date_gmt":"2021-01-08T10:03:52","guid":{"rendered":"https:\/\/quuttoys.com\/?post_type=product&#038;p=48370"},"modified":"2021-02-24T10:17:40","modified_gmt":"2021-02-24T09:17:40","slug":"ballo-5","status":"publish","type":"product","link":"https:\/\/quuttoys.com\/fr\/produit\/ballo-5\/","title":{"rendered":"Ballo"},"content":{"rendered":"<p>Color: Ocean + Vintage blue<\/p>\n<p>Dimensions: 20 x 20 x 20 cm (3,6L) | 7,8 x 7,8 x 7,8 inches<br \/>\nPoids: 310gr | 0,7 pounds<br \/>\nMati\u00e8re: HDPE (ballon) \/ ABS (poign\u00e9e) \/ TPR (couvercle verseur) \/ PP (corde)<\/p>\n<p>\u00c9galement disponible dans d&rsquo;autres couleurs:<br \/>\nVintage blue + Mighty orange<br \/>\nCherry red + Sweet pink<br \/>\nLagoon green + Mellow yellow<\/p>\n<h3>Le saviez-vous?<\/h3>\n<p><em>Tous les produits sont garantis sans BPA, phtalates ni latex et sont \u00e9videmment 100% recyclables. Chez Quut nous sommes persuad\u00e9s que<br \/>\nlorsque se cr\u00e9e une histoire d\u2019amour avec son jouet pr\u00e9f\u00e9r\u00e9 on le garde soigneusement Et ainsi il sera transmis<br \/>\nde g\u00e9n\u00e9ration en g\u00e9n\u00e9ration. La durabilit\u00e9 au niveau sup\u00e9rieur!<\/em><\/p>\n","protected":false},"excerpt":{"rendered":"<p class=\"p1\"><span class=\"s1\">Le seau sans d\u00e9versement<\/span><\/p>\n<p>Gr\u00e2ce \u00e0 son design moderne et astucieux et \u00e0 sa finition soft-touch, Ballo permet aux petites mains de le remplir<br \/>\nfacilement d&rsquo;eau et de remonter la plage en courant pour venir la d\u00e9verser sans peine. Sa forme sph\u00e9rique est incroyable stable, r\u00e9duisant ainsi<br \/>\nles d\u00e9versements accidentels au minimum. Transporter de l&rsquo;eau de la mer \u00e0 un ch\u00e2teau de sable n&rsquo;a jamais \u00e9t\u00e9 aussi amusant.<br \/>\nAussi disponible en plus petite taille (1,70L) pour les plus jeunes.<\/p>\n[fusion_checklist icon=\"ok\" iconcolor=\"#aaaaaa\" circle=\"no\"]<\/p>\n<ul>\n<li>Poign\u00e9e ergonomique et facile \u00e0 saisir<\/li>\n<li>Encourage l&rsquo;imagination, la cr\u00e9ativit\u00e9, le jeu en plein air et l&rsquo;interaction<\/li>\n<li>A utiliser sur la plage, dans le jardin ou m\u00eame dans la baignoire!<\/li>\n<li>Emp\u00eache les renversements<\/li>\n<li>S\u00fbr \u00e0 utiliser et super facile \u00e0 nettoyer<\/li>\n<li>Fabriqu\u00e9e en plastic durable et recyclable, sans BPA, latex ni phthalates<\/li>\n<\/ul>\n<p>[\/fusion_checklist]\n<p><a href=\"https:\/\/player.vimeo.com\/video\/84754432\" rel=\"nofollow\">https:\/\/player.vimeo.com\/video\/84754432<\/a><\/p>\n","protected":false},"featured_media":48460,"template":"","meta":{"_coblocks_attr":"","_coblocks_dimensions":"","_coblocks_responsive_height":"","_coblocks_accordion_ie_support":"","_crdt_document":"","jetpack_publicize_message":"","jetpack_publicize_feature_enabled":true,"jetpack_social_post_already_shared":true,"jetpack_social_options":{"image_generator_settings":{"template":"highway","default_image_id":0,"font":"","enabled":false},"version":2},"_wpas_customize_per_network":false},"product_brand":[],"product_cat":[20302,20268,20343,20263,20264],"product_tag":[],"class_list":{"0":"post-48370","1":"product","2":"type-product","3":"status-publish","4":"has-post-thumbnail","6":"product_cat-ballo-fr","7":"product_cat-bathmust-fr","8":"product_cat-ocean-fr","9":"product_cat-outdoor-fr","10":"product_cat-plage","12":"first","13":"instock","14":"shipping-taxable","15":"product-type-simple"},"yoast_head":"<!-- This site is optimized with the Yoast SEO plugin v27.4 - https:\/\/yoast.com\/product\/yoast-seo-wordpress\/ -->\n<title>Ballo - QUUT<\/title>\n<meta name=\"robots\" content=\"index, follow, max-snippet:-1, max-image-preview:large, max-video-preview:-1\" \/>\n<link rel=\"canonical\" href=\"https:\/\/quuttoys.com\/fr\/produit\/ballo-5\/\" \/>\n<meta property=\"og:locale\" content=\"fr_FR\" \/>\n<meta property=\"og:type\" content=\"article\" \/>\n<meta property=\"og:title\" content=\"Ballo - QUUT\" \/>\n<meta property=\"og:description\" content=\"Le seau sans d\u00e9versement Gr\u00e2ce \u00e0 son design moderne et astucieux et \u00e0 sa finition soft-touch, Ballo permet aux petites mains de le remplir facilement d&#039;eau et de remonter la plage en courant pour venir la d\u00e9verser sans peine. Sa forme sph\u00e9rique est incroyable stable, r\u00e9duisant ainsi les d\u00e9versements accidentels au minimum. Transporter de l&#039;eau de la mer \u00e0 un ch\u00e2teau de sable n&#039;a jamais \u00e9t\u00e9 aussi amusant. Aussi disponible en plus petite taille (1,70L) pour les plus jeunes.  https:\/\/player.vimeo.com\/video\/84754432\" \/>\n<meta property=\"og:url\" content=\"https:\/\/quuttoys.com\/fr\/produit\/ballo-5\/\" \/>\n<meta property=\"og:site_name\" content=\"QUUT\" \/>\n<meta property=\"article:modified_time\" content=\"2021-02-24T09:17:40+00:00\" \/>\n<meta property=\"og:image\" content=\"https:\/\/quuttoys.com\/wp-content\/uploads\/2021\/01\/ballo_blue.png\" \/>\n\t<meta property=\"og:image:width\" content=\"1140\" \/>\n\t<meta property=\"og:image:height\" content=\"1140\" \/>\n\t<meta property=\"og:image:type\" content=\"image\/png\" \/>\n<meta name=\"twitter:card\" content=\"summary_large_image\" \/>\n<meta name=\"twitter:label1\" content=\"Dur\u00e9e de lecture estim\u00e9e\" \/>\n\t<meta name=\"twitter:data1\" content=\"1 minute\" \/>\n<script type=\"application\/ld+json\" class=\"yoast-schema-graph\">{\"@context\":\"https:\\\/\\\/schema.org\",\"@graph\":[{\"@type\":\"WebPage\",\"@id\":\"https:\\\/\\\/quuttoys.com\\\/fr\\\/produit\\\/ballo-5\\\/\",\"url\":\"https:\\\/\\\/quuttoys.com\\\/fr\\\/produit\\\/ballo-5\\\/\",\"name\":\"Ballo - QUUT\",\"isPartOf\":{\"@id\":\"https:\\\/\\\/quuttoys.com\\\/fr\\\/#website\"},\"primaryImageOfPage\":{\"@id\":\"https:\\\/\\\/quuttoys.com\\\/fr\\\/produit\\\/ballo-5\\\/#primaryimage\"},\"image\":{\"@id\":\"https:\\\/\\\/quuttoys.com\\\/fr\\\/produit\\\/ballo-5\\\/#primaryimage\"},\"thumbnailUrl\":\"https:\\\/\\\/i0.wp.com\\\/quuttoys.com\\\/wp-content\\\/uploads\\\/2021\\\/01\\\/ballo_blue.png?fit=1140%2C1140&ssl=1\",\"datePublished\":\"2021-01-08T10:03:52+00:00\",\"dateModified\":\"2021-02-24T09:17:40+00:00\",\"breadcrumb\":{\"@id\":\"https:\\\/\\\/quuttoys.com\\\/fr\\\/produit\\\/ballo-5\\\/#breadcrumb\"},\"inLanguage\":\"fr-FR\",\"potentialAction\":[{\"@type\":\"ReadAction\",\"target\":[\"https:\\\/\\\/quuttoys.com\\\/fr\\\/produit\\\/ballo-5\\\/\"]}]},{\"@type\":\"ImageObject\",\"inLanguage\":\"fr-FR\",\"@id\":\"https:\\\/\\\/quuttoys.com\\\/fr\\\/produit\\\/ballo-5\\\/#primaryimage\",\"url\":\"https:\\\/\\\/i0.wp.com\\\/quuttoys.com\\\/wp-content\\\/uploads\\\/2021\\\/01\\\/ballo_blue.png?fit=1140%2C1140&ssl=1\",\"contentUrl\":\"https:\\\/\\\/i0.wp.com\\\/quuttoys.com\\\/wp-content\\\/uploads\\\/2021\\\/01\\\/ballo_blue.png?fit=1140%2C1140&ssl=1\",\"width\":1140,\"height\":1140},{\"@type\":\"BreadcrumbList\",\"@id\":\"https:\\\/\\\/quuttoys.com\\\/fr\\\/produit\\\/ballo-5\\\/#breadcrumb\",\"itemListElement\":[{\"@type\":\"ListItem\",\"position\":1,\"name\":\"Home\",\"item\":\"https:\\\/\\\/quuttoys.com\\\/fr\\\/\"},{\"@type\":\"ListItem\",\"position\":2,\"name\":\"All products\",\"item\":\"https:\\\/\\\/quuttoys.com\\\/all-products\\\/\"},{\"@type\":\"ListItem\",\"position\":3,\"name\":\"Ballo\"}]},{\"@type\":\"WebSite\",\"@id\":\"https:\\\/\\\/quuttoys.com\\\/fr\\\/#website\",\"url\":\"https:\\\/\\\/quuttoys.com\\\/fr\\\/\",\"name\":\"QUUT\",\"description\":\"Quality toys quality time - Anywhere anytime\",\"potentialAction\":[{\"@type\":\"SearchAction\",\"target\":{\"@type\":\"EntryPoint\",\"urlTemplate\":\"https:\\\/\\\/quuttoys.com\\\/fr\\\/?s={search_term_string}\"},\"query-input\":{\"@type\":\"PropertyValueSpecification\",\"valueRequired\":true,\"valueName\":\"search_term_string\"}}],\"inLanguage\":\"fr-FR\"}]}<\/script>\n<!-- \/ Yoast SEO plugin. -->","yoast_head_json":{"title":"Ballo - QUUT","robots":{"index":"index","follow":"follow","max-snippet":"max-snippet:-1","max-image-preview":"max-image-preview:large","max-video-preview":"max-video-preview:-1"},"canonical":"https:\/\/quuttoys.com\/fr\/produit\/ballo-5\/","og_locale":"fr_FR","og_type":"article","og_title":"Ballo - QUUT","og_description":"Le seau sans d\u00e9versement Gr\u00e2ce \u00e0 son design moderne et astucieux et \u00e0 sa finition soft-touch, Ballo permet aux petites mains de le remplir facilement d'eau et de remonter la plage en courant pour venir la d\u00e9verser sans peine. Sa forme sph\u00e9rique est incroyable stable, r\u00e9duisant ainsi les d\u00e9versements accidentels au minimum. Transporter de l'eau de la mer \u00e0 un ch\u00e2teau de sable n'a jamais \u00e9t\u00e9 aussi amusant. Aussi disponible en plus petite taille (1,70L) pour les plus jeunes.  https:\/\/player.vimeo.com\/video\/84754432","og_url":"https:\/\/quuttoys.com\/fr\/produit\/ballo-5\/","og_site_name":"QUUT","article_modified_time":"2021-02-24T09:17:40+00:00","og_image":[{"width":1140,"height":1140,"url":"https:\/\/quuttoys.com\/wp-content\/uploads\/2021\/01\/ballo_blue.png","type":"image\/png"}],"twitter_card":"summary_large_image","twitter_misc":{"Dur\u00e9e de lecture estim\u00e9e":"1 minute"},"schema":{"@context":"https:\/\/schema.org","@graph":[{"@type":"WebPage","@id":"https:\/\/quuttoys.com\/fr\/produit\/ballo-5\/","url":"https:\/\/quuttoys.com\/fr\/produit\/ballo-5\/","name":"Ballo - QUUT","isPartOf":{"@id":"https:\/\/quuttoys.com\/fr\/#website"},"primaryImageOfPage":{"@id":"https:\/\/quuttoys.com\/fr\/produit\/ballo-5\/#primaryimage"},"image":{"@id":"https:\/\/quuttoys.com\/fr\/produit\/ballo-5\/#primaryimage"},"thumbnailUrl":"https:\/\/i0.wp.com\/quuttoys.com\/wp-content\/uploads\/2021\/01\/ballo_blue.png?fit=1140%2C1140&ssl=1","datePublished":"2021-01-08T10:03:52+00:00","dateModified":"2021-02-24T09:17:40+00:00","breadcrumb":{"@id":"https:\/\/quuttoys.com\/fr\/produit\/ballo-5\/#breadcrumb"},"inLanguage":"fr-FR","potentialAction":[{"@type":"ReadAction","target":["https:\/\/quuttoys.com\/fr\/produit\/ballo-5\/"]}]},{"@type":"ImageObject","inLanguage":"fr-FR","@id":"https:\/\/quuttoys.com\/fr\/produit\/ballo-5\/#primaryimage","url":"https:\/\/i0.wp.com\/quuttoys.com\/wp-content\/uploads\/2021\/01\/ballo_blue.png?fit=1140%2C1140&ssl=1","contentUrl":"https:\/\/i0.wp.com\/quuttoys.com\/wp-content\/uploads\/2021\/01\/ballo_blue.png?fit=1140%2C1140&ssl=1","width":1140,"height":1140},{"@type":"BreadcrumbList","@id":"https:\/\/quuttoys.com\/fr\/produit\/ballo-5\/#breadcrumb","itemListElement":[{"@type":"ListItem","position":1,"name":"Home","item":"https:\/\/quuttoys.com\/fr\/"},{"@type":"ListItem","position":2,"name":"All products","item":"https:\/\/quuttoys.com\/all-products\/"},{"@type":"ListItem","position":3,"name":"Ballo"}]},{"@type":"WebSite","@id":"https:\/\/quuttoys.com\/fr\/#website","url":"https:\/\/quuttoys.com\/fr\/","name":"QUUT","description":"Quality toys quality time - Anywhere anytime","potentialAction":[{"@type":"SearchAction","target":{"@type":"EntryPoint","urlTemplate":"https:\/\/quuttoys.com\/fr\/?s={search_term_string}"},"query-input":{"@type":"PropertyValueSpecification","valueRequired":true,"valueName":"search_term_string"}}],"inLanguage":"fr-FR"}]}},"jetpack_publicize_connections":[],"jetpack_likes_enabled":true,"jetpack_sharing_enabled":true,"amp_enabled":true,"_links":{"self":[{"href":"https:\/\/quuttoys.com\/fr\/wp-json\/wp\/v2\/product\/48370","targetHints":{"allow":["GET"]}}],"collection":[{"href":"https:\/\/quuttoys.com\/fr\/wp-json\/wp\/v2\/product"}],"about":[{"href":"https:\/\/quuttoys.com\/fr\/wp-json\/wp\/v2\/types\/product"}],"wp:featuredmedia":[{"embeddable":true,"href":"https:\/\/quuttoys.com\/fr\/wp-json\/wp\/v2\/media\/48460"}],"wp:attachment":[{"href":"https:\/\/quuttoys.com\/fr\/wp-json\/wp\/v2\/media?parent=48370"}],"wp:term":[{"taxonomy":"product_brand","embeddable":true,"href":"https:\/\/quuttoys.com\/fr\/wp-json\/wp\/v2\/product_brand?post=48370"},{"taxonomy":"product_cat","embeddable":true,"href":"https:\/\/quuttoys.com\/fr\/wp-json\/wp\/v2\/product_cat?post=48370"},{"taxonomy":"product_tag","embeddable":true,"href":"https:\/\/quuttoys.com\/fr\/wp-json\/wp\/v2\/product_tag?post=48370"}],"curies":[{"name":"wp","href":"https:\/\/api.w.org\/{rel}","templated":true}]}}