{"id":48413,"date":"2021-01-08T13:47:33","date_gmt":"2021-01-08T12:47:34","guid":{"rendered":"https:\/\/quuttoys.com\/?post_type=product&#038;p=48413"},"modified":"2021-02-22T21:04:04","modified_gmt":"2021-02-22T20:04:04","slug":"triplet-6","status":"publish","type":"product","link":"https:\/\/quuttoys.com\/fr\/produit\/triplet-6\/","title":{"rendered":"Triplet"},"content":{"rendered":"<p>Couleur: Vintage blue<\/p>\n<p>Dimensions: 18,3 x 17,2 x 24,5 cm | 7,2 x 6,8 x 9,6 inches<br \/>\nPoids: 85gr | 0,2 pounds<br \/>\nMati\u00e8re: PP<\/p>\n<p>\u00c9galement disponible dans d&rsquo;autres couleurs:<br \/>\nLagoon green<br \/>\nVintage Blue<br \/>\nNew Yellow<br \/>\nMighty Orange<br \/>\nDeep blue<br \/>\nCherry Red<\/p>\n<h3>Le saviez-vous?<\/h3>\n<p><em>Tous les produits sont garantis sans BPA, phtalates ni latex et sont \u00e9videmment 100% recyclables. Chez Quut nous sommes persuad\u00e9s que<br \/>\nlorsque se cr\u00e9e une histoire d\u2019amour avec son jouet pr\u00e9f\u00e9r\u00e9 on le garde soigneusement Et ainsi il sera transmis<br \/>\nde g\u00e9n\u00e9ration en g\u00e9n\u00e9ration. La durabilit\u00e9 au niveau sup\u00e9rieur!<\/em><\/p>\n","protected":false},"excerpt":{"rendered":"<p class=\"p1\">A la fois r\u00e2teau, pelle, tamis et plus.<\/p>\n<p><span class=\"s1\">Triplet est un jouet exceptionnel et multifonctions pour la cr\u00e9ation facile et amusante de structures en sables!<br \/>\n<\/span><span class=\"s1\">Partiellement pelle, pour aider les enfants \u00e0 creuser des trous, \u00e0 construire des fondations et \u00e0 creuser des foss\u00e9s, partiellement tamis \u00e0 sable, pour aider \u00e0 \u00e9liminer les coquilles et autres s\u00e9diments, pour un sable lisse et modelable, partiellement r\u00e2teau, pour permettre aux enfants de cr\u00e9er des mod\u00e8les suppl\u00e9mentaires. La poign\u00e9e creuse peut m\u00eame \u00eatre utilis\u00e9e comme entonnoir \u00e0 eau pour finir les ch\u00e2teaux de sable les plus cool jamais avec l&rsquo;art du sable!<\/span><\/p>\n[fusion_checklist icon=\"ok\" iconcolor=\"#aaaaaa\" circle=\"no\"]<\/p>\n<ul>\n<li>Outil 4-en-1: pelle, tamis, r\u00e2teau et entonnoir \u00e0 eau ou \u00e0 sable<\/li>\n<li>Encourage l&rsquo;imagination et la cr\u00e9ativit\u00e9<\/li>\n<li>A utiliser sur la plage, dans le jardin, sur les tables de sable ou m\u00eame dans la baignoire!<\/li>\n<li>S\u00fbr \u00e0 utiliser et super facile \u00e0 nettoyer<\/li>\n<li>Fabriqu\u00e9e en plastic durable, recyclable<\/li>\n<\/ul>\n<p>[\/fusion_checklist]\n","protected":false},"featured_media":48417,"template":"","meta":{"_coblocks_attr":"","_coblocks_dimensions":"","_coblocks_responsive_height":"","_coblocks_accordion_ie_support":"","_crdt_document":"","jetpack_publicize_message":"","jetpack_publicize_feature_enabled":true,"jetpack_social_post_already_shared":true,"jetpack_social_options":{"image_generator_settings":{"template":"highway","default_image_id":0,"font":"","enabled":false},"version":2},"_wpas_customize_per_network":false},"product_brand":[],"product_cat":[20347,20343,20263,20264,20310],"product_tag":[],"class_list":{"0":"post-48413","1":"product","2":"type-product","3":"status-publish","4":"has-post-thumbnail","6":"product_cat-bananablue-fr","7":"product_cat-ocean-fr","8":"product_cat-outdoor-fr","9":"product_cat-plage","10":"product_cat-triplet-fr","12":"first","13":"instock","14":"shipping-taxable","15":"product-type-simple"},"yoast_head":"<!-- This site is optimized with the Yoast SEO plugin v27.4 - https:\/\/yoast.com\/product\/yoast-seo-wordpress\/ -->\n<title>Triplet - QUUT<\/title>\n<meta name=\"robots\" content=\"index, follow, max-snippet:-1, max-image-preview:large, max-video-preview:-1\" \/>\n<link rel=\"canonical\" href=\"https:\/\/quuttoys.com\/fr\/produit\/triplet-6\/\" \/>\n<meta property=\"og:locale\" content=\"fr_FR\" \/>\n<meta property=\"og:type\" content=\"article\" \/>\n<meta property=\"og:title\" content=\"Triplet - QUUT\" \/>\n<meta property=\"og:description\" content=\"A la fois r\u00e2teau, pelle, tamis et plus. Triplet est un jouet exceptionnel et multifonctions pour la cr\u00e9ation facile et amusante de structures en sables! Partiellement pelle, pour aider les enfants \u00e0 creuser des trous, \u00e0 construire des fondations et \u00e0 creuser des foss\u00e9s, partiellement tamis \u00e0 sable, pour aider \u00e0 \u00e9liminer les coquilles et autres s\u00e9diments, pour un sable lisse et modelable, partiellement r\u00e2teau, pour permettre aux enfants de cr\u00e9er des mod\u00e8les suppl\u00e9mentaires. La poign\u00e9e creuse peut m\u00eame \u00eatre utilis\u00e9e comme entonnoir \u00e0 eau pour finir les ch\u00e2teaux de sable les plus cool jamais avec l&#039;art du sable!\" \/>\n<meta property=\"og:url\" content=\"https:\/\/quuttoys.com\/fr\/produit\/triplet-6\/\" \/>\n<meta property=\"og:site_name\" content=\"QUUT\" \/>\n<meta property=\"article:modified_time\" content=\"2021-02-22T20:04:04+00:00\" \/>\n<meta property=\"og:image\" content=\"https:\/\/i0.wp.com\/quuttoys.com\/wp-content\/uploads\/2021\/01\/Triplet-Copy-13.png?fit=570%2C570&ssl=1\" \/>\n\t<meta property=\"og:image:width\" content=\"570\" \/>\n\t<meta property=\"og:image:height\" content=\"570\" \/>\n\t<meta property=\"og:image:type\" content=\"image\/png\" \/>\n<meta name=\"twitter:card\" content=\"summary_large_image\" \/>\n<script type=\"application\/ld+json\" class=\"yoast-schema-graph\">{\"@context\":\"https:\\\/\\\/schema.org\",\"@graph\":[{\"@type\":\"WebPage\",\"@id\":\"https:\\\/\\\/quuttoys.com\\\/fr\\\/produit\\\/triplet-6\\\/\",\"url\":\"https:\\\/\\\/quuttoys.com\\\/fr\\\/produit\\\/triplet-6\\\/\",\"name\":\"Triplet - QUUT\",\"isPartOf\":{\"@id\":\"https:\\\/\\\/quuttoys.com\\\/fr\\\/#website\"},\"primaryImageOfPage\":{\"@id\":\"https:\\\/\\\/quuttoys.com\\\/fr\\\/produit\\\/triplet-6\\\/#primaryimage\"},\"image\":{\"@id\":\"https:\\\/\\\/quuttoys.com\\\/fr\\\/produit\\\/triplet-6\\\/#primaryimage\"},\"thumbnailUrl\":\"https:\\\/\\\/i0.wp.com\\\/quuttoys.com\\\/wp-content\\\/uploads\\\/2021\\\/01\\\/Triplet-Copy-13.png?fit=570%2C570&ssl=1\",\"datePublished\":\"2021-01-08T12:47:34+00:00\",\"dateModified\":\"2021-02-22T20:04:04+00:00\",\"breadcrumb\":{\"@id\":\"https:\\\/\\\/quuttoys.com\\\/fr\\\/produit\\\/triplet-6\\\/#breadcrumb\"},\"inLanguage\":\"fr-FR\",\"potentialAction\":[{\"@type\":\"ReadAction\",\"target\":[\"https:\\\/\\\/quuttoys.com\\\/fr\\\/produit\\\/triplet-6\\\/\"]}]},{\"@type\":\"ImageObject\",\"inLanguage\":\"fr-FR\",\"@id\":\"https:\\\/\\\/quuttoys.com\\\/fr\\\/produit\\\/triplet-6\\\/#primaryimage\",\"url\":\"https:\\\/\\\/i0.wp.com\\\/quuttoys.com\\\/wp-content\\\/uploads\\\/2021\\\/01\\\/Triplet-Copy-13.png?fit=570%2C570&ssl=1\",\"contentUrl\":\"https:\\\/\\\/i0.wp.com\\\/quuttoys.com\\\/wp-content\\\/uploads\\\/2021\\\/01\\\/Triplet-Copy-13.png?fit=570%2C570&ssl=1\",\"width\":570,\"height\":570},{\"@type\":\"BreadcrumbList\",\"@id\":\"https:\\\/\\\/quuttoys.com\\\/fr\\\/produit\\\/triplet-6\\\/#breadcrumb\",\"itemListElement\":[{\"@type\":\"ListItem\",\"position\":1,\"name\":\"Home\",\"item\":\"https:\\\/\\\/quuttoys.com\\\/fr\\\/\"},{\"@type\":\"ListItem\",\"position\":2,\"name\":\"All products\",\"item\":\"https:\\\/\\\/quuttoys.com\\\/all-products\\\/\"},{\"@type\":\"ListItem\",\"position\":3,\"name\":\"Triplet\"}]},{\"@type\":\"WebSite\",\"@id\":\"https:\\\/\\\/quuttoys.com\\\/fr\\\/#website\",\"url\":\"https:\\\/\\\/quuttoys.com\\\/fr\\\/\",\"name\":\"QUUT\",\"description\":\"Quality toys quality time - Anywhere anytime\",\"potentialAction\":[{\"@type\":\"SearchAction\",\"target\":{\"@type\":\"EntryPoint\",\"urlTemplate\":\"https:\\\/\\\/quuttoys.com\\\/fr\\\/?s={search_term_string}\"},\"query-input\":{\"@type\":\"PropertyValueSpecification\",\"valueRequired\":true,\"valueName\":\"search_term_string\"}}],\"inLanguage\":\"fr-FR\"}]}<\/script>\n<!-- \/ Yoast SEO plugin. -->","yoast_head_json":{"title":"Triplet - QUUT","robots":{"index":"index","follow":"follow","max-snippet":"max-snippet:-1","max-image-preview":"max-image-preview:large","max-video-preview":"max-video-preview:-1"},"canonical":"https:\/\/quuttoys.com\/fr\/produit\/triplet-6\/","og_locale":"fr_FR","og_type":"article","og_title":"Triplet - QUUT","og_description":"A la fois r\u00e2teau, pelle, tamis et plus. Triplet est un jouet exceptionnel et multifonctions pour la cr\u00e9ation facile et amusante de structures en sables! Partiellement pelle, pour aider les enfants \u00e0 creuser des trous, \u00e0 construire des fondations et \u00e0 creuser des foss\u00e9s, partiellement tamis \u00e0 sable, pour aider \u00e0 \u00e9liminer les coquilles et autres s\u00e9diments, pour un sable lisse et modelable, partiellement r\u00e2teau, pour permettre aux enfants de cr\u00e9er des mod\u00e8les suppl\u00e9mentaires. La poign\u00e9e creuse peut m\u00eame \u00eatre utilis\u00e9e comme entonnoir \u00e0 eau pour finir les ch\u00e2teaux de sable les plus cool jamais avec l'art du sable!","og_url":"https:\/\/quuttoys.com\/fr\/produit\/triplet-6\/","og_site_name":"QUUT","article_modified_time":"2021-02-22T20:04:04+00:00","og_image":[{"width":570,"height":570,"url":"https:\/\/i0.wp.com\/quuttoys.com\/wp-content\/uploads\/2021\/01\/Triplet-Copy-13.png?fit=570%2C570&ssl=1","type":"image\/png"}],"twitter_card":"summary_large_image","schema":{"@context":"https:\/\/schema.org","@graph":[{"@type":"WebPage","@id":"https:\/\/quuttoys.com\/fr\/produit\/triplet-6\/","url":"https:\/\/quuttoys.com\/fr\/produit\/triplet-6\/","name":"Triplet - QUUT","isPartOf":{"@id":"https:\/\/quuttoys.com\/fr\/#website"},"primaryImageOfPage":{"@id":"https:\/\/quuttoys.com\/fr\/produit\/triplet-6\/#primaryimage"},"image":{"@id":"https:\/\/quuttoys.com\/fr\/produit\/triplet-6\/#primaryimage"},"thumbnailUrl":"https:\/\/i0.wp.com\/quuttoys.com\/wp-content\/uploads\/2021\/01\/Triplet-Copy-13.png?fit=570%2C570&ssl=1","datePublished":"2021-01-08T12:47:34+00:00","dateModified":"2021-02-22T20:04:04+00:00","breadcrumb":{"@id":"https:\/\/quuttoys.com\/fr\/produit\/triplet-6\/#breadcrumb"},"inLanguage":"fr-FR","potentialAction":[{"@type":"ReadAction","target":["https:\/\/quuttoys.com\/fr\/produit\/triplet-6\/"]}]},{"@type":"ImageObject","inLanguage":"fr-FR","@id":"https:\/\/quuttoys.com\/fr\/produit\/triplet-6\/#primaryimage","url":"https:\/\/i0.wp.com\/quuttoys.com\/wp-content\/uploads\/2021\/01\/Triplet-Copy-13.png?fit=570%2C570&ssl=1","contentUrl":"https:\/\/i0.wp.com\/quuttoys.com\/wp-content\/uploads\/2021\/01\/Triplet-Copy-13.png?fit=570%2C570&ssl=1","width":570,"height":570},{"@type":"BreadcrumbList","@id":"https:\/\/quuttoys.com\/fr\/produit\/triplet-6\/#breadcrumb","itemListElement":[{"@type":"ListItem","position":1,"name":"Home","item":"https:\/\/quuttoys.com\/fr\/"},{"@type":"ListItem","position":2,"name":"All products","item":"https:\/\/quuttoys.com\/all-products\/"},{"@type":"ListItem","position":3,"name":"Triplet"}]},{"@type":"WebSite","@id":"https:\/\/quuttoys.com\/fr\/#website","url":"https:\/\/quuttoys.com\/fr\/","name":"QUUT","description":"Quality toys quality time - Anywhere anytime","potentialAction":[{"@type":"SearchAction","target":{"@type":"EntryPoint","urlTemplate":"https:\/\/quuttoys.com\/fr\/?s={search_term_string}"},"query-input":{"@type":"PropertyValueSpecification","valueRequired":true,"valueName":"search_term_string"}}],"inLanguage":"fr-FR"}]}},"jetpack_publicize_connections":[],"jetpack_likes_enabled":true,"jetpack_sharing_enabled":true,"amp_enabled":true,"_links":{"self":[{"href":"https:\/\/quuttoys.com\/fr\/wp-json\/wp\/v2\/product\/48413","targetHints":{"allow":["GET"]}}],"collection":[{"href":"https:\/\/quuttoys.com\/fr\/wp-json\/wp\/v2\/product"}],"about":[{"href":"https:\/\/quuttoys.com\/fr\/wp-json\/wp\/v2\/types\/product"}],"wp:featuredmedia":[{"embeddable":true,"href":"https:\/\/quuttoys.com\/fr\/wp-json\/wp\/v2\/media\/48417"}],"wp:attachment":[{"href":"https:\/\/quuttoys.com\/fr\/wp-json\/wp\/v2\/media?parent=48413"}],"wp:term":[{"taxonomy":"product_brand","embeddable":true,"href":"https:\/\/quuttoys.com\/fr\/wp-json\/wp\/v2\/product_brand?post=48413"},{"taxonomy":"product_cat","embeddable":true,"href":"https:\/\/quuttoys.com\/fr\/wp-json\/wp\/v2\/product_cat?post=48413"},{"taxonomy":"product_tag","embeddable":true,"href":"https:\/\/quuttoys.com\/fr\/wp-json\/wp\/v2\/product_tag?post=48413"}],"curies":[{"name":"wp","href":"https:\/\/api.w.org\/{rel}","templated":true}]}}