{"id":48425,"date":"2021-01-08T16:11:39","date_gmt":"2021-01-08T15:11:40","guid":{"rendered":"https:\/\/quuttoys.com\/?post_type=product&#038;p=48425"},"modified":"2021-02-22T19:27:15","modified_gmt":"2021-02-22T18:27:15","slug":"cuppi-2","status":"publish","type":"product","link":"https:\/\/quuttoys.com\/fr\/produit\/cuppi-2\/","title":{"rendered":"Cuppi"},"content":{"rendered":"<p>Couleur: Ocean &amp; Cherry red ball<\/p>\n<p>Dimensions: 6,9 x 9,1 x 15,6 cm | 2,7 x 2,4 x 6,1 inches<br \/>\nPoids: \u00b1 85 gr | 0,2 pounds<br \/>\nMati\u00e8re: PP (pelles) + environmental PVC (balle)<\/p>\n<p>\u00c9galement disponible dans d&rsquo;autres couleurs:<\/p>\n<p>Lagoon green + Mellow yellow &amp; Deep Blue Ball<\/p>\n<h3>Le saviez-vous?<\/h3>\n<p><em>Tous les produits sont garantis sans BPA, phtalates ni latex et sont \u00e9videmment 100% recyclables. Chez Quut nous sommes persuad\u00e9s que<br \/>\nlorsque se cr\u00e9e une histoire d\u2019amour avec son jouet pr\u00e9f\u00e9r\u00e9 on le garde soigneusement Et ainsi il sera transmis<br \/>\nde g\u00e9n\u00e9ration en g\u00e9n\u00e9ration. La durabilit\u00e9 au niveau sup\u00e9rieur!<\/em><\/p>\n","protected":false},"excerpt":{"rendered":"<p>Pelle, tamis et une balle tout-en-un!<\/p>\n<p>Sable, terre, eau, bain ou oc\u00e9an, le Cuppi sait comment inspirer la cr\u00e9ativit\u00e9 et amener les enfants \u00e0 concevoir, jouer et s&rsquo;amuser.<br \/>\nUtilisez la pelle pour \u00e9vider le sable et faire des pistes pour faire rouler la balle ou remplissez-la pour \u00e9crire avec du sable ou de l&rsquo;eau.<\/p>\n[fusion_checklist icon=\"ok\" iconcolor=\"#aaaaaa\" circle=\"no\"]<\/p>\n<ul>\n<li>Jeu de voyage id\u00e9al: compact, l\u00e9ger et polyvalent<\/li>\n<li>Design ergonomique pour utilisation, empilage et d\u00e9montage facile.<\/li>\n<li>Jouet ouvert: stimule la cr\u00e9ativit\u00e9<\/li>\n<li>Empilez et cliquez pour un rangement facile: assurez-vous de supprimer le sable avant de cliquer \u00e0 nouveau ensemble<\/li>\n<li>En plastic durable et recyclable, sans BPA, phtalates ni latex<\/li>\n<\/ul>\n<p>[\/fusion_checklist]\n<p><a href=\"https:\/\/player.vimeo.com\/video\/84754433\" rel=\"nofollow\">https:\/\/player.vimeo.com\/video\/84754433<\/a><\/p>\n","protected":false},"featured_media":48429,"template":"","meta":{"_coblocks_attr":"","_coblocks_dimensions":"","_coblocks_responsive_height":"","_coblocks_accordion_ie_support":"","_crdt_document":"","jetpack_publicize_message":"","jetpack_publicize_feature_enabled":true,"jetpack_social_post_already_shared":true,"jetpack_social_options":{"image_generator_settings":{"template":"highway","default_image_id":0,"font":"","enabled":false},"version":2},"_wpas_customize_per_network":false},"product_brand":[],"product_cat":[20305,20306,20343,20263,20264],"product_tag":[],"class_list":{"0":"post-48425","1":"product","2":"type-product","3":"status-publish","4":"has-post-thumbnail","6":"product_cat-games-fr","7":"product_cat-games2-fr","8":"product_cat-ocean-fr","9":"product_cat-outdoor-fr","10":"product_cat-plage","12":"first","13":"instock","14":"shipping-taxable","15":"product-type-simple"},"yoast_head":"<!-- This site is optimized with the Yoast SEO plugin v27.5 - https:\/\/yoast.com\/product\/yoast-seo-wordpress\/ -->\n<title>Cuppi - QUUT<\/title>\n<meta name=\"robots\" content=\"index, follow, max-snippet:-1, max-image-preview:large, max-video-preview:-1\" \/>\n<link rel=\"canonical\" href=\"https:\/\/quuttoys.com\/fr\/produit\/cuppi-2\/\" \/>\n<meta property=\"og:locale\" content=\"fr_FR\" \/>\n<meta property=\"og:type\" content=\"article\" \/>\n<meta property=\"og:title\" content=\"Cuppi - QUUT\" \/>\n<meta property=\"og:description\" content=\"Pelle, tamis et une balle tout-en-un! Sable, terre, eau, bain ou oc\u00e9an, le Cuppi sait comment inspirer la cr\u00e9ativit\u00e9 et amener les enfants \u00e0 concevoir, jouer et s&#039;amuser. Utilisez la pelle pour \u00e9vider le sable et faire des pistes pour faire rouler la balle ou remplissez-la pour \u00e9crire avec du sable ou de l&#039;eau.  https:\/\/player.vimeo.com\/video\/84754433\" \/>\n<meta property=\"og:url\" content=\"https:\/\/quuttoys.com\/fr\/produit\/cuppi-2\/\" \/>\n<meta property=\"og:site_name\" content=\"QUUT\" \/>\n<meta property=\"article:modified_time\" content=\"2021-02-22T18:27:15+00:00\" \/>\n<meta property=\"og:image\" content=\"https:\/\/i0.wp.com\/quuttoys.com\/wp-content\/uploads\/2021\/01\/Cuppi-Copy-8.png?fit=570%2C570&ssl=1\" \/>\n\t<meta property=\"og:image:width\" content=\"570\" \/>\n\t<meta property=\"og:image:height\" content=\"570\" \/>\n\t<meta property=\"og:image:type\" content=\"image\/png\" \/>\n<meta name=\"twitter:card\" content=\"summary_large_image\" \/>\n<script type=\"application\/ld+json\" class=\"yoast-schema-graph\">{\"@context\":\"https:\\\/\\\/schema.org\",\"@graph\":[{\"@type\":\"WebPage\",\"@id\":\"https:\\\/\\\/quuttoys.com\\\/fr\\\/produit\\\/cuppi-2\\\/\",\"url\":\"https:\\\/\\\/quuttoys.com\\\/fr\\\/produit\\\/cuppi-2\\\/\",\"name\":\"Cuppi - QUUT\",\"isPartOf\":{\"@id\":\"https:\\\/\\\/quuttoys.com\\\/fr\\\/#website\"},\"primaryImageOfPage\":{\"@id\":\"https:\\\/\\\/quuttoys.com\\\/fr\\\/produit\\\/cuppi-2\\\/#primaryimage\"},\"image\":{\"@id\":\"https:\\\/\\\/quuttoys.com\\\/fr\\\/produit\\\/cuppi-2\\\/#primaryimage\"},\"thumbnailUrl\":\"https:\\\/\\\/i0.wp.com\\\/quuttoys.com\\\/wp-content\\\/uploads\\\/2021\\\/01\\\/Cuppi-Copy-8.png?fit=570%2C570&ssl=1\",\"datePublished\":\"2021-01-08T15:11:40+00:00\",\"dateModified\":\"2021-02-22T18:27:15+00:00\",\"breadcrumb\":{\"@id\":\"https:\\\/\\\/quuttoys.com\\\/fr\\\/produit\\\/cuppi-2\\\/#breadcrumb\"},\"inLanguage\":\"fr-FR\",\"potentialAction\":[{\"@type\":\"ReadAction\",\"target\":[\"https:\\\/\\\/quuttoys.com\\\/fr\\\/produit\\\/cuppi-2\\\/\"]}]},{\"@type\":\"ImageObject\",\"inLanguage\":\"fr-FR\",\"@id\":\"https:\\\/\\\/quuttoys.com\\\/fr\\\/produit\\\/cuppi-2\\\/#primaryimage\",\"url\":\"https:\\\/\\\/i0.wp.com\\\/quuttoys.com\\\/wp-content\\\/uploads\\\/2021\\\/01\\\/Cuppi-Copy-8.png?fit=570%2C570&ssl=1\",\"contentUrl\":\"https:\\\/\\\/i0.wp.com\\\/quuttoys.com\\\/wp-content\\\/uploads\\\/2021\\\/01\\\/Cuppi-Copy-8.png?fit=570%2C570&ssl=1\",\"width\":570,\"height\":570},{\"@type\":\"BreadcrumbList\",\"@id\":\"https:\\\/\\\/quuttoys.com\\\/fr\\\/produit\\\/cuppi-2\\\/#breadcrumb\",\"itemListElement\":[{\"@type\":\"ListItem\",\"position\":1,\"name\":\"Home\",\"item\":\"https:\\\/\\\/quuttoys.com\\\/fr\\\/\"},{\"@type\":\"ListItem\",\"position\":2,\"name\":\"All products\",\"item\":\"https:\\\/\\\/quuttoys.com\\\/all-products\\\/\"},{\"@type\":\"ListItem\",\"position\":3,\"name\":\"Cuppi\"}]},{\"@type\":\"WebSite\",\"@id\":\"https:\\\/\\\/quuttoys.com\\\/fr\\\/#website\",\"url\":\"https:\\\/\\\/quuttoys.com\\\/fr\\\/\",\"name\":\"QUUT\",\"description\":\"Quality toys quality time - Anywhere anytime\",\"potentialAction\":[{\"@type\":\"SearchAction\",\"target\":{\"@type\":\"EntryPoint\",\"urlTemplate\":\"https:\\\/\\\/quuttoys.com\\\/fr\\\/?s={search_term_string}\"},\"query-input\":{\"@type\":\"PropertyValueSpecification\",\"valueRequired\":true,\"valueName\":\"search_term_string\"}}],\"inLanguage\":\"fr-FR\"}]}<\/script>\n<!-- \/ Yoast SEO plugin. -->","yoast_head_json":{"title":"Cuppi - QUUT","robots":{"index":"index","follow":"follow","max-snippet":"max-snippet:-1","max-image-preview":"max-image-preview:large","max-video-preview":"max-video-preview:-1"},"canonical":"https:\/\/quuttoys.com\/fr\/produit\/cuppi-2\/","og_locale":"fr_FR","og_type":"article","og_title":"Cuppi - QUUT","og_description":"Pelle, tamis et une balle tout-en-un! Sable, terre, eau, bain ou oc\u00e9an, le Cuppi sait comment inspirer la cr\u00e9ativit\u00e9 et amener les enfants \u00e0 concevoir, jouer et s'amuser. Utilisez la pelle pour \u00e9vider le sable et faire des pistes pour faire rouler la balle ou remplissez-la pour \u00e9crire avec du sable ou de l'eau.  https:\/\/player.vimeo.com\/video\/84754433","og_url":"https:\/\/quuttoys.com\/fr\/produit\/cuppi-2\/","og_site_name":"QUUT","article_modified_time":"2021-02-22T18:27:15+00:00","og_image":[{"width":570,"height":570,"url":"https:\/\/i0.wp.com\/quuttoys.com\/wp-content\/uploads\/2021\/01\/Cuppi-Copy-8.png?fit=570%2C570&ssl=1","type":"image\/png"}],"twitter_card":"summary_large_image","schema":{"@context":"https:\/\/schema.org","@graph":[{"@type":"WebPage","@id":"https:\/\/quuttoys.com\/fr\/produit\/cuppi-2\/","url":"https:\/\/quuttoys.com\/fr\/produit\/cuppi-2\/","name":"Cuppi - QUUT","isPartOf":{"@id":"https:\/\/quuttoys.com\/fr\/#website"},"primaryImageOfPage":{"@id":"https:\/\/quuttoys.com\/fr\/produit\/cuppi-2\/#primaryimage"},"image":{"@id":"https:\/\/quuttoys.com\/fr\/produit\/cuppi-2\/#primaryimage"},"thumbnailUrl":"https:\/\/i0.wp.com\/quuttoys.com\/wp-content\/uploads\/2021\/01\/Cuppi-Copy-8.png?fit=570%2C570&ssl=1","datePublished":"2021-01-08T15:11:40+00:00","dateModified":"2021-02-22T18:27:15+00:00","breadcrumb":{"@id":"https:\/\/quuttoys.com\/fr\/produit\/cuppi-2\/#breadcrumb"},"inLanguage":"fr-FR","potentialAction":[{"@type":"ReadAction","target":["https:\/\/quuttoys.com\/fr\/produit\/cuppi-2\/"]}]},{"@type":"ImageObject","inLanguage":"fr-FR","@id":"https:\/\/quuttoys.com\/fr\/produit\/cuppi-2\/#primaryimage","url":"https:\/\/i0.wp.com\/quuttoys.com\/wp-content\/uploads\/2021\/01\/Cuppi-Copy-8.png?fit=570%2C570&ssl=1","contentUrl":"https:\/\/i0.wp.com\/quuttoys.com\/wp-content\/uploads\/2021\/01\/Cuppi-Copy-8.png?fit=570%2C570&ssl=1","width":570,"height":570},{"@type":"BreadcrumbList","@id":"https:\/\/quuttoys.com\/fr\/produit\/cuppi-2\/#breadcrumb","itemListElement":[{"@type":"ListItem","position":1,"name":"Home","item":"https:\/\/quuttoys.com\/fr\/"},{"@type":"ListItem","position":2,"name":"All products","item":"https:\/\/quuttoys.com\/all-products\/"},{"@type":"ListItem","position":3,"name":"Cuppi"}]},{"@type":"WebSite","@id":"https:\/\/quuttoys.com\/fr\/#website","url":"https:\/\/quuttoys.com\/fr\/","name":"QUUT","description":"Quality toys quality time - Anywhere anytime","potentialAction":[{"@type":"SearchAction","target":{"@type":"EntryPoint","urlTemplate":"https:\/\/quuttoys.com\/fr\/?s={search_term_string}"},"query-input":{"@type":"PropertyValueSpecification","valueRequired":true,"valueName":"search_term_string"}}],"inLanguage":"fr-FR"}]}},"jetpack_publicize_connections":[],"jetpack_likes_enabled":true,"jetpack_sharing_enabled":true,"amp_enabled":true,"_links":{"self":[{"href":"https:\/\/quuttoys.com\/fr\/wp-json\/wp\/v2\/product\/48425","targetHints":{"allow":["GET"]}}],"collection":[{"href":"https:\/\/quuttoys.com\/fr\/wp-json\/wp\/v2\/product"}],"about":[{"href":"https:\/\/quuttoys.com\/fr\/wp-json\/wp\/v2\/types\/product"}],"wp:featuredmedia":[{"embeddable":true,"href":"https:\/\/quuttoys.com\/fr\/wp-json\/wp\/v2\/media\/48429"}],"wp:attachment":[{"href":"https:\/\/quuttoys.com\/fr\/wp-json\/wp\/v2\/media?parent=48425"}],"wp:term":[{"taxonomy":"product_brand","embeddable":true,"href":"https:\/\/quuttoys.com\/fr\/wp-json\/wp\/v2\/product_brand?post=48425"},{"taxonomy":"product_cat","embeddable":true,"href":"https:\/\/quuttoys.com\/fr\/wp-json\/wp\/v2\/product_cat?post=48425"},{"taxonomy":"product_tag","embeddable":true,"href":"https:\/\/quuttoys.com\/fr\/wp-json\/wp\/v2\/product_tag?post=48425"}],"curies":[{"name":"wp","href":"https:\/\/api.w.org\/{rel}","templated":true}]}}