{"id":48503,"date":"2021-01-28T20:19:59","date_gmt":"2021-01-28T19:19:59","guid":{"rendered":"https:\/\/quuttoys.com\/?post_type=product&#038;p=48503"},"modified":"2022-03-15T14:27:45","modified_gmt":"2022-03-15T13:27:45","slug":"raki-2","status":"publish","type":"product","link":"https:\/\/quuttoys.com\/fr\/produit\/raki-2\/","title":{"rendered":"Raki"},"content":{"rendered":"<p>Couleur: Banana pink<\/p>\n<p>Dimensions: 15,7 x 11,1 x 5,5 cm | 6,2 x 4,4 x 2,2 inches<br \/>\nPoids: \u00b1 80 gr | 0,2 pounds<br \/>\nMati\u00e8re: PP<\/p>\n<h3>Le saviez-vous?<\/h3>\n<p><em>Tous les produits sont garantis sans BPA, phtalates ni latex et sont \u00e9videmment 100% recyclables. Chez Quut nous sommes persuad\u00e9s que<br \/>\nlorsque se cr\u00e9e une histoire d\u2019amour avec son jouet pr\u00e9f\u00e9r\u00e9 on le garde soigneusement Et ainsi il sera transmis<br \/>\nde g\u00e9n\u00e9ration en g\u00e9n\u00e9ration. La durabilit\u00e9 au niveau sup\u00e9rieur!<\/em><\/p>\n","protected":false},"excerpt":{"rendered":"<p class=\"p1\"><span class=\"s1\">R\u00e2teau et pelle, 2 en 1<\/span><\/p>\n<p class=\"p3\"><span class=\"s1\"><i>Tous vos outils de jardinage et de jeu r\u00e9unis en 1 seul produit!<\/i><\/span><\/p>\n<p class=\"p1\"><span class=\"s1\">Avec ce r\u00e2teau et cette pelle, les enfants peuvent travailler \u00e0 c\u00f4t\u00e9 de maman et papa dans le jardin ou donner libre cours \u00e0<\/span><\/p>\n<p class=\"p1\"><span class=\"s1\">leur cr\u00e9ativit\u00e9 \u00e0 la plage ou dans la neige. Avec cet outil ouvert en plusieurs parties, l&rsquo;apprentissage sans fin, la cr\u00e9ativit\u00e9 et le plaisir sont garantis dans le jardin, \u00e0 la plage, dans le bac \u00e0 sable et dans la neige! Il s\u2019utilise non seulement comme r\u00e2teau ou comme pelle, mais \u00e9galement comme entonnoir, tamis ou encore pour jouer \u00e0 l\u2019eau et \u00e9crire dans le sable\u2026 les possibilit\u00e9s sont infinies!<\/span><\/p>\n<p><span style=\"font-family: -apple-system, BlinkMacSystemFont, 'Segoe UI', Roboto, Oxygen-Sans, Ubuntu, Cantarell, 'Helvetica Neue', sans-serif;\">[fusion_checklist icon=\"ok\" iconcolor=\"#aaaaaa\" circle=\"no\"]<\/span><\/p>\n<ul>\n<li>Jeu de voyage id\u00e9al: compact, l\u00e9ger et polyvalent<\/li>\n<li>Forme ergonomique pour une utilisation facile, m\u00eame pour les petites mains<\/li>\n<li>Jouet ouvert stimulant la cr\u00e9ativit\u00e9&gt;<\/li>\n<li>Parfait pour le jardinage, jouer \u00e0 la plage, dans le bac \u00e0 sable, les tables de jeu et dans la neige<\/li>\n<li>Empilez et cliquez pour un rangement facile: assurez-vous de supprimer le sable avant de cliquer \u00e0 nouveau ensemble<\/li>\n<li>Fabriqu\u00e9 en plastique durable<\/li>\n<\/ul>\n<p>[\/fusion_checklist]<\/p>\n<p><a href=\"https:\/\/player.vimeo.com\/video\/270608499\" rel=\"nofollow\">https:\/\/player.vimeo.com\/video\/270608499<\/a><\/p>\n","protected":false},"featured_media":49932,"template":"","meta":{"_coblocks_attr":"","_coblocks_dimensions":"","_coblocks_responsive_height":"","_coblocks_accordion_ie_support":"","_crdt_document":"","jetpack_publicize_message":"","jetpack_publicize_feature_enabled":true,"jetpack_social_post_already_shared":true,"jetpack_social_options":{"image_generator_settings":{"template":"highway","default_image_id":0,"font":"","enabled":false},"version":2},"_wpas_customize_per_network":false},"product_brand":[],"product_cat":[20349,20263,20269,20264,20311],"product_tag":[20351],"class_list":{"0":"post-48503","1":"product","2":"type-product","3":"status-publish","4":"has-post-thumbnail","6":"product_cat-bananapink-fr","7":"product_cat-outdoor-fr","8":"product_cat-outdoormust-fr","9":"product_cat-plage","10":"product_cat-tuin-fr","11":"product_tag-bananapink-fr","13":"first","14":"instock","15":"shipping-taxable","16":"product-type-simple"},"yoast_head":"<!-- This site is optimized with the Yoast SEO plugin v27.4 - https:\/\/yoast.com\/product\/yoast-seo-wordpress\/ -->\n<title>Raki - QUUT<\/title>\n<meta name=\"description\" content=\"Cana is a playful watering can with an iconic and innovative design.To be used in your bath tub, at home, on the beach or in the garden.\" \/>\n<meta name=\"robots\" content=\"index, follow, max-snippet:-1, max-image-preview:large, max-video-preview:-1\" \/>\n<link rel=\"canonical\" href=\"https:\/\/quuttoys.com\/fr\/produit\/raki-2\/\" \/>\n<meta property=\"og:locale\" content=\"fr_FR\" \/>\n<meta property=\"og:type\" content=\"article\" \/>\n<meta property=\"og:title\" content=\"Raki - QUUT\" \/>\n<meta property=\"og:description\" content=\"Cana is a playful watering can with an iconic and innovative design.To be used in your bath tub, at home, on the beach or in the garden.\" \/>\n<meta property=\"og:url\" content=\"https:\/\/quuttoys.com\/fr\/produit\/raki-2\/\" \/>\n<meta property=\"og:site_name\" content=\"QUUT\" \/>\n<meta property=\"article:modified_time\" content=\"2022-03-15T13:27:45+00:00\" \/>\n<meta property=\"og:image\" content=\"https:\/\/i0.wp.com\/quuttoys.com\/wp-content\/uploads\/2022\/03\/172468-Raki-Banana-Pink-0.jpg?fit=1000%2C1000&ssl=1\" \/>\n\t<meta property=\"og:image:width\" content=\"1000\" \/>\n\t<meta property=\"og:image:height\" content=\"1000\" \/>\n\t<meta property=\"og:image:type\" content=\"image\/jpeg\" \/>\n<meta name=\"twitter:card\" content=\"summary_large_image\" \/>\n<script type=\"application\/ld+json\" class=\"yoast-schema-graph\">{\"@context\":\"https:\\\/\\\/schema.org\",\"@graph\":[{\"@type\":\"WebPage\",\"@id\":\"https:\\\/\\\/quuttoys.com\\\/fr\\\/produit\\\/raki-2\\\/\",\"url\":\"https:\\\/\\\/quuttoys.com\\\/fr\\\/produit\\\/raki-2\\\/\",\"name\":\"Raki - QUUT\",\"isPartOf\":{\"@id\":\"https:\\\/\\\/quuttoys.com\\\/fr\\\/#website\"},\"primaryImageOfPage\":{\"@id\":\"https:\\\/\\\/quuttoys.com\\\/fr\\\/produit\\\/raki-2\\\/#primaryimage\"},\"image\":{\"@id\":\"https:\\\/\\\/quuttoys.com\\\/fr\\\/produit\\\/raki-2\\\/#primaryimage\"},\"thumbnailUrl\":\"https:\\\/\\\/i0.wp.com\\\/quuttoys.com\\\/wp-content\\\/uploads\\\/2022\\\/03\\\/172468-Raki-Banana-Pink-0.jpg?fit=1000%2C1000&ssl=1\",\"datePublished\":\"2021-01-28T19:19:59+00:00\",\"dateModified\":\"2022-03-15T13:27:45+00:00\",\"description\":\"Cana is a playful watering can with an iconic and innovative design.To be used in your bath tub, at home, on the beach or in the garden.\",\"breadcrumb\":{\"@id\":\"https:\\\/\\\/quuttoys.com\\\/fr\\\/produit\\\/raki-2\\\/#breadcrumb\"},\"inLanguage\":\"fr-FR\",\"potentialAction\":[{\"@type\":\"ReadAction\",\"target\":[\"https:\\\/\\\/quuttoys.com\\\/fr\\\/produit\\\/raki-2\\\/\"]}]},{\"@type\":\"ImageObject\",\"inLanguage\":\"fr-FR\",\"@id\":\"https:\\\/\\\/quuttoys.com\\\/fr\\\/produit\\\/raki-2\\\/#primaryimage\",\"url\":\"https:\\\/\\\/i0.wp.com\\\/quuttoys.com\\\/wp-content\\\/uploads\\\/2022\\\/03\\\/172468-Raki-Banana-Pink-0.jpg?fit=1000%2C1000&ssl=1\",\"contentUrl\":\"https:\\\/\\\/i0.wp.com\\\/quuttoys.com\\\/wp-content\\\/uploads\\\/2022\\\/03\\\/172468-Raki-Banana-Pink-0.jpg?fit=1000%2C1000&ssl=1\",\"width\":1000,\"height\":1000},{\"@type\":\"BreadcrumbList\",\"@id\":\"https:\\\/\\\/quuttoys.com\\\/fr\\\/produit\\\/raki-2\\\/#breadcrumb\",\"itemListElement\":[{\"@type\":\"ListItem\",\"position\":1,\"name\":\"Home\",\"item\":\"https:\\\/\\\/quuttoys.com\\\/fr\\\/\"},{\"@type\":\"ListItem\",\"position\":2,\"name\":\"All products\",\"item\":\"https:\\\/\\\/quuttoys.com\\\/all-products\\\/\"},{\"@type\":\"ListItem\",\"position\":3,\"name\":\"Raki\"}]},{\"@type\":\"WebSite\",\"@id\":\"https:\\\/\\\/quuttoys.com\\\/fr\\\/#website\",\"url\":\"https:\\\/\\\/quuttoys.com\\\/fr\\\/\",\"name\":\"QUUT\",\"description\":\"Quality toys quality time - Anywhere anytime\",\"potentialAction\":[{\"@type\":\"SearchAction\",\"target\":{\"@type\":\"EntryPoint\",\"urlTemplate\":\"https:\\\/\\\/quuttoys.com\\\/fr\\\/?s={search_term_string}\"},\"query-input\":{\"@type\":\"PropertyValueSpecification\",\"valueRequired\":true,\"valueName\":\"search_term_string\"}}],\"inLanguage\":\"fr-FR\"}]}<\/script>\n<!-- \/ Yoast SEO plugin. -->","yoast_head_json":{"title":"Raki - QUUT","description":"Cana is a playful watering can with an iconic and innovative design.To be used in your bath tub, at home, on the beach or in the garden.","robots":{"index":"index","follow":"follow","max-snippet":"max-snippet:-1","max-image-preview":"max-image-preview:large","max-video-preview":"max-video-preview:-1"},"canonical":"https:\/\/quuttoys.com\/fr\/produit\/raki-2\/","og_locale":"fr_FR","og_type":"article","og_title":"Raki - QUUT","og_description":"Cana is a playful watering can with an iconic and innovative design.To be used in your bath tub, at home, on the beach or in the garden.","og_url":"https:\/\/quuttoys.com\/fr\/produit\/raki-2\/","og_site_name":"QUUT","article_modified_time":"2022-03-15T13:27:45+00:00","og_image":[{"width":1000,"height":1000,"url":"https:\/\/i0.wp.com\/quuttoys.com\/wp-content\/uploads\/2022\/03\/172468-Raki-Banana-Pink-0.jpg?fit=1000%2C1000&ssl=1","type":"image\/jpeg"}],"twitter_card":"summary_large_image","schema":{"@context":"https:\/\/schema.org","@graph":[{"@type":"WebPage","@id":"https:\/\/quuttoys.com\/fr\/produit\/raki-2\/","url":"https:\/\/quuttoys.com\/fr\/produit\/raki-2\/","name":"Raki - QUUT","isPartOf":{"@id":"https:\/\/quuttoys.com\/fr\/#website"},"primaryImageOfPage":{"@id":"https:\/\/quuttoys.com\/fr\/produit\/raki-2\/#primaryimage"},"image":{"@id":"https:\/\/quuttoys.com\/fr\/produit\/raki-2\/#primaryimage"},"thumbnailUrl":"https:\/\/i0.wp.com\/quuttoys.com\/wp-content\/uploads\/2022\/03\/172468-Raki-Banana-Pink-0.jpg?fit=1000%2C1000&ssl=1","datePublished":"2021-01-28T19:19:59+00:00","dateModified":"2022-03-15T13:27:45+00:00","description":"Cana is a playful watering can with an iconic and innovative design.To be used in your bath tub, at home, on the beach or in the garden.","breadcrumb":{"@id":"https:\/\/quuttoys.com\/fr\/produit\/raki-2\/#breadcrumb"},"inLanguage":"fr-FR","potentialAction":[{"@type":"ReadAction","target":["https:\/\/quuttoys.com\/fr\/produit\/raki-2\/"]}]},{"@type":"ImageObject","inLanguage":"fr-FR","@id":"https:\/\/quuttoys.com\/fr\/produit\/raki-2\/#primaryimage","url":"https:\/\/i0.wp.com\/quuttoys.com\/wp-content\/uploads\/2022\/03\/172468-Raki-Banana-Pink-0.jpg?fit=1000%2C1000&ssl=1","contentUrl":"https:\/\/i0.wp.com\/quuttoys.com\/wp-content\/uploads\/2022\/03\/172468-Raki-Banana-Pink-0.jpg?fit=1000%2C1000&ssl=1","width":1000,"height":1000},{"@type":"BreadcrumbList","@id":"https:\/\/quuttoys.com\/fr\/produit\/raki-2\/#breadcrumb","itemListElement":[{"@type":"ListItem","position":1,"name":"Home","item":"https:\/\/quuttoys.com\/fr\/"},{"@type":"ListItem","position":2,"name":"All products","item":"https:\/\/quuttoys.com\/all-products\/"},{"@type":"ListItem","position":3,"name":"Raki"}]},{"@type":"WebSite","@id":"https:\/\/quuttoys.com\/fr\/#website","url":"https:\/\/quuttoys.com\/fr\/","name":"QUUT","description":"Quality toys quality time - Anywhere anytime","potentialAction":[{"@type":"SearchAction","target":{"@type":"EntryPoint","urlTemplate":"https:\/\/quuttoys.com\/fr\/?s={search_term_string}"},"query-input":{"@type":"PropertyValueSpecification","valueRequired":true,"valueName":"search_term_string"}}],"inLanguage":"fr-FR"}]}},"jetpack_publicize_connections":[],"jetpack_likes_enabled":true,"jetpack_sharing_enabled":true,"amp_enabled":true,"_links":{"self":[{"href":"https:\/\/quuttoys.com\/fr\/wp-json\/wp\/v2\/product\/48503","targetHints":{"allow":["GET"]}}],"collection":[{"href":"https:\/\/quuttoys.com\/fr\/wp-json\/wp\/v2\/product"}],"about":[{"href":"https:\/\/quuttoys.com\/fr\/wp-json\/wp\/v2\/types\/product"}],"wp:featuredmedia":[{"embeddable":true,"href":"https:\/\/quuttoys.com\/fr\/wp-json\/wp\/v2\/media\/49932"}],"wp:attachment":[{"href":"https:\/\/quuttoys.com\/fr\/wp-json\/wp\/v2\/media?parent=48503"}],"wp:term":[{"taxonomy":"product_brand","embeddable":true,"href":"https:\/\/quuttoys.com\/fr\/wp-json\/wp\/v2\/product_brand?post=48503"},{"taxonomy":"product_cat","embeddable":true,"href":"https:\/\/quuttoys.com\/fr\/wp-json\/wp\/v2\/product_cat?post=48503"},{"taxonomy":"product_tag","embeddable":true,"href":"https:\/\/quuttoys.com\/fr\/wp-json\/wp\/v2\/product_tag?post=48503"}],"curies":[{"name":"wp","href":"https:\/\/api.w.org\/{rel}","templated":true}]}}