{"id":49101,"date":"2021-04-14T12:01:55","date_gmt":"2021-04-14T10:01:56","guid":{"rendered":"https:\/\/quuttoys.com\/?post_type=product&#038;p=49101"},"modified":"2025-07-10T15:07:25","modified_gmt":"2025-07-10T13:07:25","slug":"blokki-coralpink","status":"publish","type":"product","link":"https:\/\/quuttoys.com\/fr\/produit\/blokki-coralpink\/","title":{"rendered":"Blokki"},"content":{"rendered":"<p>Dimensions\u00a0: 124 x 185 x 37 mm | 49 x 73 x 15 pouces<\/p>\n<p>Poids\u00a0: \u00b1 90 g | 0,2 livre<\/p>\n<p>Mat\u00e9riaux\u00a0: Silicone + EVA + Coton<\/p>\n<h3><\/h3>\n<h3>NETTOYAGE ET ENTRETIEN<\/h3>\n<p>Rincez soigneusement apr\u00e8s chaque utilisation et placez-le dans un endroit o\u00f9 il peut s\u00e9cher compl\u00e8tement.<br \/>\nNettoyez avec un d\u00e9tergent doux si n\u00e9cessaire.<br \/>\nLes pi\u00e8ces n&rsquo;absorbent pas l&rsquo;eau.<\/p>\n<h3>Le saviez-vous?<\/h3>\n<p>Tous les produits sont garantis sans BPA, phtalates ni latex et sont \u00e9videmment 100% recyclables.<br \/>\nChez Quut nous sommes persuad\u00e9s que lorsque se cr\u00e9e une histoire d\u2019amour avec son jouet pr\u00e9f\u00e9r\u00e9 on le garde soigneusement.<br \/>\nEt ainsi il sera transmis de g\u00e9n\u00e9ration en g\u00e9n\u00e9ration. La durabilit\u00e9 au niveau sup\u00e9rieur!<\/p>\n","protected":false},"excerpt":{"rendered":"<p><em>Ce jeu amusant de blocs \u00e0 empiler contribue non seulement au d\u00e9veloppement de la motricit\u00e9,<br \/>\nmais stimule \u00e9galement la logique et la capacit\u00e9 \u00e0 construire !&lt;\/em\u00a0\u00bb&gt;<\/em><\/p>\n<p>Quelle hauteur votre petit atteindra-t-il et quelles figures folles arrivera-t-il \u00e0 cr\u00e9er ?<span class=\"Apple-converted-space\"><br \/>\n<\/span><span style=\"font-family: -apple-system, BlinkMacSystemFont, 'Segoe UI', Roboto, Oxygen-Sans, Ubuntu, Cantarell, 'Helvetica Neue', sans-serif;\">Trois des blocs ont un visage rigolo : vos enfants peuvent donc laisser libre cours \u00e0 leur imagination et inventer une multitude d&rsquo;histoires. Un jeu multifonctionnel, pour des heures de plaisir !<\/span><\/p>\n[fusion_checklist icon=\"ok\" iconcolor=\"#aaaaaa\" circle=\"no\"]<\/p>\n<ul>\n<li>Jouet \u00e0 empiler en mousse douce<\/li>\n<li>Blocs silencieux<\/li>\n<li>Exempt de bisph\u00e9nol A, de phatalates et de latex<\/li>\n<li>10 pi\u00e8ces<\/li>\n<\/ul>\n<p>[\/fusion_checklist]\n","protected":false},"featured_media":50927,"template":"","meta":{"_coblocks_attr":"","_coblocks_dimensions":"","_coblocks_responsive_height":"","_coblocks_accordion_ie_support":"","_crdt_document":"","jetpack_publicize_message":"","jetpack_publicize_feature_enabled":true,"jetpack_social_post_already_shared":true,"jetpack_social_options":{"image_generator_settings":{"template":"highway","default_image_id":0,"font":"","enabled":false},"version":2},"_wpas_customize_per_network":false},"product_brand":[],"product_cat":[20369],"product_tag":[],"class_list":{"0":"post-49101","1":"product","2":"type-product","3":"status-publish","4":"has-post-thumbnail","6":"product_cat-blokki-fr","8":"first","9":"instock","10":"shipping-taxable","11":"product-type-simple"},"yoast_head":"<!-- This site is optimized with the Yoast SEO plugin v27.4 - https:\/\/yoast.com\/product\/yoast-seo-wordpress\/ -->\n<title>Blokki - QUUT<\/title>\n<meta name=\"robots\" content=\"index, follow, max-snippet:-1, max-image-preview:large, max-video-preview:-1\" \/>\n<link rel=\"canonical\" href=\"https:\/\/quuttoys.com\/fr\/produit\/blokki-coralpink\/\" \/>\n<meta property=\"og:locale\" content=\"fr_FR\" \/>\n<meta property=\"og:type\" content=\"article\" \/>\n<meta property=\"og:title\" content=\"Blokki - QUUT\" \/>\n<meta property=\"og:description\" content=\"Ce jeu amusant de blocs \u00e0 empiler contribue non seulement au d\u00e9veloppement de la motricit\u00e9, mais stimule \u00e9galement la logique et la capacit\u00e9 \u00e0 construire !&lt;\/em&quot;&gt;  Quelle hauteur votre petit atteindra-t-il et quelles figures folles arrivera-t-il \u00e0 cr\u00e9er ? Trois des blocs ont un visage rigolo : vos enfants peuvent donc laisser libre cours \u00e0 leur imagination et inventer une multitude d&#039;histoires. Un jeu multifonctionnel, pour des heures de plaisir !\" \/>\n<meta property=\"og:url\" content=\"https:\/\/quuttoys.com\/fr\/produit\/blokki-coralpink\/\" \/>\n<meta property=\"og:site_name\" content=\"QUUT\" \/>\n<meta property=\"article:modified_time\" content=\"2025-07-10T13:07:25+00:00\" \/>\n<meta property=\"og:image\" content=\"https:\/\/quuttoys.com\/wp-content\/uploads\/2021\/09\/quutopia_Blokki_coralpink-new.jpg\" \/>\n\t<meta property=\"og:image:width\" content=\"570\" \/>\n\t<meta property=\"og:image:height\" content=\"570\" \/>\n\t<meta property=\"og:image:type\" content=\"image\/jpeg\" \/>\n<meta name=\"twitter:card\" content=\"summary_large_image\" \/>\n<meta name=\"twitter:label1\" content=\"Dur\u00e9e de lecture estim\u00e9e\" \/>\n\t<meta name=\"twitter:data1\" content=\"1 minute\" \/>\n<script type=\"application\/ld+json\" class=\"yoast-schema-graph\">{\"@context\":\"https:\\\/\\\/schema.org\",\"@graph\":[{\"@type\":\"WebPage\",\"@id\":\"https:\\\/\\\/quuttoys.com\\\/fr\\\/produit\\\/blokki-coralpink\\\/\",\"url\":\"https:\\\/\\\/quuttoys.com\\\/fr\\\/produit\\\/blokki-coralpink\\\/\",\"name\":\"Blokki - QUUT\",\"isPartOf\":{\"@id\":\"https:\\\/\\\/quuttoys.com\\\/fr\\\/#website\"},\"primaryImageOfPage\":{\"@id\":\"https:\\\/\\\/quuttoys.com\\\/fr\\\/produit\\\/blokki-coralpink\\\/#primaryimage\"},\"image\":{\"@id\":\"https:\\\/\\\/quuttoys.com\\\/fr\\\/produit\\\/blokki-coralpink\\\/#primaryimage\"},\"thumbnailUrl\":\"https:\\\/\\\/i0.wp.com\\\/quuttoys.com\\\/wp-content\\\/uploads\\\/2021\\\/09\\\/quutopia_Blokki_coralpink-new.jpg?fit=570%2C570&ssl=1\",\"datePublished\":\"2021-04-14T10:01:56+00:00\",\"dateModified\":\"2025-07-10T13:07:25+00:00\",\"breadcrumb\":{\"@id\":\"https:\\\/\\\/quuttoys.com\\\/fr\\\/produit\\\/blokki-coralpink\\\/#breadcrumb\"},\"inLanguage\":\"fr-FR\",\"potentialAction\":[{\"@type\":\"ReadAction\",\"target\":[\"https:\\\/\\\/quuttoys.com\\\/fr\\\/produit\\\/blokki-coralpink\\\/\"]}]},{\"@type\":\"ImageObject\",\"inLanguage\":\"fr-FR\",\"@id\":\"https:\\\/\\\/quuttoys.com\\\/fr\\\/produit\\\/blokki-coralpink\\\/#primaryimage\",\"url\":\"https:\\\/\\\/i0.wp.com\\\/quuttoys.com\\\/wp-content\\\/uploads\\\/2021\\\/09\\\/quutopia_Blokki_coralpink-new.jpg?fit=570%2C570&ssl=1\",\"contentUrl\":\"https:\\\/\\\/i0.wp.com\\\/quuttoys.com\\\/wp-content\\\/uploads\\\/2021\\\/09\\\/quutopia_Blokki_coralpink-new.jpg?fit=570%2C570&ssl=1\",\"width\":570,\"height\":570},{\"@type\":\"BreadcrumbList\",\"@id\":\"https:\\\/\\\/quuttoys.com\\\/fr\\\/produit\\\/blokki-coralpink\\\/#breadcrumb\",\"itemListElement\":[{\"@type\":\"ListItem\",\"position\":1,\"name\":\"Home\",\"item\":\"https:\\\/\\\/quuttoys.com\\\/fr\\\/\"},{\"@type\":\"ListItem\",\"position\":2,\"name\":\"All products\",\"item\":\"https:\\\/\\\/quuttoys.com\\\/all-products\\\/\"},{\"@type\":\"ListItem\",\"position\":3,\"name\":\"Blokki\"}]},{\"@type\":\"WebSite\",\"@id\":\"https:\\\/\\\/quuttoys.com\\\/fr\\\/#website\",\"url\":\"https:\\\/\\\/quuttoys.com\\\/fr\\\/\",\"name\":\"QUUT\",\"description\":\"Quality toys quality time - Anywhere anytime\",\"potentialAction\":[{\"@type\":\"SearchAction\",\"target\":{\"@type\":\"EntryPoint\",\"urlTemplate\":\"https:\\\/\\\/quuttoys.com\\\/fr\\\/?s={search_term_string}\"},\"query-input\":{\"@type\":\"PropertyValueSpecification\",\"valueRequired\":true,\"valueName\":\"search_term_string\"}}],\"inLanguage\":\"fr-FR\"}]}<\/script>\n<!-- \/ Yoast SEO plugin. -->","yoast_head_json":{"title":"Blokki - QUUT","robots":{"index":"index","follow":"follow","max-snippet":"max-snippet:-1","max-image-preview":"max-image-preview:large","max-video-preview":"max-video-preview:-1"},"canonical":"https:\/\/quuttoys.com\/fr\/produit\/blokki-coralpink\/","og_locale":"fr_FR","og_type":"article","og_title":"Blokki - QUUT","og_description":"Ce jeu amusant de blocs \u00e0 empiler contribue non seulement au d\u00e9veloppement de la motricit\u00e9, mais stimule \u00e9galement la logique et la capacit\u00e9 \u00e0 construire !&lt;\/em\"&gt;  Quelle hauteur votre petit atteindra-t-il et quelles figures folles arrivera-t-il \u00e0 cr\u00e9er ? Trois des blocs ont un visage rigolo : vos enfants peuvent donc laisser libre cours \u00e0 leur imagination et inventer une multitude d'histoires. Un jeu multifonctionnel, pour des heures de plaisir !","og_url":"https:\/\/quuttoys.com\/fr\/produit\/blokki-coralpink\/","og_site_name":"QUUT","article_modified_time":"2025-07-10T13:07:25+00:00","og_image":[{"width":570,"height":570,"url":"https:\/\/quuttoys.com\/wp-content\/uploads\/2021\/09\/quutopia_Blokki_coralpink-new.jpg","type":"image\/jpeg"}],"twitter_card":"summary_large_image","twitter_misc":{"Dur\u00e9e de lecture estim\u00e9e":"1 minute"},"schema":{"@context":"https:\/\/schema.org","@graph":[{"@type":"WebPage","@id":"https:\/\/quuttoys.com\/fr\/produit\/blokki-coralpink\/","url":"https:\/\/quuttoys.com\/fr\/produit\/blokki-coralpink\/","name":"Blokki - QUUT","isPartOf":{"@id":"https:\/\/quuttoys.com\/fr\/#website"},"primaryImageOfPage":{"@id":"https:\/\/quuttoys.com\/fr\/produit\/blokki-coralpink\/#primaryimage"},"image":{"@id":"https:\/\/quuttoys.com\/fr\/produit\/blokki-coralpink\/#primaryimage"},"thumbnailUrl":"https:\/\/i0.wp.com\/quuttoys.com\/wp-content\/uploads\/2021\/09\/quutopia_Blokki_coralpink-new.jpg?fit=570%2C570&ssl=1","datePublished":"2021-04-14T10:01:56+00:00","dateModified":"2025-07-10T13:07:25+00:00","breadcrumb":{"@id":"https:\/\/quuttoys.com\/fr\/produit\/blokki-coralpink\/#breadcrumb"},"inLanguage":"fr-FR","potentialAction":[{"@type":"ReadAction","target":["https:\/\/quuttoys.com\/fr\/produit\/blokki-coralpink\/"]}]},{"@type":"ImageObject","inLanguage":"fr-FR","@id":"https:\/\/quuttoys.com\/fr\/produit\/blokki-coralpink\/#primaryimage","url":"https:\/\/i0.wp.com\/quuttoys.com\/wp-content\/uploads\/2021\/09\/quutopia_Blokki_coralpink-new.jpg?fit=570%2C570&ssl=1","contentUrl":"https:\/\/i0.wp.com\/quuttoys.com\/wp-content\/uploads\/2021\/09\/quutopia_Blokki_coralpink-new.jpg?fit=570%2C570&ssl=1","width":570,"height":570},{"@type":"BreadcrumbList","@id":"https:\/\/quuttoys.com\/fr\/produit\/blokki-coralpink\/#breadcrumb","itemListElement":[{"@type":"ListItem","position":1,"name":"Home","item":"https:\/\/quuttoys.com\/fr\/"},{"@type":"ListItem","position":2,"name":"All products","item":"https:\/\/quuttoys.com\/all-products\/"},{"@type":"ListItem","position":3,"name":"Blokki"}]},{"@type":"WebSite","@id":"https:\/\/quuttoys.com\/fr\/#website","url":"https:\/\/quuttoys.com\/fr\/","name":"QUUT","description":"Quality toys quality time - Anywhere anytime","potentialAction":[{"@type":"SearchAction","target":{"@type":"EntryPoint","urlTemplate":"https:\/\/quuttoys.com\/fr\/?s={search_term_string}"},"query-input":{"@type":"PropertyValueSpecification","valueRequired":true,"valueName":"search_term_string"}}],"inLanguage":"fr-FR"}]}},"jetpack_publicize_connections":[],"jetpack_likes_enabled":false,"jetpack_sharing_enabled":false,"amp_enabled":true,"_links":{"self":[{"href":"https:\/\/quuttoys.com\/fr\/wp-json\/wp\/v2\/product\/49101","targetHints":{"allow":["GET"]}}],"collection":[{"href":"https:\/\/quuttoys.com\/fr\/wp-json\/wp\/v2\/product"}],"about":[{"href":"https:\/\/quuttoys.com\/fr\/wp-json\/wp\/v2\/types\/product"}],"wp:featuredmedia":[{"embeddable":true,"href":"https:\/\/quuttoys.com\/fr\/wp-json\/wp\/v2\/media\/50927"}],"wp:attachment":[{"href":"https:\/\/quuttoys.com\/fr\/wp-json\/wp\/v2\/media?parent=49101"}],"wp:term":[{"taxonomy":"product_brand","embeddable":true,"href":"https:\/\/quuttoys.com\/fr\/wp-json\/wp\/v2\/product_brand?post=49101"},{"taxonomy":"product_cat","embeddable":true,"href":"https:\/\/quuttoys.com\/fr\/wp-json\/wp\/v2\/product_cat?post=49101"},{"taxonomy":"product_tag","embeddable":true,"href":"https:\/\/quuttoys.com\/fr\/wp-json\/wp\/v2\/product_tag?post=49101"}],"curies":[{"name":"wp","href":"https:\/\/api.w.org\/{rel}","templated":true}]}}