{"id":49350,"date":"2021-09-14T15:33:25","date_gmt":"2021-09-14T13:33:26","guid":{"rendered":"https:\/\/quuttoys.com\/?post_type=product&#038;p=49350"},"modified":"2022-01-21T10:57:26","modified_gmt":"2022-01-21T09:57:26","slug":"blokki-mintyblue","status":"publish","type":"product","link":"https:\/\/quuttoys.com\/fr\/produit\/blokki-mintyblue\/","title":{"rendered":"Blokki"},"content":{"rendered":"<h3>ETTOYAGE ET ENTRETIEN<\/h3>\n<p>Rincez soigneusement apr\u00e8s chaque utilisation et placez-le dans un endroit o\u00f9 il peut s\u00e9cher compl\u00e8tement.<br \/>\nNettoyez avec un d\u00e9tergent doux si n\u00e9cessaire.<br \/>\nLes pi\u00e8ces n&rsquo;absorbent pas l&rsquo;eau.<\/p>\n<h3>Le saviez-vous?<\/h3>\n<p>Tous les produits sont garantis sans BPA, phtalates ni latex et sont \u00e9videmment 100% recyclables.<br \/>\nChez Quut nous sommes persuad\u00e9s que lorsque se cr\u00e9e une histoire d\u2019amour avec son jouet pr\u00e9f\u00e9r\u00e9 on le garde soigneusement.<br \/>\nEt ainsi il sera transmis de g\u00e9n\u00e9ration en g\u00e9n\u00e9ration. La durabilit\u00e9 au niveau sup\u00e9rieur!<\/p>\n","protected":false},"excerpt":{"rendered":"<p><em>Ce jeu amusant de blocs \u00e0 empiler contribue non seulement au d\u00e9veloppement de la motricit\u00e9,<br \/>\nmais stimule \u00e9galement la logique et la capacit\u00e9 \u00e0 construire !<\/em><\/p>\n<p><\/span>Quelle hauteur votre petit atteindra-t-il et quelles figures folles arrivera-t-il \u00e0 cr\u00e9er ?<span class=\"Apple-converted-space\"><br \/>\n<\/span><span style=\"font-family: -apple-system, BlinkMacSystemFont, 'Segoe UI', Roboto, Oxygen-Sans, Ubuntu, Cantarell, 'Helvetica Neue', sans-serif;\">Trois des blocs ont un visage rigolo : vos enfants peuvent donc laisser libre cours \u00e0 leur imagination et inventer une multitude d&rsquo;histoires. Un jeu multifonctionnel, pour des heures de plaisir !<\/span><\/p>\n[fusion_checklist icon=\"ok\" iconcolor=\"#aaaaaa\" circle=\"no\"]<\/p>\n<ul>\n<li>Jouet \u00e0 empiler en mousse douce<\/li>\n<li>Blocs silencieux<\/li>\n<li>Exempt de bisph\u00e9nol A, de phatalates et de latex<\/li>\n<li>10 pi\u00e8ces<\/li>\n<\/ul>\n<p>[\/fusion_checklist]\n","protected":false},"featured_media":50930,"template":"","meta":{"_coblocks_attr":"","_coblocks_dimensions":"","_coblocks_responsive_height":"","_coblocks_accordion_ie_support":"","_crdt_document":"","jetpack_post_was_ever_published":false,"jetpack_publicize_message":"","jetpack_publicize_feature_enabled":true,"jetpack_social_post_already_shared":true,"jetpack_social_options":{"image_generator_settings":{"template":"highway","default_image_id":0,"font":"","enabled":false},"version":2},"_wpas_customize_per_network":false},"product_brand":[],"product_cat":[20369],"product_tag":[],"class_list":{"0":"post-49350","1":"product","2":"type-product","3":"status-publish","4":"has-post-thumbnail","6":"product_cat-blokki-fr","8":"first","9":"instock","10":"shipping-taxable","11":"product-type-simple"},"yoast_head":"<!-- This site is optimized with the Yoast SEO plugin v27.3 - https:\/\/yoast.com\/product\/yoast-seo-wordpress\/ -->\n<title>Blokki - QUUT<\/title>\n<meta name=\"robots\" content=\"index, follow, max-snippet:-1, max-image-preview:large, max-video-preview:-1\" \/>\n<link rel=\"canonical\" href=\"https:\/\/quuttoys.com\/fr\/produit\/blokki-mintyblue\/\" \/>\n<meta property=\"og:locale\" content=\"fr_FR\" \/>\n<meta property=\"og:type\" content=\"article\" \/>\n<meta property=\"og:title\" content=\"Blokki - QUUT\" \/>\n<meta property=\"og:description\" content=\"Ce jeu amusant de blocs \u00e0 empiler contribue non seulement au d\u00e9veloppement de la motricit\u00e9, mais stimule \u00e9galement la logique et la capacit\u00e9 \u00e0 construire !  Quelle hauteur votre petit atteindra-t-il et quelles figures folles arrivera-t-il \u00e0 cr\u00e9er ? Trois des blocs ont un visage rigolo : vos enfants peuvent donc laisser libre cours \u00e0 leur imagination et inventer une multitude d&#039;histoires. Un jeu multifonctionnel, pour des heures de plaisir !\" \/>\n<meta property=\"og:url\" content=\"https:\/\/quuttoys.com\/fr\/produit\/blokki-mintyblue\/\" \/>\n<meta property=\"og:site_name\" content=\"QUUT\" \/>\n<meta property=\"article:modified_time\" content=\"2022-01-21T09:57:26+00:00\" \/>\n<meta property=\"og:image\" content=\"https:\/\/i0.wp.com\/quuttoys.com\/wp-content\/uploads\/2021\/09\/quutopia_Blokki_mintyblue_new.jpg?fit=570%2C570&ssl=1\" \/>\n\t<meta property=\"og:image:width\" content=\"570\" \/>\n\t<meta property=\"og:image:height\" content=\"570\" \/>\n\t<meta property=\"og:image:type\" content=\"image\/jpeg\" \/>\n<meta name=\"twitter:card\" content=\"summary_large_image\" \/>\n<script type=\"application\/ld+json\" class=\"yoast-schema-graph\">{\"@context\":\"https:\\\/\\\/schema.org\",\"@graph\":[{\"@type\":\"WebPage\",\"@id\":\"https:\\\/\\\/quuttoys.com\\\/fr\\\/produit\\\/blokki-mintyblue\\\/\",\"url\":\"https:\\\/\\\/quuttoys.com\\\/fr\\\/produit\\\/blokki-mintyblue\\\/\",\"name\":\"Blokki - QUUT\",\"isPartOf\":{\"@id\":\"https:\\\/\\\/quuttoys.com\\\/fr\\\/#website\"},\"primaryImageOfPage\":{\"@id\":\"https:\\\/\\\/quuttoys.com\\\/fr\\\/produit\\\/blokki-mintyblue\\\/#primaryimage\"},\"image\":{\"@id\":\"https:\\\/\\\/quuttoys.com\\\/fr\\\/produit\\\/blokki-mintyblue\\\/#primaryimage\"},\"thumbnailUrl\":\"https:\\\/\\\/i0.wp.com\\\/quuttoys.com\\\/wp-content\\\/uploads\\\/2021\\\/09\\\/quutopia_Blokki_mintyblue_new.jpg?fit=570%2C570&ssl=1\",\"datePublished\":\"2021-09-14T13:33:26+00:00\",\"dateModified\":\"2022-01-21T09:57:26+00:00\",\"breadcrumb\":{\"@id\":\"https:\\\/\\\/quuttoys.com\\\/fr\\\/produit\\\/blokki-mintyblue\\\/#breadcrumb\"},\"inLanguage\":\"fr-FR\",\"potentialAction\":[{\"@type\":\"ReadAction\",\"target\":[\"https:\\\/\\\/quuttoys.com\\\/fr\\\/produit\\\/blokki-mintyblue\\\/\"]}]},{\"@type\":\"ImageObject\",\"inLanguage\":\"fr-FR\",\"@id\":\"https:\\\/\\\/quuttoys.com\\\/fr\\\/produit\\\/blokki-mintyblue\\\/#primaryimage\",\"url\":\"https:\\\/\\\/i0.wp.com\\\/quuttoys.com\\\/wp-content\\\/uploads\\\/2021\\\/09\\\/quutopia_Blokki_mintyblue_new.jpg?fit=570%2C570&ssl=1\",\"contentUrl\":\"https:\\\/\\\/i0.wp.com\\\/quuttoys.com\\\/wp-content\\\/uploads\\\/2021\\\/09\\\/quutopia_Blokki_mintyblue_new.jpg?fit=570%2C570&ssl=1\",\"width\":570,\"height\":570},{\"@type\":\"BreadcrumbList\",\"@id\":\"https:\\\/\\\/quuttoys.com\\\/fr\\\/produit\\\/blokki-mintyblue\\\/#breadcrumb\",\"itemListElement\":[{\"@type\":\"ListItem\",\"position\":1,\"name\":\"Home\",\"item\":\"https:\\\/\\\/quuttoys.com\\\/fr\\\/\"},{\"@type\":\"ListItem\",\"position\":2,\"name\":\"All products\",\"item\":\"https:\\\/\\\/quuttoys.com\\\/all-products\\\/\"},{\"@type\":\"ListItem\",\"position\":3,\"name\":\"Blokki\"}]},{\"@type\":\"WebSite\",\"@id\":\"https:\\\/\\\/quuttoys.com\\\/fr\\\/#website\",\"url\":\"https:\\\/\\\/quuttoys.com\\\/fr\\\/\",\"name\":\"QUUT\",\"description\":\"Quality toys quality time - Anywhere anytime\",\"potentialAction\":[{\"@type\":\"SearchAction\",\"target\":{\"@type\":\"EntryPoint\",\"urlTemplate\":\"https:\\\/\\\/quuttoys.com\\\/fr\\\/?s={search_term_string}\"},\"query-input\":{\"@type\":\"PropertyValueSpecification\",\"valueRequired\":true,\"valueName\":\"search_term_string\"}}],\"inLanguage\":\"fr-FR\"}]}<\/script>\n<!-- \/ Yoast SEO plugin. -->","yoast_head_json":{"title":"Blokki - QUUT","robots":{"index":"index","follow":"follow","max-snippet":"max-snippet:-1","max-image-preview":"max-image-preview:large","max-video-preview":"max-video-preview:-1"},"canonical":"https:\/\/quuttoys.com\/fr\/produit\/blokki-mintyblue\/","og_locale":"fr_FR","og_type":"article","og_title":"Blokki - QUUT","og_description":"Ce jeu amusant de blocs \u00e0 empiler contribue non seulement au d\u00e9veloppement de la motricit\u00e9, mais stimule \u00e9galement la logique et la capacit\u00e9 \u00e0 construire !  Quelle hauteur votre petit atteindra-t-il et quelles figures folles arrivera-t-il \u00e0 cr\u00e9er ? Trois des blocs ont un visage rigolo : vos enfants peuvent donc laisser libre cours \u00e0 leur imagination et inventer une multitude d'histoires. Un jeu multifonctionnel, pour des heures de plaisir !","og_url":"https:\/\/quuttoys.com\/fr\/produit\/blokki-mintyblue\/","og_site_name":"QUUT","article_modified_time":"2022-01-21T09:57:26+00:00","og_image":[{"width":570,"height":570,"url":"https:\/\/i0.wp.com\/quuttoys.com\/wp-content\/uploads\/2021\/09\/quutopia_Blokki_mintyblue_new.jpg?fit=570%2C570&ssl=1","type":"image\/jpeg"}],"twitter_card":"summary_large_image","schema":{"@context":"https:\/\/schema.org","@graph":[{"@type":"WebPage","@id":"https:\/\/quuttoys.com\/fr\/produit\/blokki-mintyblue\/","url":"https:\/\/quuttoys.com\/fr\/produit\/blokki-mintyblue\/","name":"Blokki - QUUT","isPartOf":{"@id":"https:\/\/quuttoys.com\/fr\/#website"},"primaryImageOfPage":{"@id":"https:\/\/quuttoys.com\/fr\/produit\/blokki-mintyblue\/#primaryimage"},"image":{"@id":"https:\/\/quuttoys.com\/fr\/produit\/blokki-mintyblue\/#primaryimage"},"thumbnailUrl":"https:\/\/i0.wp.com\/quuttoys.com\/wp-content\/uploads\/2021\/09\/quutopia_Blokki_mintyblue_new.jpg?fit=570%2C570&ssl=1","datePublished":"2021-09-14T13:33:26+00:00","dateModified":"2022-01-21T09:57:26+00:00","breadcrumb":{"@id":"https:\/\/quuttoys.com\/fr\/produit\/blokki-mintyblue\/#breadcrumb"},"inLanguage":"fr-FR","potentialAction":[{"@type":"ReadAction","target":["https:\/\/quuttoys.com\/fr\/produit\/blokki-mintyblue\/"]}]},{"@type":"ImageObject","inLanguage":"fr-FR","@id":"https:\/\/quuttoys.com\/fr\/produit\/blokki-mintyblue\/#primaryimage","url":"https:\/\/i0.wp.com\/quuttoys.com\/wp-content\/uploads\/2021\/09\/quutopia_Blokki_mintyblue_new.jpg?fit=570%2C570&ssl=1","contentUrl":"https:\/\/i0.wp.com\/quuttoys.com\/wp-content\/uploads\/2021\/09\/quutopia_Blokki_mintyblue_new.jpg?fit=570%2C570&ssl=1","width":570,"height":570},{"@type":"BreadcrumbList","@id":"https:\/\/quuttoys.com\/fr\/produit\/blokki-mintyblue\/#breadcrumb","itemListElement":[{"@type":"ListItem","position":1,"name":"Home","item":"https:\/\/quuttoys.com\/fr\/"},{"@type":"ListItem","position":2,"name":"All products","item":"https:\/\/quuttoys.com\/all-products\/"},{"@type":"ListItem","position":3,"name":"Blokki"}]},{"@type":"WebSite","@id":"https:\/\/quuttoys.com\/fr\/#website","url":"https:\/\/quuttoys.com\/fr\/","name":"QUUT","description":"Quality toys quality time - Anywhere anytime","potentialAction":[{"@type":"SearchAction","target":{"@type":"EntryPoint","urlTemplate":"https:\/\/quuttoys.com\/fr\/?s={search_term_string}"},"query-input":{"@type":"PropertyValueSpecification","valueRequired":true,"valueName":"search_term_string"}}],"inLanguage":"fr-FR"}]}},"jetpack_publicize_connections":[],"jetpack_likes_enabled":false,"jetpack_sharing_enabled":false,"amp_enabled":true,"_links":{"self":[{"href":"https:\/\/quuttoys.com\/fr\/wp-json\/wp\/v2\/product\/49350","targetHints":{"allow":["GET"]}}],"collection":[{"href":"https:\/\/quuttoys.com\/fr\/wp-json\/wp\/v2\/product"}],"about":[{"href":"https:\/\/quuttoys.com\/fr\/wp-json\/wp\/v2\/types\/product"}],"wp:featuredmedia":[{"embeddable":true,"href":"https:\/\/quuttoys.com\/fr\/wp-json\/wp\/v2\/media\/50930"}],"wp:attachment":[{"href":"https:\/\/quuttoys.com\/fr\/wp-json\/wp\/v2\/media?parent=49350"}],"wp:term":[{"taxonomy":"product_brand","embeddable":true,"href":"https:\/\/quuttoys.com\/fr\/wp-json\/wp\/v2\/product_brand?post=49350"},{"taxonomy":"product_cat","embeddable":true,"href":"https:\/\/quuttoys.com\/fr\/wp-json\/wp\/v2\/product_cat?post=49350"},{"taxonomy":"product_tag","embeddable":true,"href":"https:\/\/quuttoys.com\/fr\/wp-json\/wp\/v2\/product_tag?post=49350"}],"curies":[{"name":"wp","href":"https:\/\/api.w.org\/{rel}","templated":true}]}}