{"id":50867,"date":"2022-08-29T16:05:43","date_gmt":"2022-08-29T14:05:43","guid":{"rendered":"https:\/\/quuttoys.com\/?post_type=product&#038;p=50867"},"modified":"2023-04-18T12:13:23","modified_gmt":"2023-04-18T10:13:23","slug":"beedi-formes","status":"publish","type":"product","link":"https:\/\/quuttoys.com\/fr\/produit\/beedi-formes\/","title":{"rendered":"Beedi Formes"},"content":{"rendered":"<p class=\"p1\"><strong><span class=\"s1\">NETTOYAGE ET ENTRETIEN<\/span><\/strong><\/p>\n<p class=\"p1\"><em><span class=\"s1\">Rincez soigneusement apr\u00e8s chaque utilisation et placez-le dans un endroit o\u00f9 il peut s\u00e9cher compl\u00e8tement. Nettoyez avec un d\u00e9tergent doux si n\u00e9cessaire.<br \/>\nThe pieces do not absorb water which makes them easy to clean and reduce mold and mildew.<\/span><\/em><\/p>\n","protected":false},"excerpt":{"rendered":"<div class=\"ewa-rteLine\"><strong>Les premi\u00e8res perles \u00e0 enfiler de votre enfant !<\/strong><\/div>\n<div class=\"ewa-rteLine\">Les Beedi Quut se composent de perles \u00e0 enfiler color\u00e9es fabriqu\u00e9es en mousse EVA toute douce. Gr\u00e2ce \u00e0 leur forme plus large, elles sont parfaites pour les petites mains ! Stimulez les capacit\u00e9s cognitives de vos enfants et am\u00e9liorez leur coordination \u0153il-main. Utilisez la ventouse pour fixer la cr\u00e9ation de votre enfant sur la paroi de la baignoire et apportez une touche d\u00e9co qui fera sensation.<\/div>\n<p class=\"p1\">[fusion_checklist icon=\"ok\" iconcolor=\"#aaaaaa\" circle=\"no\"]<\/p>\n<ul>\n<li>\n<div class=\"ewa-rteLine\">Diff\u00e9rentes formes et couleurs = possibilit\u00e9s infinies<\/div>\n<\/li>\n<li>\n<div class=\"ewa-rteLine\">Les pi\u00e8ces flottent sur l&rsquo;eau et se collent aux parois<\/div>\n<\/li>\n<li>\n<div class=\"ewa-rteLine\">Id\u00e9al pour travailler la coordination \u0153il-main<\/div>\n<\/li>\n<li>\n<div class=\"ewa-rteLine\">Cr\u00e9ativit\u00e9, perception visuelle et motricit\u00e9 fine<\/div>\n<\/li>\n<li>\n<div class=\"ewa-rteLine\">Adapt\u00e9 aux petites mains<\/div>\n<\/li>\n<li>\n<div class=\"ewa-rteLine\">Silicone et mousse EVA<\/div>\n<\/li>\n<li>\n<div class=\"ewa-rteLine\">Facile \u00e0 s\u00e9cher et \u00e0 ranger<\/div>\n<\/li>\n<li>\n<div class=\"ewa-rteLine\">Sans substances nocives (BPA, phtalates, latex, etc.)<\/div>\n<\/li>\n<\/ul>\n<p>[\/fusion_checklist]<\/p>\n","protected":false},"featured_media":50682,"template":"","meta":{"_coblocks_attr":"","_coblocks_dimensions":"","_coblocks_responsive_height":"","_coblocks_accordion_ie_support":"","_crdt_document":"","jetpack_post_was_ever_published":false,"jetpack_publicize_message":"","jetpack_publicize_feature_enabled":true,"jetpack_social_post_already_shared":true,"jetpack_social_options":{"image_generator_settings":{"template":"highway","default_image_id":0,"font":"","enabled":false},"version":2},"_wpas_customize_per_network":false},"product_brand":[],"product_cat":[20641],"product_tag":[],"class_list":{"0":"post-50867","1":"product","2":"type-product","3":"status-publish","4":"has-post-thumbnail","6":"product_cat-beedi-3","8":"first","9":"instock","10":"shipping-taxable","11":"product-type-simple"},"yoast_head":"<!-- This site is optimized with the Yoast SEO plugin v27.3 - https:\/\/yoast.com\/product\/yoast-seo-wordpress\/ -->\n<title>Beedi Formes - QUUT<\/title>\n<meta name=\"robots\" content=\"index, follow, max-snippet:-1, max-image-preview:large, max-video-preview:-1\" \/>\n<link rel=\"canonical\" href=\"https:\/\/quuttoys.com\/fr\/produit\/beedi-formes\/\" \/>\n<meta property=\"og:locale\" content=\"fr_FR\" \/>\n<meta property=\"og:type\" content=\"article\" \/>\n<meta property=\"og:title\" content=\"Beedi Formes - QUUT\" \/>\n<meta property=\"og:description\" content=\"Les premi\u00e8res perles \u00e0 enfiler de votre enfant ! Les Beedi Quut se composent de perles \u00e0 enfiler color\u00e9es fabriqu\u00e9es en mousse EVA toute douce. Gr\u00e2ce \u00e0 leur forme plus large, elles sont parfaites pour les petites mains ! Stimulez les capacit\u00e9s cognitives de vos enfants et am\u00e9liorez leur coordination \u0153il-main. Utilisez la ventouse pour fixer la cr\u00e9ation de votre enfant sur la paroi de la baignoire et apportez une touche d\u00e9co qui fera sensation.\" \/>\n<meta property=\"og:url\" content=\"https:\/\/quuttoys.com\/fr\/produit\/beedi-formes\/\" \/>\n<meta property=\"og:site_name\" content=\"QUUT\" \/>\n<meta property=\"article:modified_time\" content=\"2023-04-18T10:13:23+00:00\" \/>\n<meta property=\"og:image\" content=\"https:\/\/i0.wp.com\/quuttoys.com\/wp-content\/uploads\/2022\/08\/173182-Beedi-Shapes-1.jpg?fit=1920%2C1920&ssl=1\" \/>\n\t<meta property=\"og:image:width\" content=\"1920\" \/>\n\t<meta property=\"og:image:height\" content=\"1920\" \/>\n\t<meta property=\"og:image:type\" content=\"image\/jpeg\" \/>\n<meta name=\"twitter:card\" content=\"summary_large_image\" \/>\n<meta name=\"twitter:label1\" content=\"Dur\u00e9e de lecture estim\u00e9e\" \/>\n\t<meta name=\"twitter:data1\" content=\"1 minute\" \/>\n<script type=\"application\/ld+json\" class=\"yoast-schema-graph\">{\"@context\":\"https:\\\/\\\/schema.org\",\"@graph\":[{\"@type\":\"WebPage\",\"@id\":\"https:\\\/\\\/quuttoys.com\\\/fr\\\/produit\\\/beedi-formes\\\/\",\"url\":\"https:\\\/\\\/quuttoys.com\\\/fr\\\/produit\\\/beedi-formes\\\/\",\"name\":\"Beedi Formes - QUUT\",\"isPartOf\":{\"@id\":\"https:\\\/\\\/quuttoys.com\\\/fr\\\/#website\"},\"primaryImageOfPage\":{\"@id\":\"https:\\\/\\\/quuttoys.com\\\/fr\\\/produit\\\/beedi-formes\\\/#primaryimage\"},\"image\":{\"@id\":\"https:\\\/\\\/quuttoys.com\\\/fr\\\/produit\\\/beedi-formes\\\/#primaryimage\"},\"thumbnailUrl\":\"https:\\\/\\\/i0.wp.com\\\/quuttoys.com\\\/wp-content\\\/uploads\\\/2022\\\/08\\\/173182-Beedi-Shapes-1.jpg?fit=1920%2C1920&ssl=1\",\"datePublished\":\"2022-08-29T14:05:43+00:00\",\"dateModified\":\"2023-04-18T10:13:23+00:00\",\"breadcrumb\":{\"@id\":\"https:\\\/\\\/quuttoys.com\\\/fr\\\/produit\\\/beedi-formes\\\/#breadcrumb\"},\"inLanguage\":\"fr-FR\",\"potentialAction\":[{\"@type\":\"ReadAction\",\"target\":[\"https:\\\/\\\/quuttoys.com\\\/fr\\\/produit\\\/beedi-formes\\\/\"]}]},{\"@type\":\"ImageObject\",\"inLanguage\":\"fr-FR\",\"@id\":\"https:\\\/\\\/quuttoys.com\\\/fr\\\/produit\\\/beedi-formes\\\/#primaryimage\",\"url\":\"https:\\\/\\\/i0.wp.com\\\/quuttoys.com\\\/wp-content\\\/uploads\\\/2022\\\/08\\\/173182-Beedi-Shapes-1.jpg?fit=1920%2C1920&ssl=1\",\"contentUrl\":\"https:\\\/\\\/i0.wp.com\\\/quuttoys.com\\\/wp-content\\\/uploads\\\/2022\\\/08\\\/173182-Beedi-Shapes-1.jpg?fit=1920%2C1920&ssl=1\",\"width\":1920,\"height\":1920},{\"@type\":\"BreadcrumbList\",\"@id\":\"https:\\\/\\\/quuttoys.com\\\/fr\\\/produit\\\/beedi-formes\\\/#breadcrumb\",\"itemListElement\":[{\"@type\":\"ListItem\",\"position\":1,\"name\":\"Home\",\"item\":\"https:\\\/\\\/quuttoys.com\\\/fr\\\/\"},{\"@type\":\"ListItem\",\"position\":2,\"name\":\"All products\",\"item\":\"https:\\\/\\\/quuttoys.com\\\/all-products\\\/\"},{\"@type\":\"ListItem\",\"position\":3,\"name\":\"Beedi Formes\"}]},{\"@type\":\"WebSite\",\"@id\":\"https:\\\/\\\/quuttoys.com\\\/fr\\\/#website\",\"url\":\"https:\\\/\\\/quuttoys.com\\\/fr\\\/\",\"name\":\"QUUT\",\"description\":\"Quality toys quality time - Anywhere anytime\",\"potentialAction\":[{\"@type\":\"SearchAction\",\"target\":{\"@type\":\"EntryPoint\",\"urlTemplate\":\"https:\\\/\\\/quuttoys.com\\\/fr\\\/?s={search_term_string}\"},\"query-input\":{\"@type\":\"PropertyValueSpecification\",\"valueRequired\":true,\"valueName\":\"search_term_string\"}}],\"inLanguage\":\"fr-FR\"}]}<\/script>\n<!-- \/ Yoast SEO plugin. -->","yoast_head_json":{"title":"Beedi Formes - QUUT","robots":{"index":"index","follow":"follow","max-snippet":"max-snippet:-1","max-image-preview":"max-image-preview:large","max-video-preview":"max-video-preview:-1"},"canonical":"https:\/\/quuttoys.com\/fr\/produit\/beedi-formes\/","og_locale":"fr_FR","og_type":"article","og_title":"Beedi Formes - QUUT","og_description":"Les premi\u00e8res perles \u00e0 enfiler de votre enfant ! Les Beedi Quut se composent de perles \u00e0 enfiler color\u00e9es fabriqu\u00e9es en mousse EVA toute douce. Gr\u00e2ce \u00e0 leur forme plus large, elles sont parfaites pour les petites mains ! Stimulez les capacit\u00e9s cognitives de vos enfants et am\u00e9liorez leur coordination \u0153il-main. Utilisez la ventouse pour fixer la cr\u00e9ation de votre enfant sur la paroi de la baignoire et apportez une touche d\u00e9co qui fera sensation.","og_url":"https:\/\/quuttoys.com\/fr\/produit\/beedi-formes\/","og_site_name":"QUUT","article_modified_time":"2023-04-18T10:13:23+00:00","og_image":[{"width":1920,"height":1920,"url":"https:\/\/i0.wp.com\/quuttoys.com\/wp-content\/uploads\/2022\/08\/173182-Beedi-Shapes-1.jpg?fit=1920%2C1920&ssl=1","type":"image\/jpeg"}],"twitter_card":"summary_large_image","twitter_misc":{"Dur\u00e9e de lecture estim\u00e9e":"1 minute"},"schema":{"@context":"https:\/\/schema.org","@graph":[{"@type":"WebPage","@id":"https:\/\/quuttoys.com\/fr\/produit\/beedi-formes\/","url":"https:\/\/quuttoys.com\/fr\/produit\/beedi-formes\/","name":"Beedi Formes - QUUT","isPartOf":{"@id":"https:\/\/quuttoys.com\/fr\/#website"},"primaryImageOfPage":{"@id":"https:\/\/quuttoys.com\/fr\/produit\/beedi-formes\/#primaryimage"},"image":{"@id":"https:\/\/quuttoys.com\/fr\/produit\/beedi-formes\/#primaryimage"},"thumbnailUrl":"https:\/\/i0.wp.com\/quuttoys.com\/wp-content\/uploads\/2022\/08\/173182-Beedi-Shapes-1.jpg?fit=1920%2C1920&ssl=1","datePublished":"2022-08-29T14:05:43+00:00","dateModified":"2023-04-18T10:13:23+00:00","breadcrumb":{"@id":"https:\/\/quuttoys.com\/fr\/produit\/beedi-formes\/#breadcrumb"},"inLanguage":"fr-FR","potentialAction":[{"@type":"ReadAction","target":["https:\/\/quuttoys.com\/fr\/produit\/beedi-formes\/"]}]},{"@type":"ImageObject","inLanguage":"fr-FR","@id":"https:\/\/quuttoys.com\/fr\/produit\/beedi-formes\/#primaryimage","url":"https:\/\/i0.wp.com\/quuttoys.com\/wp-content\/uploads\/2022\/08\/173182-Beedi-Shapes-1.jpg?fit=1920%2C1920&ssl=1","contentUrl":"https:\/\/i0.wp.com\/quuttoys.com\/wp-content\/uploads\/2022\/08\/173182-Beedi-Shapes-1.jpg?fit=1920%2C1920&ssl=1","width":1920,"height":1920},{"@type":"BreadcrumbList","@id":"https:\/\/quuttoys.com\/fr\/produit\/beedi-formes\/#breadcrumb","itemListElement":[{"@type":"ListItem","position":1,"name":"Home","item":"https:\/\/quuttoys.com\/fr\/"},{"@type":"ListItem","position":2,"name":"All products","item":"https:\/\/quuttoys.com\/all-products\/"},{"@type":"ListItem","position":3,"name":"Beedi Formes"}]},{"@type":"WebSite","@id":"https:\/\/quuttoys.com\/fr\/#website","url":"https:\/\/quuttoys.com\/fr\/","name":"QUUT","description":"Quality toys quality time - Anywhere anytime","potentialAction":[{"@type":"SearchAction","target":{"@type":"EntryPoint","urlTemplate":"https:\/\/quuttoys.com\/fr\/?s={search_term_string}"},"query-input":{"@type":"PropertyValueSpecification","valueRequired":true,"valueName":"search_term_string"}}],"inLanguage":"fr-FR"}]}},"jetpack_publicize_connections":[],"jetpack_likes_enabled":true,"jetpack_sharing_enabled":true,"amp_enabled":true,"_links":{"self":[{"href":"https:\/\/quuttoys.com\/fr\/wp-json\/wp\/v2\/product\/50867","targetHints":{"allow":["GET"]}}],"collection":[{"href":"https:\/\/quuttoys.com\/fr\/wp-json\/wp\/v2\/product"}],"about":[{"href":"https:\/\/quuttoys.com\/fr\/wp-json\/wp\/v2\/types\/product"}],"wp:featuredmedia":[{"embeddable":true,"href":"https:\/\/quuttoys.com\/fr\/wp-json\/wp\/v2\/media\/50682"}],"wp:attachment":[{"href":"https:\/\/quuttoys.com\/fr\/wp-json\/wp\/v2\/media?parent=50867"}],"wp:term":[{"taxonomy":"product_brand","embeddable":true,"href":"https:\/\/quuttoys.com\/fr\/wp-json\/wp\/v2\/product_brand?post=50867"},{"taxonomy":"product_cat","embeddable":true,"href":"https:\/\/quuttoys.com\/fr\/wp-json\/wp\/v2\/product_cat?post=50867"},{"taxonomy":"product_tag","embeddable":true,"href":"https:\/\/quuttoys.com\/fr\/wp-json\/wp\/v2\/product_tag?post=50867"}],"curies":[{"name":"wp","href":"https:\/\/api.w.org\/{rel}","templated":true}]}}