{"id":50876,"date":"2022-08-29T16:37:42","date_gmt":"2022-08-29T14:37:42","guid":{"rendered":"https:\/\/quuttoys.com\/?post_type=product&#038;p=50876"},"modified":"2022-08-29T16:37:43","modified_gmt":"2022-08-29T14:37:43","slug":"dans-les-airs","status":"publish","type":"product","link":"https:\/\/quuttoys.com\/fr\/produit\/dans-les-airs\/","title":{"rendered":"Dans Les Airs"},"content":{"rendered":"<p class=\"p1\"><strong><span class=\"s1\">NETTOYAGE ET ENTRETIEN<\/span><\/strong><\/p>\n<p class=\"p1\"><em><span class=\"s1\">Rincez soigneusement apr\u00e8s chaque utilisation et placez-le dans un endroit o\u00f9 il peut s\u00e9cher compl\u00e8tement.<br \/>\nNettoyez avec un d\u00e9tergent doux si n\u00e9cessaire.<br \/>\nNettoyez avec un d\u00e9tergent doux si n\u00e9cessaire. Les pi\u00e8ces n&rsquo;absorbent pas l&rsquo;eau.<\/span><\/em><\/p>\n","protected":false},"excerpt":{"rendered":"<div class=\"ewa-rteLine\">\n<div class=\"ewa-rteLine\">Sur terre, en mer et dans les airs ! Faites d\u00e9coller votre hydravion et votre avion de ligne, et d\u00e9couvrez le monde depuis les cieux en survolant les oc\u00e9ans.<\/div>\n<div class=\"ewa-rteLine\">Stimulez l&rsquo;imagination de vos enfants, enrichissez leur vocabulaire, am\u00e9liorez leur capacit\u00e9 \u00e0 produire des sons et aidez-les \u00e0 d\u00e9velopper leur motricit\u00e9 ! Toutes les formes sont fabriqu\u00e9es en mousse EVA douce, ce qui leur permet de flotter. Le set comprend \u00e9galement 2 petits personnages.<\/div>\n<\/div>\n<div>\n<p class=\"p1\">[fusion_checklist icon=\"ok\" iconcolor=\"#aaaaaa\" circle=\"no\"]<\/p>\n<ul>\n<li>Stimule la motricit\u00e9 fine<\/li>\n<li>Encourage le jeu cr\u00e9atif<\/li>\n<li>Temps de qualit\u00e9 parent \/ enfant<\/li>\n<li>Mousse douce exempt de bisph\u00e9nol A, de phtalates et de latex.<\/li>\n<li>Set contains 11 pieces<\/li>\n<li>A partir de 10 mois<\/li>\n<\/ul>\n<p>[\/fusion_checklist]<\/p>\n<p><a href=\"https:\/\/vimeo.com\/448484714\" rel=\"nofollow\">https:\/\/vimeo.com\/448484714<\/a><\/p>\n<p>&nbsp;<\/p>\n<\/div>\n","protected":false},"featured_media":50713,"template":"","meta":{"_coblocks_attr":"","_coblocks_dimensions":"","_coblocks_responsive_height":"","_coblocks_accordion_ie_support":"","_crdt_document":"","jetpack_post_was_ever_published":false,"jetpack_publicize_message":"","jetpack_publicize_feature_enabled":true,"jetpack_social_post_already_shared":true,"jetpack_social_options":{"image_generator_settings":{"template":"highway","default_image_id":0,"font":"","enabled":false},"version":2},"_wpas_customize_per_network":false},"product_brand":[],"product_cat":[20267,20274],"product_tag":[],"class_list":{"0":"post-50876","1":"product","2":"type-product","3":"status-publish","4":"has-post-thumbnail","6":"product_cat-bain","7":"product_cat-newquutopia-fr","9":"first","10":"instock","11":"shipping-taxable","12":"product-type-simple"},"yoast_head":"<!-- This site is optimized with the Yoast SEO plugin v27.3 - https:\/\/yoast.com\/product\/yoast-seo-wordpress\/ -->\n<title>Dans Les Airs - QUUT<\/title>\n<meta name=\"robots\" content=\"index, follow, max-snippet:-1, max-image-preview:large, max-video-preview:-1\" \/>\n<link rel=\"canonical\" href=\"https:\/\/quuttoys.com\/fr\/produit\/dans-les-airs\/\" \/>\n<meta property=\"og:locale\" content=\"fr_FR\" \/>\n<meta property=\"og:type\" content=\"article\" \/>\n<meta property=\"og:title\" content=\"Dans Les Airs - QUUT\" \/>\n<meta property=\"og:description\" content=\"Sur terre, en mer et dans les airs ! Faites d\u00e9coller votre hydravion et votre avion de ligne, et d\u00e9couvrez le monde depuis les cieux en survolant les oc\u00e9ans. Stimulez l&#039;imagination de vos enfants, enrichissez leur vocabulaire, am\u00e9liorez leur capacit\u00e9 \u00e0 produire des sons et aidez-les \u00e0 d\u00e9velopper leur motricit\u00e9 ! Toutes les formes sont fabriqu\u00e9es en mousse EVA douce, ce qui leur permet de flotter. Le set comprend \u00e9galement 2 petits personnages.     https:\/\/vimeo.com\/448484714  &nbsp;\" \/>\n<meta property=\"og:url\" content=\"https:\/\/quuttoys.com\/fr\/produit\/dans-les-airs\/\" \/>\n<meta property=\"og:site_name\" content=\"QUUT\" \/>\n<meta property=\"article:modified_time\" content=\"2022-08-29T14:37:43+00:00\" \/>\n<meta property=\"og:image\" content=\"https:\/\/i0.wp.com\/quuttoys.com\/wp-content\/uploads\/2022\/08\/173168-Puzzle-friends-Up-in-the-air-0-1.jpg?fit=1920%2C1919&ssl=1\" \/>\n\t<meta property=\"og:image:width\" content=\"1920\" \/>\n\t<meta property=\"og:image:height\" content=\"1919\" \/>\n\t<meta property=\"og:image:type\" content=\"image\/jpeg\" \/>\n<meta name=\"twitter:card\" content=\"summary_large_image\" \/>\n<meta name=\"twitter:label1\" content=\"Dur\u00e9e de lecture estim\u00e9e\" \/>\n\t<meta name=\"twitter:data1\" content=\"1 minute\" \/>\n<script type=\"application\/ld+json\" class=\"yoast-schema-graph\">{\"@context\":\"https:\\\/\\\/schema.org\",\"@graph\":[{\"@type\":\"WebPage\",\"@id\":\"https:\\\/\\\/quuttoys.com\\\/fr\\\/produit\\\/dans-les-airs\\\/\",\"url\":\"https:\\\/\\\/quuttoys.com\\\/fr\\\/produit\\\/dans-les-airs\\\/\",\"name\":\"Dans Les Airs - QUUT\",\"isPartOf\":{\"@id\":\"https:\\\/\\\/quuttoys.com\\\/fr\\\/#website\"},\"primaryImageOfPage\":{\"@id\":\"https:\\\/\\\/quuttoys.com\\\/fr\\\/produit\\\/dans-les-airs\\\/#primaryimage\"},\"image\":{\"@id\":\"https:\\\/\\\/quuttoys.com\\\/fr\\\/produit\\\/dans-les-airs\\\/#primaryimage\"},\"thumbnailUrl\":\"https:\\\/\\\/i0.wp.com\\\/quuttoys.com\\\/wp-content\\\/uploads\\\/2022\\\/08\\\/173168-Puzzle-friends-Up-in-the-air-0-1.jpg?fit=1920%2C1919&ssl=1\",\"datePublished\":\"2022-08-29T14:37:42+00:00\",\"dateModified\":\"2022-08-29T14:37:43+00:00\",\"breadcrumb\":{\"@id\":\"https:\\\/\\\/quuttoys.com\\\/fr\\\/produit\\\/dans-les-airs\\\/#breadcrumb\"},\"inLanguage\":\"fr-FR\",\"potentialAction\":[{\"@type\":\"ReadAction\",\"target\":[\"https:\\\/\\\/quuttoys.com\\\/fr\\\/produit\\\/dans-les-airs\\\/\"]}]},{\"@type\":\"ImageObject\",\"inLanguage\":\"fr-FR\",\"@id\":\"https:\\\/\\\/quuttoys.com\\\/fr\\\/produit\\\/dans-les-airs\\\/#primaryimage\",\"url\":\"https:\\\/\\\/i0.wp.com\\\/quuttoys.com\\\/wp-content\\\/uploads\\\/2022\\\/08\\\/173168-Puzzle-friends-Up-in-the-air-0-1.jpg?fit=1920%2C1919&ssl=1\",\"contentUrl\":\"https:\\\/\\\/i0.wp.com\\\/quuttoys.com\\\/wp-content\\\/uploads\\\/2022\\\/08\\\/173168-Puzzle-friends-Up-in-the-air-0-1.jpg?fit=1920%2C1919&ssl=1\",\"width\":1920,\"height\":1919},{\"@type\":\"BreadcrumbList\",\"@id\":\"https:\\\/\\\/quuttoys.com\\\/fr\\\/produit\\\/dans-les-airs\\\/#breadcrumb\",\"itemListElement\":[{\"@type\":\"ListItem\",\"position\":1,\"name\":\"Home\",\"item\":\"https:\\\/\\\/quuttoys.com\\\/fr\\\/\"},{\"@type\":\"ListItem\",\"position\":2,\"name\":\"All products\",\"item\":\"https:\\\/\\\/quuttoys.com\\\/all-products\\\/\"},{\"@type\":\"ListItem\",\"position\":3,\"name\":\"Dans Les Airs\"}]},{\"@type\":\"WebSite\",\"@id\":\"https:\\\/\\\/quuttoys.com\\\/fr\\\/#website\",\"url\":\"https:\\\/\\\/quuttoys.com\\\/fr\\\/\",\"name\":\"QUUT\",\"description\":\"Quality toys quality time - Anywhere anytime\",\"potentialAction\":[{\"@type\":\"SearchAction\",\"target\":{\"@type\":\"EntryPoint\",\"urlTemplate\":\"https:\\\/\\\/quuttoys.com\\\/fr\\\/?s={search_term_string}\"},\"query-input\":{\"@type\":\"PropertyValueSpecification\",\"valueRequired\":true,\"valueName\":\"search_term_string\"}}],\"inLanguage\":\"fr-FR\"}]}<\/script>\n<!-- \/ Yoast SEO plugin. -->","yoast_head_json":{"title":"Dans Les Airs - QUUT","robots":{"index":"index","follow":"follow","max-snippet":"max-snippet:-1","max-image-preview":"max-image-preview:large","max-video-preview":"max-video-preview:-1"},"canonical":"https:\/\/quuttoys.com\/fr\/produit\/dans-les-airs\/","og_locale":"fr_FR","og_type":"article","og_title":"Dans Les Airs - QUUT","og_description":"Sur terre, en mer et dans les airs ! Faites d\u00e9coller votre hydravion et votre avion de ligne, et d\u00e9couvrez le monde depuis les cieux en survolant les oc\u00e9ans. Stimulez l'imagination de vos enfants, enrichissez leur vocabulaire, am\u00e9liorez leur capacit\u00e9 \u00e0 produire des sons et aidez-les \u00e0 d\u00e9velopper leur motricit\u00e9 ! Toutes les formes sont fabriqu\u00e9es en mousse EVA douce, ce qui leur permet de flotter. Le set comprend \u00e9galement 2 petits personnages.     https:\/\/vimeo.com\/448484714  &nbsp;","og_url":"https:\/\/quuttoys.com\/fr\/produit\/dans-les-airs\/","og_site_name":"QUUT","article_modified_time":"2022-08-29T14:37:43+00:00","og_image":[{"width":1920,"height":1919,"url":"https:\/\/i0.wp.com\/quuttoys.com\/wp-content\/uploads\/2022\/08\/173168-Puzzle-friends-Up-in-the-air-0-1.jpg?fit=1920%2C1919&ssl=1","type":"image\/jpeg"}],"twitter_card":"summary_large_image","twitter_misc":{"Dur\u00e9e de lecture estim\u00e9e":"1 minute"},"schema":{"@context":"https:\/\/schema.org","@graph":[{"@type":"WebPage","@id":"https:\/\/quuttoys.com\/fr\/produit\/dans-les-airs\/","url":"https:\/\/quuttoys.com\/fr\/produit\/dans-les-airs\/","name":"Dans Les Airs - QUUT","isPartOf":{"@id":"https:\/\/quuttoys.com\/fr\/#website"},"primaryImageOfPage":{"@id":"https:\/\/quuttoys.com\/fr\/produit\/dans-les-airs\/#primaryimage"},"image":{"@id":"https:\/\/quuttoys.com\/fr\/produit\/dans-les-airs\/#primaryimage"},"thumbnailUrl":"https:\/\/i0.wp.com\/quuttoys.com\/wp-content\/uploads\/2022\/08\/173168-Puzzle-friends-Up-in-the-air-0-1.jpg?fit=1920%2C1919&ssl=1","datePublished":"2022-08-29T14:37:42+00:00","dateModified":"2022-08-29T14:37:43+00:00","breadcrumb":{"@id":"https:\/\/quuttoys.com\/fr\/produit\/dans-les-airs\/#breadcrumb"},"inLanguage":"fr-FR","potentialAction":[{"@type":"ReadAction","target":["https:\/\/quuttoys.com\/fr\/produit\/dans-les-airs\/"]}]},{"@type":"ImageObject","inLanguage":"fr-FR","@id":"https:\/\/quuttoys.com\/fr\/produit\/dans-les-airs\/#primaryimage","url":"https:\/\/i0.wp.com\/quuttoys.com\/wp-content\/uploads\/2022\/08\/173168-Puzzle-friends-Up-in-the-air-0-1.jpg?fit=1920%2C1919&ssl=1","contentUrl":"https:\/\/i0.wp.com\/quuttoys.com\/wp-content\/uploads\/2022\/08\/173168-Puzzle-friends-Up-in-the-air-0-1.jpg?fit=1920%2C1919&ssl=1","width":1920,"height":1919},{"@type":"BreadcrumbList","@id":"https:\/\/quuttoys.com\/fr\/produit\/dans-les-airs\/#breadcrumb","itemListElement":[{"@type":"ListItem","position":1,"name":"Home","item":"https:\/\/quuttoys.com\/fr\/"},{"@type":"ListItem","position":2,"name":"All products","item":"https:\/\/quuttoys.com\/all-products\/"},{"@type":"ListItem","position":3,"name":"Dans Les Airs"}]},{"@type":"WebSite","@id":"https:\/\/quuttoys.com\/fr\/#website","url":"https:\/\/quuttoys.com\/fr\/","name":"QUUT","description":"Quality toys quality time - Anywhere anytime","potentialAction":[{"@type":"SearchAction","target":{"@type":"EntryPoint","urlTemplate":"https:\/\/quuttoys.com\/fr\/?s={search_term_string}"},"query-input":{"@type":"PropertyValueSpecification","valueRequired":true,"valueName":"search_term_string"}}],"inLanguage":"fr-FR"}]}},"jetpack_publicize_connections":[],"jetpack_likes_enabled":true,"jetpack_sharing_enabled":true,"amp_enabled":true,"_links":{"self":[{"href":"https:\/\/quuttoys.com\/fr\/wp-json\/wp\/v2\/product\/50876","targetHints":{"allow":["GET"]}}],"collection":[{"href":"https:\/\/quuttoys.com\/fr\/wp-json\/wp\/v2\/product"}],"about":[{"href":"https:\/\/quuttoys.com\/fr\/wp-json\/wp\/v2\/types\/product"}],"wp:featuredmedia":[{"embeddable":true,"href":"https:\/\/quuttoys.com\/fr\/wp-json\/wp\/v2\/media\/50713"}],"wp:attachment":[{"href":"https:\/\/quuttoys.com\/fr\/wp-json\/wp\/v2\/media?parent=50876"}],"wp:term":[{"taxonomy":"product_brand","embeddable":true,"href":"https:\/\/quuttoys.com\/fr\/wp-json\/wp\/v2\/product_brand?post=50876"},{"taxonomy":"product_cat","embeddable":true,"href":"https:\/\/quuttoys.com\/fr\/wp-json\/wp\/v2\/product_cat?post=50876"},{"taxonomy":"product_tag","embeddable":true,"href":"https:\/\/quuttoys.com\/fr\/wp-json\/wp\/v2\/product_tag?post=50876"}],"curies":[{"name":"wp","href":"https:\/\/api.w.org\/{rel}","templated":true}]}}