{"id":51216,"date":"2023-02-28T13:29:27","date_gmt":"2023-02-28T12:29:27","guid":{"rendered":"https:\/\/quuttoys.com\/?post_type=product&#038;p=51216"},"modified":"2023-02-28T13:34:33","modified_gmt":"2023-02-28T12:34:33","slug":"bucki-4","status":"publish","type":"product","link":"https:\/\/quuttoys.com\/fr\/produit\/bucki-4\/","title":{"rendered":"Bucki"},"content":{"rendered":"<p>Couleur: Ocean<br \/>\nDimensions: 14 x 17,6 x 18,7 cm | 5.5 x 6.9 x 7.3 inches<br \/>\nPoids: \u00b1 200 gr | 0.4 pounds<br \/>\nMati\u00e8re: PP<\/p>\n<p>\u00c9galement disponible dans d\u2019autres couleurs:<br \/>\nGarden Green<br \/>\nCherry Red<br \/>\nBanana Blue<\/p>\n<h3 class=\"fusion-responsive-typography-calculated\" data-fontsize=\"16\" data-lineheight=\"30.079999923706055px\">Le saviez-vous?<\/h3>\n<p><em>Tous les produits sont garantis sans BPA, phtalates ni latex et sont \u00e9videmment 100% recyclables. Chez Quut nous sommes persuad\u00e9s que\u00a0lorsque se cr\u00e9e une histoire d\u2019amour avec son jouet pr\u00e9f\u00e9r\u00e9 on le garde soigneusement Et ainsi il sera transmis\u00a0de g\u00e9n\u00e9ration en g\u00e9n\u00e9ration. La durabilit\u00e9 au niveau sup\u00e9rieur!<\/em><\/p>\n","protected":false},"excerpt":{"rendered":"<p>Bucki, le jeu de plage indispensable aux tout-petits.<\/p>\n<p>Apr\u00e8s Ballo, le seau antid\u00e9bordement, Quut lance un nouveau seau au design moderne. Bucki garantit des heures de plaisir\u2009! Utilisez ce seau et son tamis pour ramasser, nettoyer et transporter toutes sortes de coquillages et d\u2019autres petits tr\u00e9sors. Vous pr\u00e9f\u00e9rez construire des ch\u00e2teaux de sable\u2009? Bucki est l\u2019outil id\u00e9al, avec sa forme pratique et son anse clipsable. Bucki est aussi le compagnon r\u00eav\u00e9 de ceux qui aiment ramasser des feuilles, des branches et des fleurs. Et si vous l\u2019emmeniez avec vous lors de votre prochaine aventure\u2009?<\/p>\n[fusion_checklist icon=\"ok\" iconcolor=\"#aaaaaa\" circle=\"no\"]<\/p>\n<ul>\n<li>\n<div>Anse ergonomique clipsable<\/div>\n<\/li>\n<li>\n<div>Stimule l\u2019imagination, la cr\u00e9ativit\u00e9, le jeu en ext\u00e9rieur et l\u2019interaction<\/div>\n<\/li>\n<li>\n<div>S\u2019utilise \u00e0 la plage, au jardin, dans le bac \u00e0 sable ou en for\u00eat<\/div>\n<\/li>\n<li>\n<div>Sans danger et facile \u00e0 nettoyer<\/div>\n<\/li>\n<li>\n<div>Fabriqu\u00e9 en plastique durable et recyclable, sans BPA, latex ni phtalates<\/div>\n<\/li>\n<li>\n<div>Disponible en 3 associations de couleurs ludiques<\/div>\n<\/li>\n<\/ul>\n<p>[\/fusion_checklist]\n","protected":false},"featured_media":51211,"template":"","meta":{"_coblocks_attr":"","_coblocks_dimensions":"","_coblocks_responsive_height":"","_coblocks_accordion_ie_support":"","_crdt_document":"","jetpack_post_was_ever_published":false,"jetpack_publicize_message":"","jetpack_publicize_feature_enabled":true,"jetpack_social_post_already_shared":true,"jetpack_social_options":{"image_generator_settings":{"template":"highway","default_image_id":0,"font":"","enabled":false},"version":2},"_wpas_customize_per_network":false},"product_brand":[],"product_cat":[20587,20265,20343,20263],"product_tag":[],"class_list":{"0":"post-51216","1":"product","2":"type-product","3":"status-publish","4":"has-post-thumbnail","6":"product_cat-bucki-fr","7":"product_cat-collection-fr","8":"product_cat-ocean-fr","9":"product_cat-outdoor-fr","11":"first","12":"instock","13":"shipping-taxable","14":"product-type-simple"},"yoast_head":"<!-- This site is optimized with the Yoast SEO plugin v27.3 - https:\/\/yoast.com\/product\/yoast-seo-wordpress\/ -->\n<title>Bucki - QUUT<\/title>\n<meta name=\"robots\" content=\"index, follow, max-snippet:-1, max-image-preview:large, max-video-preview:-1\" \/>\n<link rel=\"canonical\" href=\"https:\/\/quuttoys.com\/fr\/produit\/bucki-4\/\" \/>\n<meta property=\"og:locale\" content=\"fr_FR\" \/>\n<meta property=\"og:type\" content=\"article\" \/>\n<meta property=\"og:title\" content=\"Bucki - QUUT\" \/>\n<meta property=\"og:description\" content=\"Bucki, le jeu de plage indispensable aux tout-petits.  Apr\u00e8s Ballo, le seau antid\u00e9bordement, Quut lance un nouveau seau au design moderne. Bucki garantit des heures de plaisir\u2009! Utilisez ce seau et son tamis pour ramasser, nettoyer et transporter toutes sortes de coquillages et d\u2019autres petits tr\u00e9sors. Vous pr\u00e9f\u00e9rez construire des ch\u00e2teaux de sable\u2009? Bucki est l\u2019outil id\u00e9al, avec sa forme pratique et son anse clipsable. Bucki est aussi le compagnon r\u00eav\u00e9 de ceux qui aiment ramasser des feuilles, des branches et des fleurs. Et si vous l\u2019emmeniez avec vous lors de votre prochaine aventure\u2009?\" \/>\n<meta property=\"og:url\" content=\"https:\/\/quuttoys.com\/fr\/produit\/bucki-4\/\" \/>\n<meta property=\"og:site_name\" content=\"QUUT\" \/>\n<meta property=\"article:modified_time\" content=\"2023-02-28T12:34:33+00:00\" \/>\n<meta property=\"og:image\" content=\"https:\/\/i0.wp.com\/quuttoys.com\/wp-content\/uploads\/2023\/02\/173267-Bucki-Ocean-2-1.jpg?fit=1500%2C1500&ssl=1\" \/>\n\t<meta property=\"og:image:width\" content=\"1500\" \/>\n\t<meta property=\"og:image:height\" content=\"1500\" \/>\n\t<meta property=\"og:image:type\" content=\"image\/jpeg\" \/>\n<meta name=\"twitter:card\" content=\"summary_large_image\" \/>\n<meta name=\"twitter:label1\" content=\"Dur\u00e9e de lecture estim\u00e9e\" \/>\n\t<meta name=\"twitter:data1\" content=\"1 minute\" \/>\n<script type=\"application\/ld+json\" class=\"yoast-schema-graph\">{\"@context\":\"https:\\\/\\\/schema.org\",\"@graph\":[{\"@type\":\"WebPage\",\"@id\":\"https:\\\/\\\/quuttoys.com\\\/fr\\\/produit\\\/bucki-4\\\/\",\"url\":\"https:\\\/\\\/quuttoys.com\\\/fr\\\/produit\\\/bucki-4\\\/\",\"name\":\"Bucki - QUUT\",\"isPartOf\":{\"@id\":\"https:\\\/\\\/quuttoys.com\\\/fr\\\/#website\"},\"primaryImageOfPage\":{\"@id\":\"https:\\\/\\\/quuttoys.com\\\/fr\\\/produit\\\/bucki-4\\\/#primaryimage\"},\"image\":{\"@id\":\"https:\\\/\\\/quuttoys.com\\\/fr\\\/produit\\\/bucki-4\\\/#primaryimage\"},\"thumbnailUrl\":\"https:\\\/\\\/i0.wp.com\\\/quuttoys.com\\\/wp-content\\\/uploads\\\/2023\\\/02\\\/173267-Bucki-Ocean-2-1.jpg?fit=1500%2C1500&ssl=1\",\"datePublished\":\"2023-02-28T12:29:27+00:00\",\"dateModified\":\"2023-02-28T12:34:33+00:00\",\"breadcrumb\":{\"@id\":\"https:\\\/\\\/quuttoys.com\\\/fr\\\/produit\\\/bucki-4\\\/#breadcrumb\"},\"inLanguage\":\"fr-FR\",\"potentialAction\":[{\"@type\":\"ReadAction\",\"target\":[\"https:\\\/\\\/quuttoys.com\\\/fr\\\/produit\\\/bucki-4\\\/\"]}]},{\"@type\":\"ImageObject\",\"inLanguage\":\"fr-FR\",\"@id\":\"https:\\\/\\\/quuttoys.com\\\/fr\\\/produit\\\/bucki-4\\\/#primaryimage\",\"url\":\"https:\\\/\\\/i0.wp.com\\\/quuttoys.com\\\/wp-content\\\/uploads\\\/2023\\\/02\\\/173267-Bucki-Ocean-2-1.jpg?fit=1500%2C1500&ssl=1\",\"contentUrl\":\"https:\\\/\\\/i0.wp.com\\\/quuttoys.com\\\/wp-content\\\/uploads\\\/2023\\\/02\\\/173267-Bucki-Ocean-2-1.jpg?fit=1500%2C1500&ssl=1\",\"width\":1500,\"height\":1500},{\"@type\":\"BreadcrumbList\",\"@id\":\"https:\\\/\\\/quuttoys.com\\\/fr\\\/produit\\\/bucki-4\\\/#breadcrumb\",\"itemListElement\":[{\"@type\":\"ListItem\",\"position\":1,\"name\":\"Home\",\"item\":\"https:\\\/\\\/quuttoys.com\\\/fr\\\/\"},{\"@type\":\"ListItem\",\"position\":2,\"name\":\"All products\",\"item\":\"https:\\\/\\\/quuttoys.com\\\/all-products\\\/\"},{\"@type\":\"ListItem\",\"position\":3,\"name\":\"Bucki\"}]},{\"@type\":\"WebSite\",\"@id\":\"https:\\\/\\\/quuttoys.com\\\/fr\\\/#website\",\"url\":\"https:\\\/\\\/quuttoys.com\\\/fr\\\/\",\"name\":\"QUUT\",\"description\":\"Quality toys quality time - Anywhere anytime\",\"potentialAction\":[{\"@type\":\"SearchAction\",\"target\":{\"@type\":\"EntryPoint\",\"urlTemplate\":\"https:\\\/\\\/quuttoys.com\\\/fr\\\/?s={search_term_string}\"},\"query-input\":{\"@type\":\"PropertyValueSpecification\",\"valueRequired\":true,\"valueName\":\"search_term_string\"}}],\"inLanguage\":\"fr-FR\"}]}<\/script>\n<!-- \/ Yoast SEO plugin. -->","yoast_head_json":{"title":"Bucki - QUUT","robots":{"index":"index","follow":"follow","max-snippet":"max-snippet:-1","max-image-preview":"max-image-preview:large","max-video-preview":"max-video-preview:-1"},"canonical":"https:\/\/quuttoys.com\/fr\/produit\/bucki-4\/","og_locale":"fr_FR","og_type":"article","og_title":"Bucki - QUUT","og_description":"Bucki, le jeu de plage indispensable aux tout-petits.  Apr\u00e8s Ballo, le seau antid\u00e9bordement, Quut lance un nouveau seau au design moderne. Bucki garantit des heures de plaisir\u2009! Utilisez ce seau et son tamis pour ramasser, nettoyer et transporter toutes sortes de coquillages et d\u2019autres petits tr\u00e9sors. Vous pr\u00e9f\u00e9rez construire des ch\u00e2teaux de sable\u2009? Bucki est l\u2019outil id\u00e9al, avec sa forme pratique et son anse clipsable. Bucki est aussi le compagnon r\u00eav\u00e9 de ceux qui aiment ramasser des feuilles, des branches et des fleurs. Et si vous l\u2019emmeniez avec vous lors de votre prochaine aventure\u2009?","og_url":"https:\/\/quuttoys.com\/fr\/produit\/bucki-4\/","og_site_name":"QUUT","article_modified_time":"2023-02-28T12:34:33+00:00","og_image":[{"width":1500,"height":1500,"url":"https:\/\/i0.wp.com\/quuttoys.com\/wp-content\/uploads\/2023\/02\/173267-Bucki-Ocean-2-1.jpg?fit=1500%2C1500&ssl=1","type":"image\/jpeg"}],"twitter_card":"summary_large_image","twitter_misc":{"Dur\u00e9e de lecture estim\u00e9e":"1 minute"},"schema":{"@context":"https:\/\/schema.org","@graph":[{"@type":"WebPage","@id":"https:\/\/quuttoys.com\/fr\/produit\/bucki-4\/","url":"https:\/\/quuttoys.com\/fr\/produit\/bucki-4\/","name":"Bucki - QUUT","isPartOf":{"@id":"https:\/\/quuttoys.com\/fr\/#website"},"primaryImageOfPage":{"@id":"https:\/\/quuttoys.com\/fr\/produit\/bucki-4\/#primaryimage"},"image":{"@id":"https:\/\/quuttoys.com\/fr\/produit\/bucki-4\/#primaryimage"},"thumbnailUrl":"https:\/\/i0.wp.com\/quuttoys.com\/wp-content\/uploads\/2023\/02\/173267-Bucki-Ocean-2-1.jpg?fit=1500%2C1500&ssl=1","datePublished":"2023-02-28T12:29:27+00:00","dateModified":"2023-02-28T12:34:33+00:00","breadcrumb":{"@id":"https:\/\/quuttoys.com\/fr\/produit\/bucki-4\/#breadcrumb"},"inLanguage":"fr-FR","potentialAction":[{"@type":"ReadAction","target":["https:\/\/quuttoys.com\/fr\/produit\/bucki-4\/"]}]},{"@type":"ImageObject","inLanguage":"fr-FR","@id":"https:\/\/quuttoys.com\/fr\/produit\/bucki-4\/#primaryimage","url":"https:\/\/i0.wp.com\/quuttoys.com\/wp-content\/uploads\/2023\/02\/173267-Bucki-Ocean-2-1.jpg?fit=1500%2C1500&ssl=1","contentUrl":"https:\/\/i0.wp.com\/quuttoys.com\/wp-content\/uploads\/2023\/02\/173267-Bucki-Ocean-2-1.jpg?fit=1500%2C1500&ssl=1","width":1500,"height":1500},{"@type":"BreadcrumbList","@id":"https:\/\/quuttoys.com\/fr\/produit\/bucki-4\/#breadcrumb","itemListElement":[{"@type":"ListItem","position":1,"name":"Home","item":"https:\/\/quuttoys.com\/fr\/"},{"@type":"ListItem","position":2,"name":"All products","item":"https:\/\/quuttoys.com\/all-products\/"},{"@type":"ListItem","position":3,"name":"Bucki"}]},{"@type":"WebSite","@id":"https:\/\/quuttoys.com\/fr\/#website","url":"https:\/\/quuttoys.com\/fr\/","name":"QUUT","description":"Quality toys quality time - Anywhere anytime","potentialAction":[{"@type":"SearchAction","target":{"@type":"EntryPoint","urlTemplate":"https:\/\/quuttoys.com\/fr\/?s={search_term_string}"},"query-input":{"@type":"PropertyValueSpecification","valueRequired":true,"valueName":"search_term_string"}}],"inLanguage":"fr-FR"}]}},"jetpack_publicize_connections":[],"jetpack_likes_enabled":true,"jetpack_sharing_enabled":true,"amp_enabled":true,"_links":{"self":[{"href":"https:\/\/quuttoys.com\/fr\/wp-json\/wp\/v2\/product\/51216","targetHints":{"allow":["GET"]}}],"collection":[{"href":"https:\/\/quuttoys.com\/fr\/wp-json\/wp\/v2\/product"}],"about":[{"href":"https:\/\/quuttoys.com\/fr\/wp-json\/wp\/v2\/types\/product"}],"wp:featuredmedia":[{"embeddable":true,"href":"https:\/\/quuttoys.com\/fr\/wp-json\/wp\/v2\/media\/51211"}],"wp:attachment":[{"href":"https:\/\/quuttoys.com\/fr\/wp-json\/wp\/v2\/media?parent=51216"}],"wp:term":[{"taxonomy":"product_brand","embeddable":true,"href":"https:\/\/quuttoys.com\/fr\/wp-json\/wp\/v2\/product_brand?post=51216"},{"taxonomy":"product_cat","embeddable":true,"href":"https:\/\/quuttoys.com\/fr\/wp-json\/wp\/v2\/product_cat?post=51216"},{"taxonomy":"product_tag","embeddable":true,"href":"https:\/\/quuttoys.com\/fr\/wp-json\/wp\/v2\/product_tag?post=51216"}],"curies":[{"name":"wp","href":"https:\/\/api.w.org\/{rel}","templated":true}]}}