{"id":51274,"date":"2023-02-28T14:54:38","date_gmt":"2023-02-28T13:54:38","guid":{"rendered":"https:\/\/quuttoys.com\/product\/dippy-6\/"},"modified":"2023-02-28T15:19:56","modified_gmt":"2023-02-28T14:19:56","slug":"dippy-6","status":"publish","type":"product","link":"https:\/\/quuttoys.com\/fr\/produit\/dippy-6\/","title":{"rendered":"Dippy"},"content":{"rendered":"<p>Couleur: Garden Green<\/p>\n<p>Dimensions: 80 x 20 cm | 31,5 x 8 inches<br \/>\nPoids: \u00b1 120 gr | 0,2 pounds<br \/>\nMati\u00e8re: Vinyle durable<\/p>\n<p>\u00c9galement disponible dans d\u2019autres couleurs:<br \/>\nBanana Blue<br \/>\nBanana Pink<\/p>\n<h3>Le saviez-vous?<\/h3>\n<p><em>Tous les produits sont garantis sans BPA, phtalates ni latex et sont \u00e9videmment 100% recyclables. Chez Quut nous sommes persuad\u00e9s que<br \/>\nlorsque se cr\u00e9e une histoire d\u2019amour avec son jouet pr\u00e9f\u00e9r\u00e9 on le garde soigneusement Et ainsi il sera transmis<br \/>\nde g\u00e9n\u00e9ration en g\u00e9n\u00e9ration. La durabilit\u00e9 au niveau sup\u00e9rieur!<\/em><\/p>\n","protected":false},"excerpt":{"rendered":"<p>Transformez votre jardin en une v\u00e9ritable oasis de plaisir en y installant une Quut Dippy. Avec les couleurs et graphismes raffin\u00e9s vous vous croirez au bord d\u2019une \u00e9l\u00e9gante piscine dans un paradis tropical et les motifs marins sur le fond de la piscine vous emm\u00e8neront dans d\u2019excitantes aventures aquatiques.<br \/>\nLes petits adoreront y barboter et patauger et toute la famille pourra s\u2019y rafra\u00eechir les jours de grande chaleur. Apr\u00e8s-midi entre amis, weekend relax ou staycation, avec la piscine de Quut le succ\u00e8s est garanti pour petits et grands.<\/p>\n[fusion_checklist icon=\"ok\" iconcolor=\"#aaaaaa\" circle=\"no\"]<\/p>\n<ul>\n<li>\n<div>Vinyle durable<\/div>\n<\/li>\n<li>\n<div>Vannes faciles<\/div>\n<\/li>\n<li>\n<div>Motifs marins sur le fond de la piscine<\/div>\n<\/li>\n<li>\n<div>Non toxique, sans phtalates ni autres conservateurs nocifs<\/div>\n<\/li>\n<li>\n<div>100% recyclable<\/div>\n<\/li>\n<\/ul>\n<p>[\/fusion_checklist]\n","protected":false},"featured_media":51268,"template":"","meta":{"_coblocks_attr":"","_coblocks_dimensions":"","_coblocks_responsive_height":"","_coblocks_accordion_ie_support":"","_crdt_document":"","jetpack_post_was_ever_published":false,"jetpack_publicize_message":"","jetpack_publicize_feature_enabled":true,"jetpack_social_post_already_shared":true,"jetpack_social_options":{"image_generator_settings":{"template":"highway","default_image_id":0,"font":"","enabled":false},"version":2},"_wpas_customize_per_network":false},"product_brand":[],"product_cat":[20594,20585,20263,20264],"product_tag":[],"class_list":{"0":"post-51274","1":"product","2":"type-product","3":"status-publish","4":"has-post-thumbnail","6":"product_cat-dippy-fr","7":"product_cat-garden-green-fr","8":"product_cat-outdoor-fr","9":"product_cat-plage","11":"first","12":"instock","13":"shipping-taxable","14":"product-type-simple"},"yoast_head":"<!-- This site is optimized with the Yoast SEO plugin v27.3 - https:\/\/yoast.com\/product\/yoast-seo-wordpress\/ -->\n<title>Dippy - QUUT<\/title>\n<meta name=\"description\" content=\"Turn your garden or patio into a fun-filled oasis (for the entire family) with Quut Dippy. Its stylish colors and prints are reminiscent of lazy days by the pool in a tropical paradise. Thanks to the vivid graphics of aquatic life on the bottom of the pool, you can imagine to explore the deep ocean.\u00a0\" \/>\n<meta name=\"robots\" content=\"index, follow, max-snippet:-1, max-image-preview:large, max-video-preview:-1\" \/>\n<link rel=\"canonical\" href=\"https:\/\/quuttoys.com\/fr\/produit\/dippy-6\/\" \/>\n<meta property=\"og:locale\" content=\"fr_FR\" \/>\n<meta property=\"og:type\" content=\"article\" \/>\n<meta property=\"og:title\" content=\"Dippy - QUUT\" \/>\n<meta property=\"og:description\" content=\"Turn your garden or patio into a fun-filled oasis (for the entire family) with Quut Dippy. Its stylish colors and prints are reminiscent of lazy days by the pool in a tropical paradise. Thanks to the vivid graphics of aquatic life on the bottom of the pool, you can imagine to explore the deep ocean.\u00a0\" \/>\n<meta property=\"og:url\" content=\"https:\/\/quuttoys.com\/fr\/produit\/dippy-6\/\" \/>\n<meta property=\"og:site_name\" content=\"QUUT\" \/>\n<meta property=\"article:modified_time\" content=\"2023-02-28T14:19:56+00:00\" \/>\n<meta property=\"og:image\" content=\"https:\/\/i0.wp.com\/quuttoys.com\/wp-content\/uploads\/2023\/02\/173502-Dippy-Garden-Green-S-1-1.jpg?fit=1900%2C1900&ssl=1\" \/>\n\t<meta property=\"og:image:width\" content=\"1900\" \/>\n\t<meta property=\"og:image:height\" content=\"1900\" \/>\n\t<meta property=\"og:image:type\" content=\"image\/jpeg\" \/>\n<meta name=\"twitter:card\" content=\"summary_large_image\" \/>\n<meta name=\"twitter:label1\" content=\"Dur\u00e9e de lecture estim\u00e9e\" \/>\n\t<meta name=\"twitter:data1\" content=\"1 minute\" \/>\n<script type=\"application\/ld+json\" class=\"yoast-schema-graph\">{\"@context\":\"https:\\\/\\\/schema.org\",\"@graph\":[{\"@type\":\"WebPage\",\"@id\":\"https:\\\/\\\/quuttoys.com\\\/fr\\\/produit\\\/dippy-6\\\/\",\"url\":\"https:\\\/\\\/quuttoys.com\\\/fr\\\/produit\\\/dippy-6\\\/\",\"name\":\"Dippy - QUUT\",\"isPartOf\":{\"@id\":\"https:\\\/\\\/quuttoys.com\\\/fr\\\/#website\"},\"primaryImageOfPage\":{\"@id\":\"https:\\\/\\\/quuttoys.com\\\/fr\\\/produit\\\/dippy-6\\\/#primaryimage\"},\"image\":{\"@id\":\"https:\\\/\\\/quuttoys.com\\\/fr\\\/produit\\\/dippy-6\\\/#primaryimage\"},\"thumbnailUrl\":\"https:\\\/\\\/i0.wp.com\\\/quuttoys.com\\\/wp-content\\\/uploads\\\/2023\\\/02\\\/173502-Dippy-Garden-Green-S-1-1.jpg?fit=1900%2C1900&ssl=1\",\"datePublished\":\"2023-02-28T13:54:38+00:00\",\"dateModified\":\"2023-02-28T14:19:56+00:00\",\"description\":\"Turn your garden or patio into a fun-filled oasis (for the entire family) with Quut Dippy. Its stylish colors and prints are reminiscent of lazy days by the pool in a tropical paradise. Thanks to the vivid graphics of aquatic life on the bottom of the pool, you can imagine to explore the deep ocean.\u00a0\",\"breadcrumb\":{\"@id\":\"https:\\\/\\\/quuttoys.com\\\/fr\\\/produit\\\/dippy-6\\\/#breadcrumb\"},\"inLanguage\":\"fr-FR\",\"potentialAction\":[{\"@type\":\"ReadAction\",\"target\":[\"https:\\\/\\\/quuttoys.com\\\/fr\\\/produit\\\/dippy-6\\\/\"]}]},{\"@type\":\"ImageObject\",\"inLanguage\":\"fr-FR\",\"@id\":\"https:\\\/\\\/quuttoys.com\\\/fr\\\/produit\\\/dippy-6\\\/#primaryimage\",\"url\":\"https:\\\/\\\/i0.wp.com\\\/quuttoys.com\\\/wp-content\\\/uploads\\\/2023\\\/02\\\/173502-Dippy-Garden-Green-S-1-1.jpg?fit=1900%2C1900&ssl=1\",\"contentUrl\":\"https:\\\/\\\/i0.wp.com\\\/quuttoys.com\\\/wp-content\\\/uploads\\\/2023\\\/02\\\/173502-Dippy-Garden-Green-S-1-1.jpg?fit=1900%2C1900&ssl=1\",\"width\":1900,\"height\":1900},{\"@type\":\"BreadcrumbList\",\"@id\":\"https:\\\/\\\/quuttoys.com\\\/fr\\\/produit\\\/dippy-6\\\/#breadcrumb\",\"itemListElement\":[{\"@type\":\"ListItem\",\"position\":1,\"name\":\"Home\",\"item\":\"https:\\\/\\\/quuttoys.com\\\/fr\\\/\"},{\"@type\":\"ListItem\",\"position\":2,\"name\":\"All products\",\"item\":\"https:\\\/\\\/quuttoys.com\\\/all-products\\\/\"},{\"@type\":\"ListItem\",\"position\":3,\"name\":\"Dippy\"}]},{\"@type\":\"WebSite\",\"@id\":\"https:\\\/\\\/quuttoys.com\\\/fr\\\/#website\",\"url\":\"https:\\\/\\\/quuttoys.com\\\/fr\\\/\",\"name\":\"QUUT\",\"description\":\"Quality toys quality time - Anywhere anytime\",\"potentialAction\":[{\"@type\":\"SearchAction\",\"target\":{\"@type\":\"EntryPoint\",\"urlTemplate\":\"https:\\\/\\\/quuttoys.com\\\/fr\\\/?s={search_term_string}\"},\"query-input\":{\"@type\":\"PropertyValueSpecification\",\"valueRequired\":true,\"valueName\":\"search_term_string\"}}],\"inLanguage\":\"fr-FR\"}]}<\/script>\n<!-- \/ Yoast SEO plugin. -->","yoast_head_json":{"title":"Dippy - QUUT","description":"Turn your garden or patio into a fun-filled oasis (for the entire family) with Quut Dippy. Its stylish colors and prints are reminiscent of lazy days by the pool in a tropical paradise. Thanks to the vivid graphics of aquatic life on the bottom of the pool, you can imagine to explore the deep ocean.\u00a0","robots":{"index":"index","follow":"follow","max-snippet":"max-snippet:-1","max-image-preview":"max-image-preview:large","max-video-preview":"max-video-preview:-1"},"canonical":"https:\/\/quuttoys.com\/fr\/produit\/dippy-6\/","og_locale":"fr_FR","og_type":"article","og_title":"Dippy - QUUT","og_description":"Turn your garden or patio into a fun-filled oasis (for the entire family) with Quut Dippy. Its stylish colors and prints are reminiscent of lazy days by the pool in a tropical paradise. Thanks to the vivid graphics of aquatic life on the bottom of the pool, you can imagine to explore the deep ocean.\u00a0","og_url":"https:\/\/quuttoys.com\/fr\/produit\/dippy-6\/","og_site_name":"QUUT","article_modified_time":"2023-02-28T14:19:56+00:00","og_image":[{"width":1900,"height":1900,"url":"https:\/\/i0.wp.com\/quuttoys.com\/wp-content\/uploads\/2023\/02\/173502-Dippy-Garden-Green-S-1-1.jpg?fit=1900%2C1900&ssl=1","type":"image\/jpeg"}],"twitter_card":"summary_large_image","twitter_misc":{"Dur\u00e9e de lecture estim\u00e9e":"1 minute"},"schema":{"@context":"https:\/\/schema.org","@graph":[{"@type":"WebPage","@id":"https:\/\/quuttoys.com\/fr\/produit\/dippy-6\/","url":"https:\/\/quuttoys.com\/fr\/produit\/dippy-6\/","name":"Dippy - QUUT","isPartOf":{"@id":"https:\/\/quuttoys.com\/fr\/#website"},"primaryImageOfPage":{"@id":"https:\/\/quuttoys.com\/fr\/produit\/dippy-6\/#primaryimage"},"image":{"@id":"https:\/\/quuttoys.com\/fr\/produit\/dippy-6\/#primaryimage"},"thumbnailUrl":"https:\/\/i0.wp.com\/quuttoys.com\/wp-content\/uploads\/2023\/02\/173502-Dippy-Garden-Green-S-1-1.jpg?fit=1900%2C1900&ssl=1","datePublished":"2023-02-28T13:54:38+00:00","dateModified":"2023-02-28T14:19:56+00:00","description":"Turn your garden or patio into a fun-filled oasis (for the entire family) with Quut Dippy. Its stylish colors and prints are reminiscent of lazy days by the pool in a tropical paradise. Thanks to the vivid graphics of aquatic life on the bottom of the pool, you can imagine to explore the deep ocean.\u00a0","breadcrumb":{"@id":"https:\/\/quuttoys.com\/fr\/produit\/dippy-6\/#breadcrumb"},"inLanguage":"fr-FR","potentialAction":[{"@type":"ReadAction","target":["https:\/\/quuttoys.com\/fr\/produit\/dippy-6\/"]}]},{"@type":"ImageObject","inLanguage":"fr-FR","@id":"https:\/\/quuttoys.com\/fr\/produit\/dippy-6\/#primaryimage","url":"https:\/\/i0.wp.com\/quuttoys.com\/wp-content\/uploads\/2023\/02\/173502-Dippy-Garden-Green-S-1-1.jpg?fit=1900%2C1900&ssl=1","contentUrl":"https:\/\/i0.wp.com\/quuttoys.com\/wp-content\/uploads\/2023\/02\/173502-Dippy-Garden-Green-S-1-1.jpg?fit=1900%2C1900&ssl=1","width":1900,"height":1900},{"@type":"BreadcrumbList","@id":"https:\/\/quuttoys.com\/fr\/produit\/dippy-6\/#breadcrumb","itemListElement":[{"@type":"ListItem","position":1,"name":"Home","item":"https:\/\/quuttoys.com\/fr\/"},{"@type":"ListItem","position":2,"name":"All products","item":"https:\/\/quuttoys.com\/all-products\/"},{"@type":"ListItem","position":3,"name":"Dippy"}]},{"@type":"WebSite","@id":"https:\/\/quuttoys.com\/fr\/#website","url":"https:\/\/quuttoys.com\/fr\/","name":"QUUT","description":"Quality toys quality time - Anywhere anytime","potentialAction":[{"@type":"SearchAction","target":{"@type":"EntryPoint","urlTemplate":"https:\/\/quuttoys.com\/fr\/?s={search_term_string}"},"query-input":{"@type":"PropertyValueSpecification","valueRequired":true,"valueName":"search_term_string"}}],"inLanguage":"fr-FR"}]}},"jetpack_publicize_connections":[],"jetpack_likes_enabled":false,"jetpack_sharing_enabled":false,"amp_enabled":true,"_links":{"self":[{"href":"https:\/\/quuttoys.com\/fr\/wp-json\/wp\/v2\/product\/51274","targetHints":{"allow":["GET"]}}],"collection":[{"href":"https:\/\/quuttoys.com\/fr\/wp-json\/wp\/v2\/product"}],"about":[{"href":"https:\/\/quuttoys.com\/fr\/wp-json\/wp\/v2\/types\/product"}],"wp:featuredmedia":[{"embeddable":true,"href":"https:\/\/quuttoys.com\/fr\/wp-json\/wp\/v2\/media\/51268"}],"wp:attachment":[{"href":"https:\/\/quuttoys.com\/fr\/wp-json\/wp\/v2\/media?parent=51274"}],"wp:term":[{"taxonomy":"product_brand","embeddable":true,"href":"https:\/\/quuttoys.com\/fr\/wp-json\/wp\/v2\/product_brand?post=51274"},{"taxonomy":"product_cat","embeddable":true,"href":"https:\/\/quuttoys.com\/fr\/wp-json\/wp\/v2\/product_cat?post=51274"},{"taxonomy":"product_tag","embeddable":true,"href":"https:\/\/quuttoys.com\/fr\/wp-json\/wp\/v2\/product_tag?post=51274"}],"curies":[{"name":"wp","href":"https:\/\/api.w.org\/{rel}","templated":true}]}}