{"id":51682,"date":"2023-04-18T09:47:31","date_gmt":"2023-04-18T07:47:31","guid":{"rendered":"https:\/\/quuttoys.com\/?post_type=product&#038;p=51682"},"modified":"2023-10-19T15:05:17","modified_gmt":"2023-10-19T13:05:17","slug":"swim-ring","status":"publish","type":"product","link":"https:\/\/quuttoys.com\/fr\/produit\/swim-ring\/","title":{"rendered":"Swim Ring \u00d8 40 cm"},"content":{"rendered":"<p>Couleur: Garden Green<\/p>\n<p>Dimensions:\u00a0\u00d8\u00a040 cm | \u00d8 16 inches<br \/>\nPoids: \u00b1 100 gr | 0,22 pounds<br \/>\nMati\u00e8re: Vinyle durable<\/p>\n<p>\u00c9galement disponible dans d\u2019autres couleurs:<br \/>\nBanana Blue<br \/>\nCherry<\/p>\n<h3>Le saviez-vous?<\/h3>\n<p><em>Tous les produits sont garantis sans BPA, phtalates ni latex et sont \u00e9videmment 100% recyclables.<br \/>\n<\/em><em>Chez Quut nous sommes persuad\u00e9s que\u00a0lorsque se cr\u00e9e une histoire d\u2019amour avec son jouet pr\u00e9f\u00e9r\u00e9 on le garde soigneusement.<br \/>\nEt ainsi il sera transmis\u00a0de g\u00e9n\u00e9ration en g\u00e9n\u00e9ration. La durabilit\u00e9 au niveau sup\u00e9rieur!<\/em><\/p>\n<h3>Nettoyage et entretien<\/h3>\n<div class=\"ewa-rteLine\">Rincez soigneusement apr\u00e8s chaque utilisation et laissez secher \u00e0 l&rsquo;air avant de le plier.<\/div>\n<div class=\"ewa-rteLine\">Ne rangez pas dans un endroit avec une temp\u00e9rature en dessous de la temp\u00e9rature ambiante.<\/div>\n","protected":false},"excerpt":{"rendered":"<div class=\"ewa-rteLine\">Deux fois plus de plaisir dans l&rsquo;eau avec nos bou\u00e9es joyeusement color\u00e9.<\/div>\n<div class=\"ewa-rteLine\">Un v\u00e9ritable &lsquo;must have&rsquo; pour tous les plaisirs aquatiques!<\/div>\n<div class=\"ewa-rteLine\">Choisissez votre couleur pr\u00e9f\u00e9r\u00e9e : Vert jardin, Rose banane ou Bleu banane<\/div>\n[fusion_checklist icon=\"ok\" iconcolor=\"#aaaaaa\" circle=\"no\"]<\/p>\n<ul>\n<li>\n<div class=\"ewa-rteLine\">Id\u00e9al d\u00e8s l&rsquo;\u00e2ge de 18 mois avec un diam\u00e8tre de 40cm (16inch), et peut \u00eatre utilis\u00e9 jusqu&rsquo;\u00e0 l&rsquo;\u00e2ge de 3 \u00e0 4 ans<\/div>\n<\/li>\n<li>\n<div class=\"ewa-rteLine\">Vinyle durable, 0,25mm d&rsquo;\u00e9paisseur, soit environ 30% plus \u00e9pais que la plupart des marques sur le march\u00e9<\/div>\n<\/li>\n<li>\n<div class=\"ewa-rteLine\">Vannes faciles<\/div>\n<\/li>\n<li>\n<div class=\"ewa-rteLine\">Facile \u00e0 gonfler et \u00e0 transporter<\/div>\n<\/li>\n<li>\n<div class=\"ewa-rteLine\">Livr\u00e9 avec un patch de r\u00e9paration<\/div>\n<\/li>\n<li>\n<div class=\"ewa-rteLine\">Couleurs design<\/div>\n<\/li>\n<li>\n<div class=\"ewa-rteLine\">Non toxique, sans phtalates ni autres conservateurs nocifs<\/div>\n<\/li>\n<li>\n<div class=\"ewa-rteLine\">100% recyclable<\/div>\n<\/li>\n<\/ul>\n<p>[\/fusion_checklist]\n","protected":false},"featured_media":51506,"template":"","meta":{"_coblocks_attr":"","_coblocks_dimensions":"","_coblocks_responsive_height":"","_coblocks_accordion_ie_support":"","_crdt_document":"","jetpack_post_was_ever_published":false,"jetpack_publicize_message":"","jetpack_publicize_feature_enabled":true,"jetpack_social_post_already_shared":true,"jetpack_social_options":{"image_generator_settings":{"template":"highway","default_image_id":0,"font":"","enabled":false},"version":2},"_wpas_customize_per_network":false},"product_brand":[],"product_cat":[20585,20687,20681],"product_tag":[],"class_list":{"0":"post-51682","1":"product","2":"type-product","3":"status-publish","4":"has-post-thumbnail","6":"product_cat-garden-green-fr","7":"product_cat-swim-ring-fr","8":"product_cat-swim-ring","10":"first","11":"instock","12":"shipping-taxable","13":"product-type-simple"},"yoast_head":"<!-- This site is optimized with the Yoast SEO plugin v27.0 - https:\/\/yoast.com\/product\/yoast-seo-wordpress\/ -->\n<title>Swim Ring \u00d8 40 cm - QUUT<\/title>\n<meta name=\"robots\" content=\"index, follow, max-snippet:-1, max-image-preview:large, max-video-preview:-1\" \/>\n<link rel=\"canonical\" href=\"https:\/\/quuttoys.com\/fr\/produit\/swim-ring\/\" \/>\n<meta property=\"og:locale\" content=\"fr_FR\" \/>\n<meta property=\"og:type\" content=\"article\" \/>\n<meta property=\"og:title\" content=\"Swim Ring \u00d8 40 cm - QUUT\" \/>\n<meta property=\"og:description\" content=\"Deux fois plus de plaisir dans l&#039;eau avec nos bou\u00e9es joyeusement color\u00e9. Un v\u00e9ritable &#039;must have&#039; pour tous les plaisirs aquatiques! Choisissez votre couleur pr\u00e9f\u00e9r\u00e9e : Vert jardin, Rose banane ou Bleu banane\" \/>\n<meta property=\"og:url\" content=\"https:\/\/quuttoys.com\/fr\/produit\/swim-ring\/\" \/>\n<meta property=\"og:site_name\" content=\"QUUT\" \/>\n<meta property=\"article:modified_time\" content=\"2023-10-19T13:05:17+00:00\" \/>\n<meta property=\"og:image\" content=\"https:\/\/quuttoys.com\/wp-content\/uploads\/2023\/03\/173328-Swim-ring-40cm-Garden-Green-1.jpg\" \/>\n\t<meta property=\"og:image:width\" content=\"1002\" \/>\n\t<meta property=\"og:image:height\" content=\"1002\" \/>\n\t<meta property=\"og:image:type\" content=\"image\/jpeg\" \/>\n<meta name=\"twitter:card\" content=\"summary_large_image\" \/>\n<meta name=\"twitter:label1\" content=\"Dur\u00e9e de lecture estim\u00e9e\" \/>\n\t<meta name=\"twitter:data1\" content=\"1 minute\" \/>\n<script type=\"application\/ld+json\" class=\"yoast-schema-graph\">{\"@context\":\"https:\/\/schema.org\",\"@graph\":[{\"@type\":\"WebPage\",\"@id\":\"https:\/\/quuttoys.com\/fr\/produit\/swim-ring\/\",\"url\":\"https:\/\/quuttoys.com\/fr\/produit\/swim-ring\/\",\"name\":\"Swim Ring \u00d8 40 cm - QUUT\",\"isPartOf\":{\"@id\":\"https:\/\/quuttoys.com\/fr\/#website\"},\"primaryImageOfPage\":{\"@id\":\"https:\/\/quuttoys.com\/fr\/produit\/swim-ring\/#primaryimage\"},\"image\":{\"@id\":\"https:\/\/quuttoys.com\/fr\/produit\/swim-ring\/#primaryimage\"},\"thumbnailUrl\":\"https:\/\/i0.wp.com\/quuttoys.com\/wp-content\/uploads\/2023\/03\/173328-Swim-ring-40cm-Garden-Green-1.jpg?fit=1002%2C1002&ssl=1\",\"datePublished\":\"2023-04-18T07:47:31+00:00\",\"dateModified\":\"2023-10-19T13:05:17+00:00\",\"breadcrumb\":{\"@id\":\"https:\/\/quuttoys.com\/fr\/produit\/swim-ring\/#breadcrumb\"},\"inLanguage\":\"fr-FR\",\"potentialAction\":[{\"@type\":\"ReadAction\",\"target\":[\"https:\/\/quuttoys.com\/fr\/produit\/swim-ring\/\"]}]},{\"@type\":\"ImageObject\",\"inLanguage\":\"fr-FR\",\"@id\":\"https:\/\/quuttoys.com\/fr\/produit\/swim-ring\/#primaryimage\",\"url\":\"https:\/\/i0.wp.com\/quuttoys.com\/wp-content\/uploads\/2023\/03\/173328-Swim-ring-40cm-Garden-Green-1.jpg?fit=1002%2C1002&ssl=1\",\"contentUrl\":\"https:\/\/i0.wp.com\/quuttoys.com\/wp-content\/uploads\/2023\/03\/173328-Swim-ring-40cm-Garden-Green-1.jpg?fit=1002%2C1002&ssl=1\",\"width\":1002,\"height\":1002},{\"@type\":\"BreadcrumbList\",\"@id\":\"https:\/\/quuttoys.com\/fr\/produit\/swim-ring\/#breadcrumb\",\"itemListElement\":[{\"@type\":\"ListItem\",\"position\":1,\"name\":\"Home\",\"item\":\"https:\/\/quuttoys.com\/fr\/\"},{\"@type\":\"ListItem\",\"position\":2,\"name\":\"All products\",\"item\":\"https:\/\/quuttoys.com\/all-products\/\"},{\"@type\":\"ListItem\",\"position\":3,\"name\":\"Swim Ring \u00d8 40 cm\"}]},{\"@type\":\"WebSite\",\"@id\":\"https:\/\/quuttoys.com\/fr\/#website\",\"url\":\"https:\/\/quuttoys.com\/fr\/\",\"name\":\"QUUT\",\"description\":\"Quality toys quality time - Anywhere anytime\",\"potentialAction\":[{\"@type\":\"SearchAction\",\"target\":{\"@type\":\"EntryPoint\",\"urlTemplate\":\"https:\/\/quuttoys.com\/fr\/?s={search_term_string}\"},\"query-input\":{\"@type\":\"PropertyValueSpecification\",\"valueRequired\":true,\"valueName\":\"search_term_string\"}}],\"inLanguage\":\"fr-FR\"}]}<\/script>\n<!-- \/ Yoast SEO plugin. -->","yoast_head_json":{"title":"Swim Ring \u00d8 40 cm - QUUT","robots":{"index":"index","follow":"follow","max-snippet":"max-snippet:-1","max-image-preview":"max-image-preview:large","max-video-preview":"max-video-preview:-1"},"canonical":"https:\/\/quuttoys.com\/fr\/produit\/swim-ring\/","og_locale":"fr_FR","og_type":"article","og_title":"Swim Ring \u00d8 40 cm - QUUT","og_description":"Deux fois plus de plaisir dans l'eau avec nos bou\u00e9es joyeusement color\u00e9. Un v\u00e9ritable 'must have' pour tous les plaisirs aquatiques! Choisissez votre couleur pr\u00e9f\u00e9r\u00e9e : Vert jardin, Rose banane ou Bleu banane","og_url":"https:\/\/quuttoys.com\/fr\/produit\/swim-ring\/","og_site_name":"QUUT","article_modified_time":"2023-10-19T13:05:17+00:00","og_image":[{"width":1002,"height":1002,"url":"https:\/\/quuttoys.com\/wp-content\/uploads\/2023\/03\/173328-Swim-ring-40cm-Garden-Green-1.jpg","type":"image\/jpeg"}],"twitter_card":"summary_large_image","twitter_misc":{"Dur\u00e9e de lecture estim\u00e9e":"1 minute"},"schema":{"@context":"https:\/\/schema.org","@graph":[{"@type":"WebPage","@id":"https:\/\/quuttoys.com\/fr\/produit\/swim-ring\/","url":"https:\/\/quuttoys.com\/fr\/produit\/swim-ring\/","name":"Swim Ring \u00d8 40 cm - QUUT","isPartOf":{"@id":"https:\/\/quuttoys.com\/fr\/#website"},"primaryImageOfPage":{"@id":"https:\/\/quuttoys.com\/fr\/produit\/swim-ring\/#primaryimage"},"image":{"@id":"https:\/\/quuttoys.com\/fr\/produit\/swim-ring\/#primaryimage"},"thumbnailUrl":"https:\/\/i0.wp.com\/quuttoys.com\/wp-content\/uploads\/2023\/03\/173328-Swim-ring-40cm-Garden-Green-1.jpg?fit=1002%2C1002&ssl=1","datePublished":"2023-04-18T07:47:31+00:00","dateModified":"2023-10-19T13:05:17+00:00","breadcrumb":{"@id":"https:\/\/quuttoys.com\/fr\/produit\/swim-ring\/#breadcrumb"},"inLanguage":"fr-FR","potentialAction":[{"@type":"ReadAction","target":["https:\/\/quuttoys.com\/fr\/produit\/swim-ring\/"]}]},{"@type":"ImageObject","inLanguage":"fr-FR","@id":"https:\/\/quuttoys.com\/fr\/produit\/swim-ring\/#primaryimage","url":"https:\/\/i0.wp.com\/quuttoys.com\/wp-content\/uploads\/2023\/03\/173328-Swim-ring-40cm-Garden-Green-1.jpg?fit=1002%2C1002&ssl=1","contentUrl":"https:\/\/i0.wp.com\/quuttoys.com\/wp-content\/uploads\/2023\/03\/173328-Swim-ring-40cm-Garden-Green-1.jpg?fit=1002%2C1002&ssl=1","width":1002,"height":1002},{"@type":"BreadcrumbList","@id":"https:\/\/quuttoys.com\/fr\/produit\/swim-ring\/#breadcrumb","itemListElement":[{"@type":"ListItem","position":1,"name":"Home","item":"https:\/\/quuttoys.com\/fr\/"},{"@type":"ListItem","position":2,"name":"All products","item":"https:\/\/quuttoys.com\/all-products\/"},{"@type":"ListItem","position":3,"name":"Swim Ring \u00d8 40 cm"}]},{"@type":"WebSite","@id":"https:\/\/quuttoys.com\/fr\/#website","url":"https:\/\/quuttoys.com\/fr\/","name":"QUUT","description":"Quality toys quality time - Anywhere anytime","potentialAction":[{"@type":"SearchAction","target":{"@type":"EntryPoint","urlTemplate":"https:\/\/quuttoys.com\/fr\/?s={search_term_string}"},"query-input":{"@type":"PropertyValueSpecification","valueRequired":true,"valueName":"search_term_string"}}],"inLanguage":"fr-FR"}]}},"jetpack_publicize_connections":[],"jetpack_likes_enabled":true,"jetpack_sharing_enabled":true,"amp_enabled":true,"_links":{"self":[{"href":"https:\/\/quuttoys.com\/fr\/wp-json\/wp\/v2\/product\/51682","targetHints":{"allow":["GET"]}}],"collection":[{"href":"https:\/\/quuttoys.com\/fr\/wp-json\/wp\/v2\/product"}],"about":[{"href":"https:\/\/quuttoys.com\/fr\/wp-json\/wp\/v2\/types\/product"}],"wp:featuredmedia":[{"embeddable":true,"href":"https:\/\/quuttoys.com\/fr\/wp-json\/wp\/v2\/media\/51506"}],"wp:attachment":[{"href":"https:\/\/quuttoys.com\/fr\/wp-json\/wp\/v2\/media?parent=51682"}],"wp:term":[{"taxonomy":"product_brand","embeddable":true,"href":"https:\/\/quuttoys.com\/fr\/wp-json\/wp\/v2\/product_brand?post=51682"},{"taxonomy":"product_cat","embeddable":true,"href":"https:\/\/quuttoys.com\/fr\/wp-json\/wp\/v2\/product_cat?post=51682"},{"taxonomy":"product_tag","embeddable":true,"href":"https:\/\/quuttoys.com\/fr\/wp-json\/wp\/v2\/product_tag?post=51682"}],"curies":[{"name":"wp","href":"https:\/\/api.w.org\/{rel}","templated":true}]}}