{"id":52802,"date":"2024-03-05T11:51:49","date_gmt":"2024-03-05T10:51:49","guid":{"rendered":"https:\/\/quuttoys.com\/?post_type=product&#038;p=52802"},"modified":"2024-03-05T11:54:59","modified_gmt":"2024-03-05T10:54:59","slug":"jeu-du-pecheur-mer-profonde","status":"publish","type":"product","link":"https:\/\/quuttoys.com\/fr\/produit\/jeu-du-pecheur-mer-profonde\/","title":{"rendered":"Jeu du p\u00eacheur Mer Profonde"},"content":{"rendered":"<p>Dimensions: 124 x 185 x 37mm | 49 x 73 x 15 inches<br \/>\nPoids: \u00b1 90 gr | 0.2 pounds<br \/>\nMati\u00e8re: Silicone + EVA + coton<\/p>\n<h3 class=\"fusion-responsive-typography-calculated\" data-fontsize=\"16\" data-lineheight=\"30.079999923706055px\">Le saviez-vous?<\/h3>\n<p><em>Tous les produits sont garantis sans BPA, phtalates ni latex et sont \u00e9videmment 100% recyclables. Chez Quut nous sommes persuad\u00e9s que\u00a0lorsque se cr\u00e9e une histoire d\u2019amour avec son jouet pr\u00e9f\u00e9r\u00e9 on le garde soigneusement Et ainsi il sera transmis\u00a0de g\u00e9n\u00e9ration en g\u00e9n\u00e9ration. La durabilit\u00e9 au niveau sup\u00e9rieur!<\/em><\/p>\n<h3 class=\"fusion-responsive-typography-calculated\" data-fontsize=\"16\" data-lineheight=\"30.079999923706055px\">Nettoyage et entretien<\/h3>\n<p>Rincez soigneusement apr\u00e8s chaque utilisation et placez-le dans un endroit o\u00f9 il peut s\u00e9cher compl\u00e8tement. Nettoyez avec un d\u00e9tergent doux si n\u00e9cessaire.<\/p>\n","protected":false},"excerpt":{"rendered":"<div class=\"ewa-rteLine\">\n<p>Doublez le plaisir avec notre ensemble de stickers de bain p\u00eache! Les blocs en mousse flottent et adh\u00e8rent. Assistez \u00e0 l\u2019aventure de p\u00eache se d\u00e9rouler &#8211; pas besoin d\u2019aimants, juste de l\u2019eau! Deux fois plus d\u2019excitation, pour affiner la coordination main-\u0153il dans une imagination ludique.<\/p>\n<\/div>\n<div>\n[fusion_checklist icon=\"ok\" iconcolor=\"#aaaaaa\" circle=\"no\"]<\/p>\n<ul>\n<li>\n<div class=\"ewa-rteLine\">Id\u00e9al pour travailler la coordination \u0153il-main<\/div>\n<\/li>\n<li>\n<div class=\"ewa-rteLine\">Stimule la cr\u00e9ativit\u00e9 et la motricit\u00e9 fine<\/div>\n<\/li>\n<li>\n<div class=\"ewa-rteLine\">Adapt\u00e9 aux petites mains<\/div>\n<\/li>\n<li>\n<div class=\"ewa-rteLine\">Facile \u00e0 nettoyer<\/div>\n<\/li>\n<li>\n<div class=\"ewa-rteLine\">Sans substances nocives (BPA, phtalates, latex, etc.)<\/div>\n<\/li>\n<\/ul>\n<p>[\/fusion_checklist]\n<\/div>\n","protected":false},"featured_media":52770,"template":"","meta":{"_coblocks_attr":"","_coblocks_dimensions":"","_coblocks_responsive_height":"","_coblocks_accordion_ie_support":"","_crdt_document":"","jetpack_publicize_message":"","jetpack_publicize_feature_enabled":true,"jetpack_social_post_already_shared":true,"jetpack_social_options":{"image_generator_settings":{"template":"highway","default_image_id":0,"font":"","enabled":false},"version":2},"_wpas_customize_per_network":false},"product_brand":[],"product_cat":[20771],"product_tag":[],"class_list":{"0":"post-52802","1":"product","2":"type-product","3":"status-publish","4":"has-post-thumbnail","6":"product_cat-peche","8":"first","9":"instock","10":"shipping-taxable","11":"product-type-simple"},"yoast_head":"<!-- This site is optimized with the Yoast SEO plugin v27.4 - https:\/\/yoast.com\/product\/yoast-seo-wordpress\/ -->\n<title>Jeu du p\u00eacheur Mer Profonde - QUUT<\/title>\n<meta name=\"description\" content=\"Les blocs en mousse flottent et adh\u00e8rent. Assistez \u00e0 l\u2019aventure de p\u00eache se d\u00e9rouler - pas besoin d\u2019aimants, juste de l\u2019eau!\" \/>\n<meta name=\"robots\" content=\"index, follow, max-snippet:-1, max-image-preview:large, max-video-preview:-1\" \/>\n<link rel=\"canonical\" href=\"https:\/\/quuttoys.com\/fr\/produit\/jeu-du-pecheur-mer-profonde\/\" \/>\n<meta property=\"og:locale\" content=\"fr_FR\" \/>\n<meta property=\"og:type\" content=\"article\" \/>\n<meta property=\"og:title\" content=\"Jeu du p\u00eacheur Mer Profonde - QUUT\" \/>\n<meta property=\"og:description\" content=\"Les blocs en mousse flottent et adh\u00e8rent. Assistez \u00e0 l\u2019aventure de p\u00eache se d\u00e9rouler - pas besoin d\u2019aimants, juste de l\u2019eau!\" \/>\n<meta property=\"og:url\" content=\"https:\/\/quuttoys.com\/fr\/produit\/jeu-du-pecheur-mer-profonde\/\" \/>\n<meta property=\"og:site_name\" content=\"QUUT\" \/>\n<meta property=\"article:modified_time\" content=\"2024-03-05T10:54:59+00:00\" \/>\n<meta property=\"og:image\" content=\"https:\/\/quuttoys.com\/wp-content\/uploads\/2024\/03\/deepsea5.jpg\" \/>\n\t<meta property=\"og:image:width\" content=\"1920\" \/>\n\t<meta property=\"og:image:height\" content=\"1919\" \/>\n\t<meta property=\"og:image:type\" content=\"image\/jpeg\" \/>\n<meta name=\"twitter:card\" content=\"summary_large_image\" \/>\n<meta name=\"twitter:label1\" content=\"Dur\u00e9e de lecture estim\u00e9e\" \/>\n\t<meta name=\"twitter:data1\" content=\"1 minute\" \/>\n<script type=\"application\/ld+json\" class=\"yoast-schema-graph\">{\"@context\":\"https:\\\/\\\/schema.org\",\"@graph\":[{\"@type\":\"WebPage\",\"@id\":\"https:\\\/\\\/quuttoys.com\\\/fr\\\/produit\\\/jeu-du-pecheur-mer-profonde\\\/\",\"url\":\"https:\\\/\\\/quuttoys.com\\\/fr\\\/produit\\\/jeu-du-pecheur-mer-profonde\\\/\",\"name\":\"Jeu du p\u00eacheur Mer Profonde - QUUT\",\"isPartOf\":{\"@id\":\"https:\\\/\\\/quuttoys.com\\\/fr\\\/#website\"},\"primaryImageOfPage\":{\"@id\":\"https:\\\/\\\/quuttoys.com\\\/fr\\\/produit\\\/jeu-du-pecheur-mer-profonde\\\/#primaryimage\"},\"image\":{\"@id\":\"https:\\\/\\\/quuttoys.com\\\/fr\\\/produit\\\/jeu-du-pecheur-mer-profonde\\\/#primaryimage\"},\"thumbnailUrl\":\"https:\\\/\\\/i0.wp.com\\\/quuttoys.com\\\/wp-content\\\/uploads\\\/2024\\\/03\\\/deepsea5.jpg?fit=1920%2C1919&ssl=1\",\"datePublished\":\"2024-03-05T10:51:49+00:00\",\"dateModified\":\"2024-03-05T10:54:59+00:00\",\"description\":\"Les blocs en mousse flottent et adh\u00e8rent. Assistez \u00e0 l\u2019aventure de p\u00eache se d\u00e9rouler - pas besoin d\u2019aimants, juste de l\u2019eau!\",\"breadcrumb\":{\"@id\":\"https:\\\/\\\/quuttoys.com\\\/fr\\\/produit\\\/jeu-du-pecheur-mer-profonde\\\/#breadcrumb\"},\"inLanguage\":\"fr-FR\",\"potentialAction\":[{\"@type\":\"ReadAction\",\"target\":[\"https:\\\/\\\/quuttoys.com\\\/fr\\\/produit\\\/jeu-du-pecheur-mer-profonde\\\/\"]}]},{\"@type\":\"ImageObject\",\"inLanguage\":\"fr-FR\",\"@id\":\"https:\\\/\\\/quuttoys.com\\\/fr\\\/produit\\\/jeu-du-pecheur-mer-profonde\\\/#primaryimage\",\"url\":\"https:\\\/\\\/i0.wp.com\\\/quuttoys.com\\\/wp-content\\\/uploads\\\/2024\\\/03\\\/deepsea5.jpg?fit=1920%2C1919&ssl=1\",\"contentUrl\":\"https:\\\/\\\/i0.wp.com\\\/quuttoys.com\\\/wp-content\\\/uploads\\\/2024\\\/03\\\/deepsea5.jpg?fit=1920%2C1919&ssl=1\",\"width\":1920,\"height\":1919},{\"@type\":\"BreadcrumbList\",\"@id\":\"https:\\\/\\\/quuttoys.com\\\/fr\\\/produit\\\/jeu-du-pecheur-mer-profonde\\\/#breadcrumb\",\"itemListElement\":[{\"@type\":\"ListItem\",\"position\":1,\"name\":\"Home\",\"item\":\"https:\\\/\\\/quuttoys.com\\\/fr\\\/\"},{\"@type\":\"ListItem\",\"position\":2,\"name\":\"All products\",\"item\":\"https:\\\/\\\/quuttoys.com\\\/all-products\\\/\"},{\"@type\":\"ListItem\",\"position\":3,\"name\":\"Jeu du p\u00eacheur Mer Profonde\"}]},{\"@type\":\"WebSite\",\"@id\":\"https:\\\/\\\/quuttoys.com\\\/fr\\\/#website\",\"url\":\"https:\\\/\\\/quuttoys.com\\\/fr\\\/\",\"name\":\"QUUT\",\"description\":\"Quality toys quality time - Anywhere anytime\",\"potentialAction\":[{\"@type\":\"SearchAction\",\"target\":{\"@type\":\"EntryPoint\",\"urlTemplate\":\"https:\\\/\\\/quuttoys.com\\\/fr\\\/?s={search_term_string}\"},\"query-input\":{\"@type\":\"PropertyValueSpecification\",\"valueRequired\":true,\"valueName\":\"search_term_string\"}}],\"inLanguage\":\"fr-FR\"}]}<\/script>\n<!-- \/ Yoast SEO plugin. -->","yoast_head_json":{"title":"Jeu du p\u00eacheur Mer Profonde - QUUT","description":"Les blocs en mousse flottent et adh\u00e8rent. Assistez \u00e0 l\u2019aventure de p\u00eache se d\u00e9rouler - pas besoin d\u2019aimants, juste de l\u2019eau!","robots":{"index":"index","follow":"follow","max-snippet":"max-snippet:-1","max-image-preview":"max-image-preview:large","max-video-preview":"max-video-preview:-1"},"canonical":"https:\/\/quuttoys.com\/fr\/produit\/jeu-du-pecheur-mer-profonde\/","og_locale":"fr_FR","og_type":"article","og_title":"Jeu du p\u00eacheur Mer Profonde - QUUT","og_description":"Les blocs en mousse flottent et adh\u00e8rent. Assistez \u00e0 l\u2019aventure de p\u00eache se d\u00e9rouler - pas besoin d\u2019aimants, juste de l\u2019eau!","og_url":"https:\/\/quuttoys.com\/fr\/produit\/jeu-du-pecheur-mer-profonde\/","og_site_name":"QUUT","article_modified_time":"2024-03-05T10:54:59+00:00","og_image":[{"width":1920,"height":1919,"url":"https:\/\/quuttoys.com\/wp-content\/uploads\/2024\/03\/deepsea5.jpg","type":"image\/jpeg"}],"twitter_card":"summary_large_image","twitter_misc":{"Dur\u00e9e de lecture estim\u00e9e":"1 minute"},"schema":{"@context":"https:\/\/schema.org","@graph":[{"@type":"WebPage","@id":"https:\/\/quuttoys.com\/fr\/produit\/jeu-du-pecheur-mer-profonde\/","url":"https:\/\/quuttoys.com\/fr\/produit\/jeu-du-pecheur-mer-profonde\/","name":"Jeu du p\u00eacheur Mer Profonde - QUUT","isPartOf":{"@id":"https:\/\/quuttoys.com\/fr\/#website"},"primaryImageOfPage":{"@id":"https:\/\/quuttoys.com\/fr\/produit\/jeu-du-pecheur-mer-profonde\/#primaryimage"},"image":{"@id":"https:\/\/quuttoys.com\/fr\/produit\/jeu-du-pecheur-mer-profonde\/#primaryimage"},"thumbnailUrl":"https:\/\/i0.wp.com\/quuttoys.com\/wp-content\/uploads\/2024\/03\/deepsea5.jpg?fit=1920%2C1919&ssl=1","datePublished":"2024-03-05T10:51:49+00:00","dateModified":"2024-03-05T10:54:59+00:00","description":"Les blocs en mousse flottent et adh\u00e8rent. Assistez \u00e0 l\u2019aventure de p\u00eache se d\u00e9rouler - pas besoin d\u2019aimants, juste de l\u2019eau!","breadcrumb":{"@id":"https:\/\/quuttoys.com\/fr\/produit\/jeu-du-pecheur-mer-profonde\/#breadcrumb"},"inLanguage":"fr-FR","potentialAction":[{"@type":"ReadAction","target":["https:\/\/quuttoys.com\/fr\/produit\/jeu-du-pecheur-mer-profonde\/"]}]},{"@type":"ImageObject","inLanguage":"fr-FR","@id":"https:\/\/quuttoys.com\/fr\/produit\/jeu-du-pecheur-mer-profonde\/#primaryimage","url":"https:\/\/i0.wp.com\/quuttoys.com\/wp-content\/uploads\/2024\/03\/deepsea5.jpg?fit=1920%2C1919&ssl=1","contentUrl":"https:\/\/i0.wp.com\/quuttoys.com\/wp-content\/uploads\/2024\/03\/deepsea5.jpg?fit=1920%2C1919&ssl=1","width":1920,"height":1919},{"@type":"BreadcrumbList","@id":"https:\/\/quuttoys.com\/fr\/produit\/jeu-du-pecheur-mer-profonde\/#breadcrumb","itemListElement":[{"@type":"ListItem","position":1,"name":"Home","item":"https:\/\/quuttoys.com\/fr\/"},{"@type":"ListItem","position":2,"name":"All products","item":"https:\/\/quuttoys.com\/all-products\/"},{"@type":"ListItem","position":3,"name":"Jeu du p\u00eacheur Mer Profonde"}]},{"@type":"WebSite","@id":"https:\/\/quuttoys.com\/fr\/#website","url":"https:\/\/quuttoys.com\/fr\/","name":"QUUT","description":"Quality toys quality time - Anywhere anytime","potentialAction":[{"@type":"SearchAction","target":{"@type":"EntryPoint","urlTemplate":"https:\/\/quuttoys.com\/fr\/?s={search_term_string}"},"query-input":{"@type":"PropertyValueSpecification","valueRequired":true,"valueName":"search_term_string"}}],"inLanguage":"fr-FR"}]}},"jetpack_publicize_connections":[],"jetpack_likes_enabled":true,"jetpack_sharing_enabled":true,"amp_enabled":true,"_links":{"self":[{"href":"https:\/\/quuttoys.com\/fr\/wp-json\/wp\/v2\/product\/52802","targetHints":{"allow":["GET"]}}],"collection":[{"href":"https:\/\/quuttoys.com\/fr\/wp-json\/wp\/v2\/product"}],"about":[{"href":"https:\/\/quuttoys.com\/fr\/wp-json\/wp\/v2\/types\/product"}],"wp:featuredmedia":[{"embeddable":true,"href":"https:\/\/quuttoys.com\/fr\/wp-json\/wp\/v2\/media\/52770"}],"wp:attachment":[{"href":"https:\/\/quuttoys.com\/fr\/wp-json\/wp\/v2\/media?parent=52802"}],"wp:term":[{"taxonomy":"product_brand","embeddable":true,"href":"https:\/\/quuttoys.com\/fr\/wp-json\/wp\/v2\/product_brand?post=52802"},{"taxonomy":"product_cat","embeddable":true,"href":"https:\/\/quuttoys.com\/fr\/wp-json\/wp\/v2\/product_cat?post=52802"},{"taxonomy":"product_tag","embeddable":true,"href":"https:\/\/quuttoys.com\/fr\/wp-json\/wp\/v2\/product_tag?post=52802"}],"curies":[{"name":"wp","href":"https:\/\/api.w.org\/{rel}","templated":true}]}}