{"id":52982,"date":"2024-04-23T13:33:03","date_gmt":"2024-04-23T11:33:03","guid":{"rendered":"https:\/\/quuttoys.com\/?post_type=product&#038;p=52982"},"modified":"2024-04-23T13:35:06","modified_gmt":"2024-04-23T11:35:06","slug":"noodle-friends-hippocampe","status":"publish","type":"product","link":"https:\/\/quuttoys.com\/fr\/produit\/noodle-friends-hippocampe\/","title":{"rendered":"Noodle Friends"},"content":{"rendered":"<p>Couleur: Hippocampe<\/p>\n<p>Dimensions: 88 x 15 cm | 33 x 6 inches<br \/>\nPoids: \u00b1 95 gr | 0,21 pounds<br \/>\nMati\u00e8re: Vinyle durable<\/p>\n<p>\u00c9galement disponible dans d\u2019autres couleurs:<br \/>\nDino<br \/>\nGiraffe<br \/>\nCheval<\/p>\n<h3>Le saviez-vous?<\/h3>\n<p><em>Tous les produits sont garantis sans BPA, phtalates ni latex et sont \u00e9videmment 100% recyclables.<br \/>\n<\/em><em>Chez Quut nous sommes persuad\u00e9s que\u00a0lorsque se cr\u00e9e une histoire d\u2019amour avec son jouet pr\u00e9f\u00e9r\u00e9 on le garde soigneusement.<br \/>\nEt ainsi il sera transmis\u00a0de g\u00e9n\u00e9ration en g\u00e9n\u00e9ration. La durabilit\u00e9 au niveau sup\u00e9rieur!<\/em><\/p>\n<h3>Nettoyage et entretien<\/h3>\n<div class=\"ewa-rteLine\">Rincez soigneusement apr\u00e8s chaque utilisation et laissez secher \u00e0 l&rsquo;air avant de le plier.<\/div>\n<div class=\"ewa-rteLine\">Ne rangez pas dans un endroit avec une temp\u00e9rature en dessous de la temp\u00e9rature ambiante.<\/div>\n","protected":false},"excerpt":{"rendered":"<p>Cheval \u00e0 baton ou nouille piscine, tout est possible avec nos amis gonflables. Laissez libre cours \u00e0 l&rsquo;imagination de vos petits.<\/p>\n[fusion_checklist icon=\"ok\" iconcolor=\"#aaaaaa\" circle=\"no\"]<\/p>\n<ul>\n<li>\n<div class=\"ewa-rteLine\">Vinyle durable, 0,25mm d&rsquo;\u00e9paisseur, soit environ 30% plus \u00e9pais que la plupart des marques sur le march\u00e9<\/div>\n<\/li>\n<li>\n<div class=\"ewa-rteLine\">\u00e0 partir de 3 ans<\/div>\n<\/li>\n<li>\n<div class=\"ewa-rteLine\">Vannes faciles<\/div>\n<\/li>\n<li>\n<div class=\"ewa-rteLine\">Facile \u00e0 gonfler et \u00e0 transporter<\/div>\n<\/li>\n<li>\n<div class=\"ewa-rteLine\">Livr\u00e9 avec un patch de r\u00e9paration<\/div>\n<\/li>\n<li>\n<div class=\"ewa-rteLine\">Non toxique, sans phtalates ni autres conservateurs nocifs<\/div>\n<\/li>\n<li>\n<div class=\"ewa-rteLine\">100% recyclable<\/div>\n<\/li>\n<li>\n<div class=\"ewa-rteLine\">85 cm (33inch)<\/div>\n<\/li>\n<\/ul>\n<p>[\/fusion_checklist]\n","protected":false},"featured_media":52978,"template":"","meta":{"_coblocks_attr":"","_coblocks_dimensions":"","_coblocks_responsive_height":"","_coblocks_accordion_ie_support":"","_crdt_document":"","jetpack_post_was_ever_published":false,"jetpack_publicize_message":"","jetpack_publicize_feature_enabled":true,"jetpack_social_post_already_shared":true,"jetpack_social_options":{"image_generator_settings":{"template":"highway","default_image_id":0,"font":"","enabled":false},"version":2},"_wpas_customize_per_network":false},"product_brand":[],"product_cat":[20766,20664,20263,20264],"product_tag":[],"class_list":{"0":"post-52982","1":"product","2":"type-product","3":"status-publish","4":"has-post-thumbnail","6":"product_cat-musthave-2","7":"product_cat-noodle-friends","8":"product_cat-outdoor-fr","9":"product_cat-plage","11":"first","12":"instock","13":"shipping-taxable","14":"product-type-simple"},"yoast_head":"<!-- This site is optimized with the Yoast SEO plugin v27.2 - https:\/\/yoast.com\/product\/yoast-seo-wordpress\/ -->\n<title>Noodle Friends - QUUT<\/title>\n<meta name=\"description\" content=\"Cheval \u00e0 baton ou nouille piscine, tout est possible avec nos amis gonflables.Laissez libre cours \u00e0 l\u2019imagination de vos petits.\" \/>\n<meta name=\"robots\" content=\"index, follow, max-snippet:-1, max-image-preview:large, max-video-preview:-1\" \/>\n<link rel=\"canonical\" href=\"https:\/\/quuttoys.com\/fr\/produit\/noodle-friends-hippocampe\/\" \/>\n<meta property=\"og:locale\" content=\"fr_FR\" \/>\n<meta property=\"og:type\" content=\"article\" \/>\n<meta property=\"og:title\" content=\"Noodle Friends - QUUT\" \/>\n<meta property=\"og:description\" content=\"Cheval \u00e0 baton ou nouille piscine, tout est possible avec nos amis gonflables.Laissez libre cours \u00e0 l\u2019imagination de vos petits.\" \/>\n<meta property=\"og:url\" content=\"https:\/\/quuttoys.com\/fr\/produit\/noodle-friends-hippocampe\/\" \/>\n<meta property=\"og:site_name\" content=\"QUUT\" \/>\n<meta property=\"article:modified_time\" content=\"2024-04-23T11:35:06+00:00\" \/>\n<meta property=\"og:image\" content=\"https:\/\/quuttoys.com\/wp-content\/uploads\/2024\/04\/seahorse-Quut1.jpg\" \/>\n\t<meta property=\"og:image:width\" content=\"1500\" \/>\n\t<meta property=\"og:image:height\" content=\"1500\" \/>\n\t<meta property=\"og:image:type\" content=\"image\/jpeg\" \/>\n<meta name=\"twitter:card\" content=\"summary_large_image\" \/>\n<meta name=\"twitter:label1\" content=\"Dur\u00e9e de lecture estim\u00e9e\" \/>\n\t<meta name=\"twitter:data1\" content=\"1 minute\" \/>\n<script type=\"application\/ld+json\" class=\"yoast-schema-graph\">{\"@context\":\"https:\/\/schema.org\",\"@graph\":[{\"@type\":\"WebPage\",\"@id\":\"https:\/\/quuttoys.com\/fr\/produit\/noodle-friends-hippocampe\/\",\"url\":\"https:\/\/quuttoys.com\/fr\/produit\/noodle-friends-hippocampe\/\",\"name\":\"Noodle Friends - QUUT\",\"isPartOf\":{\"@id\":\"https:\/\/quuttoys.com\/fr\/#website\"},\"primaryImageOfPage\":{\"@id\":\"https:\/\/quuttoys.com\/fr\/produit\/noodle-friends-hippocampe\/#primaryimage\"},\"image\":{\"@id\":\"https:\/\/quuttoys.com\/fr\/produit\/noodle-friends-hippocampe\/#primaryimage\"},\"thumbnailUrl\":\"https:\/\/i0.wp.com\/quuttoys.com\/wp-content\/uploads\/2024\/04\/seahorse-Quut1.jpg?fit=1500%2C1500&ssl=1\",\"datePublished\":\"2024-04-23T11:33:03+00:00\",\"dateModified\":\"2024-04-23T11:35:06+00:00\",\"description\":\"Cheval \u00e0 baton ou nouille piscine, tout est possible avec nos amis gonflables.Laissez libre cours \u00e0 l\u2019imagination de vos petits.\",\"breadcrumb\":{\"@id\":\"https:\/\/quuttoys.com\/fr\/produit\/noodle-friends-hippocampe\/#breadcrumb\"},\"inLanguage\":\"fr-FR\",\"potentialAction\":[{\"@type\":\"ReadAction\",\"target\":[\"https:\/\/quuttoys.com\/fr\/produit\/noodle-friends-hippocampe\/\"]}]},{\"@type\":\"ImageObject\",\"inLanguage\":\"fr-FR\",\"@id\":\"https:\/\/quuttoys.com\/fr\/produit\/noodle-friends-hippocampe\/#primaryimage\",\"url\":\"https:\/\/i0.wp.com\/quuttoys.com\/wp-content\/uploads\/2024\/04\/seahorse-Quut1.jpg?fit=1500%2C1500&ssl=1\",\"contentUrl\":\"https:\/\/i0.wp.com\/quuttoys.com\/wp-content\/uploads\/2024\/04\/seahorse-Quut1.jpg?fit=1500%2C1500&ssl=1\",\"width\":1500,\"height\":1500},{\"@type\":\"BreadcrumbList\",\"@id\":\"https:\/\/quuttoys.com\/fr\/produit\/noodle-friends-hippocampe\/#breadcrumb\",\"itemListElement\":[{\"@type\":\"ListItem\",\"position\":1,\"name\":\"Home\",\"item\":\"https:\/\/quuttoys.com\/fr\/\"},{\"@type\":\"ListItem\",\"position\":2,\"name\":\"All products\",\"item\":\"https:\/\/quuttoys.com\/all-products\/\"},{\"@type\":\"ListItem\",\"position\":3,\"name\":\"Noodle Friends\"}]},{\"@type\":\"WebSite\",\"@id\":\"https:\/\/quuttoys.com\/fr\/#website\",\"url\":\"https:\/\/quuttoys.com\/fr\/\",\"name\":\"QUUT\",\"description\":\"Quality toys quality time - Anywhere anytime\",\"potentialAction\":[{\"@type\":\"SearchAction\",\"target\":{\"@type\":\"EntryPoint\",\"urlTemplate\":\"https:\/\/quuttoys.com\/fr\/?s={search_term_string}\"},\"query-input\":{\"@type\":\"PropertyValueSpecification\",\"valueRequired\":true,\"valueName\":\"search_term_string\"}}],\"inLanguage\":\"fr-FR\"}]}<\/script>\n<!-- \/ Yoast SEO plugin. -->","yoast_head_json":{"title":"Noodle Friends - QUUT","description":"Cheval \u00e0 baton ou nouille piscine, tout est possible avec nos amis gonflables.Laissez libre cours \u00e0 l\u2019imagination de vos petits.","robots":{"index":"index","follow":"follow","max-snippet":"max-snippet:-1","max-image-preview":"max-image-preview:large","max-video-preview":"max-video-preview:-1"},"canonical":"https:\/\/quuttoys.com\/fr\/produit\/noodle-friends-hippocampe\/","og_locale":"fr_FR","og_type":"article","og_title":"Noodle Friends - QUUT","og_description":"Cheval \u00e0 baton ou nouille piscine, tout est possible avec nos amis gonflables.Laissez libre cours \u00e0 l\u2019imagination de vos petits.","og_url":"https:\/\/quuttoys.com\/fr\/produit\/noodle-friends-hippocampe\/","og_site_name":"QUUT","article_modified_time":"2024-04-23T11:35:06+00:00","og_image":[{"width":1500,"height":1500,"url":"https:\/\/quuttoys.com\/wp-content\/uploads\/2024\/04\/seahorse-Quut1.jpg","type":"image\/jpeg"}],"twitter_card":"summary_large_image","twitter_misc":{"Dur\u00e9e de lecture estim\u00e9e":"1 minute"},"schema":{"@context":"https:\/\/schema.org","@graph":[{"@type":"WebPage","@id":"https:\/\/quuttoys.com\/fr\/produit\/noodle-friends-hippocampe\/","url":"https:\/\/quuttoys.com\/fr\/produit\/noodle-friends-hippocampe\/","name":"Noodle Friends - QUUT","isPartOf":{"@id":"https:\/\/quuttoys.com\/fr\/#website"},"primaryImageOfPage":{"@id":"https:\/\/quuttoys.com\/fr\/produit\/noodle-friends-hippocampe\/#primaryimage"},"image":{"@id":"https:\/\/quuttoys.com\/fr\/produit\/noodle-friends-hippocampe\/#primaryimage"},"thumbnailUrl":"https:\/\/i0.wp.com\/quuttoys.com\/wp-content\/uploads\/2024\/04\/seahorse-Quut1.jpg?fit=1500%2C1500&ssl=1","datePublished":"2024-04-23T11:33:03+00:00","dateModified":"2024-04-23T11:35:06+00:00","description":"Cheval \u00e0 baton ou nouille piscine, tout est possible avec nos amis gonflables.Laissez libre cours \u00e0 l\u2019imagination de vos petits.","breadcrumb":{"@id":"https:\/\/quuttoys.com\/fr\/produit\/noodle-friends-hippocampe\/#breadcrumb"},"inLanguage":"fr-FR","potentialAction":[{"@type":"ReadAction","target":["https:\/\/quuttoys.com\/fr\/produit\/noodle-friends-hippocampe\/"]}]},{"@type":"ImageObject","inLanguage":"fr-FR","@id":"https:\/\/quuttoys.com\/fr\/produit\/noodle-friends-hippocampe\/#primaryimage","url":"https:\/\/i0.wp.com\/quuttoys.com\/wp-content\/uploads\/2024\/04\/seahorse-Quut1.jpg?fit=1500%2C1500&ssl=1","contentUrl":"https:\/\/i0.wp.com\/quuttoys.com\/wp-content\/uploads\/2024\/04\/seahorse-Quut1.jpg?fit=1500%2C1500&ssl=1","width":1500,"height":1500},{"@type":"BreadcrumbList","@id":"https:\/\/quuttoys.com\/fr\/produit\/noodle-friends-hippocampe\/#breadcrumb","itemListElement":[{"@type":"ListItem","position":1,"name":"Home","item":"https:\/\/quuttoys.com\/fr\/"},{"@type":"ListItem","position":2,"name":"All products","item":"https:\/\/quuttoys.com\/all-products\/"},{"@type":"ListItem","position":3,"name":"Noodle Friends"}]},{"@type":"WebSite","@id":"https:\/\/quuttoys.com\/fr\/#website","url":"https:\/\/quuttoys.com\/fr\/","name":"QUUT","description":"Quality toys quality time - Anywhere anytime","potentialAction":[{"@type":"SearchAction","target":{"@type":"EntryPoint","urlTemplate":"https:\/\/quuttoys.com\/fr\/?s={search_term_string}"},"query-input":{"@type":"PropertyValueSpecification","valueRequired":true,"valueName":"search_term_string"}}],"inLanguage":"fr-FR"}]}},"jetpack_publicize_connections":[],"jetpack_likes_enabled":false,"jetpack_sharing_enabled":false,"amp_enabled":true,"_links":{"self":[{"href":"https:\/\/quuttoys.com\/fr\/wp-json\/wp\/v2\/product\/52982","targetHints":{"allow":["GET"]}}],"collection":[{"href":"https:\/\/quuttoys.com\/fr\/wp-json\/wp\/v2\/product"}],"about":[{"href":"https:\/\/quuttoys.com\/fr\/wp-json\/wp\/v2\/types\/product"}],"wp:featuredmedia":[{"embeddable":true,"href":"https:\/\/quuttoys.com\/fr\/wp-json\/wp\/v2\/media\/52978"}],"wp:attachment":[{"href":"https:\/\/quuttoys.com\/fr\/wp-json\/wp\/v2\/media?parent=52982"}],"wp:term":[{"taxonomy":"product_brand","embeddable":true,"href":"https:\/\/quuttoys.com\/fr\/wp-json\/wp\/v2\/product_brand?post=52982"},{"taxonomy":"product_cat","embeddable":true,"href":"https:\/\/quuttoys.com\/fr\/wp-json\/wp\/v2\/product_cat?post=52982"},{"taxonomy":"product_tag","embeddable":true,"href":"https:\/\/quuttoys.com\/fr\/wp-json\/wp\/v2\/product_tag?post=52982"}],"curies":[{"name":"wp","href":"https:\/\/api.w.org\/{rel}","templated":true}]}}