{"id":53056,"date":"2024-04-23T15:32:40","date_gmt":"2024-04-23T13:32:40","guid":{"rendered":"https:\/\/quuttoys.com\/?post_type=product&#038;p=53056"},"modified":"2024-04-23T15:32:40","modified_gmt":"2024-04-23T13:32:40","slug":"jouets-de-plongee-deepsea","status":"publish","type":"product","link":"https:\/\/quuttoys.com\/fr\/produit\/jouets-de-plongee-deepsea\/","title":{"rendered":"Jouets de plong\u00e9e"},"content":{"rendered":"<p><strong>Description<\/strong><br \/>\n3 Jouets de Plong\u00e9e par ensemble<br \/>\nTaille d&rsquo;une pi\u00e8ce : 100 x 90 x 20 mm | 4 x 3,5 x 9 x 0,8 pouces<br \/>\nPoids : \u00b1 130 g | 0,3 lb<br \/>\nMat\u00e9riau : N\u00e9opr\u00e8ne \u00e0 s\u00e9chage rapide<br \/>\nEmballage : Sac en coton<\/p>\n","protected":false},"excerpt":{"rendered":"<p>Plongez dans des aventures sous-marines avec ces jouets de plong\u00e9e ludiques. Parfait pour initier vos enfants \u00e0 la plong\u00e9e de mani\u00e8re amusante! Il suffit de jeter les jouets dans l&rsquo;eau et de laisser votre enfant profiter pour les r\u00e9cup\u00e9rer. Id\u00e9al pour les plus petits dans une pataugeoire ou dans le bain. Fabriqu\u00e9s en n\u00e9opr\u00e8ne \u00e0 s\u00e9chage rapide, ces jouets sont livr\u00e9s dans un sac en coton pratique pour un transport facile lors de chaque sortie.<\/p>\n<p>Initiation de vos enfants \u00e0 la plong\u00e9e<br \/>\nFavorise le jeu cr\u00e9atif<br \/>\nFacile \u00e0 manipuler par de petites mains<br \/>\nFacile \u00e0 nettoyer<br \/>\n3 jouets de plong\u00e9e par ensemble<\/p>\n","protected":false},"featured_media":52921,"template":"","meta":{"_coblocks_attr":"","_coblocks_dimensions":"","_coblocks_responsive_height":"","_coblocks_accordion_ie_support":"","_crdt_document":"","jetpack_publicize_message":"","jetpack_publicize_feature_enabled":true,"jetpack_social_post_already_shared":true,"jetpack_social_options":{"image_generator_settings":{"template":"highway","default_image_id":0,"font":"","enabled":false},"version":2},"_wpas_customize_per_network":false},"product_brand":[],"product_cat":[20785],"product_tag":[],"class_list":{"0":"post-53056","1":"product","2":"type-product","3":"status-publish","4":"has-post-thumbnail","6":"product_cat-jouetsdeplongee","8":"first","9":"instock","10":"shipping-taxable","11":"product-type-simple"},"yoast_head":"<!-- This site is optimized with the Yoast SEO plugin v27.4 - https:\/\/yoast.com\/product\/yoast-seo-wordpress\/ -->\n<title>Jouets de plong\u00e9e - QUUT<\/title>\n<meta name=\"description\" content=\"Plongez dans des aventures sous-marines avec ces jouets de plong\u00e9e ludiques. Parfait pour initier vos enfants \u00e0 la plong\u00e9e de mani\u00e8re amusante!\" \/>\n<meta name=\"robots\" content=\"index, follow, max-snippet:-1, max-image-preview:large, max-video-preview:-1\" \/>\n<link rel=\"canonical\" href=\"https:\/\/quuttoys.com\/fr\/produit\/jouets-de-plongee-deepsea\/\" \/>\n<meta property=\"og:locale\" content=\"fr_FR\" \/>\n<meta property=\"og:type\" content=\"article\" \/>\n<meta property=\"og:title\" content=\"Jouets de plong\u00e9e - QUUT\" \/>\n<meta property=\"og:description\" content=\"Plongez dans des aventures sous-marines avec ces jouets de plong\u00e9e ludiques. Parfait pour initier vos enfants \u00e0 la plong\u00e9e de mani\u00e8re amusante!\" \/>\n<meta property=\"og:url\" content=\"https:\/\/quuttoys.com\/fr\/produit\/jouets-de-plongee-deepsea\/\" \/>\n<meta property=\"og:site_name\" content=\"QUUT\" \/>\n<meta property=\"og:image\" content=\"https:\/\/quuttoys.com\/wp-content\/uploads\/2024\/04\/Divetoys-deepsea1.jpg\" \/>\n\t<meta property=\"og:image:width\" content=\"1666\" \/>\n\t<meta property=\"og:image:height\" content=\"1666\" \/>\n\t<meta property=\"og:image:type\" content=\"image\/jpeg\" \/>\n<meta name=\"twitter:card\" content=\"summary_large_image\" \/>\n<meta name=\"twitter:label1\" content=\"Dur\u00e9e de lecture estim\u00e9e\" \/>\n\t<meta name=\"twitter:data1\" content=\"1 minute\" \/>\n<script type=\"application\/ld+json\" class=\"yoast-schema-graph\">{\"@context\":\"https:\\\/\\\/schema.org\",\"@graph\":[{\"@type\":\"WebPage\",\"@id\":\"https:\\\/\\\/quuttoys.com\\\/fr\\\/produit\\\/jouets-de-plongee-deepsea\\\/\",\"url\":\"https:\\\/\\\/quuttoys.com\\\/fr\\\/produit\\\/jouets-de-plongee-deepsea\\\/\",\"name\":\"Jouets de plong\u00e9e - QUUT\",\"isPartOf\":{\"@id\":\"https:\\\/\\\/quuttoys.com\\\/fr\\\/#website\"},\"primaryImageOfPage\":{\"@id\":\"https:\\\/\\\/quuttoys.com\\\/fr\\\/produit\\\/jouets-de-plongee-deepsea\\\/#primaryimage\"},\"image\":{\"@id\":\"https:\\\/\\\/quuttoys.com\\\/fr\\\/produit\\\/jouets-de-plongee-deepsea\\\/#primaryimage\"},\"thumbnailUrl\":\"https:\\\/\\\/i0.wp.com\\\/quuttoys.com\\\/wp-content\\\/uploads\\\/2024\\\/04\\\/Divetoys-deepsea1.jpg?fit=1666%2C1666&ssl=1\",\"datePublished\":\"2024-04-23T13:32:40+00:00\",\"description\":\"Plongez dans des aventures sous-marines avec ces jouets de plong\u00e9e ludiques. Parfait pour initier vos enfants \u00e0 la plong\u00e9e de mani\u00e8re amusante!\",\"breadcrumb\":{\"@id\":\"https:\\\/\\\/quuttoys.com\\\/fr\\\/produit\\\/jouets-de-plongee-deepsea\\\/#breadcrumb\"},\"inLanguage\":\"fr-FR\",\"potentialAction\":[{\"@type\":\"ReadAction\",\"target\":[\"https:\\\/\\\/quuttoys.com\\\/fr\\\/produit\\\/jouets-de-plongee-deepsea\\\/\"]}]},{\"@type\":\"ImageObject\",\"inLanguage\":\"fr-FR\",\"@id\":\"https:\\\/\\\/quuttoys.com\\\/fr\\\/produit\\\/jouets-de-plongee-deepsea\\\/#primaryimage\",\"url\":\"https:\\\/\\\/i0.wp.com\\\/quuttoys.com\\\/wp-content\\\/uploads\\\/2024\\\/04\\\/Divetoys-deepsea1.jpg?fit=1666%2C1666&ssl=1\",\"contentUrl\":\"https:\\\/\\\/i0.wp.com\\\/quuttoys.com\\\/wp-content\\\/uploads\\\/2024\\\/04\\\/Divetoys-deepsea1.jpg?fit=1666%2C1666&ssl=1\",\"width\":1666,\"height\":1666},{\"@type\":\"BreadcrumbList\",\"@id\":\"https:\\\/\\\/quuttoys.com\\\/fr\\\/produit\\\/jouets-de-plongee-deepsea\\\/#breadcrumb\",\"itemListElement\":[{\"@type\":\"ListItem\",\"position\":1,\"name\":\"Home\",\"item\":\"https:\\\/\\\/quuttoys.com\\\/fr\\\/\"},{\"@type\":\"ListItem\",\"position\":2,\"name\":\"All products\",\"item\":\"https:\\\/\\\/quuttoys.com\\\/all-products\\\/\"},{\"@type\":\"ListItem\",\"position\":3,\"name\":\"Jouets de plong\u00e9e\"}]},{\"@type\":\"WebSite\",\"@id\":\"https:\\\/\\\/quuttoys.com\\\/fr\\\/#website\",\"url\":\"https:\\\/\\\/quuttoys.com\\\/fr\\\/\",\"name\":\"QUUT\",\"description\":\"Quality toys quality time - Anywhere anytime\",\"potentialAction\":[{\"@type\":\"SearchAction\",\"target\":{\"@type\":\"EntryPoint\",\"urlTemplate\":\"https:\\\/\\\/quuttoys.com\\\/fr\\\/?s={search_term_string}\"},\"query-input\":{\"@type\":\"PropertyValueSpecification\",\"valueRequired\":true,\"valueName\":\"search_term_string\"}}],\"inLanguage\":\"fr-FR\"}]}<\/script>\n<!-- \/ Yoast SEO plugin. -->","yoast_head_json":{"title":"Jouets de plong\u00e9e - QUUT","description":"Plongez dans des aventures sous-marines avec ces jouets de plong\u00e9e ludiques. Parfait pour initier vos enfants \u00e0 la plong\u00e9e de mani\u00e8re amusante!","robots":{"index":"index","follow":"follow","max-snippet":"max-snippet:-1","max-image-preview":"max-image-preview:large","max-video-preview":"max-video-preview:-1"},"canonical":"https:\/\/quuttoys.com\/fr\/produit\/jouets-de-plongee-deepsea\/","og_locale":"fr_FR","og_type":"article","og_title":"Jouets de plong\u00e9e - QUUT","og_description":"Plongez dans des aventures sous-marines avec ces jouets de plong\u00e9e ludiques. Parfait pour initier vos enfants \u00e0 la plong\u00e9e de mani\u00e8re amusante!","og_url":"https:\/\/quuttoys.com\/fr\/produit\/jouets-de-plongee-deepsea\/","og_site_name":"QUUT","og_image":[{"width":1666,"height":1666,"url":"https:\/\/quuttoys.com\/wp-content\/uploads\/2024\/04\/Divetoys-deepsea1.jpg","type":"image\/jpeg"}],"twitter_card":"summary_large_image","twitter_misc":{"Dur\u00e9e de lecture estim\u00e9e":"1 minute"},"schema":{"@context":"https:\/\/schema.org","@graph":[{"@type":"WebPage","@id":"https:\/\/quuttoys.com\/fr\/produit\/jouets-de-plongee-deepsea\/","url":"https:\/\/quuttoys.com\/fr\/produit\/jouets-de-plongee-deepsea\/","name":"Jouets de plong\u00e9e - QUUT","isPartOf":{"@id":"https:\/\/quuttoys.com\/fr\/#website"},"primaryImageOfPage":{"@id":"https:\/\/quuttoys.com\/fr\/produit\/jouets-de-plongee-deepsea\/#primaryimage"},"image":{"@id":"https:\/\/quuttoys.com\/fr\/produit\/jouets-de-plongee-deepsea\/#primaryimage"},"thumbnailUrl":"https:\/\/i0.wp.com\/quuttoys.com\/wp-content\/uploads\/2024\/04\/Divetoys-deepsea1.jpg?fit=1666%2C1666&ssl=1","datePublished":"2024-04-23T13:32:40+00:00","description":"Plongez dans des aventures sous-marines avec ces jouets de plong\u00e9e ludiques. Parfait pour initier vos enfants \u00e0 la plong\u00e9e de mani\u00e8re amusante!","breadcrumb":{"@id":"https:\/\/quuttoys.com\/fr\/produit\/jouets-de-plongee-deepsea\/#breadcrumb"},"inLanguage":"fr-FR","potentialAction":[{"@type":"ReadAction","target":["https:\/\/quuttoys.com\/fr\/produit\/jouets-de-plongee-deepsea\/"]}]},{"@type":"ImageObject","inLanguage":"fr-FR","@id":"https:\/\/quuttoys.com\/fr\/produit\/jouets-de-plongee-deepsea\/#primaryimage","url":"https:\/\/i0.wp.com\/quuttoys.com\/wp-content\/uploads\/2024\/04\/Divetoys-deepsea1.jpg?fit=1666%2C1666&ssl=1","contentUrl":"https:\/\/i0.wp.com\/quuttoys.com\/wp-content\/uploads\/2024\/04\/Divetoys-deepsea1.jpg?fit=1666%2C1666&ssl=1","width":1666,"height":1666},{"@type":"BreadcrumbList","@id":"https:\/\/quuttoys.com\/fr\/produit\/jouets-de-plongee-deepsea\/#breadcrumb","itemListElement":[{"@type":"ListItem","position":1,"name":"Home","item":"https:\/\/quuttoys.com\/fr\/"},{"@type":"ListItem","position":2,"name":"All products","item":"https:\/\/quuttoys.com\/all-products\/"},{"@type":"ListItem","position":3,"name":"Jouets de plong\u00e9e"}]},{"@type":"WebSite","@id":"https:\/\/quuttoys.com\/fr\/#website","url":"https:\/\/quuttoys.com\/fr\/","name":"QUUT","description":"Quality toys quality time - Anywhere anytime","potentialAction":[{"@type":"SearchAction","target":{"@type":"EntryPoint","urlTemplate":"https:\/\/quuttoys.com\/fr\/?s={search_term_string}"},"query-input":{"@type":"PropertyValueSpecification","valueRequired":true,"valueName":"search_term_string"}}],"inLanguage":"fr-FR"}]}},"jetpack_publicize_connections":[],"jetpack_likes_enabled":true,"jetpack_sharing_enabled":true,"amp_enabled":true,"_links":{"self":[{"href":"https:\/\/quuttoys.com\/fr\/wp-json\/wp\/v2\/product\/53056","targetHints":{"allow":["GET"]}}],"collection":[{"href":"https:\/\/quuttoys.com\/fr\/wp-json\/wp\/v2\/product"}],"about":[{"href":"https:\/\/quuttoys.com\/fr\/wp-json\/wp\/v2\/types\/product"}],"wp:featuredmedia":[{"embeddable":true,"href":"https:\/\/quuttoys.com\/fr\/wp-json\/wp\/v2\/media\/52921"}],"wp:attachment":[{"href":"https:\/\/quuttoys.com\/fr\/wp-json\/wp\/v2\/media?parent=53056"}],"wp:term":[{"taxonomy":"product_brand","embeddable":true,"href":"https:\/\/quuttoys.com\/fr\/wp-json\/wp\/v2\/product_brand?post=53056"},{"taxonomy":"product_cat","embeddable":true,"href":"https:\/\/quuttoys.com\/fr\/wp-json\/wp\/v2\/product_cat?post=53056"},{"taxonomy":"product_tag","embeddable":true,"href":"https:\/\/quuttoys.com\/fr\/wp-json\/wp\/v2\/product_tag?post=53056"}],"curies":[{"name":"wp","href":"https:\/\/api.w.org\/{rel}","templated":true}]}}