{"id":53969,"date":"2024-09-02T12:13:30","date_gmt":"2024-09-02T10:13:30","guid":{"rendered":"https:\/\/quuttoys.com\/?post_type=product&#038;p=53969"},"modified":"2024-09-02T12:14:53","modified_gmt":"2024-09-02T10:14:53","slug":"skippi-menthe","status":"publish","type":"product","link":"https:\/\/quuttoys.com\/fr\/produit\/skippi-menthe\/","title":{"rendered":"Skippi"},"content":{"rendered":"<p>Couleur : Menthe<br \/>\nTaille : 35 x 46 cm | 14 x 18 pouces<br \/>\nMat\u00e9riau : Vinyle \u00e9pais et durable<\/p>\n<p>Egalement disponible en d&rsquo;autres couleurs:<br \/>\nLavande &amp; Bleu Cosmique<\/p>\n<p>Nous recommandons la surveillance d&rsquo;un adulte et l&rsquo;\u00e9loignement des escaliers, des routes et des surfaces glissantes.<br \/>\nTenir ce jouet \u00e0 l&rsquo;\u00e9cart du feu et des sources de chaleur.<br \/>\n\u00c9vitez tout contact avec les surfaces vernies ou peintes pour \u00e9viter qu&rsquo;elles ne se d\u00e9colorent.<\/p>\n<p>Le saviez-vous ?<br \/>\nTous les produits sont exempts de BPA et de latex et sont bien s\u00fbr recyclables. Quut pense que cr\u00e9er une histoire d&rsquo;amour avec son jouet pr\u00e9f\u00e9r\u00e9 signifie que le jouet durera toute la vie. Il peut m\u00eame \u00eatre transmis \u00e0 la g\u00e9n\u00e9ration suivante. La durabilit\u00e9 \u00e0 un niveau sup\u00e9rieur !<\/p>\n","protected":false},"excerpt":{"rendered":"<p>Un ami rebondissant rien que pour vous!<br \/>\nCet adorable dinosaure est l\u00e0 pour rendre le moment de jeu encore plus excitant! Avec son corps doux et color\u00e9, il est parfait pour amuser les petits.<\/p>\n<p>Montez, attrapez les oreilles et c\u2019est parti ! Ce copain gonflable aide aussi \u00e0 am\u00e9liorer la cr\u00e9ativit\u00e9, l\u2019\u00e9quilibre, la coordination et la force musculaire.<br \/>\nQue vous jouiez \u00e0 l\u2019int\u00e9rieur ou \u00e0 l\u2019ext\u00e9rieur, Hoppi sera le fid\u00e8le compagnon<br \/>\nde votre tout-petit.<\/p>\n[fusion_checklist icon=\"ok\" iconcolor=\"#aaaaaa\" circle=\"no\"]<\/p>\n<ul>\n<li>Vinyle \u00e9pais et durable<\/li>\n<li>Sans danger pour la peau de votre enfant<\/li>\n<li>Hauteur d&rsquo;assise 25 cm<\/li>\n<li>Poids maximum recommand\u00e9 50 kgs (100 lbs)<\/li>\n<li>Rapide \u00e0 gonfler et \u00e0 d\u00e9gonfler<\/li>\n<li>Facile \u00e0 transporter et \u00e0 ranger<\/li>\n<\/ul>\n<p>[\/fusion_checklist]\n","protected":false},"featured_media":53976,"template":"","meta":{"_coblocks_attr":"","_coblocks_dimensions":"","_coblocks_responsive_height":"","_coblocks_accordion_ie_support":"","_crdt_document":"","jetpack_post_was_ever_published":false,"jetpack_publicize_message":"","jetpack_publicize_feature_enabled":true,"jetpack_social_post_already_shared":true,"jetpack_social_options":{"image_generator_settings":{"template":"highway","default_image_id":0,"font":"","enabled":false},"version":2},"_wpas_customize_per_network":false},"product_brand":[],"product_cat":[20829],"product_tag":[],"class_list":{"0":"post-53969","1":"product","2":"type-product","3":"status-publish","4":"has-post-thumbnail","6":"product_cat-skippifr","8":"first","9":"instock","10":"shipping-taxable","11":"product-type-simple"},"yoast_head":"<!-- This site is optimized with the Yoast SEO plugin v27.3 - https:\/\/yoast.com\/product\/yoast-seo-wordpress\/ -->\n<title>Skippi - QUUT<\/title>\n<meta name=\"description\" content=\"Ce Skippi adorable est l\u00e0 pour rendre les moments de jeu encore plus amusants et excitants.\" \/>\n<meta name=\"robots\" content=\"index, follow, max-snippet:-1, max-image-preview:large, max-video-preview:-1\" \/>\n<link rel=\"canonical\" href=\"https:\/\/quuttoys.com\/fr\/produit\/skippi-menthe\/\" \/>\n<meta property=\"og:locale\" content=\"fr_FR\" \/>\n<meta property=\"og:type\" content=\"article\" \/>\n<meta property=\"og:title\" content=\"Skippi - QUUT\" \/>\n<meta property=\"og:description\" content=\"Ce Skippi adorable est l\u00e0 pour rendre les moments de jeu encore plus amusants et excitants.\" \/>\n<meta property=\"og:url\" content=\"https:\/\/quuttoys.com\/fr\/produit\/skippi-menthe\/\" \/>\n<meta property=\"og:site_name\" content=\"QUUT\" \/>\n<meta property=\"article:modified_time\" content=\"2024-09-02T10:14:53+00:00\" \/>\n<meta property=\"og:image\" content=\"https:\/\/quuttoys.com\/wp-content\/uploads\/2024\/09\/Skippi-Minty-3-2.jpg\" \/>\n\t<meta property=\"og:image:width\" content=\"1920\" \/>\n\t<meta property=\"og:image:height\" content=\"1920\" \/>\n\t<meta property=\"og:image:type\" content=\"image\/jpeg\" \/>\n<meta name=\"twitter:card\" content=\"summary_large_image\" \/>\n<meta name=\"twitter:label1\" content=\"Dur\u00e9e de lecture estim\u00e9e\" \/>\n\t<meta name=\"twitter:data1\" content=\"1 minute\" \/>\n<script type=\"application\/ld+json\" class=\"yoast-schema-graph\">{\"@context\":\"https:\\\/\\\/schema.org\",\"@graph\":[{\"@type\":\"WebPage\",\"@id\":\"https:\\\/\\\/quuttoys.com\\\/fr\\\/produit\\\/skippi-menthe\\\/\",\"url\":\"https:\\\/\\\/quuttoys.com\\\/fr\\\/produit\\\/skippi-menthe\\\/\",\"name\":\"Skippi - QUUT\",\"isPartOf\":{\"@id\":\"https:\\\/\\\/quuttoys.com\\\/fr\\\/#website\"},\"primaryImageOfPage\":{\"@id\":\"https:\\\/\\\/quuttoys.com\\\/fr\\\/produit\\\/skippi-menthe\\\/#primaryimage\"},\"image\":{\"@id\":\"https:\\\/\\\/quuttoys.com\\\/fr\\\/produit\\\/skippi-menthe\\\/#primaryimage\"},\"thumbnailUrl\":\"https:\\\/\\\/i0.wp.com\\\/quuttoys.com\\\/wp-content\\\/uploads\\\/2024\\\/09\\\/Skippi-Minty-3-2.jpg?fit=1920%2C1920&ssl=1\",\"datePublished\":\"2024-09-02T10:13:30+00:00\",\"dateModified\":\"2024-09-02T10:14:53+00:00\",\"description\":\"Ce Skippi adorable est l\u00e0 pour rendre les moments de jeu encore plus amusants et excitants.\",\"breadcrumb\":{\"@id\":\"https:\\\/\\\/quuttoys.com\\\/fr\\\/produit\\\/skippi-menthe\\\/#breadcrumb\"},\"inLanguage\":\"fr-FR\",\"potentialAction\":[{\"@type\":\"ReadAction\",\"target\":[\"https:\\\/\\\/quuttoys.com\\\/fr\\\/produit\\\/skippi-menthe\\\/\"]}]},{\"@type\":\"ImageObject\",\"inLanguage\":\"fr-FR\",\"@id\":\"https:\\\/\\\/quuttoys.com\\\/fr\\\/produit\\\/skippi-menthe\\\/#primaryimage\",\"url\":\"https:\\\/\\\/i0.wp.com\\\/quuttoys.com\\\/wp-content\\\/uploads\\\/2024\\\/09\\\/Skippi-Minty-3-2.jpg?fit=1920%2C1920&ssl=1\",\"contentUrl\":\"https:\\\/\\\/i0.wp.com\\\/quuttoys.com\\\/wp-content\\\/uploads\\\/2024\\\/09\\\/Skippi-Minty-3-2.jpg?fit=1920%2C1920&ssl=1\",\"width\":1920,\"height\":1920},{\"@type\":\"BreadcrumbList\",\"@id\":\"https:\\\/\\\/quuttoys.com\\\/fr\\\/produit\\\/skippi-menthe\\\/#breadcrumb\",\"itemListElement\":[{\"@type\":\"ListItem\",\"position\":1,\"name\":\"Home\",\"item\":\"https:\\\/\\\/quuttoys.com\\\/fr\\\/\"},{\"@type\":\"ListItem\",\"position\":2,\"name\":\"All products\",\"item\":\"https:\\\/\\\/quuttoys.com\\\/all-products\\\/\"},{\"@type\":\"ListItem\",\"position\":3,\"name\":\"Skippi\"}]},{\"@type\":\"WebSite\",\"@id\":\"https:\\\/\\\/quuttoys.com\\\/fr\\\/#website\",\"url\":\"https:\\\/\\\/quuttoys.com\\\/fr\\\/\",\"name\":\"QUUT\",\"description\":\"Quality toys quality time - Anywhere anytime\",\"potentialAction\":[{\"@type\":\"SearchAction\",\"target\":{\"@type\":\"EntryPoint\",\"urlTemplate\":\"https:\\\/\\\/quuttoys.com\\\/fr\\\/?s={search_term_string}\"},\"query-input\":{\"@type\":\"PropertyValueSpecification\",\"valueRequired\":true,\"valueName\":\"search_term_string\"}}],\"inLanguage\":\"fr-FR\"}]}<\/script>\n<!-- \/ Yoast SEO plugin. -->","yoast_head_json":{"title":"Skippi - QUUT","description":"Ce Skippi adorable est l\u00e0 pour rendre les moments de jeu encore plus amusants et excitants.","robots":{"index":"index","follow":"follow","max-snippet":"max-snippet:-1","max-image-preview":"max-image-preview:large","max-video-preview":"max-video-preview:-1"},"canonical":"https:\/\/quuttoys.com\/fr\/produit\/skippi-menthe\/","og_locale":"fr_FR","og_type":"article","og_title":"Skippi - QUUT","og_description":"Ce Skippi adorable est l\u00e0 pour rendre les moments de jeu encore plus amusants et excitants.","og_url":"https:\/\/quuttoys.com\/fr\/produit\/skippi-menthe\/","og_site_name":"QUUT","article_modified_time":"2024-09-02T10:14:53+00:00","og_image":[{"width":1920,"height":1920,"url":"https:\/\/quuttoys.com\/wp-content\/uploads\/2024\/09\/Skippi-Minty-3-2.jpg","type":"image\/jpeg"}],"twitter_card":"summary_large_image","twitter_misc":{"Dur\u00e9e de lecture estim\u00e9e":"1 minute"},"schema":{"@context":"https:\/\/schema.org","@graph":[{"@type":"WebPage","@id":"https:\/\/quuttoys.com\/fr\/produit\/skippi-menthe\/","url":"https:\/\/quuttoys.com\/fr\/produit\/skippi-menthe\/","name":"Skippi - QUUT","isPartOf":{"@id":"https:\/\/quuttoys.com\/fr\/#website"},"primaryImageOfPage":{"@id":"https:\/\/quuttoys.com\/fr\/produit\/skippi-menthe\/#primaryimage"},"image":{"@id":"https:\/\/quuttoys.com\/fr\/produit\/skippi-menthe\/#primaryimage"},"thumbnailUrl":"https:\/\/i0.wp.com\/quuttoys.com\/wp-content\/uploads\/2024\/09\/Skippi-Minty-3-2.jpg?fit=1920%2C1920&ssl=1","datePublished":"2024-09-02T10:13:30+00:00","dateModified":"2024-09-02T10:14:53+00:00","description":"Ce Skippi adorable est l\u00e0 pour rendre les moments de jeu encore plus amusants et excitants.","breadcrumb":{"@id":"https:\/\/quuttoys.com\/fr\/produit\/skippi-menthe\/#breadcrumb"},"inLanguage":"fr-FR","potentialAction":[{"@type":"ReadAction","target":["https:\/\/quuttoys.com\/fr\/produit\/skippi-menthe\/"]}]},{"@type":"ImageObject","inLanguage":"fr-FR","@id":"https:\/\/quuttoys.com\/fr\/produit\/skippi-menthe\/#primaryimage","url":"https:\/\/i0.wp.com\/quuttoys.com\/wp-content\/uploads\/2024\/09\/Skippi-Minty-3-2.jpg?fit=1920%2C1920&ssl=1","contentUrl":"https:\/\/i0.wp.com\/quuttoys.com\/wp-content\/uploads\/2024\/09\/Skippi-Minty-3-2.jpg?fit=1920%2C1920&ssl=1","width":1920,"height":1920},{"@type":"BreadcrumbList","@id":"https:\/\/quuttoys.com\/fr\/produit\/skippi-menthe\/#breadcrumb","itemListElement":[{"@type":"ListItem","position":1,"name":"Home","item":"https:\/\/quuttoys.com\/fr\/"},{"@type":"ListItem","position":2,"name":"All products","item":"https:\/\/quuttoys.com\/all-products\/"},{"@type":"ListItem","position":3,"name":"Skippi"}]},{"@type":"WebSite","@id":"https:\/\/quuttoys.com\/fr\/#website","url":"https:\/\/quuttoys.com\/fr\/","name":"QUUT","description":"Quality toys quality time - Anywhere anytime","potentialAction":[{"@type":"SearchAction","target":{"@type":"EntryPoint","urlTemplate":"https:\/\/quuttoys.com\/fr\/?s={search_term_string}"},"query-input":{"@type":"PropertyValueSpecification","valueRequired":true,"valueName":"search_term_string"}}],"inLanguage":"fr-FR"}]}},"jetpack_publicize_connections":[],"jetpack_likes_enabled":true,"jetpack_sharing_enabled":true,"amp_enabled":true,"_links":{"self":[{"href":"https:\/\/quuttoys.com\/fr\/wp-json\/wp\/v2\/product\/53969","targetHints":{"allow":["GET"]}}],"collection":[{"href":"https:\/\/quuttoys.com\/fr\/wp-json\/wp\/v2\/product"}],"about":[{"href":"https:\/\/quuttoys.com\/fr\/wp-json\/wp\/v2\/types\/product"}],"wp:featuredmedia":[{"embeddable":true,"href":"https:\/\/quuttoys.com\/fr\/wp-json\/wp\/v2\/media\/53976"}],"wp:attachment":[{"href":"https:\/\/quuttoys.com\/fr\/wp-json\/wp\/v2\/media?parent=53969"}],"wp:term":[{"taxonomy":"product_brand","embeddable":true,"href":"https:\/\/quuttoys.com\/fr\/wp-json\/wp\/v2\/product_brand?post=53969"},{"taxonomy":"product_cat","embeddable":true,"href":"https:\/\/quuttoys.com\/fr\/wp-json\/wp\/v2\/product_cat?post=53969"},{"taxonomy":"product_tag","embeddable":true,"href":"https:\/\/quuttoys.com\/fr\/wp-json\/wp\/v2\/product_tag?post=53969"}],"curies":[{"name":"wp","href":"https:\/\/api.w.org\/{rel}","templated":true}]}}