{"id":55193,"date":"2025-02-03T14:55:00","date_gmt":"2025-02-03T13:55:01","guid":{"rendered":"https:\/\/quuttoys.com\/?post_type=product&#038;p=55193"},"modified":"2025-02-13T12:50:55","modified_gmt":"2025-02-13T11:50:55","slug":"scoppi-lavande","status":"publish","type":"product","link":"https:\/\/quuttoys.com\/fr\/produit\/scoppi-lavande\/","title":{"rendered":"Scoppi"},"content":{"rendered":"<p>Couleur: Lavande<\/p>\n<p>Dimensions: 65,5 x 16,5 x 2,7 cm | 25,8 x 6,5 x 1,1 inches<br \/>\nPoids: \u00b1 650 gr | 1,45 pounds<br \/>\nMati\u00e8re: PP<\/p>\n<h3>Le saviez-vous?<\/h3>\n<p><em>Tous les produits sont garantis sans BPA, phtalates ni latex et sont \u00e9videmment 100% recyclables. Chez Quut nous sommes persuad\u00e9s que<br \/>\nlorsque se cr\u00e9e une histoire d\u2019amour avec son jouet pr\u00e9f\u00e9r\u00e9 on le garde soigneusement Et ainsi il sera transmis<br \/>\nde g\u00e9n\u00e9ration en g\u00e9n\u00e9ration. La durabilit\u00e9 au niveau sup\u00e9rieur!<\/em><\/p>\n","protected":false},"excerpt":{"rendered":"<p>La pelle incassable<\/p>\n<p>Un pouvoir de super h\u00e9ros instantan\u00e9!<br \/>\nScoppi attire imm\u00e9diatement le regard avec son design embl\u00e9matique et accrocheur. Les enfants en raffoleront pour<br \/>\nd\u00e9placer facilement du sable sur la plage en se servant de leurs mains et de leurs pieds. Scoppi est m\u00eame livr\u00e9 avec un<br \/>\nastucieux tamis de sable d\u00e9tachable qui leur offrira deux fois plus de plaisir.<\/p>\n<p>Jouet prim\u00e9: Red Dot award winner<\/p>\n[fusion_checklist icon=\"ok\" iconcolor=\"#aaaaaa\" circle=\"no\"]<\/p>\n<ul>\n<li>Design de poign\u00e9e ergonomique et facile \u00e0 saisir: utilisez deux mains pour plus de puissance<\/li>\n<li>Encourage l&rsquo;imagination, la cr\u00e9ativit\u00e9, le jeu en plein air et l&rsquo;interaction<\/li>\n<li>Offre une valeur de jeu durable saison apr\u00e8s saison<\/li>\n<li>S\u00fbr \u00e0 utiliser et super facile \u00e0 nettoyer<\/li>\n<li>Fabriqu\u00e9 en plastique durable<\/li>\n<li>Plastic recyclable<\/li>\n<\/ul>\n<p>[\/fusion_checklist]\n<p><a href=\"https:\/\/player.vimeo.com\/video\/84754434\" rel=\"nofollow\">https:\/\/player.vimeo.com\/video\/84754434<\/a><\/p>\n","protected":false},"featured_media":55208,"template":"","meta":{"_coblocks_attr":"","_coblocks_dimensions":"","_coblocks_responsive_height":"","_coblocks_accordion_ie_support":"","_crdt_document":"","jetpack_post_was_ever_published":false,"jetpack_publicize_message":"","jetpack_publicize_feature_enabled":true,"jetpack_social_post_already_shared":true,"jetpack_social_options":{"image_generator_settings":{"template":"highway","default_image_id":0,"font":"","enabled":false},"version":2},"_wpas_customize_per_network":false},"product_brand":[],"product_cat":[20220,20221,20279],"product_tag":[],"class_list":{"0":"post-55193","1":"product","2":"type-product","3":"status-publish","4":"has-post-thumbnail","6":"product_cat-outdoor","7":"product_cat-beach","8":"product_cat-scoppi","10":"first","11":"instock","12":"shipping-taxable","13":"product-type-simple"},"yoast_head":"<!-- This site is optimized with the Yoast SEO plugin v27.3 - https:\/\/yoast.com\/product\/yoast-seo-wordpress\/ -->\n<title>Scoppi - QUUT<\/title>\n<meta name=\"description\" content=\"La pelle incassableUn pouvoir de super h\u00e9ros instantan\u00e9!\" \/>\n<meta name=\"robots\" content=\"index, follow, max-snippet:-1, max-image-preview:large, max-video-preview:-1\" \/>\n<link rel=\"canonical\" href=\"https:\/\/quuttoys.com\/fr\/produit\/scoppi-lavande\/\" \/>\n<meta property=\"og:locale\" content=\"fr_FR\" \/>\n<meta property=\"og:type\" content=\"article\" \/>\n<meta property=\"og:title\" content=\"Scoppi - QUUT\" \/>\n<meta property=\"og:description\" content=\"La pelle incassableUn pouvoir de super h\u00e9ros instantan\u00e9!\" \/>\n<meta property=\"og:url\" content=\"https:\/\/quuttoys.com\/fr\/produit\/scoppi-lavande\/\" \/>\n<meta property=\"og:site_name\" content=\"QUUT\" \/>\n<meta property=\"article:modified_time\" content=\"2025-02-13T11:50:55+00:00\" \/>\n<meta property=\"og:image\" content=\"https:\/\/quuttoys.com\/wp-content\/uploads\/2025\/02\/scoppi-lavender-2.jpg\" \/>\n\t<meta property=\"og:image:width\" content=\"1920\" \/>\n\t<meta property=\"og:image:height\" content=\"1920\" \/>\n\t<meta property=\"og:image:type\" content=\"image\/jpeg\" \/>\n<meta name=\"twitter:card\" content=\"summary_large_image\" \/>\n<meta name=\"twitter:label1\" content=\"Dur\u00e9e de lecture estim\u00e9e\" \/>\n\t<meta name=\"twitter:data1\" content=\"1 minute\" \/>\n<script type=\"application\/ld+json\" class=\"yoast-schema-graph\">{\"@context\":\"https:\\\/\\\/schema.org\",\"@graph\":[{\"@type\":\"WebPage\",\"@id\":\"https:\\\/\\\/quuttoys.com\\\/fr\\\/produit\\\/scoppi-lavande\\\/\",\"url\":\"https:\\\/\\\/quuttoys.com\\\/fr\\\/produit\\\/scoppi-lavande\\\/\",\"name\":\"Scoppi - QUUT\",\"isPartOf\":{\"@id\":\"https:\\\/\\\/quuttoys.com\\\/fr\\\/#website\"},\"primaryImageOfPage\":{\"@id\":\"https:\\\/\\\/quuttoys.com\\\/fr\\\/produit\\\/scoppi-lavande\\\/#primaryimage\"},\"image\":{\"@id\":\"https:\\\/\\\/quuttoys.com\\\/fr\\\/produit\\\/scoppi-lavande\\\/#primaryimage\"},\"thumbnailUrl\":\"https:\\\/\\\/i0.wp.com\\\/quuttoys.com\\\/wp-content\\\/uploads\\\/2025\\\/02\\\/scoppi-lavender-2.jpg?fit=1920%2C1920&ssl=1\",\"datePublished\":\"2025-02-03T13:55:01+00:00\",\"dateModified\":\"2025-02-13T11:50:55+00:00\",\"description\":\"La pelle incassableUn pouvoir de super h\u00e9ros instantan\u00e9!\",\"breadcrumb\":{\"@id\":\"https:\\\/\\\/quuttoys.com\\\/fr\\\/produit\\\/scoppi-lavande\\\/#breadcrumb\"},\"inLanguage\":\"fr-FR\",\"potentialAction\":[{\"@type\":\"ReadAction\",\"target\":[\"https:\\\/\\\/quuttoys.com\\\/fr\\\/produit\\\/scoppi-lavande\\\/\"]}]},{\"@type\":\"ImageObject\",\"inLanguage\":\"fr-FR\",\"@id\":\"https:\\\/\\\/quuttoys.com\\\/fr\\\/produit\\\/scoppi-lavande\\\/#primaryimage\",\"url\":\"https:\\\/\\\/i0.wp.com\\\/quuttoys.com\\\/wp-content\\\/uploads\\\/2025\\\/02\\\/scoppi-lavender-2.jpg?fit=1920%2C1920&ssl=1\",\"contentUrl\":\"https:\\\/\\\/i0.wp.com\\\/quuttoys.com\\\/wp-content\\\/uploads\\\/2025\\\/02\\\/scoppi-lavender-2.jpg?fit=1920%2C1920&ssl=1\",\"width\":1920,\"height\":1920},{\"@type\":\"BreadcrumbList\",\"@id\":\"https:\\\/\\\/quuttoys.com\\\/fr\\\/produit\\\/scoppi-lavande\\\/#breadcrumb\",\"itemListElement\":[{\"@type\":\"ListItem\",\"position\":1,\"name\":\"Home\",\"item\":\"https:\\\/\\\/quuttoys.com\\\/fr\\\/\"},{\"@type\":\"ListItem\",\"position\":2,\"name\":\"All products\",\"item\":\"https:\\\/\\\/quuttoys.com\\\/all-products\\\/\"},{\"@type\":\"ListItem\",\"position\":3,\"name\":\"Scoppi\"}]},{\"@type\":\"WebSite\",\"@id\":\"https:\\\/\\\/quuttoys.com\\\/fr\\\/#website\",\"url\":\"https:\\\/\\\/quuttoys.com\\\/fr\\\/\",\"name\":\"QUUT\",\"description\":\"Quality toys quality time - Anywhere anytime\",\"potentialAction\":[{\"@type\":\"SearchAction\",\"target\":{\"@type\":\"EntryPoint\",\"urlTemplate\":\"https:\\\/\\\/quuttoys.com\\\/fr\\\/?s={search_term_string}\"},\"query-input\":{\"@type\":\"PropertyValueSpecification\",\"valueRequired\":true,\"valueName\":\"search_term_string\"}}],\"inLanguage\":\"fr-FR\"}]}<\/script>\n<!-- \/ Yoast SEO plugin. -->","yoast_head_json":{"title":"Scoppi - QUUT","description":"La pelle incassableUn pouvoir de super h\u00e9ros instantan\u00e9!","robots":{"index":"index","follow":"follow","max-snippet":"max-snippet:-1","max-image-preview":"max-image-preview:large","max-video-preview":"max-video-preview:-1"},"canonical":"https:\/\/quuttoys.com\/fr\/produit\/scoppi-lavande\/","og_locale":"fr_FR","og_type":"article","og_title":"Scoppi - QUUT","og_description":"La pelle incassableUn pouvoir de super h\u00e9ros instantan\u00e9!","og_url":"https:\/\/quuttoys.com\/fr\/produit\/scoppi-lavande\/","og_site_name":"QUUT","article_modified_time":"2025-02-13T11:50:55+00:00","og_image":[{"width":1920,"height":1920,"url":"https:\/\/quuttoys.com\/wp-content\/uploads\/2025\/02\/scoppi-lavender-2.jpg","type":"image\/jpeg"}],"twitter_card":"summary_large_image","twitter_misc":{"Dur\u00e9e de lecture estim\u00e9e":"1 minute"},"schema":{"@context":"https:\/\/schema.org","@graph":[{"@type":"WebPage","@id":"https:\/\/quuttoys.com\/fr\/produit\/scoppi-lavande\/","url":"https:\/\/quuttoys.com\/fr\/produit\/scoppi-lavande\/","name":"Scoppi - QUUT","isPartOf":{"@id":"https:\/\/quuttoys.com\/fr\/#website"},"primaryImageOfPage":{"@id":"https:\/\/quuttoys.com\/fr\/produit\/scoppi-lavande\/#primaryimage"},"image":{"@id":"https:\/\/quuttoys.com\/fr\/produit\/scoppi-lavande\/#primaryimage"},"thumbnailUrl":"https:\/\/i0.wp.com\/quuttoys.com\/wp-content\/uploads\/2025\/02\/scoppi-lavender-2.jpg?fit=1920%2C1920&ssl=1","datePublished":"2025-02-03T13:55:01+00:00","dateModified":"2025-02-13T11:50:55+00:00","description":"La pelle incassableUn pouvoir de super h\u00e9ros instantan\u00e9!","breadcrumb":{"@id":"https:\/\/quuttoys.com\/fr\/produit\/scoppi-lavande\/#breadcrumb"},"inLanguage":"fr-FR","potentialAction":[{"@type":"ReadAction","target":["https:\/\/quuttoys.com\/fr\/produit\/scoppi-lavande\/"]}]},{"@type":"ImageObject","inLanguage":"fr-FR","@id":"https:\/\/quuttoys.com\/fr\/produit\/scoppi-lavande\/#primaryimage","url":"https:\/\/i0.wp.com\/quuttoys.com\/wp-content\/uploads\/2025\/02\/scoppi-lavender-2.jpg?fit=1920%2C1920&ssl=1","contentUrl":"https:\/\/i0.wp.com\/quuttoys.com\/wp-content\/uploads\/2025\/02\/scoppi-lavender-2.jpg?fit=1920%2C1920&ssl=1","width":1920,"height":1920},{"@type":"BreadcrumbList","@id":"https:\/\/quuttoys.com\/fr\/produit\/scoppi-lavande\/#breadcrumb","itemListElement":[{"@type":"ListItem","position":1,"name":"Home","item":"https:\/\/quuttoys.com\/fr\/"},{"@type":"ListItem","position":2,"name":"All products","item":"https:\/\/quuttoys.com\/all-products\/"},{"@type":"ListItem","position":3,"name":"Scoppi"}]},{"@type":"WebSite","@id":"https:\/\/quuttoys.com\/fr\/#website","url":"https:\/\/quuttoys.com\/fr\/","name":"QUUT","description":"Quality toys quality time - Anywhere anytime","potentialAction":[{"@type":"SearchAction","target":{"@type":"EntryPoint","urlTemplate":"https:\/\/quuttoys.com\/fr\/?s={search_term_string}"},"query-input":{"@type":"PropertyValueSpecification","valueRequired":true,"valueName":"search_term_string"}}],"inLanguage":"fr-FR"}]}},"jetpack_publicize_connections":[],"jetpack_likes_enabled":true,"jetpack_sharing_enabled":true,"amp_enabled":true,"_links":{"self":[{"href":"https:\/\/quuttoys.com\/fr\/wp-json\/wp\/v2\/product\/55193","targetHints":{"allow":["GET"]}}],"collection":[{"href":"https:\/\/quuttoys.com\/fr\/wp-json\/wp\/v2\/product"}],"about":[{"href":"https:\/\/quuttoys.com\/fr\/wp-json\/wp\/v2\/types\/product"}],"wp:featuredmedia":[{"embeddable":true,"href":"https:\/\/quuttoys.com\/fr\/wp-json\/wp\/v2\/media\/55208"}],"wp:attachment":[{"href":"https:\/\/quuttoys.com\/fr\/wp-json\/wp\/v2\/media?parent=55193"}],"wp:term":[{"taxonomy":"product_brand","embeddable":true,"href":"https:\/\/quuttoys.com\/fr\/wp-json\/wp\/v2\/product_brand?post=55193"},{"taxonomy":"product_cat","embeddable":true,"href":"https:\/\/quuttoys.com\/fr\/wp-json\/wp\/v2\/product_cat?post=55193"},{"taxonomy":"product_tag","embeddable":true,"href":"https:\/\/quuttoys.com\/fr\/wp-json\/wp\/v2\/product_tag?post=55193"}],"curies":[{"name":"wp","href":"https:\/\/api.w.org\/{rel}","templated":true}]}}