{"id":55259,"date":"2025-02-05T13:35:46","date_gmt":"2025-02-05T12:35:46","guid":{"rendered":"https:\/\/quuttoys.com\/?post_type=product&#038;p=55259"},"modified":"2026-03-04T14:12:36","modified_gmt":"2026-03-04T13:12:36","slug":"scoppi-lagoon","status":"publish","type":"product","link":"https:\/\/quuttoys.com\/fr\/produit\/scoppi-lagoon\/","title":{"rendered":"Scoppi"},"content":{"rendered":"<p>Couleur : Lagoon<br \/>\nTaille : 65,5 x 16,5 x 2,7 cm | 25,8 x 6,5 x 1,1 pouces<br \/>\nPoids : \u00b1 650 gr | 1,45 livre<br \/>\nMat\u00e9riau : PP<\/p>\n<h3>Tu savais ?<\/h3>\n<p><em>Tous les produits sont sans BPA, phtalates, sans latex et sont bien s\u00fbr recyclables. Quut croit que cr\u00e9er<br \/>\nune histoire d\u2019amour avec son jouet pr\u00e9f\u00e9r\u00e9 signifie que ce jouet durera toute une vie. Il peut m\u00eame \u00eatre transmis \u00e0<br \/>\nla g\u00e9n\u00e9ration suivante. Une durabilit\u00e9 \u00e0 un niveau sup\u00e9rieur !   <\/em><\/p>\n","protected":false},"excerpt":{"rendered":"<p>La pelle incassable<\/p>\n<p>Pouvoir de super-h\u00e9ros instantan\u00e9 !<br \/>\nLe Scoppi attire imm\u00e9diatement l\u2019\u0153il avec son design passionnant et iconique. Les enfants adoreront cela car ils utilisent<br \/>\nleurs mains et leurs pieds pour d\u00e9placer le sable sur la plage avec aisance. Il est m\u00eame \u00e9quip\u00e9 d\u2019un<br \/>\ntamis de sable d\u00e9tachable intelligent qui double le plaisir pendant qu\u2019ils construisent forts, douves et ch\u00e2teaux.  <\/p>\n<p>Jouet prim\u00e9 : Laur\u00e9at du prix Red Dot<\/p>\n[fusion_checklist icon=\"ok\" iconcolor=\"#aaaaaa\" circle=\"no\"]<\/p>\n<ul>\n<li>Conception ergonomique et facile \u00e0 prise : utilisez les deux mains pour plus de puissance<\/li>\n<li>Encourage l\u2019imagination, la cr\u00e9ativit\u00e9, le jeu en plein air et l\u2019interaction<\/li>\n<li>Offre une valeur de jeu durable saison apr\u00e8s saison<\/li>\n<li>S\u00fbr \u00e0 utiliser et super facile \u00e0 nettoyer<\/li>\n<li>Fabriqu\u00e9 en plastique durable<\/li>\n<li>Plastique recyclable<\/li>\n<\/ul>\n<p>[\/fusion_checklist]\n<p><a href=\"https:\/\/player.vimeo.com\/video\/84754434\" rel=\"nofollow\">https:\/\/player.vimeo.com\/video\/84754434<\/a><\/p>\n","protected":false},"featured_media":55262,"template":"","meta":{"_coblocks_attr":"","_coblocks_dimensions":"","_coblocks_responsive_height":"","_coblocks_accordion_ie_support":"","_crdt_document":"","jetpack_publicize_message":"","jetpack_publicize_feature_enabled":true,"jetpack_social_post_already_shared":true,"jetpack_social_options":{"image_generator_settings":{"template":"highway","default_image_id":0,"font":"","enabled":false},"version":2},"_wpas_customize_per_network":false},"product_brand":[],"product_cat":[20345,20263,20264,20309],"product_tag":[],"class_list":{"0":"post-55259","1":"product","2":"type-product","3":"status-publish","4":"has-post-thumbnail","6":"product_cat-lagoon-fr","7":"product_cat-outdoor-fr","8":"product_cat-plage","9":"product_cat-scoppi-fr","11":"first","12":"instock","13":"shipping-taxable","14":"product-type-simple"},"yoast_head":"<!-- This site is optimized with the Yoast SEO plugin v27.6 - https:\/\/yoast.com\/product\/yoast-seo-wordpress\/ -->\n<title>Scoppi - QUUT<\/title>\n<meta name=\"description\" content=\"La pelle incassable. Les enfants adoreront cela car ils utilisent leurs mains et leurs pieds pour d\u00e9placer le sable sur la plage avec aisance.\" \/>\n<meta name=\"robots\" content=\"index, follow, max-snippet:-1, max-image-preview:large, max-video-preview:-1\" \/>\n<link rel=\"canonical\" href=\"https:\/\/quuttoys.com\/fr\/produit\/scoppi-lagoon\/\" \/>\n<meta property=\"og:locale\" content=\"fr_FR\" \/>\n<meta property=\"og:type\" content=\"article\" \/>\n<meta property=\"og:title\" content=\"Scoppi - QUUT\" \/>\n<meta property=\"og:description\" content=\"La pelle incassable. Les enfants adoreront cela car ils utilisent leurs mains et leurs pieds pour d\u00e9placer le sable sur la plage avec aisance.\" \/>\n<meta property=\"og:url\" content=\"https:\/\/quuttoys.com\/fr\/produit\/scoppi-lagoon\/\" \/>\n<meta property=\"og:site_name\" content=\"QUUT\" \/>\n<meta property=\"article:modified_time\" content=\"2026-03-04T13:12:36+00:00\" \/>\n<meta property=\"og:image\" content=\"https:\/\/i0.wp.com\/quuttoys.com\/wp-content\/uploads\/2025\/02\/scoppi-lagoon1.jpg?fit=1920%2C1920&ssl=1\" \/>\n\t<meta property=\"og:image:width\" content=\"1920\" \/>\n\t<meta property=\"og:image:height\" content=\"1920\" \/>\n\t<meta property=\"og:image:type\" content=\"image\/jpeg\" \/>\n<meta name=\"twitter:card\" content=\"summary_large_image\" \/>\n<meta name=\"twitter:label1\" content=\"Dur\u00e9e de lecture estim\u00e9e\" \/>\n\t<meta name=\"twitter:data1\" content=\"1 minute\" \/>\n<script type=\"application\/ld+json\" class=\"yoast-schema-graph\">{\"@context\":\"https:\\\/\\\/schema.org\",\"@graph\":[{\"@type\":\"WebPage\",\"@id\":\"https:\\\/\\\/quuttoys.com\\\/fr\\\/produit\\\/scoppi-lagoon\\\/\",\"url\":\"https:\\\/\\\/quuttoys.com\\\/fr\\\/produit\\\/scoppi-lagoon\\\/\",\"name\":\"Scoppi - QUUT\",\"isPartOf\":{\"@id\":\"https:\\\/\\\/quuttoys.com\\\/fr\\\/#website\"},\"primaryImageOfPage\":{\"@id\":\"https:\\\/\\\/quuttoys.com\\\/fr\\\/produit\\\/scoppi-lagoon\\\/#primaryimage\"},\"image\":{\"@id\":\"https:\\\/\\\/quuttoys.com\\\/fr\\\/produit\\\/scoppi-lagoon\\\/#primaryimage\"},\"thumbnailUrl\":\"https:\\\/\\\/i0.wp.com\\\/quuttoys.com\\\/wp-content\\\/uploads\\\/2025\\\/02\\\/scoppi-lagoon1.jpg?fit=1920%2C1920&ssl=1\",\"datePublished\":\"2025-02-05T12:35:46+00:00\",\"dateModified\":\"2026-03-04T13:12:36+00:00\",\"description\":\"La pelle incassable. Les enfants adoreront cela car ils utilisent leurs mains et leurs pieds pour d\u00e9placer le sable sur la plage avec aisance.\",\"breadcrumb\":{\"@id\":\"https:\\\/\\\/quuttoys.com\\\/fr\\\/produit\\\/scoppi-lagoon\\\/#breadcrumb\"},\"inLanguage\":\"fr-FR\",\"potentialAction\":[{\"@type\":\"ReadAction\",\"target\":[\"https:\\\/\\\/quuttoys.com\\\/fr\\\/produit\\\/scoppi-lagoon\\\/\"]}]},{\"@type\":\"ImageObject\",\"inLanguage\":\"fr-FR\",\"@id\":\"https:\\\/\\\/quuttoys.com\\\/fr\\\/produit\\\/scoppi-lagoon\\\/#primaryimage\",\"url\":\"https:\\\/\\\/i0.wp.com\\\/quuttoys.com\\\/wp-content\\\/uploads\\\/2025\\\/02\\\/scoppi-lagoon1.jpg?fit=1920%2C1920&ssl=1\",\"contentUrl\":\"https:\\\/\\\/i0.wp.com\\\/quuttoys.com\\\/wp-content\\\/uploads\\\/2025\\\/02\\\/scoppi-lagoon1.jpg?fit=1920%2C1920&ssl=1\",\"width\":1920,\"height\":1920},{\"@type\":\"BreadcrumbList\",\"@id\":\"https:\\\/\\\/quuttoys.com\\\/fr\\\/produit\\\/scoppi-lagoon\\\/#breadcrumb\",\"itemListElement\":[{\"@type\":\"ListItem\",\"position\":1,\"name\":\"Home\",\"item\":\"https:\\\/\\\/quuttoys.com\\\/fr\\\/\"},{\"@type\":\"ListItem\",\"position\":2,\"name\":\"All products\",\"item\":\"https:\\\/\\\/quuttoys.com\\\/all-products\\\/\"},{\"@type\":\"ListItem\",\"position\":3,\"name\":\"Scoppi\"}]},{\"@type\":\"WebSite\",\"@id\":\"https:\\\/\\\/quuttoys.com\\\/fr\\\/#website\",\"url\":\"https:\\\/\\\/quuttoys.com\\\/fr\\\/\",\"name\":\"QUUT\",\"description\":\"Quality toys quality time - Anywhere anytime\",\"potentialAction\":[{\"@type\":\"SearchAction\",\"target\":{\"@type\":\"EntryPoint\",\"urlTemplate\":\"https:\\\/\\\/quuttoys.com\\\/fr\\\/?s={search_term_string}\"},\"query-input\":{\"@type\":\"PropertyValueSpecification\",\"valueRequired\":true,\"valueName\":\"search_term_string\"}}],\"inLanguage\":\"fr-FR\"}]}<\/script>\n<!-- \/ Yoast SEO plugin. -->","yoast_head_json":{"title":"Scoppi - QUUT","description":"La pelle incassable. Les enfants adoreront cela car ils utilisent leurs mains et leurs pieds pour d\u00e9placer le sable sur la plage avec aisance.","robots":{"index":"index","follow":"follow","max-snippet":"max-snippet:-1","max-image-preview":"max-image-preview:large","max-video-preview":"max-video-preview:-1"},"canonical":"https:\/\/quuttoys.com\/fr\/produit\/scoppi-lagoon\/","og_locale":"fr_FR","og_type":"article","og_title":"Scoppi - QUUT","og_description":"La pelle incassable. Les enfants adoreront cela car ils utilisent leurs mains et leurs pieds pour d\u00e9placer le sable sur la plage avec aisance.","og_url":"https:\/\/quuttoys.com\/fr\/produit\/scoppi-lagoon\/","og_site_name":"QUUT","article_modified_time":"2026-03-04T13:12:36+00:00","og_image":[{"width":1920,"height":1920,"url":"https:\/\/i0.wp.com\/quuttoys.com\/wp-content\/uploads\/2025\/02\/scoppi-lagoon1.jpg?fit=1920%2C1920&ssl=1","type":"image\/jpeg"}],"twitter_card":"summary_large_image","twitter_misc":{"Dur\u00e9e de lecture estim\u00e9e":"1 minute"},"schema":{"@context":"https:\/\/schema.org","@graph":[{"@type":"WebPage","@id":"https:\/\/quuttoys.com\/fr\/produit\/scoppi-lagoon\/","url":"https:\/\/quuttoys.com\/fr\/produit\/scoppi-lagoon\/","name":"Scoppi - QUUT","isPartOf":{"@id":"https:\/\/quuttoys.com\/fr\/#website"},"primaryImageOfPage":{"@id":"https:\/\/quuttoys.com\/fr\/produit\/scoppi-lagoon\/#primaryimage"},"image":{"@id":"https:\/\/quuttoys.com\/fr\/produit\/scoppi-lagoon\/#primaryimage"},"thumbnailUrl":"https:\/\/i0.wp.com\/quuttoys.com\/wp-content\/uploads\/2025\/02\/scoppi-lagoon1.jpg?fit=1920%2C1920&ssl=1","datePublished":"2025-02-05T12:35:46+00:00","dateModified":"2026-03-04T13:12:36+00:00","description":"La pelle incassable. Les enfants adoreront cela car ils utilisent leurs mains et leurs pieds pour d\u00e9placer le sable sur la plage avec aisance.","breadcrumb":{"@id":"https:\/\/quuttoys.com\/fr\/produit\/scoppi-lagoon\/#breadcrumb"},"inLanguage":"fr-FR","potentialAction":[{"@type":"ReadAction","target":["https:\/\/quuttoys.com\/fr\/produit\/scoppi-lagoon\/"]}]},{"@type":"ImageObject","inLanguage":"fr-FR","@id":"https:\/\/quuttoys.com\/fr\/produit\/scoppi-lagoon\/#primaryimage","url":"https:\/\/i0.wp.com\/quuttoys.com\/wp-content\/uploads\/2025\/02\/scoppi-lagoon1.jpg?fit=1920%2C1920&ssl=1","contentUrl":"https:\/\/i0.wp.com\/quuttoys.com\/wp-content\/uploads\/2025\/02\/scoppi-lagoon1.jpg?fit=1920%2C1920&ssl=1","width":1920,"height":1920},{"@type":"BreadcrumbList","@id":"https:\/\/quuttoys.com\/fr\/produit\/scoppi-lagoon\/#breadcrumb","itemListElement":[{"@type":"ListItem","position":1,"name":"Home","item":"https:\/\/quuttoys.com\/fr\/"},{"@type":"ListItem","position":2,"name":"All products","item":"https:\/\/quuttoys.com\/all-products\/"},{"@type":"ListItem","position":3,"name":"Scoppi"}]},{"@type":"WebSite","@id":"https:\/\/quuttoys.com\/fr\/#website","url":"https:\/\/quuttoys.com\/fr\/","name":"QUUT","description":"Quality toys quality time - Anywhere anytime","potentialAction":[{"@type":"SearchAction","target":{"@type":"EntryPoint","urlTemplate":"https:\/\/quuttoys.com\/fr\/?s={search_term_string}"},"query-input":{"@type":"PropertyValueSpecification","valueRequired":true,"valueName":"search_term_string"}}],"inLanguage":"fr-FR"}]}},"jetpack_publicize_connections":[],"jetpack_likes_enabled":true,"jetpack_sharing_enabled":true,"amp_enabled":true,"_links":{"self":[{"href":"https:\/\/quuttoys.com\/fr\/wp-json\/wp\/v2\/product\/55259","targetHints":{"allow":["GET"]}}],"collection":[{"href":"https:\/\/quuttoys.com\/fr\/wp-json\/wp\/v2\/product"}],"about":[{"href":"https:\/\/quuttoys.com\/fr\/wp-json\/wp\/v2\/types\/product"}],"wp:featuredmedia":[{"embeddable":true,"href":"https:\/\/quuttoys.com\/fr\/wp-json\/wp\/v2\/media\/55262"}],"wp:attachment":[{"href":"https:\/\/quuttoys.com\/fr\/wp-json\/wp\/v2\/media?parent=55259"}],"wp:term":[{"taxonomy":"product_brand","embeddable":true,"href":"https:\/\/quuttoys.com\/fr\/wp-json\/wp\/v2\/product_brand?post=55259"},{"taxonomy":"product_cat","embeddable":true,"href":"https:\/\/quuttoys.com\/fr\/wp-json\/wp\/v2\/product_cat?post=55259"},{"taxonomy":"product_tag","embeddable":true,"href":"https:\/\/quuttoys.com\/fr\/wp-json\/wp\/v2\/product_tag?post=55259"}],"curies":[{"name":"wp","href":"https:\/\/api.w.org\/{rel}","templated":true}]}}