{"id":55271,"date":"2025-02-05T13:43:35","date_gmt":"2025-02-05T12:43:35","guid":{"rendered":"https:\/\/quuttoys.com\/?post_type=product&#038;p=55271"},"modified":"2026-03-04T14:25:27","modified_gmt":"2026-03-04T13:25:27","slug":"bucki-lagoon","status":"publish","type":"product","link":"https:\/\/quuttoys.com\/fr\/produit\/bucki-lagoon\/","title":{"rendered":"Bucki"},"content":{"rendered":"<p>Couleur : Lagoon<br \/>\nTaille : 14 x 17,6 x 18,7 cm | 5,5 x 6,9 x 7,3 pouces<br \/>\nPoids : \u00b1 200 gr | 0,4 livre<br \/>\nMat\u00e9riau : PP<\/p>\n<p>\u00c9galement disponible dans d\u2019autres couleurs :<br \/>\n Vert Jardin | Rouge Cerise | Bleu Banane | Oc\u00e9an | Lavande<\/p>\n<h3><\/h3>\n<h3>Tu savais ?<\/h3>\n<p><em>Tous les produits sont sans BPA, phtalates, sans latex et sont bien s\u00fbr recyclables. Quut croit que cr\u00e9er une histoire d\u2019amour avec son jouet pr\u00e9f\u00e9r\u00e9 signifie que ce jouet durera toute une vie. Il peut m\u00eame \u00eatre transmis \u00e0 la g\u00e9n\u00e9ration suivante. Une durabilit\u00e9 \u00e0 un niveau sup\u00e9rieur !   <\/em><\/p>\n","protected":false},"excerpt":{"rendered":"<p>Bucki, la plage incontournable pour les petites mains.<\/p>\n<p>Apr\u00e8s Ballo, le seau anti-d\u00e9versement, Quut lance un nouveau seau au design moderne. Bucki garantit des heures de plaisir ! Utilisez le seau et le tamis assorti pour collecter, laver et transporter les coquillages et autres petits tr\u00e9sors. Aimez-vous construire des ch\u00e2teaux de sable ? Eh bien, alors Bucki est l\u2019outil parfait, car il a une forme pratique et un manche cliquable. Pour ceux qui aiment ramasser feuilles, brindilles, petites fleurs et autres, Bucki est aussi le compagnon id\u00e9al ! L\u2019emporteras-tu avec toi lors de ta prochaine aventure ?      <\/p>\n[fusion_checklist icon=\"ok\" iconcolor=\"#aaaaaa\" circle=\"no\"]<\/p>\n<ul>\n<li>\n<div>Poign\u00e9e ergonomique de balle \u00e0 clic<\/div>\n<\/li>\n<li>\n<div>Stimule l\u2019imagination, la cr\u00e9ativit\u00e9, le jeu en plein air et l\u2019interaction<\/div>\n<\/li>\n<li>\n<div>Utilisez-le sur la plage, dans le jardin, dans le bac \u00e0 sable ou en for\u00eat !<\/div>\n<\/li>\n<li>\n<div>S\u00fbr \u00e0 utiliser et facile \u00e0 nettoyer<\/div>\n<\/li>\n<li>\n<div>Fabriqu\u00e9 en plastique durable et recyclable, exempt de BPA, de latex et de phtalates<\/div>\n<\/li>\n<li>\n<div>Disponible en 3 combinaisons de couleurs ludiques<\/div>\n<\/li>\n<\/ul>\n<p>[\/fusion_checklist]\n","protected":false},"featured_media":55283,"template":"","meta":{"_coblocks_attr":"","_coblocks_dimensions":"","_coblocks_responsive_height":"","_coblocks_accordion_ie_support":"","_crdt_document":"","jetpack_post_was_ever_published":false,"jetpack_publicize_message":"","jetpack_publicize_feature_enabled":true,"jetpack_social_post_already_shared":true,"jetpack_social_options":{"image_generator_settings":{"template":"highway","default_image_id":0,"font":"","enabled":false},"version":2},"_wpas_customize_per_network":false},"product_brand":[],"product_cat":[20587,20265,20345,20263],"product_tag":[],"class_list":{"0":"post-55271","1":"product","2":"type-product","3":"status-publish","4":"has-post-thumbnail","6":"product_cat-bucki-fr","7":"product_cat-collection-fr","8":"product_cat-lagoon-fr","9":"product_cat-outdoor-fr","11":"first","12":"instock","13":"shipping-taxable","14":"product-type-simple"},"yoast_head":"<!-- This site is optimized with the Yoast SEO plugin v27.3 - https:\/\/yoast.com\/product\/yoast-seo-wordpress\/ -->\n<title>Bucki - QUUT<\/title>\n<meta name=\"description\" content=\"Bucki garantit des heures de plaisir ! Utilisez le seau et le tamis assorti pour collecter, laver et transporter les coquillages et autres petits tr\u00e9sors.\" \/>\n<meta name=\"robots\" content=\"index, follow, max-snippet:-1, max-image-preview:large, max-video-preview:-1\" \/>\n<link rel=\"canonical\" href=\"https:\/\/quuttoys.com\/fr\/produit\/bucki-lagoon\/\" \/>\n<meta property=\"og:locale\" content=\"fr_FR\" \/>\n<meta property=\"og:type\" content=\"article\" \/>\n<meta property=\"og:title\" content=\"Bucki - QUUT\" \/>\n<meta property=\"og:description\" content=\"Bucki garantit des heures de plaisir ! Utilisez le seau et le tamis assorti pour collecter, laver et transporter les coquillages et autres petits tr\u00e9sors.\" \/>\n<meta property=\"og:url\" content=\"https:\/\/quuttoys.com\/fr\/produit\/bucki-lagoon\/\" \/>\n<meta property=\"og:site_name\" content=\"QUUT\" \/>\n<meta property=\"article:modified_time\" content=\"2026-03-04T13:25:27+00:00\" \/>\n<meta property=\"og:image\" content=\"https:\/\/i0.wp.com\/quuttoys.com\/wp-content\/uploads\/2025\/02\/bucki-lagoon4.jpg?fit=1920%2C1920&ssl=1\" \/>\n\t<meta property=\"og:image:width\" content=\"1920\" \/>\n\t<meta property=\"og:image:height\" content=\"1920\" \/>\n\t<meta property=\"og:image:type\" content=\"image\/jpeg\" \/>\n<meta name=\"twitter:card\" content=\"summary_large_image\" \/>\n<meta name=\"twitter:label1\" content=\"Dur\u00e9e de lecture estim\u00e9e\" \/>\n\t<meta name=\"twitter:data1\" content=\"1 minute\" \/>\n<script type=\"application\/ld+json\" class=\"yoast-schema-graph\">{\"@context\":\"https:\\\/\\\/schema.org\",\"@graph\":[{\"@type\":\"WebPage\",\"@id\":\"https:\\\/\\\/quuttoys.com\\\/fr\\\/produit\\\/bucki-lagoon\\\/\",\"url\":\"https:\\\/\\\/quuttoys.com\\\/fr\\\/produit\\\/bucki-lagoon\\\/\",\"name\":\"Bucki - QUUT\",\"isPartOf\":{\"@id\":\"https:\\\/\\\/quuttoys.com\\\/fr\\\/#website\"},\"primaryImageOfPage\":{\"@id\":\"https:\\\/\\\/quuttoys.com\\\/fr\\\/produit\\\/bucki-lagoon\\\/#primaryimage\"},\"image\":{\"@id\":\"https:\\\/\\\/quuttoys.com\\\/fr\\\/produit\\\/bucki-lagoon\\\/#primaryimage\"},\"thumbnailUrl\":\"https:\\\/\\\/i0.wp.com\\\/quuttoys.com\\\/wp-content\\\/uploads\\\/2025\\\/02\\\/bucki-lagoon4.jpg?fit=1920%2C1920&ssl=1\",\"datePublished\":\"2025-02-05T12:43:35+00:00\",\"dateModified\":\"2026-03-04T13:25:27+00:00\",\"description\":\"Bucki garantit des heures de plaisir ! Utilisez le seau et le tamis assorti pour collecter, laver et transporter les coquillages et autres petits tr\u00e9sors.\",\"breadcrumb\":{\"@id\":\"https:\\\/\\\/quuttoys.com\\\/fr\\\/produit\\\/bucki-lagoon\\\/#breadcrumb\"},\"inLanguage\":\"fr-FR\",\"potentialAction\":[{\"@type\":\"ReadAction\",\"target\":[\"https:\\\/\\\/quuttoys.com\\\/fr\\\/produit\\\/bucki-lagoon\\\/\"]}]},{\"@type\":\"ImageObject\",\"inLanguage\":\"fr-FR\",\"@id\":\"https:\\\/\\\/quuttoys.com\\\/fr\\\/produit\\\/bucki-lagoon\\\/#primaryimage\",\"url\":\"https:\\\/\\\/i0.wp.com\\\/quuttoys.com\\\/wp-content\\\/uploads\\\/2025\\\/02\\\/bucki-lagoon4.jpg?fit=1920%2C1920&ssl=1\",\"contentUrl\":\"https:\\\/\\\/i0.wp.com\\\/quuttoys.com\\\/wp-content\\\/uploads\\\/2025\\\/02\\\/bucki-lagoon4.jpg?fit=1920%2C1920&ssl=1\",\"width\":1920,\"height\":1920},{\"@type\":\"BreadcrumbList\",\"@id\":\"https:\\\/\\\/quuttoys.com\\\/fr\\\/produit\\\/bucki-lagoon\\\/#breadcrumb\",\"itemListElement\":[{\"@type\":\"ListItem\",\"position\":1,\"name\":\"Home\",\"item\":\"https:\\\/\\\/quuttoys.com\\\/fr\\\/\"},{\"@type\":\"ListItem\",\"position\":2,\"name\":\"All products\",\"item\":\"https:\\\/\\\/quuttoys.com\\\/all-products\\\/\"},{\"@type\":\"ListItem\",\"position\":3,\"name\":\"Bucki\"}]},{\"@type\":\"WebSite\",\"@id\":\"https:\\\/\\\/quuttoys.com\\\/fr\\\/#website\",\"url\":\"https:\\\/\\\/quuttoys.com\\\/fr\\\/\",\"name\":\"QUUT\",\"description\":\"Quality toys quality time - Anywhere anytime\",\"potentialAction\":[{\"@type\":\"SearchAction\",\"target\":{\"@type\":\"EntryPoint\",\"urlTemplate\":\"https:\\\/\\\/quuttoys.com\\\/fr\\\/?s={search_term_string}\"},\"query-input\":{\"@type\":\"PropertyValueSpecification\",\"valueRequired\":true,\"valueName\":\"search_term_string\"}}],\"inLanguage\":\"fr-FR\"}]}<\/script>\n<!-- \/ Yoast SEO plugin. -->","yoast_head_json":{"title":"Bucki - QUUT","description":"Bucki garantit des heures de plaisir ! Utilisez le seau et le tamis assorti pour collecter, laver et transporter les coquillages et autres petits tr\u00e9sors.","robots":{"index":"index","follow":"follow","max-snippet":"max-snippet:-1","max-image-preview":"max-image-preview:large","max-video-preview":"max-video-preview:-1"},"canonical":"https:\/\/quuttoys.com\/fr\/produit\/bucki-lagoon\/","og_locale":"fr_FR","og_type":"article","og_title":"Bucki - QUUT","og_description":"Bucki garantit des heures de plaisir ! Utilisez le seau et le tamis assorti pour collecter, laver et transporter les coquillages et autres petits tr\u00e9sors.","og_url":"https:\/\/quuttoys.com\/fr\/produit\/bucki-lagoon\/","og_site_name":"QUUT","article_modified_time":"2026-03-04T13:25:27+00:00","og_image":[{"width":1920,"height":1920,"url":"https:\/\/i0.wp.com\/quuttoys.com\/wp-content\/uploads\/2025\/02\/bucki-lagoon4.jpg?fit=1920%2C1920&ssl=1","type":"image\/jpeg"}],"twitter_card":"summary_large_image","twitter_misc":{"Dur\u00e9e de lecture estim\u00e9e":"1 minute"},"schema":{"@context":"https:\/\/schema.org","@graph":[{"@type":"WebPage","@id":"https:\/\/quuttoys.com\/fr\/produit\/bucki-lagoon\/","url":"https:\/\/quuttoys.com\/fr\/produit\/bucki-lagoon\/","name":"Bucki - QUUT","isPartOf":{"@id":"https:\/\/quuttoys.com\/fr\/#website"},"primaryImageOfPage":{"@id":"https:\/\/quuttoys.com\/fr\/produit\/bucki-lagoon\/#primaryimage"},"image":{"@id":"https:\/\/quuttoys.com\/fr\/produit\/bucki-lagoon\/#primaryimage"},"thumbnailUrl":"https:\/\/i0.wp.com\/quuttoys.com\/wp-content\/uploads\/2025\/02\/bucki-lagoon4.jpg?fit=1920%2C1920&ssl=1","datePublished":"2025-02-05T12:43:35+00:00","dateModified":"2026-03-04T13:25:27+00:00","description":"Bucki garantit des heures de plaisir ! Utilisez le seau et le tamis assorti pour collecter, laver et transporter les coquillages et autres petits tr\u00e9sors.","breadcrumb":{"@id":"https:\/\/quuttoys.com\/fr\/produit\/bucki-lagoon\/#breadcrumb"},"inLanguage":"fr-FR","potentialAction":[{"@type":"ReadAction","target":["https:\/\/quuttoys.com\/fr\/produit\/bucki-lagoon\/"]}]},{"@type":"ImageObject","inLanguage":"fr-FR","@id":"https:\/\/quuttoys.com\/fr\/produit\/bucki-lagoon\/#primaryimage","url":"https:\/\/i0.wp.com\/quuttoys.com\/wp-content\/uploads\/2025\/02\/bucki-lagoon4.jpg?fit=1920%2C1920&ssl=1","contentUrl":"https:\/\/i0.wp.com\/quuttoys.com\/wp-content\/uploads\/2025\/02\/bucki-lagoon4.jpg?fit=1920%2C1920&ssl=1","width":1920,"height":1920},{"@type":"BreadcrumbList","@id":"https:\/\/quuttoys.com\/fr\/produit\/bucki-lagoon\/#breadcrumb","itemListElement":[{"@type":"ListItem","position":1,"name":"Home","item":"https:\/\/quuttoys.com\/fr\/"},{"@type":"ListItem","position":2,"name":"All products","item":"https:\/\/quuttoys.com\/all-products\/"},{"@type":"ListItem","position":3,"name":"Bucki"}]},{"@type":"WebSite","@id":"https:\/\/quuttoys.com\/fr\/#website","url":"https:\/\/quuttoys.com\/fr\/","name":"QUUT","description":"Quality toys quality time - Anywhere anytime","potentialAction":[{"@type":"SearchAction","target":{"@type":"EntryPoint","urlTemplate":"https:\/\/quuttoys.com\/fr\/?s={search_term_string}"},"query-input":{"@type":"PropertyValueSpecification","valueRequired":true,"valueName":"search_term_string"}}],"inLanguage":"fr-FR"}]}},"jetpack_publicize_connections":[],"jetpack_likes_enabled":true,"jetpack_sharing_enabled":true,"amp_enabled":true,"_links":{"self":[{"href":"https:\/\/quuttoys.com\/fr\/wp-json\/wp\/v2\/product\/55271","targetHints":{"allow":["GET"]}}],"collection":[{"href":"https:\/\/quuttoys.com\/fr\/wp-json\/wp\/v2\/product"}],"about":[{"href":"https:\/\/quuttoys.com\/fr\/wp-json\/wp\/v2\/types\/product"}],"wp:featuredmedia":[{"embeddable":true,"href":"https:\/\/quuttoys.com\/fr\/wp-json\/wp\/v2\/media\/55283"}],"wp:attachment":[{"href":"https:\/\/quuttoys.com\/fr\/wp-json\/wp\/v2\/media?parent=55271"}],"wp:term":[{"taxonomy":"product_brand","embeddable":true,"href":"https:\/\/quuttoys.com\/fr\/wp-json\/wp\/v2\/product_brand?post=55271"},{"taxonomy":"product_cat","embeddable":true,"href":"https:\/\/quuttoys.com\/fr\/wp-json\/wp\/v2\/product_cat?post=55271"},{"taxonomy":"product_tag","embeddable":true,"href":"https:\/\/quuttoys.com\/fr\/wp-json\/wp\/v2\/product_tag?post=55271"}],"curies":[{"name":"wp","href":"https:\/\/api.w.org\/{rel}","templated":true}]}}