{"id":55291,"date":"2025-02-05T14:07:53","date_gmt":"2025-02-05T13:07:54","guid":{"rendered":"https:\/\/quuttoys.com\/?post_type=product&#038;p=55291"},"modified":"2025-02-13T13:02:04","modified_gmt":"2025-02-13T12:02:04","slug":"mini-ballo-lavande","status":"publish","type":"product","link":"https:\/\/quuttoys.com\/fr\/produit\/mini-ballo-lavande\/","title":{"rendered":"Mini ballo"},"content":{"rendered":"<p>Color: Lavande<\/p>\n<p><span style=\"font-family: -apple-system, BlinkMacSystemFont, 'Segoe UI', Roboto, Oxygen-Sans, Ubuntu, Cantarell, 'Helvetica Neue', sans-serif;\">Dimensions: 16 x 16 x 16 cm (1,70 L) | 6,2 x 6,2 x 6,2 inches<\/span><\/p>\n<p>Poids: 180 gr | 0,4 pounds<br \/>\nMati\u00e8re: HDPE (ballon) \/ ABS (poign\u00e9e) \/ TPR (couvercle verseur ) \/ PP (corde)<\/p>\n<h3>Le saviez-vous?<\/h3>\n<p><em>Tous les produits sont garantis sans BPA, phtalates ni latex et sont \u00e9videmment 100% recyclables. Chez Quut nous sommes persuad\u00e9s que<br \/>\nlorsque se cr\u00e9e une histoire d\u2019amour avec son jouet pr\u00e9f\u00e9r\u00e9 on le garde soigneusement Et ainsi il sera transmis<br \/>\nde g\u00e9n\u00e9ration en g\u00e9n\u00e9ration. La durabilit\u00e9 au niveau sup\u00e9rieur!<\/em><\/p>\n","protected":false},"excerpt":{"rendered":"<p class=\"p1\"><span class=\"s1\">Le seau sans d\u00e9versement<\/span><\/p>\n<p>Gr\u00e2ce \u00e0 son design moderne et astucieux et \u00e0 sa finition soft-touch, le mini Ballo permet aux petites mains de le remplir<br \/>\nfacilement d&rsquo;eau et de remonter la plage en courant pour venir la d\u00e9verser sans peine. Sa forme sph\u00e9rique est incroyable stable, r\u00e9duisant ainsi<br \/>\nles d\u00e9versements accidentels au minimum. Transporter de l&rsquo;eau de la mer \u00e0 un ch\u00e2teau de sable n&rsquo;a jamais \u00e9t\u00e9 aussi amusant.<br \/>\nAussi disponible en plus grande taille pour les enfants plus \u00e2g\u00e9s.<\/p>\n[fusion_checklist icon=\"ok\" iconcolor=\"#aaaaaa\" circle=\"no\"]<\/p>\n<ul>\n<li>Poign\u00e9e ergonomique et facile \u00e0 saisir<\/li>\n<li>Encourage l&rsquo;imagination, la cr\u00e9ativit\u00e9, le jeu en plein air et l&rsquo;interaction<\/li>\n<li>A utiliser sur la plage, dans le jardin ou m\u00eame dans la baignoire!<\/li>\n<li>Emp\u00eache les renversements<\/li>\n<li>S\u00fbr \u00e0 utiliser et super facile \u00e0 nettoyer<\/li>\n<li>Fabriqu\u00e9e en plastic durable et recyclable, sans BPA, latex ni phthalates<\/li>\n<\/ul>\n<p>[\/fusion_checklist]\n<p><a href=\"https:\/\/player.vimeo.com\/video\/84754432\" rel=\"nofollow\">https:\/\/player.vimeo.com\/video\/84754432<\/a><\/p>\n","protected":false},"featured_media":55295,"template":"","meta":{"_coblocks_attr":"","_coblocks_dimensions":"","_coblocks_responsive_height":"","_coblocks_accordion_ie_support":"","_crdt_document":"","jetpack_publicize_message":"","jetpack_publicize_feature_enabled":true,"jetpack_social_post_already_shared":true,"jetpack_social_options":{"image_generator_settings":{"template":"highway","default_image_id":0,"font":"","enabled":false},"version":2},"_wpas_customize_per_network":false},"product_brand":[],"product_cat":[20900,20263,20264],"product_tag":[],"class_list":{"0":"post-55291","1":"product","2":"type-product","3":"status-publish","4":"has-post-thumbnail","6":"product_cat-miniballo-3","7":"product_cat-outdoor-fr","8":"product_cat-plage","10":"first","11":"instock","12":"shipping-taxable","13":"product-type-simple"},"yoast_head":"<!-- This site is optimized with the Yoast SEO plugin v27.4 - https:\/\/yoast.com\/product\/yoast-seo-wordpress\/ -->\n<title>Mini ballo - QUUT - The no spill bucket for beach and outdoor play<\/title>\n<meta name=\"description\" content=\"Transporter de l&#039;eau de la mer \u00e0 un ch\u00e2teau de sable n&#039;a jamais \u00e9t\u00e9 aussi amusant. Quut mini ballo is a beach or outdoor toy! Also available in a larger size!\" \/>\n<meta name=\"robots\" content=\"index, follow, max-snippet:-1, max-image-preview:large, max-video-preview:-1\" \/>\n<link rel=\"canonical\" href=\"https:\/\/quuttoys.com\/fr\/produit\/mini-ballo-lavande\/\" \/>\n<meta property=\"og:locale\" content=\"fr_FR\" \/>\n<meta property=\"og:type\" content=\"article\" \/>\n<meta property=\"og:title\" content=\"Mini ballo - QUUT - The no spill bucket for beach and outdoor play\" \/>\n<meta property=\"og:description\" content=\"Transporter de l&#039;eau de la mer \u00e0 un ch\u00e2teau de sable n&#039;a jamais \u00e9t\u00e9 aussi amusant. Quut mini ballo is a beach or outdoor toy! Also available in a larger size!\" \/>\n<meta property=\"og:url\" content=\"https:\/\/quuttoys.com\/fr\/produit\/mini-ballo-lavande\/\" \/>\n<meta property=\"og:site_name\" content=\"QUUT\" \/>\n<meta property=\"article:modified_time\" content=\"2025-02-13T12:02:04+00:00\" \/>\n<meta property=\"og:image\" content=\"https:\/\/quuttoys.com\/wp-content\/uploads\/2025\/02\/mini-ballo-lavender.jpg\" \/>\n\t<meta property=\"og:image:width\" content=\"1920\" \/>\n\t<meta property=\"og:image:height\" content=\"1920\" \/>\n\t<meta property=\"og:image:type\" content=\"image\/jpeg\" \/>\n<meta name=\"twitter:card\" content=\"summary_large_image\" \/>\n<meta name=\"twitter:label1\" content=\"Dur\u00e9e de lecture estim\u00e9e\" \/>\n\t<meta name=\"twitter:data1\" content=\"1 minute\" \/>\n<script type=\"application\/ld+json\" class=\"yoast-schema-graph\">{\"@context\":\"https:\\\/\\\/schema.org\",\"@graph\":[{\"@type\":\"WebPage\",\"@id\":\"https:\\\/\\\/quuttoys.com\\\/fr\\\/produit\\\/mini-ballo-lavande\\\/\",\"url\":\"https:\\\/\\\/quuttoys.com\\\/fr\\\/produit\\\/mini-ballo-lavande\\\/\",\"name\":\"Mini ballo - QUUT - The no spill bucket for beach and outdoor play\",\"isPartOf\":{\"@id\":\"https:\\\/\\\/quuttoys.com\\\/fr\\\/#website\"},\"primaryImageOfPage\":{\"@id\":\"https:\\\/\\\/quuttoys.com\\\/fr\\\/produit\\\/mini-ballo-lavande\\\/#primaryimage\"},\"image\":{\"@id\":\"https:\\\/\\\/quuttoys.com\\\/fr\\\/produit\\\/mini-ballo-lavande\\\/#primaryimage\"},\"thumbnailUrl\":\"https:\\\/\\\/i0.wp.com\\\/quuttoys.com\\\/wp-content\\\/uploads\\\/2025\\\/02\\\/mini-ballo-lavender.jpg?fit=1920%2C1920&ssl=1\",\"datePublished\":\"2025-02-05T13:07:54+00:00\",\"dateModified\":\"2025-02-13T12:02:04+00:00\",\"description\":\"Transporter de l'eau de la mer \u00e0 un ch\u00e2teau de sable n'a jamais \u00e9t\u00e9 aussi amusant. Quut mini ballo is a beach or outdoor toy! Also available in a larger size!\",\"breadcrumb\":{\"@id\":\"https:\\\/\\\/quuttoys.com\\\/fr\\\/produit\\\/mini-ballo-lavande\\\/#breadcrumb\"},\"inLanguage\":\"fr-FR\",\"potentialAction\":[{\"@type\":\"ReadAction\",\"target\":[\"https:\\\/\\\/quuttoys.com\\\/fr\\\/produit\\\/mini-ballo-lavande\\\/\"]}]},{\"@type\":\"ImageObject\",\"inLanguage\":\"fr-FR\",\"@id\":\"https:\\\/\\\/quuttoys.com\\\/fr\\\/produit\\\/mini-ballo-lavande\\\/#primaryimage\",\"url\":\"https:\\\/\\\/i0.wp.com\\\/quuttoys.com\\\/wp-content\\\/uploads\\\/2025\\\/02\\\/mini-ballo-lavender.jpg?fit=1920%2C1920&ssl=1\",\"contentUrl\":\"https:\\\/\\\/i0.wp.com\\\/quuttoys.com\\\/wp-content\\\/uploads\\\/2025\\\/02\\\/mini-ballo-lavender.jpg?fit=1920%2C1920&ssl=1\",\"width\":1920,\"height\":1920},{\"@type\":\"BreadcrumbList\",\"@id\":\"https:\\\/\\\/quuttoys.com\\\/fr\\\/produit\\\/mini-ballo-lavande\\\/#breadcrumb\",\"itemListElement\":[{\"@type\":\"ListItem\",\"position\":1,\"name\":\"Home\",\"item\":\"https:\\\/\\\/quuttoys.com\\\/fr\\\/\"},{\"@type\":\"ListItem\",\"position\":2,\"name\":\"All products\",\"item\":\"https:\\\/\\\/quuttoys.com\\\/all-products\\\/\"},{\"@type\":\"ListItem\",\"position\":3,\"name\":\"Mini ballo\"}]},{\"@type\":\"WebSite\",\"@id\":\"https:\\\/\\\/quuttoys.com\\\/fr\\\/#website\",\"url\":\"https:\\\/\\\/quuttoys.com\\\/fr\\\/\",\"name\":\"QUUT\",\"description\":\"Quality toys quality time - Anywhere anytime\",\"potentialAction\":[{\"@type\":\"SearchAction\",\"target\":{\"@type\":\"EntryPoint\",\"urlTemplate\":\"https:\\\/\\\/quuttoys.com\\\/fr\\\/?s={search_term_string}\"},\"query-input\":{\"@type\":\"PropertyValueSpecification\",\"valueRequired\":true,\"valueName\":\"search_term_string\"}}],\"inLanguage\":\"fr-FR\"}]}<\/script>\n<!-- \/ Yoast SEO plugin. -->","yoast_head_json":{"title":"Mini ballo - QUUT - The no spill bucket for beach and outdoor play","description":"Transporter de l'eau de la mer \u00e0 un ch\u00e2teau de sable n'a jamais \u00e9t\u00e9 aussi amusant. Quut mini ballo is a beach or outdoor toy! Also available in a larger size!","robots":{"index":"index","follow":"follow","max-snippet":"max-snippet:-1","max-image-preview":"max-image-preview:large","max-video-preview":"max-video-preview:-1"},"canonical":"https:\/\/quuttoys.com\/fr\/produit\/mini-ballo-lavande\/","og_locale":"fr_FR","og_type":"article","og_title":"Mini ballo - QUUT - The no spill bucket for beach and outdoor play","og_description":"Transporter de l'eau de la mer \u00e0 un ch\u00e2teau de sable n'a jamais \u00e9t\u00e9 aussi amusant. Quut mini ballo is a beach or outdoor toy! Also available in a larger size!","og_url":"https:\/\/quuttoys.com\/fr\/produit\/mini-ballo-lavande\/","og_site_name":"QUUT","article_modified_time":"2025-02-13T12:02:04+00:00","og_image":[{"width":1920,"height":1920,"url":"https:\/\/quuttoys.com\/wp-content\/uploads\/2025\/02\/mini-ballo-lavender.jpg","type":"image\/jpeg"}],"twitter_card":"summary_large_image","twitter_misc":{"Dur\u00e9e de lecture estim\u00e9e":"1 minute"},"schema":{"@context":"https:\/\/schema.org","@graph":[{"@type":"WebPage","@id":"https:\/\/quuttoys.com\/fr\/produit\/mini-ballo-lavande\/","url":"https:\/\/quuttoys.com\/fr\/produit\/mini-ballo-lavande\/","name":"Mini ballo - QUUT - The no spill bucket for beach and outdoor play","isPartOf":{"@id":"https:\/\/quuttoys.com\/fr\/#website"},"primaryImageOfPage":{"@id":"https:\/\/quuttoys.com\/fr\/produit\/mini-ballo-lavande\/#primaryimage"},"image":{"@id":"https:\/\/quuttoys.com\/fr\/produit\/mini-ballo-lavande\/#primaryimage"},"thumbnailUrl":"https:\/\/i0.wp.com\/quuttoys.com\/wp-content\/uploads\/2025\/02\/mini-ballo-lavender.jpg?fit=1920%2C1920&ssl=1","datePublished":"2025-02-05T13:07:54+00:00","dateModified":"2025-02-13T12:02:04+00:00","description":"Transporter de l'eau de la mer \u00e0 un ch\u00e2teau de sable n'a jamais \u00e9t\u00e9 aussi amusant. Quut mini ballo is a beach or outdoor toy! Also available in a larger size!","breadcrumb":{"@id":"https:\/\/quuttoys.com\/fr\/produit\/mini-ballo-lavande\/#breadcrumb"},"inLanguage":"fr-FR","potentialAction":[{"@type":"ReadAction","target":["https:\/\/quuttoys.com\/fr\/produit\/mini-ballo-lavande\/"]}]},{"@type":"ImageObject","inLanguage":"fr-FR","@id":"https:\/\/quuttoys.com\/fr\/produit\/mini-ballo-lavande\/#primaryimage","url":"https:\/\/i0.wp.com\/quuttoys.com\/wp-content\/uploads\/2025\/02\/mini-ballo-lavender.jpg?fit=1920%2C1920&ssl=1","contentUrl":"https:\/\/i0.wp.com\/quuttoys.com\/wp-content\/uploads\/2025\/02\/mini-ballo-lavender.jpg?fit=1920%2C1920&ssl=1","width":1920,"height":1920},{"@type":"BreadcrumbList","@id":"https:\/\/quuttoys.com\/fr\/produit\/mini-ballo-lavande\/#breadcrumb","itemListElement":[{"@type":"ListItem","position":1,"name":"Home","item":"https:\/\/quuttoys.com\/fr\/"},{"@type":"ListItem","position":2,"name":"All products","item":"https:\/\/quuttoys.com\/all-products\/"},{"@type":"ListItem","position":3,"name":"Mini ballo"}]},{"@type":"WebSite","@id":"https:\/\/quuttoys.com\/fr\/#website","url":"https:\/\/quuttoys.com\/fr\/","name":"QUUT","description":"Quality toys quality time - Anywhere anytime","potentialAction":[{"@type":"SearchAction","target":{"@type":"EntryPoint","urlTemplate":"https:\/\/quuttoys.com\/fr\/?s={search_term_string}"},"query-input":{"@type":"PropertyValueSpecification","valueRequired":true,"valueName":"search_term_string"}}],"inLanguage":"fr-FR"}]}},"jetpack_publicize_connections":[],"jetpack_likes_enabled":true,"jetpack_sharing_enabled":true,"amp_enabled":true,"_links":{"self":[{"href":"https:\/\/quuttoys.com\/fr\/wp-json\/wp\/v2\/product\/55291","targetHints":{"allow":["GET"]}}],"collection":[{"href":"https:\/\/quuttoys.com\/fr\/wp-json\/wp\/v2\/product"}],"about":[{"href":"https:\/\/quuttoys.com\/fr\/wp-json\/wp\/v2\/types\/product"}],"wp:featuredmedia":[{"embeddable":true,"href":"https:\/\/quuttoys.com\/fr\/wp-json\/wp\/v2\/media\/55295"}],"wp:attachment":[{"href":"https:\/\/quuttoys.com\/fr\/wp-json\/wp\/v2\/media?parent=55291"}],"wp:term":[{"taxonomy":"product_brand","embeddable":true,"href":"https:\/\/quuttoys.com\/fr\/wp-json\/wp\/v2\/product_brand?post=55291"},{"taxonomy":"product_cat","embeddable":true,"href":"https:\/\/quuttoys.com\/fr\/wp-json\/wp\/v2\/product_cat?post=55291"},{"taxonomy":"product_tag","embeddable":true,"href":"https:\/\/quuttoys.com\/fr\/wp-json\/wp\/v2\/product_tag?post=55291"}],"curies":[{"name":"wp","href":"https:\/\/api.w.org\/{rel}","templated":true}]}}