{"id":55315,"date":"2025-02-05T14:42:07","date_gmt":"2025-02-05T13:42:07","guid":{"rendered":"https:\/\/quuttoys.com\/?post_type=product&#038;p=55315"},"modified":"2026-03-04T14:25:26","modified_gmt":"2026-03-04T13:25:26","slug":"cuppi-lagoon","status":"publish","type":"product","link":"https:\/\/quuttoys.com\/fr\/produit\/cuppi-lagoon\/","title":{"rendered":"Cuppi"},"content":{"rendered":"<p>Couleur : Lagune<\/p>\n<p>Taille : 6,9 x 9,1 x 15,6 cm | 2,7 x 2,4 x 6,1 pouces<br \/>\nPoids : \u00b1 85 gr | 0,2 livres<br \/>\nMat\u00e9riau : PP (pelles) + PVC environnemental (boule)<\/p>\n<p>&nbsp;<\/p>\n<h3>Tu savais ?<\/h3>\n<p><em>Tous les produits sont sans BPA, phtalates, sans latex et sont bien s\u00fbr recyclables. Quut croit que cr\u00e9er<br \/>\nune histoire d\u2019amour avec son jouet pr\u00e9f\u00e9r\u00e9 signifie que ce jouet durera toute une vie. Il peut m\u00eame \u00eatre transmis \u00e0<br \/>\nla g\u00e9n\u00e9ration suivante. Une durabilit\u00e9 \u00e0 un niveau sup\u00e9rieur !   <\/em><\/p>\n","protected":false},"excerpt":{"rendered":"<p>Pelle, tamis et boule tout en un !<\/p>\n<p>Sable, terre, eau, baignoire ou oc\u00e9an, le Cuppi sait inspirer la cr\u00e9ativit\u00e9 et inciter les enfants \u00e0 concevoir, jouer et s\u2019amuser.<br \/>\nUtilisez la pelle pour extraire le sable et faire des rails pour faire rouler la balle ou utilisez le trou con\u00e7u de fa\u00e7on unique pour \u00e9crire ou dessiner des motifs avec du sable et de l\u2019eau.<\/p>\n[fusion_checklist icon=\"ok\" iconcolor=\"#aaaaaa\" circle=\"no\"]<\/p>\n<ul>\n<li>Jeu de voyage id\u00e9al : compact, l\u00e9ger et polyvalent<\/li>\n<li>Conception ergonomique pour une utilisation facile, un empilement et un d\u00e9montage<\/li>\n<li>Jouet ouvert : stimule la cr\u00e9ativit\u00e9<\/li>\n<li>Empilement et clic pour un rangement facile : veillez \u00e0 retirer le sable avant de le remonter<\/li>\n<li>Fabriqu\u00e9 en plastique durable, recyclable, sans BPA, latex ni phtalates<\/li>\n<\/ul>\n<p>[\/fusion_checklist]\n<p><a href=\"https:\/\/player.vimeo.com\/video\/84754433\" rel=\"nofollow\">https:\/\/player.vimeo.com\/video\/84754433<\/a><\/p>\n","protected":false},"featured_media":55319,"template":"","meta":{"_coblocks_attr":"","_coblocks_dimensions":"","_coblocks_responsive_height":"","_coblocks_accordion_ie_support":"","_crdt_document":"","jetpack_post_was_ever_published":false,"jetpack_publicize_message":"","jetpack_publicize_feature_enabled":true,"jetpack_social_post_already_shared":true,"jetpack_social_options":{"image_generator_settings":{"template":"highway","default_image_id":0,"font":"","enabled":false},"version":2},"_wpas_customize_per_network":false},"product_brand":[],"product_cat":[20283,20289,20330,20220,20221],"product_tag":[],"class_list":{"0":"post-55315","1":"product","2":"type-product","3":"status-publish","4":"has-post-thumbnail","6":"product_cat-games","7":"product_cat-games2","8":"product_cat-ocean","9":"product_cat-outdoor","10":"product_cat-beach","12":"first","13":"instock","14":"shipping-taxable","15":"product-type-simple"},"yoast_head":"<!-- This site is optimized with the Yoast SEO plugin v27.3 - https:\/\/yoast.com\/product\/yoast-seo-wordpress\/ -->\n<title>Cuppi - QUUT<\/title>\n<meta name=\"description\" content=\"Pelle, tamis et une balle tout-en-un!\" \/>\n<meta name=\"robots\" content=\"index, follow, max-snippet:-1, max-image-preview:large, max-video-preview:-1\" \/>\n<link rel=\"canonical\" href=\"https:\/\/quuttoys.com\/fr\/produit\/cuppi-lagoon\/\" \/>\n<meta property=\"og:locale\" content=\"fr_FR\" \/>\n<meta property=\"og:type\" content=\"article\" \/>\n<meta property=\"og:title\" content=\"Cuppi - QUUT\" \/>\n<meta property=\"og:description\" content=\"Pelle, tamis et une balle tout-en-un!\" \/>\n<meta property=\"og:url\" content=\"https:\/\/quuttoys.com\/fr\/produit\/cuppi-lagoon\/\" \/>\n<meta property=\"og:site_name\" content=\"QUUT\" \/>\n<meta property=\"article:modified_time\" content=\"2026-03-04T13:25:26+00:00\" \/>\n<meta property=\"og:image\" content=\"https:\/\/i0.wp.com\/quuttoys.com\/wp-content\/uploads\/2025\/02\/cuppi-lagoon1.jpg?fit=1920%2C1920&ssl=1\" \/>\n\t<meta property=\"og:image:width\" content=\"1920\" \/>\n\t<meta property=\"og:image:height\" content=\"1920\" \/>\n\t<meta property=\"og:image:type\" content=\"image\/jpeg\" \/>\n<meta name=\"twitter:card\" content=\"summary_large_image\" \/>\n<meta name=\"twitter:label1\" content=\"Dur\u00e9e de lecture estim\u00e9e\" \/>\n\t<meta name=\"twitter:data1\" content=\"1 minute\" \/>\n<script type=\"application\/ld+json\" class=\"yoast-schema-graph\">{\"@context\":\"https:\\\/\\\/schema.org\",\"@graph\":[{\"@type\":\"WebPage\",\"@id\":\"https:\\\/\\\/quuttoys.com\\\/fr\\\/produit\\\/cuppi-lagoon\\\/\",\"url\":\"https:\\\/\\\/quuttoys.com\\\/fr\\\/produit\\\/cuppi-lagoon\\\/\",\"name\":\"Cuppi - QUUT\",\"isPartOf\":{\"@id\":\"https:\\\/\\\/quuttoys.com\\\/fr\\\/#website\"},\"primaryImageOfPage\":{\"@id\":\"https:\\\/\\\/quuttoys.com\\\/fr\\\/produit\\\/cuppi-lagoon\\\/#primaryimage\"},\"image\":{\"@id\":\"https:\\\/\\\/quuttoys.com\\\/fr\\\/produit\\\/cuppi-lagoon\\\/#primaryimage\"},\"thumbnailUrl\":\"https:\\\/\\\/i0.wp.com\\\/quuttoys.com\\\/wp-content\\\/uploads\\\/2025\\\/02\\\/cuppi-lagoon1.jpg?fit=1920%2C1920&ssl=1\",\"datePublished\":\"2025-02-05T13:42:07+00:00\",\"dateModified\":\"2026-03-04T13:25:26+00:00\",\"description\":\"Pelle, tamis et une balle tout-en-un!\",\"breadcrumb\":{\"@id\":\"https:\\\/\\\/quuttoys.com\\\/fr\\\/produit\\\/cuppi-lagoon\\\/#breadcrumb\"},\"inLanguage\":\"fr-FR\",\"potentialAction\":[{\"@type\":\"ReadAction\",\"target\":[\"https:\\\/\\\/quuttoys.com\\\/fr\\\/produit\\\/cuppi-lagoon\\\/\"]}]},{\"@type\":\"ImageObject\",\"inLanguage\":\"fr-FR\",\"@id\":\"https:\\\/\\\/quuttoys.com\\\/fr\\\/produit\\\/cuppi-lagoon\\\/#primaryimage\",\"url\":\"https:\\\/\\\/i0.wp.com\\\/quuttoys.com\\\/wp-content\\\/uploads\\\/2025\\\/02\\\/cuppi-lagoon1.jpg?fit=1920%2C1920&ssl=1\",\"contentUrl\":\"https:\\\/\\\/i0.wp.com\\\/quuttoys.com\\\/wp-content\\\/uploads\\\/2025\\\/02\\\/cuppi-lagoon1.jpg?fit=1920%2C1920&ssl=1\",\"width\":1920,\"height\":1920},{\"@type\":\"BreadcrumbList\",\"@id\":\"https:\\\/\\\/quuttoys.com\\\/fr\\\/produit\\\/cuppi-lagoon\\\/#breadcrumb\",\"itemListElement\":[{\"@type\":\"ListItem\",\"position\":1,\"name\":\"Home\",\"item\":\"https:\\\/\\\/quuttoys.com\\\/fr\\\/\"},{\"@type\":\"ListItem\",\"position\":2,\"name\":\"All products\",\"item\":\"https:\\\/\\\/quuttoys.com\\\/all-products\\\/\"},{\"@type\":\"ListItem\",\"position\":3,\"name\":\"Cuppi\"}]},{\"@type\":\"WebSite\",\"@id\":\"https:\\\/\\\/quuttoys.com\\\/fr\\\/#website\",\"url\":\"https:\\\/\\\/quuttoys.com\\\/fr\\\/\",\"name\":\"QUUT\",\"description\":\"Quality toys quality time - Anywhere anytime\",\"potentialAction\":[{\"@type\":\"SearchAction\",\"target\":{\"@type\":\"EntryPoint\",\"urlTemplate\":\"https:\\\/\\\/quuttoys.com\\\/fr\\\/?s={search_term_string}\"},\"query-input\":{\"@type\":\"PropertyValueSpecification\",\"valueRequired\":true,\"valueName\":\"search_term_string\"}}],\"inLanguage\":\"fr-FR\"}]}<\/script>\n<!-- \/ Yoast SEO plugin. -->","yoast_head_json":{"title":"Cuppi - QUUT","description":"Pelle, tamis et une balle tout-en-un!","robots":{"index":"index","follow":"follow","max-snippet":"max-snippet:-1","max-image-preview":"max-image-preview:large","max-video-preview":"max-video-preview:-1"},"canonical":"https:\/\/quuttoys.com\/fr\/produit\/cuppi-lagoon\/","og_locale":"fr_FR","og_type":"article","og_title":"Cuppi - QUUT","og_description":"Pelle, tamis et une balle tout-en-un!","og_url":"https:\/\/quuttoys.com\/fr\/produit\/cuppi-lagoon\/","og_site_name":"QUUT","article_modified_time":"2026-03-04T13:25:26+00:00","og_image":[{"width":1920,"height":1920,"url":"https:\/\/i0.wp.com\/quuttoys.com\/wp-content\/uploads\/2025\/02\/cuppi-lagoon1.jpg?fit=1920%2C1920&ssl=1","type":"image\/jpeg"}],"twitter_card":"summary_large_image","twitter_misc":{"Dur\u00e9e de lecture estim\u00e9e":"1 minute"},"schema":{"@context":"https:\/\/schema.org","@graph":[{"@type":"WebPage","@id":"https:\/\/quuttoys.com\/fr\/produit\/cuppi-lagoon\/","url":"https:\/\/quuttoys.com\/fr\/produit\/cuppi-lagoon\/","name":"Cuppi - QUUT","isPartOf":{"@id":"https:\/\/quuttoys.com\/fr\/#website"},"primaryImageOfPage":{"@id":"https:\/\/quuttoys.com\/fr\/produit\/cuppi-lagoon\/#primaryimage"},"image":{"@id":"https:\/\/quuttoys.com\/fr\/produit\/cuppi-lagoon\/#primaryimage"},"thumbnailUrl":"https:\/\/i0.wp.com\/quuttoys.com\/wp-content\/uploads\/2025\/02\/cuppi-lagoon1.jpg?fit=1920%2C1920&ssl=1","datePublished":"2025-02-05T13:42:07+00:00","dateModified":"2026-03-04T13:25:26+00:00","description":"Pelle, tamis et une balle tout-en-un!","breadcrumb":{"@id":"https:\/\/quuttoys.com\/fr\/produit\/cuppi-lagoon\/#breadcrumb"},"inLanguage":"fr-FR","potentialAction":[{"@type":"ReadAction","target":["https:\/\/quuttoys.com\/fr\/produit\/cuppi-lagoon\/"]}]},{"@type":"ImageObject","inLanguage":"fr-FR","@id":"https:\/\/quuttoys.com\/fr\/produit\/cuppi-lagoon\/#primaryimage","url":"https:\/\/i0.wp.com\/quuttoys.com\/wp-content\/uploads\/2025\/02\/cuppi-lagoon1.jpg?fit=1920%2C1920&ssl=1","contentUrl":"https:\/\/i0.wp.com\/quuttoys.com\/wp-content\/uploads\/2025\/02\/cuppi-lagoon1.jpg?fit=1920%2C1920&ssl=1","width":1920,"height":1920},{"@type":"BreadcrumbList","@id":"https:\/\/quuttoys.com\/fr\/produit\/cuppi-lagoon\/#breadcrumb","itemListElement":[{"@type":"ListItem","position":1,"name":"Home","item":"https:\/\/quuttoys.com\/fr\/"},{"@type":"ListItem","position":2,"name":"All products","item":"https:\/\/quuttoys.com\/all-products\/"},{"@type":"ListItem","position":3,"name":"Cuppi"}]},{"@type":"WebSite","@id":"https:\/\/quuttoys.com\/fr\/#website","url":"https:\/\/quuttoys.com\/fr\/","name":"QUUT","description":"Quality toys quality time - Anywhere anytime","potentialAction":[{"@type":"SearchAction","target":{"@type":"EntryPoint","urlTemplate":"https:\/\/quuttoys.com\/fr\/?s={search_term_string}"},"query-input":{"@type":"PropertyValueSpecification","valueRequired":true,"valueName":"search_term_string"}}],"inLanguage":"fr-FR"}]}},"jetpack_publicize_connections":[],"jetpack_likes_enabled":true,"jetpack_sharing_enabled":true,"amp_enabled":true,"_links":{"self":[{"href":"https:\/\/quuttoys.com\/fr\/wp-json\/wp\/v2\/product\/55315","targetHints":{"allow":["GET"]}}],"collection":[{"href":"https:\/\/quuttoys.com\/fr\/wp-json\/wp\/v2\/product"}],"about":[{"href":"https:\/\/quuttoys.com\/fr\/wp-json\/wp\/v2\/types\/product"}],"wp:featuredmedia":[{"embeddable":true,"href":"https:\/\/quuttoys.com\/fr\/wp-json\/wp\/v2\/media\/55319"}],"wp:attachment":[{"href":"https:\/\/quuttoys.com\/fr\/wp-json\/wp\/v2\/media?parent=55315"}],"wp:term":[{"taxonomy":"product_brand","embeddable":true,"href":"https:\/\/quuttoys.com\/fr\/wp-json\/wp\/v2\/product_brand?post=55315"},{"taxonomy":"product_cat","embeddable":true,"href":"https:\/\/quuttoys.com\/fr\/wp-json\/wp\/v2\/product_cat?post=55315"},{"taxonomy":"product_tag","embeddable":true,"href":"https:\/\/quuttoys.com\/fr\/wp-json\/wp\/v2\/product_tag?post=55315"}],"curies":[{"name":"wp","href":"https:\/\/api.w.org\/{rel}","templated":true}]}}