{"id":55333,"date":"2025-02-05T15:44:43","date_gmt":"2025-02-05T14:44:43","guid":{"rendered":"https:\/\/quuttoys.com\/?post_type=product&#038;p=55333"},"modified":"2026-03-04T14:12:38","modified_gmt":"2026-03-04T13:12:38","slug":"cana-small-05l-lavande","status":"publish","type":"product","link":"https:\/\/quuttoys.com\/fr\/produit\/cana-small-05l-lavande\/","title":{"rendered":"Cana Small (0,5L)"},"content":{"rendered":"<p>Couleur : Lavande<\/p>\n<p>Taille : 19 x 16,5 x 6,5 cm | 7,5 x 6,5 x 2,6 pouces<br \/>\nPoids : 100 gr | 0,2 livres<br \/>\nMat\u00e9riau : HDPE (bo\u00eete) \/ TPR (couvercles \u00e0 coulement)<\/p>\n<h3>Tu savais ?<\/h3>\n<p><em>Tous les produits sont sans BPA, phtalates, sans latex et sont bien s\u00fbr recyclables. Quut croit que cr\u00e9er<br \/>\nune histoire d\u2019amour avec son jouet pr\u00e9f\u00e9r\u00e9 signifie que ce jouet durera toute une vie. Il peut m\u00eame \u00eatre transmis \u00e0<br \/>\nla g\u00e9n\u00e9ration suivante. Une durabilit\u00e9 \u00e0 un niveau sup\u00e9rieur !   <\/em><\/p>\n","protected":false},"excerpt":{"rendered":"<p>Cana est un arrosoir ludique au design iconique et innovant.<br \/>\n\u00c0 utiliser dans votre baignoire, \u00e0 la maison, sur la plage ou dans le jardin. Deux c\u00f4t\u00e9s diff\u00e9rents doublent le plaisir pour vos enfants : ils peuvent pulv\u00e9riser ou verser l\u2019eau avec pr\u00e9cision tout en stimulant la motricit\u00e9 fine. <\/p>\n<p>\u00c9galement disponible en taille plus grande (1L).<\/p>\n<p>Design prim\u00e9 : Red Dot Product Design Award en 2017<\/p>\n[fusion_checklist icon=\"ok\" iconcolor=\"#aaaaaa\" circle=\"no\"]<\/p>\n<ul>\n<li>Design iconique et intemporel<\/li>\n<li>Poign\u00e9e ergonomique<\/li>\n<li>Conception anti-d\u00e9versement<\/li>\n<li>2 fonctions : pulv\u00e9riser et verser de l\u2019eau<\/li>\n<li>Peut \u00eatre utilis\u00e9 dans la baignoire, le jardin et sur la plage<\/li>\n<li>Fabriqu\u00e9 en plastique durable, recyclable, sans BPA, latex ni phtalates<\/li>\n<\/ul>\n<p>[\/fusion_checklist]\n<p><a href=\"https:\/\/player.vimeo.com\/video\/213837164\" rel=\"nofollow\">https:\/\/player.vimeo.com\/video\/213837164<\/a><\/p>\n","protected":false},"featured_media":55337,"template":"","meta":{"_coblocks_attr":"","_coblocks_dimensions":"","_coblocks_responsive_height":"","_coblocks_accordion_ie_support":"","_crdt_document":"","jetpack_post_was_ever_published":false,"jetpack_publicize_message":"","jetpack_publicize_feature_enabled":true,"jetpack_social_post_already_shared":true,"jetpack_social_options":{"image_generator_settings":{"template":"highway","default_image_id":0,"font":"","enabled":false},"version":2},"_wpas_customize_per_network":false},"product_brand":[],"product_cat":[20267,20268,20303,21014,20263,20264],"product_tag":[],"class_list":{"0":"post-55333","1":"product","2":"type-product","3":"status-publish","4":"has-post-thumbnail","6":"product_cat-bain","7":"product_cat-bathmust-fr","8":"product_cat-cana-fr","9":"product_cat-lavande","10":"product_cat-outdoor-fr","11":"product_cat-plage","13":"first","14":"instock","15":"shipping-taxable","16":"product-type-simple"},"yoast_head":"<!-- This site is optimized with the Yoast SEO plugin v27.2 - https:\/\/yoast.com\/product\/yoast-seo-wordpress\/ -->\n<title>Cana Small (0,5L) - QUUT<\/title>\n<meta name=\"description\" content=\"Cana est un arrosoir ludique qui pr\u00e9sente un design iconique et innovant.\" \/>\n<meta name=\"robots\" content=\"index, follow, max-snippet:-1, max-image-preview:large, max-video-preview:-1\" \/>\n<link rel=\"canonical\" href=\"https:\/\/quuttoys.com\/fr\/produit\/cana-small-05l-lavande\/\" \/>\n<meta property=\"og:locale\" content=\"fr_FR\" \/>\n<meta property=\"og:type\" content=\"article\" \/>\n<meta property=\"og:title\" content=\"Cana Small (0,5L) - QUUT\" \/>\n<meta property=\"og:description\" content=\"Cana est un arrosoir ludique qui pr\u00e9sente un design iconique et innovant.\" \/>\n<meta property=\"og:url\" content=\"https:\/\/quuttoys.com\/fr\/produit\/cana-small-05l-lavande\/\" \/>\n<meta property=\"og:site_name\" content=\"QUUT\" \/>\n<meta property=\"article:modified_time\" content=\"2026-03-04T13:12:38+00:00\" \/>\n<meta property=\"og:image\" content=\"https:\/\/i0.wp.com\/quuttoys.com\/wp-content\/uploads\/2025\/02\/cana-lavender-05-1.jpg?fit=1920%2C1920&ssl=1\" \/>\n\t<meta property=\"og:image:width\" content=\"1920\" \/>\n\t<meta property=\"og:image:height\" content=\"1920\" \/>\n\t<meta property=\"og:image:type\" content=\"image\/jpeg\" \/>\n<meta name=\"twitter:card\" content=\"summary_large_image\" \/>\n<meta name=\"twitter:label1\" content=\"Dur\u00e9e de lecture estim\u00e9e\" \/>\n\t<meta name=\"twitter:data1\" content=\"1 minute\" \/>\n<script type=\"application\/ld+json\" class=\"yoast-schema-graph\">{\"@context\":\"https:\/\/schema.org\",\"@graph\":[{\"@type\":\"WebPage\",\"@id\":\"https:\/\/quuttoys.com\/fr\/produit\/cana-small-05l-lavande\/\",\"url\":\"https:\/\/quuttoys.com\/fr\/produit\/cana-small-05l-lavande\/\",\"name\":\"Cana Small (0,5L) - QUUT\",\"isPartOf\":{\"@id\":\"https:\/\/quuttoys.com\/fr\/#website\"},\"primaryImageOfPage\":{\"@id\":\"https:\/\/quuttoys.com\/fr\/produit\/cana-small-05l-lavande\/#primaryimage\"},\"image\":{\"@id\":\"https:\/\/quuttoys.com\/fr\/produit\/cana-small-05l-lavande\/#primaryimage\"},\"thumbnailUrl\":\"https:\/\/i0.wp.com\/quuttoys.com\/wp-content\/uploads\/2025\/02\/cana-lavender-05-1.jpg?fit=1920%2C1920&ssl=1\",\"datePublished\":\"2025-02-05T14:44:43+00:00\",\"dateModified\":\"2026-03-04T13:12:38+00:00\",\"description\":\"Cana est un arrosoir ludique qui pr\u00e9sente un design iconique et innovant.\",\"breadcrumb\":{\"@id\":\"https:\/\/quuttoys.com\/fr\/produit\/cana-small-05l-lavande\/#breadcrumb\"},\"inLanguage\":\"fr-FR\",\"potentialAction\":[{\"@type\":\"ReadAction\",\"target\":[\"https:\/\/quuttoys.com\/fr\/produit\/cana-small-05l-lavande\/\"]}]},{\"@type\":\"ImageObject\",\"inLanguage\":\"fr-FR\",\"@id\":\"https:\/\/quuttoys.com\/fr\/produit\/cana-small-05l-lavande\/#primaryimage\",\"url\":\"https:\/\/i0.wp.com\/quuttoys.com\/wp-content\/uploads\/2025\/02\/cana-lavender-05-1.jpg?fit=1920%2C1920&ssl=1\",\"contentUrl\":\"https:\/\/i0.wp.com\/quuttoys.com\/wp-content\/uploads\/2025\/02\/cana-lavender-05-1.jpg?fit=1920%2C1920&ssl=1\",\"width\":1920,\"height\":1920},{\"@type\":\"BreadcrumbList\",\"@id\":\"https:\/\/quuttoys.com\/fr\/produit\/cana-small-05l-lavande\/#breadcrumb\",\"itemListElement\":[{\"@type\":\"ListItem\",\"position\":1,\"name\":\"Home\",\"item\":\"https:\/\/quuttoys.com\/fr\/\"},{\"@type\":\"ListItem\",\"position\":2,\"name\":\"All products\",\"item\":\"https:\/\/quuttoys.com\/all-products\/\"},{\"@type\":\"ListItem\",\"position\":3,\"name\":\"Cana Small (0,5L)\"}]},{\"@type\":\"WebSite\",\"@id\":\"https:\/\/quuttoys.com\/fr\/#website\",\"url\":\"https:\/\/quuttoys.com\/fr\/\",\"name\":\"QUUT\",\"description\":\"Quality toys quality time - Anywhere anytime\",\"potentialAction\":[{\"@type\":\"SearchAction\",\"target\":{\"@type\":\"EntryPoint\",\"urlTemplate\":\"https:\/\/quuttoys.com\/fr\/?s={search_term_string}\"},\"query-input\":{\"@type\":\"PropertyValueSpecification\",\"valueRequired\":true,\"valueName\":\"search_term_string\"}}],\"inLanguage\":\"fr-FR\"}]}<\/script>\n<!-- \/ Yoast SEO plugin. -->","yoast_head_json":{"title":"Cana Small (0,5L) - QUUT","description":"Cana est un arrosoir ludique qui pr\u00e9sente un design iconique et innovant.","robots":{"index":"index","follow":"follow","max-snippet":"max-snippet:-1","max-image-preview":"max-image-preview:large","max-video-preview":"max-video-preview:-1"},"canonical":"https:\/\/quuttoys.com\/fr\/produit\/cana-small-05l-lavande\/","og_locale":"fr_FR","og_type":"article","og_title":"Cana Small (0,5L) - QUUT","og_description":"Cana est un arrosoir ludique qui pr\u00e9sente un design iconique et innovant.","og_url":"https:\/\/quuttoys.com\/fr\/produit\/cana-small-05l-lavande\/","og_site_name":"QUUT","article_modified_time":"2026-03-04T13:12:38+00:00","og_image":[{"width":1920,"height":1920,"url":"https:\/\/i0.wp.com\/quuttoys.com\/wp-content\/uploads\/2025\/02\/cana-lavender-05-1.jpg?fit=1920%2C1920&ssl=1","type":"image\/jpeg"}],"twitter_card":"summary_large_image","twitter_misc":{"Dur\u00e9e de lecture estim\u00e9e":"1 minute"},"schema":{"@context":"https:\/\/schema.org","@graph":[{"@type":"WebPage","@id":"https:\/\/quuttoys.com\/fr\/produit\/cana-small-05l-lavande\/","url":"https:\/\/quuttoys.com\/fr\/produit\/cana-small-05l-lavande\/","name":"Cana Small (0,5L) - QUUT","isPartOf":{"@id":"https:\/\/quuttoys.com\/fr\/#website"},"primaryImageOfPage":{"@id":"https:\/\/quuttoys.com\/fr\/produit\/cana-small-05l-lavande\/#primaryimage"},"image":{"@id":"https:\/\/quuttoys.com\/fr\/produit\/cana-small-05l-lavande\/#primaryimage"},"thumbnailUrl":"https:\/\/i0.wp.com\/quuttoys.com\/wp-content\/uploads\/2025\/02\/cana-lavender-05-1.jpg?fit=1920%2C1920&ssl=1","datePublished":"2025-02-05T14:44:43+00:00","dateModified":"2026-03-04T13:12:38+00:00","description":"Cana est un arrosoir ludique qui pr\u00e9sente un design iconique et innovant.","breadcrumb":{"@id":"https:\/\/quuttoys.com\/fr\/produit\/cana-small-05l-lavande\/#breadcrumb"},"inLanguage":"fr-FR","potentialAction":[{"@type":"ReadAction","target":["https:\/\/quuttoys.com\/fr\/produit\/cana-small-05l-lavande\/"]}]},{"@type":"ImageObject","inLanguage":"fr-FR","@id":"https:\/\/quuttoys.com\/fr\/produit\/cana-small-05l-lavande\/#primaryimage","url":"https:\/\/i0.wp.com\/quuttoys.com\/wp-content\/uploads\/2025\/02\/cana-lavender-05-1.jpg?fit=1920%2C1920&ssl=1","contentUrl":"https:\/\/i0.wp.com\/quuttoys.com\/wp-content\/uploads\/2025\/02\/cana-lavender-05-1.jpg?fit=1920%2C1920&ssl=1","width":1920,"height":1920},{"@type":"BreadcrumbList","@id":"https:\/\/quuttoys.com\/fr\/produit\/cana-small-05l-lavande\/#breadcrumb","itemListElement":[{"@type":"ListItem","position":1,"name":"Home","item":"https:\/\/quuttoys.com\/fr\/"},{"@type":"ListItem","position":2,"name":"All products","item":"https:\/\/quuttoys.com\/all-products\/"},{"@type":"ListItem","position":3,"name":"Cana Small (0,5L)"}]},{"@type":"WebSite","@id":"https:\/\/quuttoys.com\/fr\/#website","url":"https:\/\/quuttoys.com\/fr\/","name":"QUUT","description":"Quality toys quality time - Anywhere anytime","potentialAction":[{"@type":"SearchAction","target":{"@type":"EntryPoint","urlTemplate":"https:\/\/quuttoys.com\/fr\/?s={search_term_string}"},"query-input":{"@type":"PropertyValueSpecification","valueRequired":true,"valueName":"search_term_string"}}],"inLanguage":"fr-FR"}]}},"jetpack_publicize_connections":[],"jetpack_likes_enabled":true,"jetpack_sharing_enabled":true,"amp_enabled":true,"_links":{"self":[{"href":"https:\/\/quuttoys.com\/fr\/wp-json\/wp\/v2\/product\/55333","targetHints":{"allow":["GET"]}}],"collection":[{"href":"https:\/\/quuttoys.com\/fr\/wp-json\/wp\/v2\/product"}],"about":[{"href":"https:\/\/quuttoys.com\/fr\/wp-json\/wp\/v2\/types\/product"}],"wp:featuredmedia":[{"embeddable":true,"href":"https:\/\/quuttoys.com\/fr\/wp-json\/wp\/v2\/media\/55337"}],"wp:attachment":[{"href":"https:\/\/quuttoys.com\/fr\/wp-json\/wp\/v2\/media?parent=55333"}],"wp:term":[{"taxonomy":"product_brand","embeddable":true,"href":"https:\/\/quuttoys.com\/fr\/wp-json\/wp\/v2\/product_brand?post=55333"},{"taxonomy":"product_cat","embeddable":true,"href":"https:\/\/quuttoys.com\/fr\/wp-json\/wp\/v2\/product_cat?post=55333"},{"taxonomy":"product_tag","embeddable":true,"href":"https:\/\/quuttoys.com\/fr\/wp-json\/wp\/v2\/product_tag?post=55333"}],"curies":[{"name":"wp","href":"https:\/\/api.w.org\/{rel}","templated":true}]}}