{"id":55691,"date":"2025-02-13T11:59:49","date_gmt":"2025-02-13T10:59:49","guid":{"rendered":"https:\/\/quuttoys.com\/?post_type=product&#038;p=55691"},"modified":"2025-02-13T12:12:56","modified_gmt":"2025-02-13T11:12:56","slug":"serpents-et-echelles-medium","status":"publish","type":"product","link":"https:\/\/quuttoys.com\/fr\/produit\/serpents-et-echelles-medium\/","title":{"rendered":"Serpents et \u00e9chelles"},"content":{"rendered":"<p>Dimensions : 180 x 100 cm<br data-start=\"25\" data-end=\"28\" \/>Mat\u00e9riau : 100 % microfibre<br data-start=\"55\" data-end=\"58\" \/>Disponible en : Circuit automobile | Marelle<br data-start=\"102\" data-end=\"105\" \/>Entretien : Lavage \u00e0 30 \u00b0C<\/p>\n","protected":false},"excerpt":{"rendered":"<p data-start=\"0\" data-end=\"186\">Doublez le plaisir avec nos serviettes de jeu ! Cette serviette ludique poss\u00e8de un design unique avec deux faces. \u00c0 l\u2019avant, un jeu amusant, et \u00e0 l\u2019arri\u00e8re, un motif graphique \u00e9l\u00e9gant.<\/p>\n<ul data-start=\"188\" data-end=\"403\" data-is-last-node=\"\">\n<li data-start=\"188\" data-end=\"236\">Disponible en 3 tailles et plusieurs designs<\/li>\n<li data-start=\"237\" data-end=\"289\">En microfibre : s\u00e9chage rapide et format compact<\/li>\n<li data-start=\"290\" data-end=\"350\">Taille moyenne avec boutons-pression pour cr\u00e9er une cape<\/li>\n<li data-start=\"351\" data-end=\"403\" data-is-last-node=\"\">Chaque serviette est \u00e9quip\u00e9e d\u2019une boucle pratique<\/li>\n<\/ul>\n","protected":false},"featured_media":55465,"template":"","meta":{"_coblocks_attr":"","_coblocks_dimensions":"","_coblocks_responsive_height":"","_coblocks_accordion_ie_support":"","_crdt_document":"","jetpack_publicize_message":"","jetpack_publicize_feature_enabled":true,"jetpack_social_post_already_shared":true,"jetpack_social_options":{"image_generator_settings":{"template":"highway","default_image_id":0,"font":"","enabled":false},"version":2},"_wpas_customize_per_network":false},"product_brand":[],"product_cat":[20897],"product_tag":[],"class_list":{"0":"post-55691","1":"product","2":"type-product","3":"status-publish","4":"has-post-thumbnail","6":"product_cat-playtowelm-fr","8":"first","9":"instock","10":"shipping-taxable","11":"product-type-simple"},"yoast_head":"<!-- This site is optimized with the Yoast SEO plugin v27.4 - https:\/\/yoast.com\/product\/yoast-seo-wordpress\/ -->\n<title>Serpents et \u00e9chelles - QUUT<\/title>\n<meta name=\"description\" content=\"Verdubbel het plezier met onze speelhanddoeken. Aan de voorkant staat een spel en aan de achterkant vind je een grafisch patroon.\" \/>\n<meta name=\"robots\" content=\"index, follow, max-snippet:-1, max-image-preview:large, max-video-preview:-1\" \/>\n<link rel=\"canonical\" href=\"https:\/\/quuttoys.com\/fr\/produit\/serpents-et-echelles-medium\/\" \/>\n<meta property=\"og:locale\" content=\"fr_FR\" \/>\n<meta property=\"og:type\" content=\"article\" \/>\n<meta property=\"og:title\" content=\"Serpents et \u00e9chelles - QUUT\" \/>\n<meta property=\"og:description\" content=\"Verdubbel het plezier met onze speelhanddoeken. Aan de voorkant staat een spel en aan de achterkant vind je een grafisch patroon.\" \/>\n<meta property=\"og:url\" content=\"https:\/\/quuttoys.com\/fr\/produit\/serpents-et-echelles-medium\/\" \/>\n<meta property=\"og:site_name\" content=\"QUUT\" \/>\n<meta property=\"article:modified_time\" content=\"2025-02-13T11:12:56+00:00\" \/>\n<meta property=\"og:image\" content=\"https:\/\/quuttoys.com\/wp-content\/uploads\/2025\/02\/Medium-Snakeladders-scaled.jpg\" \/>\n\t<meta property=\"og:image:width\" content=\"2560\" \/>\n\t<meta property=\"og:image:height\" content=\"2560\" \/>\n\t<meta property=\"og:image:type\" content=\"image\/jpeg\" \/>\n<meta name=\"twitter:card\" content=\"summary_large_image\" \/>\n<meta name=\"twitter:label1\" content=\"Dur\u00e9e de lecture estim\u00e9e\" \/>\n\t<meta name=\"twitter:data1\" content=\"1 minute\" \/>\n<script type=\"application\/ld+json\" class=\"yoast-schema-graph\">{\"@context\":\"https:\\\/\\\/schema.org\",\"@graph\":[{\"@type\":\"WebPage\",\"@id\":\"https:\\\/\\\/quuttoys.com\\\/fr\\\/produit\\\/serpents-et-echelles-medium\\\/\",\"url\":\"https:\\\/\\\/quuttoys.com\\\/fr\\\/produit\\\/serpents-et-echelles-medium\\\/\",\"name\":\"Serpents et \u00e9chelles - QUUT\",\"isPartOf\":{\"@id\":\"https:\\\/\\\/quuttoys.com\\\/fr\\\/#website\"},\"primaryImageOfPage\":{\"@id\":\"https:\\\/\\\/quuttoys.com\\\/fr\\\/produit\\\/serpents-et-echelles-medium\\\/#primaryimage\"},\"image\":{\"@id\":\"https:\\\/\\\/quuttoys.com\\\/fr\\\/produit\\\/serpents-et-echelles-medium\\\/#primaryimage\"},\"thumbnailUrl\":\"https:\\\/\\\/i0.wp.com\\\/quuttoys.com\\\/wp-content\\\/uploads\\\/2025\\\/02\\\/Medium-Snakeladders-scaled.jpg?fit=2560%2C2560&ssl=1\",\"datePublished\":\"2025-02-13T10:59:49+00:00\",\"dateModified\":\"2025-02-13T11:12:56+00:00\",\"description\":\"Verdubbel het plezier met onze speelhanddoeken. Aan de voorkant staat een spel en aan de achterkant vind je een grafisch patroon.\",\"breadcrumb\":{\"@id\":\"https:\\\/\\\/quuttoys.com\\\/fr\\\/produit\\\/serpents-et-echelles-medium\\\/#breadcrumb\"},\"inLanguage\":\"fr-FR\",\"potentialAction\":[{\"@type\":\"ReadAction\",\"target\":[\"https:\\\/\\\/quuttoys.com\\\/fr\\\/produit\\\/serpents-et-echelles-medium\\\/\"]}]},{\"@type\":\"ImageObject\",\"inLanguage\":\"fr-FR\",\"@id\":\"https:\\\/\\\/quuttoys.com\\\/fr\\\/produit\\\/serpents-et-echelles-medium\\\/#primaryimage\",\"url\":\"https:\\\/\\\/i0.wp.com\\\/quuttoys.com\\\/wp-content\\\/uploads\\\/2025\\\/02\\\/Medium-Snakeladders-scaled.jpg?fit=2560%2C2560&ssl=1\",\"contentUrl\":\"https:\\\/\\\/i0.wp.com\\\/quuttoys.com\\\/wp-content\\\/uploads\\\/2025\\\/02\\\/Medium-Snakeladders-scaled.jpg?fit=2560%2C2560&ssl=1\",\"width\":2560,\"height\":2560},{\"@type\":\"BreadcrumbList\",\"@id\":\"https:\\\/\\\/quuttoys.com\\\/fr\\\/produit\\\/serpents-et-echelles-medium\\\/#breadcrumb\",\"itemListElement\":[{\"@type\":\"ListItem\",\"position\":1,\"name\":\"Home\",\"item\":\"https:\\\/\\\/quuttoys.com\\\/fr\\\/\"},{\"@type\":\"ListItem\",\"position\":2,\"name\":\"All products\",\"item\":\"https:\\\/\\\/quuttoys.com\\\/all-products\\\/\"},{\"@type\":\"ListItem\",\"position\":3,\"name\":\"Serpents et \u00e9chelles\"}]},{\"@type\":\"WebSite\",\"@id\":\"https:\\\/\\\/quuttoys.com\\\/fr\\\/#website\",\"url\":\"https:\\\/\\\/quuttoys.com\\\/fr\\\/\",\"name\":\"QUUT\",\"description\":\"Quality toys quality time - Anywhere anytime\",\"potentialAction\":[{\"@type\":\"SearchAction\",\"target\":{\"@type\":\"EntryPoint\",\"urlTemplate\":\"https:\\\/\\\/quuttoys.com\\\/fr\\\/?s={search_term_string}\"},\"query-input\":{\"@type\":\"PropertyValueSpecification\",\"valueRequired\":true,\"valueName\":\"search_term_string\"}}],\"inLanguage\":\"fr-FR\"}]}<\/script>\n<!-- \/ Yoast SEO plugin. -->","yoast_head_json":{"title":"Serpents et \u00e9chelles - QUUT","description":"Verdubbel het plezier met onze speelhanddoeken. Aan de voorkant staat een spel en aan de achterkant vind je een grafisch patroon.","robots":{"index":"index","follow":"follow","max-snippet":"max-snippet:-1","max-image-preview":"max-image-preview:large","max-video-preview":"max-video-preview:-1"},"canonical":"https:\/\/quuttoys.com\/fr\/produit\/serpents-et-echelles-medium\/","og_locale":"fr_FR","og_type":"article","og_title":"Serpents et \u00e9chelles - QUUT","og_description":"Verdubbel het plezier met onze speelhanddoeken. Aan de voorkant staat een spel en aan de achterkant vind je een grafisch patroon.","og_url":"https:\/\/quuttoys.com\/fr\/produit\/serpents-et-echelles-medium\/","og_site_name":"QUUT","article_modified_time":"2025-02-13T11:12:56+00:00","og_image":[{"width":2560,"height":2560,"url":"https:\/\/quuttoys.com\/wp-content\/uploads\/2025\/02\/Medium-Snakeladders-scaled.jpg","type":"image\/jpeg"}],"twitter_card":"summary_large_image","twitter_misc":{"Dur\u00e9e de lecture estim\u00e9e":"1 minute"},"schema":{"@context":"https:\/\/schema.org","@graph":[{"@type":"WebPage","@id":"https:\/\/quuttoys.com\/fr\/produit\/serpents-et-echelles-medium\/","url":"https:\/\/quuttoys.com\/fr\/produit\/serpents-et-echelles-medium\/","name":"Serpents et \u00e9chelles - QUUT","isPartOf":{"@id":"https:\/\/quuttoys.com\/fr\/#website"},"primaryImageOfPage":{"@id":"https:\/\/quuttoys.com\/fr\/produit\/serpents-et-echelles-medium\/#primaryimage"},"image":{"@id":"https:\/\/quuttoys.com\/fr\/produit\/serpents-et-echelles-medium\/#primaryimage"},"thumbnailUrl":"https:\/\/i0.wp.com\/quuttoys.com\/wp-content\/uploads\/2025\/02\/Medium-Snakeladders-scaled.jpg?fit=2560%2C2560&ssl=1","datePublished":"2025-02-13T10:59:49+00:00","dateModified":"2025-02-13T11:12:56+00:00","description":"Verdubbel het plezier met onze speelhanddoeken. Aan de voorkant staat een spel en aan de achterkant vind je een grafisch patroon.","breadcrumb":{"@id":"https:\/\/quuttoys.com\/fr\/produit\/serpents-et-echelles-medium\/#breadcrumb"},"inLanguage":"fr-FR","potentialAction":[{"@type":"ReadAction","target":["https:\/\/quuttoys.com\/fr\/produit\/serpents-et-echelles-medium\/"]}]},{"@type":"ImageObject","inLanguage":"fr-FR","@id":"https:\/\/quuttoys.com\/fr\/produit\/serpents-et-echelles-medium\/#primaryimage","url":"https:\/\/i0.wp.com\/quuttoys.com\/wp-content\/uploads\/2025\/02\/Medium-Snakeladders-scaled.jpg?fit=2560%2C2560&ssl=1","contentUrl":"https:\/\/i0.wp.com\/quuttoys.com\/wp-content\/uploads\/2025\/02\/Medium-Snakeladders-scaled.jpg?fit=2560%2C2560&ssl=1","width":2560,"height":2560},{"@type":"BreadcrumbList","@id":"https:\/\/quuttoys.com\/fr\/produit\/serpents-et-echelles-medium\/#breadcrumb","itemListElement":[{"@type":"ListItem","position":1,"name":"Home","item":"https:\/\/quuttoys.com\/fr\/"},{"@type":"ListItem","position":2,"name":"All products","item":"https:\/\/quuttoys.com\/all-products\/"},{"@type":"ListItem","position":3,"name":"Serpents et \u00e9chelles"}]},{"@type":"WebSite","@id":"https:\/\/quuttoys.com\/fr\/#website","url":"https:\/\/quuttoys.com\/fr\/","name":"QUUT","description":"Quality toys quality time - Anywhere anytime","potentialAction":[{"@type":"SearchAction","target":{"@type":"EntryPoint","urlTemplate":"https:\/\/quuttoys.com\/fr\/?s={search_term_string}"},"query-input":{"@type":"PropertyValueSpecification","valueRequired":true,"valueName":"search_term_string"}}],"inLanguage":"fr-FR"}]}},"jetpack_publicize_connections":[],"jetpack_likes_enabled":true,"jetpack_sharing_enabled":true,"amp_enabled":true,"_links":{"self":[{"href":"https:\/\/quuttoys.com\/fr\/wp-json\/wp\/v2\/product\/55691","targetHints":{"allow":["GET"]}}],"collection":[{"href":"https:\/\/quuttoys.com\/fr\/wp-json\/wp\/v2\/product"}],"about":[{"href":"https:\/\/quuttoys.com\/fr\/wp-json\/wp\/v2\/types\/product"}],"wp:featuredmedia":[{"embeddable":true,"href":"https:\/\/quuttoys.com\/fr\/wp-json\/wp\/v2\/media\/55465"}],"wp:attachment":[{"href":"https:\/\/quuttoys.com\/fr\/wp-json\/wp\/v2\/media?parent=55691"}],"wp:term":[{"taxonomy":"product_brand","embeddable":true,"href":"https:\/\/quuttoys.com\/fr\/wp-json\/wp\/v2\/product_brand?post=55691"},{"taxonomy":"product_cat","embeddable":true,"href":"https:\/\/quuttoys.com\/fr\/wp-json\/wp\/v2\/product_cat?post=55691"},{"taxonomy":"product_tag","embeddable":true,"href":"https:\/\/quuttoys.com\/fr\/wp-json\/wp\/v2\/product_tag?post=55691"}],"curies":[{"name":"wp","href":"https:\/\/api.w.org\/{rel}","templated":true}]}}