{"id":58665,"date":"2025-09-01T07:00:01","date_gmt":"2025-09-01T05:00:01","guid":{"rendered":"https:\/\/quuttoys.com\/?post_type=product&#038;p=58665"},"modified":"2026-02-24T11:39:16","modified_gmt":"2026-02-24T10:39:16","slug":"beedi-poissons-2","status":"publish","type":"product","link":"https:\/\/quuttoys.com\/fr\/produit\/beedi-poissons-2\/","title":{"rendered":"Beedi Poissons"},"content":{"rendered":"<p class=\"p1\"><strong><span class=\"s1\">NETTOYAGE ET ENTRETIEN<\/span><\/strong><\/p>\n<p class=\"p1\"><em><span class=\"s1\">Rincez soigneusement apr\u00e8s chaque utilisation et placez-le dans un endroit o\u00f9 il peut s\u00e9cher compl\u00e8tement. Nettoyez avec un d\u00e9tergent doux si n\u00e9cessaire.<br \/>\nThe pieces do not absorb water which makes them easy to clean and reduce mold and mildew.<\/span><\/em><\/p>\n","protected":false},"excerpt":{"rendered":"<p>Les premi\u00e8res perles \u00e0 enfiler de votre enfant!<br \/>\nA partir de 10 mois votre enfant pourra s\u2019amuser avec les grandes formes en mousse qui flottent sur l\u2019eau et qui se collent \u00e0 la paroi de la baignoire ou de la douche. A partir de 18 mois \/ 2 ans il pourra travailler l\u2019enfilage des formes avec l\u2019aiguille toute douce en silicone, ce qui am\u00e9liorera sa motricit\u00e9 fine et stimule sa cr\u00e9ativit\u00e9 et son imagination. Utilisez la ventouse pour fixer la cr\u00e9ation de votre enfant sur la paroi de la baignoire et apportez une touche d\u00e9co qui fera sensation.<\/p>\n<p class=\"p1\">[fusion_checklist icon=\"ok\" iconcolor=\"#aaaaaa\" circle=\"no\"]<\/p>\n<ul>\n<li>\n<div class=\"ewa-rteLine\">Diff\u00e9rentes formes et couleurs = possibilit\u00e9s infinies<\/div>\n<\/li>\n<li>\n<div class=\"ewa-rteLine\">Les pi\u00e8ces flottent sur l&rsquo;eau et se collent aux parois<\/div>\n<\/li>\n<li>\n<div class=\"ewa-rteLine\">Id\u00e9al pour travailler la coordination \u0153il-main<\/div>\n<\/li>\n<li>\n<div class=\"ewa-rteLine\">Cr\u00e9ativit\u00e9, perception visuelle et motricit\u00e9 fine<\/div>\n<\/li>\n<li>\n<div class=\"ewa-rteLine\">Adapt\u00e9 aux petites mains<\/div>\n<\/li>\n<li>\n<div class=\"ewa-rteLine\">Silicone et mousse EVA<\/div>\n<\/li>\n<li>\n<div class=\"ewa-rteLine\">Facile \u00e0 s\u00e9cher et \u00e0 ranger<\/div>\n<\/li>\n<li>\n<div class=\"ewa-rteLine\">Sans substances nocives (BPA, phtalates, latex, etc.)<\/div>\n<\/li>\n<\/ul>\n<p>[\/fusion_checklist]<\/p>\n","protected":false},"featured_media":58678,"template":"","meta":{"_coblocks_attr":"","_coblocks_dimensions":"","_coblocks_responsive_height":"","_coblocks_accordion_ie_support":"","_crdt_document":"","jetpack_post_was_ever_published":false,"jetpack_publicize_message":"","jetpack_publicize_feature_enabled":true,"jetpack_social_post_already_shared":true,"jetpack_social_options":{"image_generator_settings":{"template":"highway","default_image_id":0,"font":"","enabled":false},"version":2},"_wpas_customize_per_network":false},"product_brand":[],"product_cat":[20641,20987],"product_tag":[],"class_list":{"0":"post-58665","1":"product","2":"type-product","3":"status-publish","4":"has-post-thumbnail","6":"product_cat-beedi-3","7":"product_cat-beedi-fr","9":"first","10":"instock","11":"shipping-taxable","12":"product-type-simple"},"yoast_head":"<!-- This site is optimized with the Yoast SEO plugin v27.3 - https:\/\/yoast.com\/product\/yoast-seo-wordpress\/ -->\n<title>Beedi Poissons - QUUT<\/title>\n<meta name=\"description\" content=\"Les premi\u00e8res perles \u00e0 enfiler de votre enfant!\" \/>\n<meta name=\"robots\" content=\"index, follow, max-snippet:-1, max-image-preview:large, max-video-preview:-1\" \/>\n<link rel=\"canonical\" href=\"https:\/\/quuttoys.com\/fr\/produit\/beedi-poissons-2\/\" \/>\n<meta property=\"og:locale\" content=\"fr_FR\" \/>\n<meta property=\"og:type\" content=\"article\" \/>\n<meta property=\"og:title\" content=\"Beedi Poissons - QUUT\" \/>\n<meta property=\"og:description\" content=\"Les premi\u00e8res perles \u00e0 enfiler de votre enfant!\" \/>\n<meta property=\"og:url\" content=\"https:\/\/quuttoys.com\/fr\/produit\/beedi-poissons-2\/\" \/>\n<meta property=\"og:site_name\" content=\"QUUT\" \/>\n<meta property=\"article:modified_time\" content=\"2026-02-24T10:39:16+00:00\" \/>\n<meta property=\"og:image\" content=\"https:\/\/quuttoys.com\/wp-content\/uploads\/2025\/07\/packshot-scaled.jpg\" \/>\n\t<meta property=\"og:image:width\" content=\"2560\" \/>\n\t<meta property=\"og:image:height\" content=\"2560\" \/>\n\t<meta property=\"og:image:type\" content=\"image\/jpeg\" \/>\n<meta name=\"twitter:card\" content=\"summary_large_image\" \/>\n<meta name=\"twitter:label1\" content=\"Dur\u00e9e de lecture estim\u00e9e\" \/>\n\t<meta name=\"twitter:data1\" content=\"1 minute\" \/>\n<script type=\"application\/ld+json\" class=\"yoast-schema-graph\">{\"@context\":\"https:\\\/\\\/schema.org\",\"@graph\":[{\"@type\":\"WebPage\",\"@id\":\"https:\\\/\\\/quuttoys.com\\\/fr\\\/produit\\\/beedi-poissons-2\\\/\",\"url\":\"https:\\\/\\\/quuttoys.com\\\/fr\\\/produit\\\/beedi-poissons-2\\\/\",\"name\":\"Beedi Poissons - QUUT\",\"isPartOf\":{\"@id\":\"https:\\\/\\\/quuttoys.com\\\/fr\\\/#website\"},\"primaryImageOfPage\":{\"@id\":\"https:\\\/\\\/quuttoys.com\\\/fr\\\/produit\\\/beedi-poissons-2\\\/#primaryimage\"},\"image\":{\"@id\":\"https:\\\/\\\/quuttoys.com\\\/fr\\\/produit\\\/beedi-poissons-2\\\/#primaryimage\"},\"thumbnailUrl\":\"https:\\\/\\\/i0.wp.com\\\/quuttoys.com\\\/wp-content\\\/uploads\\\/2025\\\/07\\\/packshot-scaled.jpg?fit=2560%2C2560&ssl=1\",\"datePublished\":\"2025-09-01T05:00:01+00:00\",\"dateModified\":\"2026-02-24T10:39:16+00:00\",\"description\":\"Les premi\u00e8res perles \u00e0 enfiler de votre enfant!\",\"breadcrumb\":{\"@id\":\"https:\\\/\\\/quuttoys.com\\\/fr\\\/produit\\\/beedi-poissons-2\\\/#breadcrumb\"},\"inLanguage\":\"fr-FR\",\"potentialAction\":[{\"@type\":\"ReadAction\",\"target\":[\"https:\\\/\\\/quuttoys.com\\\/fr\\\/produit\\\/beedi-poissons-2\\\/\"]}]},{\"@type\":\"ImageObject\",\"inLanguage\":\"fr-FR\",\"@id\":\"https:\\\/\\\/quuttoys.com\\\/fr\\\/produit\\\/beedi-poissons-2\\\/#primaryimage\",\"url\":\"https:\\\/\\\/i0.wp.com\\\/quuttoys.com\\\/wp-content\\\/uploads\\\/2025\\\/07\\\/packshot-scaled.jpg?fit=2560%2C2560&ssl=1\",\"contentUrl\":\"https:\\\/\\\/i0.wp.com\\\/quuttoys.com\\\/wp-content\\\/uploads\\\/2025\\\/07\\\/packshot-scaled.jpg?fit=2560%2C2560&ssl=1\",\"width\":2560,\"height\":2560},{\"@type\":\"BreadcrumbList\",\"@id\":\"https:\\\/\\\/quuttoys.com\\\/fr\\\/produit\\\/beedi-poissons-2\\\/#breadcrumb\",\"itemListElement\":[{\"@type\":\"ListItem\",\"position\":1,\"name\":\"Home\",\"item\":\"https:\\\/\\\/quuttoys.com\\\/fr\\\/\"},{\"@type\":\"ListItem\",\"position\":2,\"name\":\"All products\",\"item\":\"https:\\\/\\\/quuttoys.com\\\/all-products\\\/\"},{\"@type\":\"ListItem\",\"position\":3,\"name\":\"Beedi Poissons\"}]},{\"@type\":\"WebSite\",\"@id\":\"https:\\\/\\\/quuttoys.com\\\/fr\\\/#website\",\"url\":\"https:\\\/\\\/quuttoys.com\\\/fr\\\/\",\"name\":\"QUUT\",\"description\":\"Quality toys quality time - Anywhere anytime\",\"potentialAction\":[{\"@type\":\"SearchAction\",\"target\":{\"@type\":\"EntryPoint\",\"urlTemplate\":\"https:\\\/\\\/quuttoys.com\\\/fr\\\/?s={search_term_string}\"},\"query-input\":{\"@type\":\"PropertyValueSpecification\",\"valueRequired\":true,\"valueName\":\"search_term_string\"}}],\"inLanguage\":\"fr-FR\"}]}<\/script>\n<!-- \/ Yoast SEO plugin. -->","yoast_head_json":{"title":"Beedi Poissons - QUUT","description":"Les premi\u00e8res perles \u00e0 enfiler de votre enfant!","robots":{"index":"index","follow":"follow","max-snippet":"max-snippet:-1","max-image-preview":"max-image-preview:large","max-video-preview":"max-video-preview:-1"},"canonical":"https:\/\/quuttoys.com\/fr\/produit\/beedi-poissons-2\/","og_locale":"fr_FR","og_type":"article","og_title":"Beedi Poissons - QUUT","og_description":"Les premi\u00e8res perles \u00e0 enfiler de votre enfant!","og_url":"https:\/\/quuttoys.com\/fr\/produit\/beedi-poissons-2\/","og_site_name":"QUUT","article_modified_time":"2026-02-24T10:39:16+00:00","og_image":[{"width":2560,"height":2560,"url":"https:\/\/quuttoys.com\/wp-content\/uploads\/2025\/07\/packshot-scaled.jpg","type":"image\/jpeg"}],"twitter_card":"summary_large_image","twitter_misc":{"Dur\u00e9e de lecture estim\u00e9e":"1 minute"},"schema":{"@context":"https:\/\/schema.org","@graph":[{"@type":"WebPage","@id":"https:\/\/quuttoys.com\/fr\/produit\/beedi-poissons-2\/","url":"https:\/\/quuttoys.com\/fr\/produit\/beedi-poissons-2\/","name":"Beedi Poissons - QUUT","isPartOf":{"@id":"https:\/\/quuttoys.com\/fr\/#website"},"primaryImageOfPage":{"@id":"https:\/\/quuttoys.com\/fr\/produit\/beedi-poissons-2\/#primaryimage"},"image":{"@id":"https:\/\/quuttoys.com\/fr\/produit\/beedi-poissons-2\/#primaryimage"},"thumbnailUrl":"https:\/\/i0.wp.com\/quuttoys.com\/wp-content\/uploads\/2025\/07\/packshot-scaled.jpg?fit=2560%2C2560&ssl=1","datePublished":"2025-09-01T05:00:01+00:00","dateModified":"2026-02-24T10:39:16+00:00","description":"Les premi\u00e8res perles \u00e0 enfiler de votre enfant!","breadcrumb":{"@id":"https:\/\/quuttoys.com\/fr\/produit\/beedi-poissons-2\/#breadcrumb"},"inLanguage":"fr-FR","potentialAction":[{"@type":"ReadAction","target":["https:\/\/quuttoys.com\/fr\/produit\/beedi-poissons-2\/"]}]},{"@type":"ImageObject","inLanguage":"fr-FR","@id":"https:\/\/quuttoys.com\/fr\/produit\/beedi-poissons-2\/#primaryimage","url":"https:\/\/i0.wp.com\/quuttoys.com\/wp-content\/uploads\/2025\/07\/packshot-scaled.jpg?fit=2560%2C2560&ssl=1","contentUrl":"https:\/\/i0.wp.com\/quuttoys.com\/wp-content\/uploads\/2025\/07\/packshot-scaled.jpg?fit=2560%2C2560&ssl=1","width":2560,"height":2560},{"@type":"BreadcrumbList","@id":"https:\/\/quuttoys.com\/fr\/produit\/beedi-poissons-2\/#breadcrumb","itemListElement":[{"@type":"ListItem","position":1,"name":"Home","item":"https:\/\/quuttoys.com\/fr\/"},{"@type":"ListItem","position":2,"name":"All products","item":"https:\/\/quuttoys.com\/all-products\/"},{"@type":"ListItem","position":3,"name":"Beedi Poissons"}]},{"@type":"WebSite","@id":"https:\/\/quuttoys.com\/fr\/#website","url":"https:\/\/quuttoys.com\/fr\/","name":"QUUT","description":"Quality toys quality time - Anywhere anytime","potentialAction":[{"@type":"SearchAction","target":{"@type":"EntryPoint","urlTemplate":"https:\/\/quuttoys.com\/fr\/?s={search_term_string}"},"query-input":{"@type":"PropertyValueSpecification","valueRequired":true,"valueName":"search_term_string"}}],"inLanguage":"fr-FR"}]}},"jetpack_publicize_connections":[],"jetpack_likes_enabled":true,"jetpack_sharing_enabled":true,"amp_enabled":true,"_links":{"self":[{"href":"https:\/\/quuttoys.com\/fr\/wp-json\/wp\/v2\/product\/58665","targetHints":{"allow":["GET"]}}],"collection":[{"href":"https:\/\/quuttoys.com\/fr\/wp-json\/wp\/v2\/product"}],"about":[{"href":"https:\/\/quuttoys.com\/fr\/wp-json\/wp\/v2\/types\/product"}],"wp:featuredmedia":[{"embeddable":true,"href":"https:\/\/quuttoys.com\/fr\/wp-json\/wp\/v2\/media\/58678"}],"wp:attachment":[{"href":"https:\/\/quuttoys.com\/fr\/wp-json\/wp\/v2\/media?parent=58665"}],"wp:term":[{"taxonomy":"product_brand","embeddable":true,"href":"https:\/\/quuttoys.com\/fr\/wp-json\/wp\/v2\/product_brand?post=58665"},{"taxonomy":"product_cat","embeddable":true,"href":"https:\/\/quuttoys.com\/fr\/wp-json\/wp\/v2\/product_cat?post=58665"},{"taxonomy":"product_tag","embeddable":true,"href":"https:\/\/quuttoys.com\/fr\/wp-json\/wp\/v2\/product_tag?post=58665"}],"curies":[{"name":"wp","href":"https:\/\/api.w.org\/{rel}","templated":true}]}}