{"id":58696,"date":"2025-09-01T07:00:06","date_gmt":"2025-09-01T05:00:06","guid":{"rendered":"https:\/\/quuttoys.com\/?post_type=product&#038;p=58696"},"modified":"2025-07-10T11:38:40","modified_gmt":"2025-07-10T09:38:40","slug":"bord-de-mer","status":"publish","type":"product","link":"https:\/\/quuttoys.com\/fr\/produit\/bord-de-mer\/","title":{"rendered":"Bord de mer"},"content":{"rendered":"<p class=\"p1\"><strong><span class=\"s1\">NETTOYAGE ET ENTRETIEN<\/span><\/strong><\/p>\n<p class=\"p1\"><em><span class=\"s1\">Rincez soigneusement apr\u00e8s chaque utilisation et placez-le dans un endroit o\u00f9 il peut s\u00e9cher compl\u00e8tement. Nettoyez avec un d\u00e9tergent doux si n\u00e9cessaire.<\/span><\/em><\/p>\n","protected":false},"excerpt":{"rendered":"<p class=\"p1\">Est-ce un oiseau ou un poisson ? Un cochon ou un tapir ? Un h\u00e9risson ou un renardeau ? Les petites cr\u00e9atures de la Parade des animaux de Quut vous jouent des tours : en fonction de la fa\u00e7on dont vous les tenez ou les positionnez sur la baignoire ou la paroi de la douche, vous verrez des formes diff\u00e9rentes ! Associez-les toutes ensemble pour cr\u00e9er une chenille ! Stimulez l&rsquo;imagination de vos enfants, enrichissez leur vocabulaire, am\u00e9liorez leur capacit\u00e9 \u00e0 produire des sons et aidez-les \u00e0 d\u00e9velopper leur motricit\u00e9 ! Toutes les formes sont fabriqu\u00e9es en mousse EVA douce, ce qui leur permet de flotter.<\/p>\n<p class=\"p1\">[fusion_checklist icon=\"ok\" iconcolor=\"#aaaaaa\" circle=\"no\"]<\/p>\n<ul>\n<li>Stimule la motricit\u00e9 fine<\/li>\n<li>Encourage le jeu cr\u00e9atif<\/li>\n<li>Temps de qualit\u00e9 parent \/ enfant<\/li>\n<li>Mousse douce exempt de bisph\u00e9nol A, de phtalates et de latex.<\/li>\n<li>L&rsquo;ensemble contient 10 pi\u00e8ces<\/li>\n<li>A partir de 10 mois<\/li>\n<\/ul>\n<p>[\/fusion_checklist]<\/p>\n","protected":false},"featured_media":58702,"template":"","meta":{"_coblocks_attr":"","_coblocks_dimensions":"","_coblocks_responsive_height":"","_coblocks_accordion_ie_support":"","_crdt_document":"","jetpack_post_was_ever_published":false,"jetpack_publicize_message":"","jetpack_publicize_feature_enabled":true,"jetpack_social_post_already_shared":true,"jetpack_social_options":{"image_generator_settings":{"template":"highway","default_image_id":0,"font":"","enabled":false},"version":2},"_wpas_customize_per_network":false},"product_brand":[],"product_cat":[20271,20267,20270],"product_tag":[],"class_list":{"0":"post-58696","1":"product","2":"type-product","3":"status-publish","4":"has-post-thumbnail","6":"product_cat-2d-fr","7":"product_cat-bain","8":"product_cat-quutopia-fr","10":"first","11":"instock","12":"shipping-taxable","13":"product-type-simple"},"yoast_head":"<!-- This site is optimized with the Yoast SEO plugin v27.2 - https:\/\/yoast.com\/product\/yoast-seo-wordpress\/ -->\n<title>Bord de mer - QUUT<\/title>\n<meta name=\"robots\" content=\"index, follow, max-snippet:-1, max-image-preview:large, max-video-preview:-1\" \/>\n<link rel=\"canonical\" href=\"https:\/\/quuttoys.com\/fr\/produit\/bord-de-mer\/\" \/>\n<meta property=\"og:locale\" content=\"fr_FR\" \/>\n<meta property=\"og:type\" content=\"article\" \/>\n<meta property=\"og:title\" content=\"Bord de mer - QUUT\" \/>\n<meta property=\"og:description\" content=\"Est-ce un oiseau ou un poisson ? Un cochon ou un tapir ? Un h\u00e9risson ou un renardeau ? Les petites cr\u00e9atures de la Parade des animaux de Quut vous jouent des tours : en fonction de la fa\u00e7on dont vous les tenez ou les positionnez sur la baignoire ou la paroi de la douche, vous verrez des formes diff\u00e9rentes ! Associez-les toutes ensemble pour cr\u00e9er une chenille ! Stimulez l&#039;imagination de vos enfants, enrichissez leur vocabulaire, am\u00e9liorez leur capacit\u00e9 \u00e0 produire des sons et aidez-les \u00e0 d\u00e9velopper leur motricit\u00e9 ! Toutes les formes sont fabriqu\u00e9es en mousse EVA douce, ce qui leur permet de flotter.\" \/>\n<meta property=\"og:url\" content=\"https:\/\/quuttoys.com\/fr\/produit\/bord-de-mer\/\" \/>\n<meta property=\"og:site_name\" content=\"QUUT\" \/>\n<meta property=\"og:image\" content=\"https:\/\/i0.wp.com\/quuttoys.com\/wp-content\/uploads\/2025\/07\/Quutopia_Bath-Puzzle_seaside_packaging-scaled.jpg?fit=2519%2C2560&ssl=1\" \/>\n\t<meta property=\"og:image:width\" content=\"2519\" \/>\n\t<meta property=\"og:image:height\" content=\"2560\" \/>\n\t<meta property=\"og:image:type\" content=\"image\/jpeg\" \/>\n<meta name=\"twitter:card\" content=\"summary_large_image\" \/>\n<meta name=\"twitter:label1\" content=\"Dur\u00e9e de lecture estim\u00e9e\" \/>\n\t<meta name=\"twitter:data1\" content=\"1 minute\" \/>\n<script type=\"application\/ld+json\" class=\"yoast-schema-graph\">{\"@context\":\"https:\/\/schema.org\",\"@graph\":[{\"@type\":\"WebPage\",\"@id\":\"https:\/\/quuttoys.com\/fr\/produit\/bord-de-mer\/\",\"url\":\"https:\/\/quuttoys.com\/fr\/produit\/bord-de-mer\/\",\"name\":\"Bord de mer - QUUT\",\"isPartOf\":{\"@id\":\"https:\/\/quuttoys.com\/fr\/#website\"},\"primaryImageOfPage\":{\"@id\":\"https:\/\/quuttoys.com\/fr\/produit\/bord-de-mer\/#primaryimage\"},\"image\":{\"@id\":\"https:\/\/quuttoys.com\/fr\/produit\/bord-de-mer\/#primaryimage\"},\"thumbnailUrl\":\"https:\/\/i0.wp.com\/quuttoys.com\/wp-content\/uploads\/2025\/07\/Quutopia_Bath-Puzzle_seaside_packaging-scaled.jpg?fit=2519%2C2560&ssl=1\",\"datePublished\":\"2025-09-01T05:00:06+00:00\",\"breadcrumb\":{\"@id\":\"https:\/\/quuttoys.com\/fr\/produit\/bord-de-mer\/#breadcrumb\"},\"inLanguage\":\"fr-FR\",\"potentialAction\":[{\"@type\":\"ReadAction\",\"target\":[\"https:\/\/quuttoys.com\/fr\/produit\/bord-de-mer\/\"]}]},{\"@type\":\"ImageObject\",\"inLanguage\":\"fr-FR\",\"@id\":\"https:\/\/quuttoys.com\/fr\/produit\/bord-de-mer\/#primaryimage\",\"url\":\"https:\/\/i0.wp.com\/quuttoys.com\/wp-content\/uploads\/2025\/07\/Quutopia_Bath-Puzzle_seaside_packaging-scaled.jpg?fit=2519%2C2560&ssl=1\",\"contentUrl\":\"https:\/\/i0.wp.com\/quuttoys.com\/wp-content\/uploads\/2025\/07\/Quutopia_Bath-Puzzle_seaside_packaging-scaled.jpg?fit=2519%2C2560&ssl=1\",\"width\":2519,\"height\":2560,\"caption\":\"Quutopia_Bath-Puzzle_seaside_packaging\"},{\"@type\":\"BreadcrumbList\",\"@id\":\"https:\/\/quuttoys.com\/fr\/produit\/bord-de-mer\/#breadcrumb\",\"itemListElement\":[{\"@type\":\"ListItem\",\"position\":1,\"name\":\"Home\",\"item\":\"https:\/\/quuttoys.com\/fr\/\"},{\"@type\":\"ListItem\",\"position\":2,\"name\":\"All products\",\"item\":\"https:\/\/quuttoys.com\/all-products\/\"},{\"@type\":\"ListItem\",\"position\":3,\"name\":\"Bord de mer\"}]},{\"@type\":\"WebSite\",\"@id\":\"https:\/\/quuttoys.com\/fr\/#website\",\"url\":\"https:\/\/quuttoys.com\/fr\/\",\"name\":\"QUUT\",\"description\":\"Quality toys quality time - Anywhere anytime\",\"potentialAction\":[{\"@type\":\"SearchAction\",\"target\":{\"@type\":\"EntryPoint\",\"urlTemplate\":\"https:\/\/quuttoys.com\/fr\/?s={search_term_string}\"},\"query-input\":{\"@type\":\"PropertyValueSpecification\",\"valueRequired\":true,\"valueName\":\"search_term_string\"}}],\"inLanguage\":\"fr-FR\"}]}<\/script>\n<!-- \/ Yoast SEO plugin. -->","yoast_head_json":{"title":"Bord de mer - QUUT","robots":{"index":"index","follow":"follow","max-snippet":"max-snippet:-1","max-image-preview":"max-image-preview:large","max-video-preview":"max-video-preview:-1"},"canonical":"https:\/\/quuttoys.com\/fr\/produit\/bord-de-mer\/","og_locale":"fr_FR","og_type":"article","og_title":"Bord de mer - QUUT","og_description":"Est-ce un oiseau ou un poisson ? Un cochon ou un tapir ? Un h\u00e9risson ou un renardeau ? Les petites cr\u00e9atures de la Parade des animaux de Quut vous jouent des tours : en fonction de la fa\u00e7on dont vous les tenez ou les positionnez sur la baignoire ou la paroi de la douche, vous verrez des formes diff\u00e9rentes ! Associez-les toutes ensemble pour cr\u00e9er une chenille ! Stimulez l'imagination de vos enfants, enrichissez leur vocabulaire, am\u00e9liorez leur capacit\u00e9 \u00e0 produire des sons et aidez-les \u00e0 d\u00e9velopper leur motricit\u00e9 ! Toutes les formes sont fabriqu\u00e9es en mousse EVA douce, ce qui leur permet de flotter.","og_url":"https:\/\/quuttoys.com\/fr\/produit\/bord-de-mer\/","og_site_name":"QUUT","og_image":[{"width":2519,"height":2560,"url":"https:\/\/i0.wp.com\/quuttoys.com\/wp-content\/uploads\/2025\/07\/Quutopia_Bath-Puzzle_seaside_packaging-scaled.jpg?fit=2519%2C2560&ssl=1","type":"image\/jpeg"}],"twitter_card":"summary_large_image","twitter_misc":{"Dur\u00e9e de lecture estim\u00e9e":"1 minute"},"schema":{"@context":"https:\/\/schema.org","@graph":[{"@type":"WebPage","@id":"https:\/\/quuttoys.com\/fr\/produit\/bord-de-mer\/","url":"https:\/\/quuttoys.com\/fr\/produit\/bord-de-mer\/","name":"Bord de mer - QUUT","isPartOf":{"@id":"https:\/\/quuttoys.com\/fr\/#website"},"primaryImageOfPage":{"@id":"https:\/\/quuttoys.com\/fr\/produit\/bord-de-mer\/#primaryimage"},"image":{"@id":"https:\/\/quuttoys.com\/fr\/produit\/bord-de-mer\/#primaryimage"},"thumbnailUrl":"https:\/\/i0.wp.com\/quuttoys.com\/wp-content\/uploads\/2025\/07\/Quutopia_Bath-Puzzle_seaside_packaging-scaled.jpg?fit=2519%2C2560&ssl=1","datePublished":"2025-09-01T05:00:06+00:00","breadcrumb":{"@id":"https:\/\/quuttoys.com\/fr\/produit\/bord-de-mer\/#breadcrumb"},"inLanguage":"fr-FR","potentialAction":[{"@type":"ReadAction","target":["https:\/\/quuttoys.com\/fr\/produit\/bord-de-mer\/"]}]},{"@type":"ImageObject","inLanguage":"fr-FR","@id":"https:\/\/quuttoys.com\/fr\/produit\/bord-de-mer\/#primaryimage","url":"https:\/\/i0.wp.com\/quuttoys.com\/wp-content\/uploads\/2025\/07\/Quutopia_Bath-Puzzle_seaside_packaging-scaled.jpg?fit=2519%2C2560&ssl=1","contentUrl":"https:\/\/i0.wp.com\/quuttoys.com\/wp-content\/uploads\/2025\/07\/Quutopia_Bath-Puzzle_seaside_packaging-scaled.jpg?fit=2519%2C2560&ssl=1","width":2519,"height":2560,"caption":"Quutopia_Bath-Puzzle_seaside_packaging"},{"@type":"BreadcrumbList","@id":"https:\/\/quuttoys.com\/fr\/produit\/bord-de-mer\/#breadcrumb","itemListElement":[{"@type":"ListItem","position":1,"name":"Home","item":"https:\/\/quuttoys.com\/fr\/"},{"@type":"ListItem","position":2,"name":"All products","item":"https:\/\/quuttoys.com\/all-products\/"},{"@type":"ListItem","position":3,"name":"Bord de mer"}]},{"@type":"WebSite","@id":"https:\/\/quuttoys.com\/fr\/#website","url":"https:\/\/quuttoys.com\/fr\/","name":"QUUT","description":"Quality toys quality time - Anywhere anytime","potentialAction":[{"@type":"SearchAction","target":{"@type":"EntryPoint","urlTemplate":"https:\/\/quuttoys.com\/fr\/?s={search_term_string}"},"query-input":{"@type":"PropertyValueSpecification","valueRequired":true,"valueName":"search_term_string"}}],"inLanguage":"fr-FR"}]}},"jetpack_publicize_connections":[],"jetpack_likes_enabled":true,"jetpack_sharing_enabled":true,"amp_enabled":true,"_links":{"self":[{"href":"https:\/\/quuttoys.com\/fr\/wp-json\/wp\/v2\/product\/58696","targetHints":{"allow":["GET"]}}],"collection":[{"href":"https:\/\/quuttoys.com\/fr\/wp-json\/wp\/v2\/product"}],"about":[{"href":"https:\/\/quuttoys.com\/fr\/wp-json\/wp\/v2\/types\/product"}],"wp:featuredmedia":[{"embeddable":true,"href":"https:\/\/quuttoys.com\/fr\/wp-json\/wp\/v2\/media\/58702"}],"wp:attachment":[{"href":"https:\/\/quuttoys.com\/fr\/wp-json\/wp\/v2\/media?parent=58696"}],"wp:term":[{"taxonomy":"product_brand","embeddable":true,"href":"https:\/\/quuttoys.com\/fr\/wp-json\/wp\/v2\/product_brand?post=58696"},{"taxonomy":"product_cat","embeddable":true,"href":"https:\/\/quuttoys.com\/fr\/wp-json\/wp\/v2\/product_cat?post=58696"},{"taxonomy":"product_tag","embeddable":true,"href":"https:\/\/quuttoys.com\/fr\/wp-json\/wp\/v2\/product_tag?post=58696"}],"curies":[{"name":"wp","href":"https:\/\/api.w.org\/{rel}","templated":true}]}}