{"id":58725,"date":"2025-09-01T07:00:26","date_gmt":"2025-09-01T05:00:26","guid":{"rendered":"https:\/\/quuttoys.com\/?post_type=product&#038;p=58725"},"modified":"2026-02-24T11:55:13","modified_gmt":"2026-02-24T10:55:13","slug":"fishing-bath-stickers-bord-de-mer","status":"publish","type":"product","link":"https:\/\/quuttoys.com\/fr\/produit\/fishing-bath-stickers-bord-de-mer\/","title":{"rendered":"Jeu du p\u00eacheur Bord de mer"},"content":{"rendered":"<p>Dimensions : 124 x 185 x 37 mm<br \/>\nPoids : \u00b1 90 g<br \/>\nMat\u00e9riaux\u00a0: Silicone + EVA + Coton<\/p>\n<h3><\/h3>\n<h3>NETTOYAGE ET ENTRETIEN<\/h3>\n<p>Rincez soigneusement apr\u00e8s chaque utilisation et placez-le dans un endroit o\u00f9 il peut s\u00e9cher compl\u00e8tement.<br \/>\nNettoyez avec un d\u00e9tergent doux si n\u00e9cessaire. Les pi\u00e8ces n&rsquo;absorbent pas l&rsquo;eau.<\/p>\n<h3>Le saviez-vous?<\/h3>\n<p>Tous les produits sont garantis sans BPA, phtalates ni latex et sont \u00e9videmment 100% recyclables. Chez Quut nous sommes persuad\u00e9s que lorsque se cr\u00e9e une histoire d\u2019amour avec son jouet pr\u00e9f\u00e9r\u00e9 on le garde soigneusement. Et ainsi il sera transmis de g\u00e9n\u00e9ration en g\u00e9n\u00e9ration. La durabilit\u00e9 au niveau sup\u00e9rieur!<\/p>\n","protected":false},"excerpt":{"rendered":"<p><strong>Double plaisir avec notre ensemble de stickers pour le bain!<\/strong><\/p>\n<p>D\u00e8s 10 mois, les enfants jouent avec les formes en mousse qui flottent et collent \u00e0 la paroi du bain et de la douche. D\u00e8s 18 mois, les stickers se transforment en jeu de p\u00eache avec la canne incluse, pas besoin d\u2019aimants! Ce jeu evolue avec votre enfant, stimulant l\u2019imagination et am\u00e9liorant la coordination.<\/p>\n","protected":false},"featured_media":58722,"template":"","meta":{"_coblocks_attr":"","_coblocks_dimensions":"","_coblocks_responsive_height":"","_coblocks_accordion_ie_support":"","_crdt_document":"","jetpack_publicize_message":"","jetpack_publicize_feature_enabled":true,"jetpack_social_post_already_shared":true,"jetpack_social_options":{"image_generator_settings":{"template":"highway","default_image_id":0,"font":"","enabled":false},"version":2},"_wpas_customize_per_network":false},"product_brand":[],"product_cat":[20771],"product_tag":[],"class_list":{"0":"post-58725","1":"product","2":"type-product","3":"status-publish","4":"has-post-thumbnail","6":"product_cat-peche","8":"first","9":"instock","10":"shipping-taxable","11":"product-type-simple"},"yoast_head":"<!-- This site is optimized with the Yoast SEO plugin v27.4 - https:\/\/yoast.com\/product\/yoast-seo-wordpress\/ -->\n<title>Jeu du p\u00eacheur Bord de mer - QUUT<\/title>\n<meta name=\"robots\" content=\"index, follow, max-snippet:-1, max-image-preview:large, max-video-preview:-1\" \/>\n<link rel=\"canonical\" href=\"https:\/\/quuttoys.com\/fr\/produit\/fishing-bath-stickers-bord-de-mer\/\" \/>\n<meta property=\"og:locale\" content=\"fr_FR\" \/>\n<meta property=\"og:type\" content=\"article\" \/>\n<meta property=\"og:title\" content=\"Jeu du p\u00eacheur Bord de mer - QUUT\" \/>\n<meta property=\"og:description\" content=\"Double plaisir avec notre ensemble de stickers pour le bain!  D\u00e8s 10 mois, les enfants jouent avec les formes en mousse qui flottent et collent \u00e0 la paroi du bain et de la douche. D\u00e8s 18 mois, les stickers se transforment en jeu de p\u00eache avec la canne incluse, pas besoin d\u2019aimants! Ce jeu evolue avec votre enfant, stimulant l\u2019imagination et am\u00e9liorant la coordination.\" \/>\n<meta property=\"og:url\" content=\"https:\/\/quuttoys.com\/fr\/produit\/fishing-bath-stickers-bord-de-mer\/\" \/>\n<meta property=\"og:site_name\" content=\"QUUT\" \/>\n<meta property=\"article:modified_time\" content=\"2026-02-24T10:55:13+00:00\" \/>\n<meta property=\"og:image\" content=\"https:\/\/quuttoys.com\/wp-content\/uploads\/2025\/07\/Quut_Fishing-game-packaging_Seaside_2025m05d09-1-scaled.jpg\" \/>\n\t<meta property=\"og:image:width\" content=\"2560\" \/>\n\t<meta property=\"og:image:height\" content=\"2560\" \/>\n\t<meta property=\"og:image:type\" content=\"image\/jpeg\" \/>\n<meta name=\"twitter:card\" content=\"summary_large_image\" \/>\n<meta name=\"twitter:label1\" content=\"Dur\u00e9e de lecture estim\u00e9e\" \/>\n\t<meta name=\"twitter:data1\" content=\"1 minute\" \/>\n<script type=\"application\/ld+json\" class=\"yoast-schema-graph\">{\"@context\":\"https:\\\/\\\/schema.org\",\"@graph\":[{\"@type\":\"WebPage\",\"@id\":\"https:\\\/\\\/quuttoys.com\\\/fr\\\/produit\\\/fishing-bath-stickers-bord-de-mer\\\/\",\"url\":\"https:\\\/\\\/quuttoys.com\\\/fr\\\/produit\\\/fishing-bath-stickers-bord-de-mer\\\/\",\"name\":\"Jeu du p\u00eacheur Bord de mer - QUUT\",\"isPartOf\":{\"@id\":\"https:\\\/\\\/quuttoys.com\\\/fr\\\/#website\"},\"primaryImageOfPage\":{\"@id\":\"https:\\\/\\\/quuttoys.com\\\/fr\\\/produit\\\/fishing-bath-stickers-bord-de-mer\\\/#primaryimage\"},\"image\":{\"@id\":\"https:\\\/\\\/quuttoys.com\\\/fr\\\/produit\\\/fishing-bath-stickers-bord-de-mer\\\/#primaryimage\"},\"thumbnailUrl\":\"https:\\\/\\\/i0.wp.com\\\/quuttoys.com\\\/wp-content\\\/uploads\\\/2025\\\/07\\\/Quut_Fishing-game-packaging_Seaside_2025m05d09-1-scaled.jpg?fit=2560%2C2560&ssl=1\",\"datePublished\":\"2025-09-01T05:00:26+00:00\",\"dateModified\":\"2026-02-24T10:55:13+00:00\",\"breadcrumb\":{\"@id\":\"https:\\\/\\\/quuttoys.com\\\/fr\\\/produit\\\/fishing-bath-stickers-bord-de-mer\\\/#breadcrumb\"},\"inLanguage\":\"fr-FR\",\"potentialAction\":[{\"@type\":\"ReadAction\",\"target\":[\"https:\\\/\\\/quuttoys.com\\\/fr\\\/produit\\\/fishing-bath-stickers-bord-de-mer\\\/\"]}]},{\"@type\":\"ImageObject\",\"inLanguage\":\"fr-FR\",\"@id\":\"https:\\\/\\\/quuttoys.com\\\/fr\\\/produit\\\/fishing-bath-stickers-bord-de-mer\\\/#primaryimage\",\"url\":\"https:\\\/\\\/i0.wp.com\\\/quuttoys.com\\\/wp-content\\\/uploads\\\/2025\\\/07\\\/Quut_Fishing-game-packaging_Seaside_2025m05d09-1-scaled.jpg?fit=2560%2C2560&ssl=1\",\"contentUrl\":\"https:\\\/\\\/i0.wp.com\\\/quuttoys.com\\\/wp-content\\\/uploads\\\/2025\\\/07\\\/Quut_Fishing-game-packaging_Seaside_2025m05d09-1-scaled.jpg?fit=2560%2C2560&ssl=1\",\"width\":2560,\"height\":2560},{\"@type\":\"BreadcrumbList\",\"@id\":\"https:\\\/\\\/quuttoys.com\\\/fr\\\/produit\\\/fishing-bath-stickers-bord-de-mer\\\/#breadcrumb\",\"itemListElement\":[{\"@type\":\"ListItem\",\"position\":1,\"name\":\"Home\",\"item\":\"https:\\\/\\\/quuttoys.com\\\/fr\\\/\"},{\"@type\":\"ListItem\",\"position\":2,\"name\":\"All products\",\"item\":\"https:\\\/\\\/quuttoys.com\\\/all-products\\\/\"},{\"@type\":\"ListItem\",\"position\":3,\"name\":\"Jeu du p\u00eacheur Bord de mer\"}]},{\"@type\":\"WebSite\",\"@id\":\"https:\\\/\\\/quuttoys.com\\\/fr\\\/#website\",\"url\":\"https:\\\/\\\/quuttoys.com\\\/fr\\\/\",\"name\":\"QUUT\",\"description\":\"Quality toys quality time - Anywhere anytime\",\"potentialAction\":[{\"@type\":\"SearchAction\",\"target\":{\"@type\":\"EntryPoint\",\"urlTemplate\":\"https:\\\/\\\/quuttoys.com\\\/fr\\\/?s={search_term_string}\"},\"query-input\":{\"@type\":\"PropertyValueSpecification\",\"valueRequired\":true,\"valueName\":\"search_term_string\"}}],\"inLanguage\":\"fr-FR\"}]}<\/script>\n<!-- \/ Yoast SEO plugin. -->","yoast_head_json":{"title":"Jeu du p\u00eacheur Bord de mer - QUUT","robots":{"index":"index","follow":"follow","max-snippet":"max-snippet:-1","max-image-preview":"max-image-preview:large","max-video-preview":"max-video-preview:-1"},"canonical":"https:\/\/quuttoys.com\/fr\/produit\/fishing-bath-stickers-bord-de-mer\/","og_locale":"fr_FR","og_type":"article","og_title":"Jeu du p\u00eacheur Bord de mer - QUUT","og_description":"Double plaisir avec notre ensemble de stickers pour le bain!  D\u00e8s 10 mois, les enfants jouent avec les formes en mousse qui flottent et collent \u00e0 la paroi du bain et de la douche. D\u00e8s 18 mois, les stickers se transforment en jeu de p\u00eache avec la canne incluse, pas besoin d\u2019aimants! Ce jeu evolue avec votre enfant, stimulant l\u2019imagination et am\u00e9liorant la coordination.","og_url":"https:\/\/quuttoys.com\/fr\/produit\/fishing-bath-stickers-bord-de-mer\/","og_site_name":"QUUT","article_modified_time":"2026-02-24T10:55:13+00:00","og_image":[{"width":2560,"height":2560,"url":"https:\/\/quuttoys.com\/wp-content\/uploads\/2025\/07\/Quut_Fishing-game-packaging_Seaside_2025m05d09-1-scaled.jpg","type":"image\/jpeg"}],"twitter_card":"summary_large_image","twitter_misc":{"Dur\u00e9e de lecture estim\u00e9e":"1 minute"},"schema":{"@context":"https:\/\/schema.org","@graph":[{"@type":"WebPage","@id":"https:\/\/quuttoys.com\/fr\/produit\/fishing-bath-stickers-bord-de-mer\/","url":"https:\/\/quuttoys.com\/fr\/produit\/fishing-bath-stickers-bord-de-mer\/","name":"Jeu du p\u00eacheur Bord de mer - QUUT","isPartOf":{"@id":"https:\/\/quuttoys.com\/fr\/#website"},"primaryImageOfPage":{"@id":"https:\/\/quuttoys.com\/fr\/produit\/fishing-bath-stickers-bord-de-mer\/#primaryimage"},"image":{"@id":"https:\/\/quuttoys.com\/fr\/produit\/fishing-bath-stickers-bord-de-mer\/#primaryimage"},"thumbnailUrl":"https:\/\/i0.wp.com\/quuttoys.com\/wp-content\/uploads\/2025\/07\/Quut_Fishing-game-packaging_Seaside_2025m05d09-1-scaled.jpg?fit=2560%2C2560&ssl=1","datePublished":"2025-09-01T05:00:26+00:00","dateModified":"2026-02-24T10:55:13+00:00","breadcrumb":{"@id":"https:\/\/quuttoys.com\/fr\/produit\/fishing-bath-stickers-bord-de-mer\/#breadcrumb"},"inLanguage":"fr-FR","potentialAction":[{"@type":"ReadAction","target":["https:\/\/quuttoys.com\/fr\/produit\/fishing-bath-stickers-bord-de-mer\/"]}]},{"@type":"ImageObject","inLanguage":"fr-FR","@id":"https:\/\/quuttoys.com\/fr\/produit\/fishing-bath-stickers-bord-de-mer\/#primaryimage","url":"https:\/\/i0.wp.com\/quuttoys.com\/wp-content\/uploads\/2025\/07\/Quut_Fishing-game-packaging_Seaside_2025m05d09-1-scaled.jpg?fit=2560%2C2560&ssl=1","contentUrl":"https:\/\/i0.wp.com\/quuttoys.com\/wp-content\/uploads\/2025\/07\/Quut_Fishing-game-packaging_Seaside_2025m05d09-1-scaled.jpg?fit=2560%2C2560&ssl=1","width":2560,"height":2560},{"@type":"BreadcrumbList","@id":"https:\/\/quuttoys.com\/fr\/produit\/fishing-bath-stickers-bord-de-mer\/#breadcrumb","itemListElement":[{"@type":"ListItem","position":1,"name":"Home","item":"https:\/\/quuttoys.com\/fr\/"},{"@type":"ListItem","position":2,"name":"All products","item":"https:\/\/quuttoys.com\/all-products\/"},{"@type":"ListItem","position":3,"name":"Jeu du p\u00eacheur Bord de mer"}]},{"@type":"WebSite","@id":"https:\/\/quuttoys.com\/fr\/#website","url":"https:\/\/quuttoys.com\/fr\/","name":"QUUT","description":"Quality toys quality time - Anywhere anytime","potentialAction":[{"@type":"SearchAction","target":{"@type":"EntryPoint","urlTemplate":"https:\/\/quuttoys.com\/fr\/?s={search_term_string}"},"query-input":{"@type":"PropertyValueSpecification","valueRequired":true,"valueName":"search_term_string"}}],"inLanguage":"fr-FR"}]}},"jetpack_publicize_connections":[],"jetpack_likes_enabled":true,"jetpack_sharing_enabled":true,"amp_enabled":true,"_links":{"self":[{"href":"https:\/\/quuttoys.com\/fr\/wp-json\/wp\/v2\/product\/58725","targetHints":{"allow":["GET"]}}],"collection":[{"href":"https:\/\/quuttoys.com\/fr\/wp-json\/wp\/v2\/product"}],"about":[{"href":"https:\/\/quuttoys.com\/fr\/wp-json\/wp\/v2\/types\/product"}],"wp:featuredmedia":[{"embeddable":true,"href":"https:\/\/quuttoys.com\/fr\/wp-json\/wp\/v2\/media\/58722"}],"wp:attachment":[{"href":"https:\/\/quuttoys.com\/fr\/wp-json\/wp\/v2\/media?parent=58725"}],"wp:term":[{"taxonomy":"product_brand","embeddable":true,"href":"https:\/\/quuttoys.com\/fr\/wp-json\/wp\/v2\/product_brand?post=58725"},{"taxonomy":"product_cat","embeddable":true,"href":"https:\/\/quuttoys.com\/fr\/wp-json\/wp\/v2\/product_cat?post=58725"},{"taxonomy":"product_tag","embeddable":true,"href":"https:\/\/quuttoys.com\/fr\/wp-json\/wp\/v2\/product_tag?post=58725"}],"curies":[{"name":"wp","href":"https:\/\/api.w.org\/{rel}","templated":true}]}}