{"id":59387,"date":"2026-02-03T11:58:42","date_gmt":"2026-02-03T10:58:42","guid":{"rendered":"https:\/\/quuttoys.com\/?post_type=product&#038;p=59387"},"modified":"2026-04-01T10:30:18","modified_gmt":"2026-04-01T08:30:18","slug":"poncho-bleu-banane","status":"publish","type":"product","link":"https:\/\/quuttoys.com\/fr\/produit\/poncho-bleu-banane\/","title":{"rendered":"Poncho Bleu Banane"},"content":{"rendered":"<p>Dimensions\u00a0: 60 x 60 cm<br \/>\nMati\u00e8re : 100 % microfibre<br \/>\n<span class=\"Y2IQFc\" lang=\"fr\">Disponible en<\/span> : Oc\u00e9an | Lavande | Cherry | Lagoon<br \/>\nEntretien\u00a0: Lavage \u00e0 30\u00a0\u00b0C<\/p>\n","protected":false},"excerpt":{"rendered":"<p id=\"tw-target-text\" class=\"tw-data-text tw-text-large tw-ta\" dir=\"ltr\" data-placeholder=\"Vertaling\" data-ved=\"2ahUKEwj3xpfSxLKOAxXz9wIHHcHDMFMQ3ewLegQICRAV\" aria-label=\"Vertaalde tekst: Restez \u00e9l\u00e9gant et confortable avec notre poncho de plage, disponible dans une vari\u00e9t\u00e9 de couleurs vives\u00a0! Fabriqu\u00e9 en microfibre ultra-absorbante, il s\u00e8che tr\u00e8s vite et se replie tr\u00e8s facilement\u00a0: id\u00e9al pour toutes vos aventures. De plus, il est anti-sable, vous permettant ainsi de laisser la plage \u00e0 sa place\u00a0! Disponible dans une vari\u00e9t\u00e9 de couleurs La microfibre s\u00e8che rapidement et est tr\u00e8s compacte. Anti-sable\"><span class=\"Y2IQFc\" lang=\"fr\">Restez \u00e9l\u00e9gant et confortable avec notre poncho de plage, disponible dans une vari\u00e9t\u00e9 de couleurs vives ! Fabriqu\u00e9 en microfibre ultra-absorbante, il s\u00e8che tr\u00e8s vite et se replie tr\u00e8s facilement : id\u00e9al pour toutes vos aventures. De plus, il est anti-sable, vous permettant ainsi de laisser la plage \u00e0 sa place !\u00a0<\/span><\/p>\n<ul>\n<li><span class=\"Y2IQFc\" lang=\"fr\"> Disponible dans une vari\u00e9t\u00e9 de couleurs\u00a0<\/span><\/li>\n<li><span class=\"Y2IQFc\" lang=\"fr\"> La microfibre s\u00e8che rapidement et est tr\u00e8s compacte.\u00a0<\/span><\/li>\n<li><span class=\"Y2IQFc\" lang=\"fr\"> Anti-sable<\/span><\/li>\n<\/ul>\n","protected":false},"featured_media":59398,"template":"","meta":{"_coblocks_attr":"","_coblocks_dimensions":"","_coblocks_responsive_height":"","_coblocks_accordion_ie_support":"","_crdt_document":"","jetpack_post_was_ever_published":false,"jetpack_publicize_message":"","jetpack_publicize_feature_enabled":true,"jetpack_social_post_already_shared":true,"jetpack_social_options":{"image_generator_settings":{"template":"highway","default_image_id":0,"font":"","enabled":false},"version":2},"_wpas_customize_per_network":false},"product_brand":[],"product_cat":[20263,21008],"product_tag":[],"class_list":{"0":"post-59387","1":"product","2":"type-product","3":"status-publish","4":"has-post-thumbnail","6":"product_cat-outdoor-fr","7":"product_cat-poncho","9":"first","10":"instock","11":"shipping-taxable","12":"product-type-simple"},"yoast_head":"<!-- This site is optimized with the Yoast SEO plugin v27.3 - https:\/\/yoast.com\/product\/yoast-seo-wordpress\/ -->\n<title>Poncho Bleu Banane - QUUT<\/title>\n<meta name=\"robots\" content=\"index, follow, max-snippet:-1, max-image-preview:large, max-video-preview:-1\" \/>\n<link rel=\"canonical\" href=\"https:\/\/quuttoys.com\/fr\/produit\/poncho-bleu-banane\/\" \/>\n<meta property=\"og:locale\" content=\"fr_FR\" \/>\n<meta property=\"og:type\" content=\"article\" \/>\n<meta property=\"og:title\" content=\"Poncho Bleu Banane - QUUT\" \/>\n<meta property=\"og:description\" content=\"Restez \u00e9l\u00e9gant et confortable avec notre poncho de plage, disponible dans une vari\u00e9t\u00e9 de couleurs vives ! Fabriqu\u00e9 en microfibre ultra-absorbante, il s\u00e8che tr\u00e8s vite et se replie tr\u00e8s facilement : id\u00e9al pour toutes vos aventures. De plus, il est anti-sable, vous permettant ainsi de laisser la plage \u00e0 sa place !\u00a0     Disponible dans une vari\u00e9t\u00e9 de couleurs\u00a0   La microfibre s\u00e8che rapidement et est tr\u00e8s compacte.\u00a0   Anti-sable\" \/>\n<meta property=\"og:url\" content=\"https:\/\/quuttoys.com\/fr\/produit\/poncho-bleu-banane\/\" \/>\n<meta property=\"og:site_name\" content=\"QUUT\" \/>\n<meta property=\"article:modified_time\" content=\"2026-04-01T08:30:18+00:00\" \/>\n<meta property=\"og:image\" content=\"https:\/\/quuttoys.com\/wp-content\/uploads\/2026\/02\/Quut_Poncho-Banana-Blue.jpg\" \/>\n\t<meta property=\"og:image:width\" content=\"1000\" \/>\n\t<meta property=\"og:image:height\" content=\"1000\" \/>\n\t<meta property=\"og:image:type\" content=\"image\/jpeg\" \/>\n<meta name=\"twitter:card\" content=\"summary_large_image\" \/>\n<meta name=\"twitter:label1\" content=\"Dur\u00e9e de lecture estim\u00e9e\" \/>\n\t<meta name=\"twitter:data1\" content=\"1 minute\" \/>\n<script type=\"application\/ld+json\" class=\"yoast-schema-graph\">{\"@context\":\"https:\\\/\\\/schema.org\",\"@graph\":[{\"@type\":\"WebPage\",\"@id\":\"https:\\\/\\\/quuttoys.com\\\/fr\\\/produit\\\/poncho-bleu-banane\\\/\",\"url\":\"https:\\\/\\\/quuttoys.com\\\/fr\\\/produit\\\/poncho-bleu-banane\\\/\",\"name\":\"Poncho Bleu Banane - QUUT\",\"isPartOf\":{\"@id\":\"https:\\\/\\\/quuttoys.com\\\/fr\\\/#website\"},\"primaryImageOfPage\":{\"@id\":\"https:\\\/\\\/quuttoys.com\\\/fr\\\/produit\\\/poncho-bleu-banane\\\/#primaryimage\"},\"image\":{\"@id\":\"https:\\\/\\\/quuttoys.com\\\/fr\\\/produit\\\/poncho-bleu-banane\\\/#primaryimage\"},\"thumbnailUrl\":\"https:\\\/\\\/i0.wp.com\\\/quuttoys.com\\\/wp-content\\\/uploads\\\/2026\\\/02\\\/Quut_Poncho-Banana-Blue.jpg?fit=1000%2C1000&ssl=1\",\"datePublished\":\"2026-02-03T10:58:42+00:00\",\"dateModified\":\"2026-04-01T08:30:18+00:00\",\"breadcrumb\":{\"@id\":\"https:\\\/\\\/quuttoys.com\\\/fr\\\/produit\\\/poncho-bleu-banane\\\/#breadcrumb\"},\"inLanguage\":\"fr-FR\",\"potentialAction\":[{\"@type\":\"ReadAction\",\"target\":[\"https:\\\/\\\/quuttoys.com\\\/fr\\\/produit\\\/poncho-bleu-banane\\\/\"]}]},{\"@type\":\"ImageObject\",\"inLanguage\":\"fr-FR\",\"@id\":\"https:\\\/\\\/quuttoys.com\\\/fr\\\/produit\\\/poncho-bleu-banane\\\/#primaryimage\",\"url\":\"https:\\\/\\\/i0.wp.com\\\/quuttoys.com\\\/wp-content\\\/uploads\\\/2026\\\/02\\\/Quut_Poncho-Banana-Blue.jpg?fit=1000%2C1000&ssl=1\",\"contentUrl\":\"https:\\\/\\\/i0.wp.com\\\/quuttoys.com\\\/wp-content\\\/uploads\\\/2026\\\/02\\\/Quut_Poncho-Banana-Blue.jpg?fit=1000%2C1000&ssl=1\",\"width\":1000,\"height\":1000,\"caption\":\"Quut_Poncho-Banana-Blue\"},{\"@type\":\"BreadcrumbList\",\"@id\":\"https:\\\/\\\/quuttoys.com\\\/fr\\\/produit\\\/poncho-bleu-banane\\\/#breadcrumb\",\"itemListElement\":[{\"@type\":\"ListItem\",\"position\":1,\"name\":\"Home\",\"item\":\"https:\\\/\\\/quuttoys.com\\\/fr\\\/\"},{\"@type\":\"ListItem\",\"position\":2,\"name\":\"All products\",\"item\":\"https:\\\/\\\/quuttoys.com\\\/all-products\\\/\"},{\"@type\":\"ListItem\",\"position\":3,\"name\":\"Poncho Bleu Banane\"}]},{\"@type\":\"WebSite\",\"@id\":\"https:\\\/\\\/quuttoys.com\\\/fr\\\/#website\",\"url\":\"https:\\\/\\\/quuttoys.com\\\/fr\\\/\",\"name\":\"QUUT\",\"description\":\"Quality toys quality time - Anywhere anytime\",\"potentialAction\":[{\"@type\":\"SearchAction\",\"target\":{\"@type\":\"EntryPoint\",\"urlTemplate\":\"https:\\\/\\\/quuttoys.com\\\/fr\\\/?s={search_term_string}\"},\"query-input\":{\"@type\":\"PropertyValueSpecification\",\"valueRequired\":true,\"valueName\":\"search_term_string\"}}],\"inLanguage\":\"fr-FR\"}]}<\/script>\n<!-- \/ Yoast SEO plugin. -->","yoast_head_json":{"title":"Poncho Bleu Banane - QUUT","robots":{"index":"index","follow":"follow","max-snippet":"max-snippet:-1","max-image-preview":"max-image-preview:large","max-video-preview":"max-video-preview:-1"},"canonical":"https:\/\/quuttoys.com\/fr\/produit\/poncho-bleu-banane\/","og_locale":"fr_FR","og_type":"article","og_title":"Poncho Bleu Banane - QUUT","og_description":"Restez \u00e9l\u00e9gant et confortable avec notre poncho de plage, disponible dans une vari\u00e9t\u00e9 de couleurs vives ! Fabriqu\u00e9 en microfibre ultra-absorbante, il s\u00e8che tr\u00e8s vite et se replie tr\u00e8s facilement : id\u00e9al pour toutes vos aventures. De plus, il est anti-sable, vous permettant ainsi de laisser la plage \u00e0 sa place !\u00a0     Disponible dans une vari\u00e9t\u00e9 de couleurs\u00a0   La microfibre s\u00e8che rapidement et est tr\u00e8s compacte.\u00a0   Anti-sable","og_url":"https:\/\/quuttoys.com\/fr\/produit\/poncho-bleu-banane\/","og_site_name":"QUUT","article_modified_time":"2026-04-01T08:30:18+00:00","og_image":[{"width":1000,"height":1000,"url":"https:\/\/quuttoys.com\/wp-content\/uploads\/2026\/02\/Quut_Poncho-Banana-Blue.jpg","type":"image\/jpeg"}],"twitter_card":"summary_large_image","twitter_misc":{"Dur\u00e9e de lecture estim\u00e9e":"1 minute"},"schema":{"@context":"https:\/\/schema.org","@graph":[{"@type":"WebPage","@id":"https:\/\/quuttoys.com\/fr\/produit\/poncho-bleu-banane\/","url":"https:\/\/quuttoys.com\/fr\/produit\/poncho-bleu-banane\/","name":"Poncho Bleu Banane - QUUT","isPartOf":{"@id":"https:\/\/quuttoys.com\/fr\/#website"},"primaryImageOfPage":{"@id":"https:\/\/quuttoys.com\/fr\/produit\/poncho-bleu-banane\/#primaryimage"},"image":{"@id":"https:\/\/quuttoys.com\/fr\/produit\/poncho-bleu-banane\/#primaryimage"},"thumbnailUrl":"https:\/\/i0.wp.com\/quuttoys.com\/wp-content\/uploads\/2026\/02\/Quut_Poncho-Banana-Blue.jpg?fit=1000%2C1000&ssl=1","datePublished":"2026-02-03T10:58:42+00:00","dateModified":"2026-04-01T08:30:18+00:00","breadcrumb":{"@id":"https:\/\/quuttoys.com\/fr\/produit\/poncho-bleu-banane\/#breadcrumb"},"inLanguage":"fr-FR","potentialAction":[{"@type":"ReadAction","target":["https:\/\/quuttoys.com\/fr\/produit\/poncho-bleu-banane\/"]}]},{"@type":"ImageObject","inLanguage":"fr-FR","@id":"https:\/\/quuttoys.com\/fr\/produit\/poncho-bleu-banane\/#primaryimage","url":"https:\/\/i0.wp.com\/quuttoys.com\/wp-content\/uploads\/2026\/02\/Quut_Poncho-Banana-Blue.jpg?fit=1000%2C1000&ssl=1","contentUrl":"https:\/\/i0.wp.com\/quuttoys.com\/wp-content\/uploads\/2026\/02\/Quut_Poncho-Banana-Blue.jpg?fit=1000%2C1000&ssl=1","width":1000,"height":1000,"caption":"Quut_Poncho-Banana-Blue"},{"@type":"BreadcrumbList","@id":"https:\/\/quuttoys.com\/fr\/produit\/poncho-bleu-banane\/#breadcrumb","itemListElement":[{"@type":"ListItem","position":1,"name":"Home","item":"https:\/\/quuttoys.com\/fr\/"},{"@type":"ListItem","position":2,"name":"All products","item":"https:\/\/quuttoys.com\/all-products\/"},{"@type":"ListItem","position":3,"name":"Poncho Bleu Banane"}]},{"@type":"WebSite","@id":"https:\/\/quuttoys.com\/fr\/#website","url":"https:\/\/quuttoys.com\/fr\/","name":"QUUT","description":"Quality toys quality time - Anywhere anytime","potentialAction":[{"@type":"SearchAction","target":{"@type":"EntryPoint","urlTemplate":"https:\/\/quuttoys.com\/fr\/?s={search_term_string}"},"query-input":{"@type":"PropertyValueSpecification","valueRequired":true,"valueName":"search_term_string"}}],"inLanguage":"fr-FR"}]}},"jetpack_publicize_connections":[],"jetpack_likes_enabled":true,"jetpack_sharing_enabled":true,"amp_enabled":true,"_links":{"self":[{"href":"https:\/\/quuttoys.com\/fr\/wp-json\/wp\/v2\/product\/59387","targetHints":{"allow":["GET"]}}],"collection":[{"href":"https:\/\/quuttoys.com\/fr\/wp-json\/wp\/v2\/product"}],"about":[{"href":"https:\/\/quuttoys.com\/fr\/wp-json\/wp\/v2\/types\/product"}],"wp:featuredmedia":[{"embeddable":true,"href":"https:\/\/quuttoys.com\/fr\/wp-json\/wp\/v2\/media\/59398"}],"wp:attachment":[{"href":"https:\/\/quuttoys.com\/fr\/wp-json\/wp\/v2\/media?parent=59387"}],"wp:term":[{"taxonomy":"product_brand","embeddable":true,"href":"https:\/\/quuttoys.com\/fr\/wp-json\/wp\/v2\/product_brand?post=59387"},{"taxonomy":"product_cat","embeddable":true,"href":"https:\/\/quuttoys.com\/fr\/wp-json\/wp\/v2\/product_cat?post=59387"},{"taxonomy":"product_tag","embeddable":true,"href":"https:\/\/quuttoys.com\/fr\/wp-json\/wp\/v2\/product_tag?post=59387"}],"curies":[{"name":"wp","href":"https:\/\/api.w.org\/{rel}","templated":true}]}}