{"id":59679,"date":"2026-02-09T12:40:52","date_gmt":"2026-02-09T11:40:52","guid":{"rendered":"https:\/\/quuttoys.com\/?post_type=product&#038;p=59679"},"modified":"2026-03-31T16:55:09","modified_gmt":"2026-03-31T14:55:09","slug":"ours","status":"publish","type":"product","link":"https:\/\/quuttoys.com\/fr\/produit\/ours\/","title":{"rendered":"Ours"},"content":{"rendered":"<p>Dimensions : 75 x 75 cm<br \/>\nMat\u00e9riau : 100 % coton<br \/>\nOeko-tex Disponible en 3 versions<br \/>\nEntretien : Laver \u00e0 30\u00b0C<\/p>\n","protected":false},"excerpt":{"rendered":"<p id=\"tw-target-text\" class=\"tw-data-text tw-text-large tw-ta\" dir=\"ltr\" data-placeholder=\"Vertaling\" data-ved=\"2ahUKEwj3xpfSxLKOAxXz9wIHHcHDMFMQ3ewLegQICRAV\" aria-label=\"Vertaalde tekst: Restez \u00e9l\u00e9gant et confortable avec notre poncho de plage, disponible dans une vari\u00e9t\u00e9 de couleurs vives\u00a0! Fabriqu\u00e9 en microfibre ultra-absorbante, il s\u00e8che tr\u00e8s vite et se replie tr\u00e8s facilement\u00a0: id\u00e9al pour toutes vos aventures. De plus, il est anti-sable, vous permettant ainsi de laisser la plage \u00e0 sa place\u00a0! Disponible dans une vari\u00e9t\u00e9 de couleurs La microfibre s\u00e8che rapidement et est tr\u00e8s compacte. Anti-sable\">Nos nouvelles serviettes en coton \u00e0 capuche sont parfaites pour des c\u00e2lins chaleureux apr\u00e8s le bain. Les capes de bain douces, color\u00e9es et amusantes sont fabriqu\u00e9es en coton certifi\u00e9 100 % Oeko-tex.<\/p>\n","protected":false},"featured_media":59707,"template":"","meta":{"_coblocks_attr":"","_coblocks_dimensions":"","_coblocks_responsive_height":"","_coblocks_accordion_ie_support":"","_crdt_document":"","jetpack_publicize_message":"","jetpack_publicize_feature_enabled":true,"jetpack_social_post_already_shared":true,"jetpack_social_options":{"image_generator_settings":{"template":"highway","default_image_id":0,"font":"","enabled":false},"version":2},"_wpas_customize_per_network":false},"product_brand":[],"product_cat":[21045],"product_tag":[],"class_list":{"0":"post-59679","1":"product","2":"type-product","3":"status-publish","4":"has-post-thumbnail","6":"product_cat-serviette-a-capuche","8":"first","9":"instock","10":"shipping-taxable","11":"product-type-simple"},"yoast_head":"<!-- This site is optimized with the Yoast SEO plugin v27.4 - https:\/\/yoast.com\/product\/yoast-seo-wordpress\/ -->\n<title>Ours - QUUT<\/title>\n<meta name=\"robots\" content=\"index, follow, max-snippet:-1, max-image-preview:large, max-video-preview:-1\" \/>\n<link rel=\"canonical\" href=\"https:\/\/quuttoys.com\/fr\/produit\/ours\/\" \/>\n<meta property=\"og:locale\" content=\"fr_FR\" \/>\n<meta property=\"og:type\" content=\"article\" \/>\n<meta property=\"og:title\" content=\"Ours - QUUT\" \/>\n<meta property=\"og:description\" content=\"Nos nouvelles serviettes en coton \u00e0 capuche sont parfaites pour des c\u00e2lins chaleureux apr\u00e8s le bain. Les capes de bain douces, color\u00e9es et amusantes sont fabriqu\u00e9es en coton certifi\u00e9 100 % Oeko-tex.\" \/>\n<meta property=\"og:url\" content=\"https:\/\/quuttoys.com\/fr\/produit\/ours\/\" \/>\n<meta property=\"og:site_name\" content=\"QUUT\" \/>\n<meta property=\"article:modified_time\" content=\"2026-03-31T14:55:09+00:00\" \/>\n<meta property=\"og:image\" content=\"https:\/\/quuttoys.com\/wp-content\/uploads\/2026\/02\/175353-Cotton-hooded-towel-Bear-Lavender-0.jpg\" \/>\n\t<meta property=\"og:image:width\" content=\"765\" \/>\n\t<meta property=\"og:image:height\" content=\"765\" \/>\n\t<meta property=\"og:image:type\" content=\"image\/jpeg\" \/>\n<meta name=\"twitter:card\" content=\"summary_large_image\" \/>\n<meta name=\"twitter:label1\" content=\"Dur\u00e9e de lecture estim\u00e9e\" \/>\n\t<meta name=\"twitter:data1\" content=\"1 minute\" \/>\n<script type=\"application\/ld+json\" class=\"yoast-schema-graph\">{\"@context\":\"https:\\\/\\\/schema.org\",\"@graph\":[{\"@type\":\"WebPage\",\"@id\":\"https:\\\/\\\/quuttoys.com\\\/fr\\\/produit\\\/ours\\\/\",\"url\":\"https:\\\/\\\/quuttoys.com\\\/fr\\\/produit\\\/ours\\\/\",\"name\":\"Ours - QUUT\",\"isPartOf\":{\"@id\":\"https:\\\/\\\/quuttoys.com\\\/fr\\\/#website\"},\"primaryImageOfPage\":{\"@id\":\"https:\\\/\\\/quuttoys.com\\\/fr\\\/produit\\\/ours\\\/#primaryimage\"},\"image\":{\"@id\":\"https:\\\/\\\/quuttoys.com\\\/fr\\\/produit\\\/ours\\\/#primaryimage\"},\"thumbnailUrl\":\"https:\\\/\\\/i0.wp.com\\\/quuttoys.com\\\/wp-content\\\/uploads\\\/2026\\\/02\\\/175353-Cotton-hooded-towel-Bear-Lavender-0.jpg?fit=765%2C765&ssl=1\",\"datePublished\":\"2026-02-09T11:40:52+00:00\",\"dateModified\":\"2026-03-31T14:55:09+00:00\",\"breadcrumb\":{\"@id\":\"https:\\\/\\\/quuttoys.com\\\/fr\\\/produit\\\/ours\\\/#breadcrumb\"},\"inLanguage\":\"fr-FR\",\"potentialAction\":[{\"@type\":\"ReadAction\",\"target\":[\"https:\\\/\\\/quuttoys.com\\\/fr\\\/produit\\\/ours\\\/\"]}]},{\"@type\":\"ImageObject\",\"inLanguage\":\"fr-FR\",\"@id\":\"https:\\\/\\\/quuttoys.com\\\/fr\\\/produit\\\/ours\\\/#primaryimage\",\"url\":\"https:\\\/\\\/i0.wp.com\\\/quuttoys.com\\\/wp-content\\\/uploads\\\/2026\\\/02\\\/175353-Cotton-hooded-towel-Bear-Lavender-0.jpg?fit=765%2C765&ssl=1\",\"contentUrl\":\"https:\\\/\\\/i0.wp.com\\\/quuttoys.com\\\/wp-content\\\/uploads\\\/2026\\\/02\\\/175353-Cotton-hooded-towel-Bear-Lavender-0.jpg?fit=765%2C765&ssl=1\",\"width\":765,\"height\":765},{\"@type\":\"BreadcrumbList\",\"@id\":\"https:\\\/\\\/quuttoys.com\\\/fr\\\/produit\\\/ours\\\/#breadcrumb\",\"itemListElement\":[{\"@type\":\"ListItem\",\"position\":1,\"name\":\"Home\",\"item\":\"https:\\\/\\\/quuttoys.com\\\/fr\\\/\"},{\"@type\":\"ListItem\",\"position\":2,\"name\":\"All products\",\"item\":\"https:\\\/\\\/quuttoys.com\\\/all-products\\\/\"},{\"@type\":\"ListItem\",\"position\":3,\"name\":\"Ours\"}]},{\"@type\":\"WebSite\",\"@id\":\"https:\\\/\\\/quuttoys.com\\\/fr\\\/#website\",\"url\":\"https:\\\/\\\/quuttoys.com\\\/fr\\\/\",\"name\":\"QUUT\",\"description\":\"Quality toys quality time - Anywhere anytime\",\"potentialAction\":[{\"@type\":\"SearchAction\",\"target\":{\"@type\":\"EntryPoint\",\"urlTemplate\":\"https:\\\/\\\/quuttoys.com\\\/fr\\\/?s={search_term_string}\"},\"query-input\":{\"@type\":\"PropertyValueSpecification\",\"valueRequired\":true,\"valueName\":\"search_term_string\"}}],\"inLanguage\":\"fr-FR\"}]}<\/script>\n<!-- \/ Yoast SEO plugin. -->","yoast_head_json":{"title":"Ours - QUUT","robots":{"index":"index","follow":"follow","max-snippet":"max-snippet:-1","max-image-preview":"max-image-preview:large","max-video-preview":"max-video-preview:-1"},"canonical":"https:\/\/quuttoys.com\/fr\/produit\/ours\/","og_locale":"fr_FR","og_type":"article","og_title":"Ours - QUUT","og_description":"Nos nouvelles serviettes en coton \u00e0 capuche sont parfaites pour des c\u00e2lins chaleureux apr\u00e8s le bain. Les capes de bain douces, color\u00e9es et amusantes sont fabriqu\u00e9es en coton certifi\u00e9 100 % Oeko-tex.","og_url":"https:\/\/quuttoys.com\/fr\/produit\/ours\/","og_site_name":"QUUT","article_modified_time":"2026-03-31T14:55:09+00:00","og_image":[{"width":765,"height":765,"url":"https:\/\/quuttoys.com\/wp-content\/uploads\/2026\/02\/175353-Cotton-hooded-towel-Bear-Lavender-0.jpg","type":"image\/jpeg"}],"twitter_card":"summary_large_image","twitter_misc":{"Dur\u00e9e de lecture estim\u00e9e":"1 minute"},"schema":{"@context":"https:\/\/schema.org","@graph":[{"@type":"WebPage","@id":"https:\/\/quuttoys.com\/fr\/produit\/ours\/","url":"https:\/\/quuttoys.com\/fr\/produit\/ours\/","name":"Ours - QUUT","isPartOf":{"@id":"https:\/\/quuttoys.com\/fr\/#website"},"primaryImageOfPage":{"@id":"https:\/\/quuttoys.com\/fr\/produit\/ours\/#primaryimage"},"image":{"@id":"https:\/\/quuttoys.com\/fr\/produit\/ours\/#primaryimage"},"thumbnailUrl":"https:\/\/i0.wp.com\/quuttoys.com\/wp-content\/uploads\/2026\/02\/175353-Cotton-hooded-towel-Bear-Lavender-0.jpg?fit=765%2C765&ssl=1","datePublished":"2026-02-09T11:40:52+00:00","dateModified":"2026-03-31T14:55:09+00:00","breadcrumb":{"@id":"https:\/\/quuttoys.com\/fr\/produit\/ours\/#breadcrumb"},"inLanguage":"fr-FR","potentialAction":[{"@type":"ReadAction","target":["https:\/\/quuttoys.com\/fr\/produit\/ours\/"]}]},{"@type":"ImageObject","inLanguage":"fr-FR","@id":"https:\/\/quuttoys.com\/fr\/produit\/ours\/#primaryimage","url":"https:\/\/i0.wp.com\/quuttoys.com\/wp-content\/uploads\/2026\/02\/175353-Cotton-hooded-towel-Bear-Lavender-0.jpg?fit=765%2C765&ssl=1","contentUrl":"https:\/\/i0.wp.com\/quuttoys.com\/wp-content\/uploads\/2026\/02\/175353-Cotton-hooded-towel-Bear-Lavender-0.jpg?fit=765%2C765&ssl=1","width":765,"height":765},{"@type":"BreadcrumbList","@id":"https:\/\/quuttoys.com\/fr\/produit\/ours\/#breadcrumb","itemListElement":[{"@type":"ListItem","position":1,"name":"Home","item":"https:\/\/quuttoys.com\/fr\/"},{"@type":"ListItem","position":2,"name":"All products","item":"https:\/\/quuttoys.com\/all-products\/"},{"@type":"ListItem","position":3,"name":"Ours"}]},{"@type":"WebSite","@id":"https:\/\/quuttoys.com\/fr\/#website","url":"https:\/\/quuttoys.com\/fr\/","name":"QUUT","description":"Quality toys quality time - Anywhere anytime","potentialAction":[{"@type":"SearchAction","target":{"@type":"EntryPoint","urlTemplate":"https:\/\/quuttoys.com\/fr\/?s={search_term_string}"},"query-input":{"@type":"PropertyValueSpecification","valueRequired":true,"valueName":"search_term_string"}}],"inLanguage":"fr-FR"}]}},"jetpack_publicize_connections":[],"jetpack_likes_enabled":true,"jetpack_sharing_enabled":true,"amp_enabled":true,"_links":{"self":[{"href":"https:\/\/quuttoys.com\/fr\/wp-json\/wp\/v2\/product\/59679","targetHints":{"allow":["GET"]}}],"collection":[{"href":"https:\/\/quuttoys.com\/fr\/wp-json\/wp\/v2\/product"}],"about":[{"href":"https:\/\/quuttoys.com\/fr\/wp-json\/wp\/v2\/types\/product"}],"wp:featuredmedia":[{"embeddable":true,"href":"https:\/\/quuttoys.com\/fr\/wp-json\/wp\/v2\/media\/59707"}],"wp:attachment":[{"href":"https:\/\/quuttoys.com\/fr\/wp-json\/wp\/v2\/media?parent=59679"}],"wp:term":[{"taxonomy":"product_brand","embeddable":true,"href":"https:\/\/quuttoys.com\/fr\/wp-json\/wp\/v2\/product_brand?post=59679"},{"taxonomy":"product_cat","embeddable":true,"href":"https:\/\/quuttoys.com\/fr\/wp-json\/wp\/v2\/product_cat?post=59679"},{"taxonomy":"product_tag","embeddable":true,"href":"https:\/\/quuttoys.com\/fr\/wp-json\/wp\/v2\/product_tag?post=59679"}],"curies":[{"name":"wp","href":"https:\/\/api.w.org\/{rel}","templated":true}]}}