{"id":60289,"date":"2026-02-23T16:05:08","date_gmt":"2026-02-23T15:05:08","guid":{"rendered":"https:\/\/quuttoys.com\/product\/jeu-de-loie-serpents-echelles\/"},"modified":"2026-02-24T16:07:04","modified_gmt":"2026-02-24T15:07:04","slug":"jeu-de-loie-serpents-echelles","status":"publish","type":"product","link":"https:\/\/quuttoys.com\/fr\/produit\/jeu-de-loie-serpents-echelles\/","title":{"rendered":"Jeu de l\u2019oie\/Serpents &amp; \u00c9chelles"},"content":{"rendered":"<ul style=\"font-weight: 400;\">\n<li>\u00c2ge : 3+<\/li>\n<li>Joueurs : 2\u20135<\/li>\n<li>Taille : 40 x 40 cm<\/li>\n<li>Plateau de jeu en microfibre r\u00e9versible<\/li>\n<li>5 pions en silicone<\/li>\n<li>1 d\u00e9<\/li>\n<li>Pochette de rangement incluse<\/li>\n<li>Nettoyage : rince les colons \u00e0 l\u2019eau, la serviette en microfibre peut \u00eatre rinc\u00e9e ou lav\u00e9e \u00e0 la machine \u00e0 laver \u00e0 30\u00b0<\/li>\n<\/ul>\n","protected":false},"excerpt":{"rendered":"<p style=\"font-weight: 400;\"><strong>Deux classiques intemporels. Con\u00e7u pour l\u2019aventure.<\/strong><\/p>\n<p style=\"font-weight: 400;\">Apportez du plaisir en famille partout o\u00f9 vous allez avec ce jeu de voyage r\u00e9versible 2 en 1 ing\u00e9nieux.<br \/>\nGame of the Goose d\u2019un c\u00f4t\u00e9, Snakes &amp; Ladders de l\u2019autre, double le plaisir dans un design compact.<\/p>\n<p style=\"font-weight: 400;\">Fabriqu\u00e9 en microfibre douce et \u00e0 s\u00e9chage rapide et associ\u00e9 \u00e0 des pions en silicone, il est parfait pour jouer \u00e0 la maison, au restaurant, en vacances, \u00e0 la plage ou au bord de la piscine. Du sable et des \u00e9claboussures ? Pas de probl\u00e8me.<\/p>\n<p style=\"font-weight: 400;\"><strong>  Facile \u00e0 jouer. Amusant pour tout le monde.<\/strong><\/p>\n<p style=\"font-weight: 400;\">Des r\u00e8gles simples en font un choix id\u00e9al pour les jeunes enfants, tandis que l\u2019\u00e9l\u00e9ment de hasard le rend excitant pour toute la famille.<br \/>\nLancez le d\u00e9, d\u00e9placez votre pion, grimpez des \u00e9chelles, glissez sur des serpents et courez jusqu\u2019\u00e0 la ligne d\u2019arriv\u00e9e !<\/p>\n<p style=\"font-weight: 400;\"><strong>Pourquoi les familles l\u2019adorent<\/strong><\/p>\n<ul>\n<li style=\"font-weight: 400;\">2 jeux familiaux classiques en un<\/li>\n<li style=\"font-weight: 400;\">Facile \u00e0 apprendre et \u00e0 jouer<\/li>\n<li style=\"font-weight: 400;\">Encourage les comp\u00e9tences en prise de tour et en comptage<\/li>\n<li style=\"font-weight: 400;\">5 pions en silicone souple + 1 d\u00e9<\/li>\n<li style=\"font-weight: 400;\">Conception en sable et imperm\u00e9able<\/li>\n<li style=\"font-weight: 400;\">Microfibre l\u00e9g\u00e8re et \u00e0 s\u00e9chage rapide<\/li>\n<li style=\"font-weight: 400;\">Il est livr\u00e9 dans une pochette de voyage pratique<\/li>\n<\/ul>\n<p style=\"font-weight: 400;\">Parce que les meilleurs moments de famille peuvent arriver n\u2019importe o\u00f9.<\/p>\n","protected":false},"featured_media":60177,"template":"","meta":{"_coblocks_attr":"","_coblocks_dimensions":"","_coblocks_responsive_height":"","_coblocks_accordion_ie_support":"","_crdt_document":"","jetpack_publicize_message":"","jetpack_publicize_feature_enabled":true,"jetpack_social_post_already_shared":true,"jetpack_social_options":{"image_generator_settings":{"template":"highway","default_image_id":0,"font":"","enabled":false},"version":2},"_wpas_customize_per_network":false},"product_brand":[],"product_cat":[20972],"product_tag":[],"class_list":{"0":"post-60289","1":"product","2":"type-product","3":"status-publish","4":"has-post-thumbnail","6":"product_cat-travelgames","8":"first","9":"instock","10":"shipping-taxable","11":"product-type-simple"},"yoast_head":"<!-- This site is optimized with the Yoast SEO plugin v27.3 - https:\/\/yoast.com\/product\/yoast-seo-wordpress\/ -->\n<title>Jeu de l\u2019oie\/Serpents &amp; \u00c9chelles - QUUT<\/title>\n<meta name=\"description\" content=\"Cette serviette de jeu pr\u00e9sente un design unique et deux c\u00f4t\u00e9s. \u00c0 l\u2019avant, il y a un jeu, et \u00e0 l\u2019arri\u00e8re, vous trouverez un motif graphique.\" \/>\n<meta name=\"robots\" content=\"index, follow, max-snippet:-1, max-image-preview:large, max-video-preview:-1\" \/>\n<link rel=\"canonical\" href=\"https:\/\/quuttoys.com\/fr\/produit\/jeu-de-loie-serpents-echelles\/\" \/>\n<meta property=\"og:locale\" content=\"fr_FR\" \/>\n<meta property=\"og:type\" content=\"article\" \/>\n<meta property=\"og:title\" content=\"Jeu de l\u2019oie\/Serpents &amp; \u00c9chelles - QUUT\" \/>\n<meta property=\"og:description\" content=\"Cette serviette de jeu pr\u00e9sente un design unique et deux c\u00f4t\u00e9s. \u00c0 l\u2019avant, il y a un jeu, et \u00e0 l\u2019arri\u00e8re, vous trouverez un motif graphique.\" \/>\n<meta property=\"og:url\" content=\"https:\/\/quuttoys.com\/fr\/produit\/jeu-de-loie-serpents-echelles\/\" \/>\n<meta property=\"og:site_name\" content=\"QUUT\" \/>\n<meta property=\"article:modified_time\" content=\"2026-02-24T15:07:04+00:00\" \/>\n<meta property=\"og:image\" content=\"https:\/\/i0.wp.com\/quuttoys.com\/wp-content\/uploads\/2026\/02\/175872-Travel-game-Goose-game-Snakes-ladders-1-1.jpg?fit=1168%2C1167&ssl=1\" \/>\n\t<meta property=\"og:image:width\" content=\"1168\" \/>\n\t<meta property=\"og:image:height\" content=\"1167\" \/>\n\t<meta property=\"og:image:type\" content=\"image\/jpeg\" \/>\n<meta name=\"twitter:card\" content=\"summary_large_image\" \/>\n<script type=\"application\/ld+json\" class=\"yoast-schema-graph\">{\"@context\":\"https:\\\/\\\/schema.org\",\"@graph\":[{\"@type\":\"WebPage\",\"@id\":\"https:\\\/\\\/quuttoys.com\\\/fr\\\/produit\\\/jeu-de-loie-serpents-echelles\\\/\",\"url\":\"https:\\\/\\\/quuttoys.com\\\/fr\\\/produit\\\/jeu-de-loie-serpents-echelles\\\/\",\"name\":\"Jeu de l\u2019oie\\\/Serpents &amp; \u00c9chelles - QUUT\",\"isPartOf\":{\"@id\":\"https:\\\/\\\/quuttoys.com\\\/fr\\\/#website\"},\"primaryImageOfPage\":{\"@id\":\"https:\\\/\\\/quuttoys.com\\\/fr\\\/produit\\\/jeu-de-loie-serpents-echelles\\\/#primaryimage\"},\"image\":{\"@id\":\"https:\\\/\\\/quuttoys.com\\\/fr\\\/produit\\\/jeu-de-loie-serpents-echelles\\\/#primaryimage\"},\"thumbnailUrl\":\"https:\\\/\\\/i0.wp.com\\\/quuttoys.com\\\/wp-content\\\/uploads\\\/2026\\\/02\\\/175872-Travel-game-Goose-game-Snakes-ladders-1-1.jpg?fit=1168%2C1167&ssl=1\",\"datePublished\":\"2026-02-23T15:05:08+00:00\",\"dateModified\":\"2026-02-24T15:07:04+00:00\",\"description\":\"Cette serviette de jeu pr\u00e9sente un design unique et deux c\u00f4t\u00e9s. \u00c0 l\u2019avant, il y a un jeu, et \u00e0 l\u2019arri\u00e8re, vous trouverez un motif graphique.\",\"breadcrumb\":{\"@id\":\"https:\\\/\\\/quuttoys.com\\\/fr\\\/produit\\\/jeu-de-loie-serpents-echelles\\\/#breadcrumb\"},\"inLanguage\":\"fr-FR\",\"potentialAction\":[{\"@type\":\"ReadAction\",\"target\":[\"https:\\\/\\\/quuttoys.com\\\/fr\\\/produit\\\/jeu-de-loie-serpents-echelles\\\/\"]}]},{\"@type\":\"ImageObject\",\"inLanguage\":\"fr-FR\",\"@id\":\"https:\\\/\\\/quuttoys.com\\\/fr\\\/produit\\\/jeu-de-loie-serpents-echelles\\\/#primaryimage\",\"url\":\"https:\\\/\\\/i0.wp.com\\\/quuttoys.com\\\/wp-content\\\/uploads\\\/2026\\\/02\\\/175872-Travel-game-Goose-game-Snakes-ladders-1-1.jpg?fit=1168%2C1167&ssl=1\",\"contentUrl\":\"https:\\\/\\\/i0.wp.com\\\/quuttoys.com\\\/wp-content\\\/uploads\\\/2026\\\/02\\\/175872-Travel-game-Goose-game-Snakes-ladders-1-1.jpg?fit=1168%2C1167&ssl=1\",\"width\":1168,\"height\":1167},{\"@type\":\"BreadcrumbList\",\"@id\":\"https:\\\/\\\/quuttoys.com\\\/fr\\\/produit\\\/jeu-de-loie-serpents-echelles\\\/#breadcrumb\",\"itemListElement\":[{\"@type\":\"ListItem\",\"position\":1,\"name\":\"Home\",\"item\":\"https:\\\/\\\/quuttoys.com\\\/fr\\\/\"},{\"@type\":\"ListItem\",\"position\":2,\"name\":\"All products\",\"item\":\"https:\\\/\\\/quuttoys.com\\\/all-products\\\/\"},{\"@type\":\"ListItem\",\"position\":3,\"name\":\"Jeu de l\u2019oie\\\/Serpents &amp; \u00c9chelles\"}]},{\"@type\":\"WebSite\",\"@id\":\"https:\\\/\\\/quuttoys.com\\\/fr\\\/#website\",\"url\":\"https:\\\/\\\/quuttoys.com\\\/fr\\\/\",\"name\":\"QUUT\",\"description\":\"Quality toys quality time - Anywhere anytime\",\"potentialAction\":[{\"@type\":\"SearchAction\",\"target\":{\"@type\":\"EntryPoint\",\"urlTemplate\":\"https:\\\/\\\/quuttoys.com\\\/fr\\\/?s={search_term_string}\"},\"query-input\":{\"@type\":\"PropertyValueSpecification\",\"valueRequired\":true,\"valueName\":\"search_term_string\"}}],\"inLanguage\":\"fr-FR\"}]}<\/script>\n<!-- \/ Yoast SEO plugin. -->","yoast_head_json":{"title":"Jeu de l\u2019oie\/Serpents &amp; \u00c9chelles - QUUT","description":"Cette serviette de jeu pr\u00e9sente un design unique et deux c\u00f4t\u00e9s. \u00c0 l\u2019avant, il y a un jeu, et \u00e0 l\u2019arri\u00e8re, vous trouverez un motif graphique.","robots":{"index":"index","follow":"follow","max-snippet":"max-snippet:-1","max-image-preview":"max-image-preview:large","max-video-preview":"max-video-preview:-1"},"canonical":"https:\/\/quuttoys.com\/fr\/produit\/jeu-de-loie-serpents-echelles\/","og_locale":"fr_FR","og_type":"article","og_title":"Jeu de l\u2019oie\/Serpents &amp; \u00c9chelles - QUUT","og_description":"Cette serviette de jeu pr\u00e9sente un design unique et deux c\u00f4t\u00e9s. \u00c0 l\u2019avant, il y a un jeu, et \u00e0 l\u2019arri\u00e8re, vous trouverez un motif graphique.","og_url":"https:\/\/quuttoys.com\/fr\/produit\/jeu-de-loie-serpents-echelles\/","og_site_name":"QUUT","article_modified_time":"2026-02-24T15:07:04+00:00","og_image":[{"width":1168,"height":1167,"url":"https:\/\/i0.wp.com\/quuttoys.com\/wp-content\/uploads\/2026\/02\/175872-Travel-game-Goose-game-Snakes-ladders-1-1.jpg?fit=1168%2C1167&ssl=1","type":"image\/jpeg"}],"twitter_card":"summary_large_image","schema":{"@context":"https:\/\/schema.org","@graph":[{"@type":"WebPage","@id":"https:\/\/quuttoys.com\/fr\/produit\/jeu-de-loie-serpents-echelles\/","url":"https:\/\/quuttoys.com\/fr\/produit\/jeu-de-loie-serpents-echelles\/","name":"Jeu de l\u2019oie\/Serpents &amp; \u00c9chelles - QUUT","isPartOf":{"@id":"https:\/\/quuttoys.com\/fr\/#website"},"primaryImageOfPage":{"@id":"https:\/\/quuttoys.com\/fr\/produit\/jeu-de-loie-serpents-echelles\/#primaryimage"},"image":{"@id":"https:\/\/quuttoys.com\/fr\/produit\/jeu-de-loie-serpents-echelles\/#primaryimage"},"thumbnailUrl":"https:\/\/i0.wp.com\/quuttoys.com\/wp-content\/uploads\/2026\/02\/175872-Travel-game-Goose-game-Snakes-ladders-1-1.jpg?fit=1168%2C1167&ssl=1","datePublished":"2026-02-23T15:05:08+00:00","dateModified":"2026-02-24T15:07:04+00:00","description":"Cette serviette de jeu pr\u00e9sente un design unique et deux c\u00f4t\u00e9s. \u00c0 l\u2019avant, il y a un jeu, et \u00e0 l\u2019arri\u00e8re, vous trouverez un motif graphique.","breadcrumb":{"@id":"https:\/\/quuttoys.com\/fr\/produit\/jeu-de-loie-serpents-echelles\/#breadcrumb"},"inLanguage":"fr-FR","potentialAction":[{"@type":"ReadAction","target":["https:\/\/quuttoys.com\/fr\/produit\/jeu-de-loie-serpents-echelles\/"]}]},{"@type":"ImageObject","inLanguage":"fr-FR","@id":"https:\/\/quuttoys.com\/fr\/produit\/jeu-de-loie-serpents-echelles\/#primaryimage","url":"https:\/\/i0.wp.com\/quuttoys.com\/wp-content\/uploads\/2026\/02\/175872-Travel-game-Goose-game-Snakes-ladders-1-1.jpg?fit=1168%2C1167&ssl=1","contentUrl":"https:\/\/i0.wp.com\/quuttoys.com\/wp-content\/uploads\/2026\/02\/175872-Travel-game-Goose-game-Snakes-ladders-1-1.jpg?fit=1168%2C1167&ssl=1","width":1168,"height":1167},{"@type":"BreadcrumbList","@id":"https:\/\/quuttoys.com\/fr\/produit\/jeu-de-loie-serpents-echelles\/#breadcrumb","itemListElement":[{"@type":"ListItem","position":1,"name":"Home","item":"https:\/\/quuttoys.com\/fr\/"},{"@type":"ListItem","position":2,"name":"All products","item":"https:\/\/quuttoys.com\/all-products\/"},{"@type":"ListItem","position":3,"name":"Jeu de l\u2019oie\/Serpents &amp; \u00c9chelles"}]},{"@type":"WebSite","@id":"https:\/\/quuttoys.com\/fr\/#website","url":"https:\/\/quuttoys.com\/fr\/","name":"QUUT","description":"Quality toys quality time - Anywhere anytime","potentialAction":[{"@type":"SearchAction","target":{"@type":"EntryPoint","urlTemplate":"https:\/\/quuttoys.com\/fr\/?s={search_term_string}"},"query-input":{"@type":"PropertyValueSpecification","valueRequired":true,"valueName":"search_term_string"}}],"inLanguage":"fr-FR"}]}},"jetpack_publicize_connections":[],"jetpack_likes_enabled":true,"jetpack_sharing_enabled":true,"amp_enabled":true,"_links":{"self":[{"href":"https:\/\/quuttoys.com\/fr\/wp-json\/wp\/v2\/product\/60289","targetHints":{"allow":["GET"]}}],"collection":[{"href":"https:\/\/quuttoys.com\/fr\/wp-json\/wp\/v2\/product"}],"about":[{"href":"https:\/\/quuttoys.com\/fr\/wp-json\/wp\/v2\/types\/product"}],"wp:featuredmedia":[{"embeddable":true,"href":"https:\/\/quuttoys.com\/fr\/wp-json\/wp\/v2\/media\/60177"}],"wp:attachment":[{"href":"https:\/\/quuttoys.com\/fr\/wp-json\/wp\/v2\/media?parent=60289"}],"wp:term":[{"taxonomy":"product_brand","embeddable":true,"href":"https:\/\/quuttoys.com\/fr\/wp-json\/wp\/v2\/product_brand?post=60289"},{"taxonomy":"product_cat","embeddable":true,"href":"https:\/\/quuttoys.com\/fr\/wp-json\/wp\/v2\/product_cat?post=60289"},{"taxonomy":"product_tag","embeddable":true,"href":"https:\/\/quuttoys.com\/fr\/wp-json\/wp\/v2\/product_tag?post=60289"}],"curies":[{"name":"wp","href":"https:\/\/api.w.org\/{rel}","templated":true}]}}