{"id":60291,"date":"2026-02-09T17:05:38","date_gmt":"2026-02-09T16:05:38","guid":{"rendered":"https:\/\/quuttoys.com\/product\/jeu-a-cheval-morpion\/"},"modified":"2026-02-24T16:41:03","modified_gmt":"2026-02-24T15:41:03","slug":"jeu-a-cheval-morpion","status":"publish","type":"product","link":"https:\/\/quuttoys.com\/fr\/produit\/jeu-a-cheval-morpion\/","title":{"rendered":"Jeu \u00e0 cheval\/Morpion"},"content":{"rendered":"<ul style=\"font-weight: 400;\">\n<li>\u00c2ge : 3+<\/li>\n<li>Joueurs : 2\u20135<\/li>\n<li>Taille : 40 x 40 cm<\/li>\n<li>Plateau de jeu en microfibre r\u00e9versible<\/li>\n<li>18 pions en silicone<\/li>\n<li>2 d\u00e9s<\/li>\n<li>Pochette de rangement incluse<\/li>\n<li>Nettoyage : rince les colons \u00e0 l\u2019eau, la serviette en microfibre peut \u00eatre rinc\u00e9e ou lav\u00e9e \u00e0 la machine \u00e0 laver \u00e0 30\u00b0<\/li>\n<\/ul>\n","protected":false},"excerpt":{"rendered":"<p style=\"font-weight: 400;\">Strat\u00e9gie, rapidit\u00e9 et esprit intelligent, o\u00f9 que vous alliez.<\/p>\n<p style=\"font-weight: 400;\">Ce jeu de voyage r\u00e9versible 2-en-1 ing\u00e9nieux combine l\u2019excitation d\u2019un classique de course de chevaux avec la simplicit\u00e9 intemporelle du morpion.<\/p>\n<p style=\"font-weight: 400;\">Fabriqu\u00e9 en microfibre douce et \u00e0 s\u00e9chage rapide, associ\u00e9 \u00e0 des pions et des d\u00e9s en silicone durables, il est con\u00e7u pour le jeu r\u00e9el, \u00e0 la maison, au restaurant, en vacances, \u00e0 la plage ou au bord de la piscine. Du sable et des \u00e9claboussures ? Pas de probl\u00e8me.<br \/>\nCompact, l\u00e9ger et facile \u00e0 emballer, c\u2019est le compagnon de voyage id\u00e9al pour les esprits curieux.<\/p>\n<p style=\"font-weight: 400;\"><strong>2 fa\u00e7ons de jouer<br \/>\n<\/strong>Horse Game : Lance les d\u00e9s et cours jusqu\u2019\u00e0 la ligne d\u2019arriv\u00e9e ! Une introduction amusante au comptage, aux tours et \u00e0 la strat\u00e9gie l\u00e9g\u00e8re.<br \/>\nMorpion : Un classique \u00e0 la r\u00e9flexion rapide qui encourage la logique et la r\u00e9solution de probl\u00e8mes. <\/p>\n<p style=\"font-weight: 400;\">Des matchs amicaux en famille aux d\u00e9fis entre fr\u00e8res et s\u0153urs, c\u2019est fait pour la comp\u00e9tition ludique.<\/p>\n<p style=\"font-weight: 400;\"><strong>Pourquoi les familles l\u2019adorent<\/strong><\/p>\n<ul>\n<li style=\"font-weight: 400;\">2 jeux de strat\u00e9gie classiques en un seul<\/li>\n<li style=\"font-weight: 400;\">Encourage la pens\u00e9e logique et le comptage<\/li>\n<li style=\"font-weight: 400;\">18 pions en silicone souple + 2 d\u00e9s<\/li>\n<li style=\"font-weight: 400;\">Conception en sable et imperm\u00e9able<\/li>\n<li style=\"font-weight: 400;\">Microfibre l\u00e9g\u00e8re et \u00e0 s\u00e9chage rapide<\/li>\n<li style=\"font-weight: 400;\">Il est livr\u00e9 dans une pochette de voyage pratique<\/li>\n<\/ul>\n","protected":false},"featured_media":59876,"template":"","meta":{"_coblocks_attr":"","_coblocks_dimensions":"","_coblocks_responsive_height":"","_coblocks_accordion_ie_support":"","_crdt_document":"","jetpack_publicize_message":"","jetpack_publicize_feature_enabled":true,"jetpack_social_post_already_shared":true,"jetpack_social_options":{"image_generator_settings":{"template":"highway","default_image_id":0,"font":"","enabled":false},"version":2},"_wpas_customize_per_network":false},"product_brand":[],"product_cat":[20989],"product_tag":[],"class_list":{"0":"post-60291","1":"product","2":"type-product","3":"status-publish","4":"has-post-thumbnail","6":"product_cat-travelgames","8":"first","9":"instock","10":"shipping-taxable","11":"product-type-simple"},"yoast_head":"<!-- This site is optimized with the Yoast SEO plugin v27.4 - https:\/\/yoast.com\/product\/yoast-seo-wordpress\/ -->\n<title>Jeu \u00e0 cheval\/Morpion - QUUT<\/title>\n<meta name=\"description\" content=\"Cette serviette de jeu pr\u00e9sente un design unique et deux c\u00f4t\u00e9s. \u00c0 l\u2019avant, il y a un jeu, et \u00e0 l\u2019arri\u00e8re, vous trouverez un motif graphique.\" \/>\n<meta name=\"robots\" content=\"index, follow, max-snippet:-1, max-image-preview:large, max-video-preview:-1\" \/>\n<link rel=\"canonical\" href=\"https:\/\/quuttoys.com\/fr\/produit\/jeu-a-cheval-morpion\/\" \/>\n<meta property=\"og:locale\" content=\"fr_FR\" \/>\n<meta property=\"og:type\" content=\"article\" \/>\n<meta property=\"og:title\" content=\"Jeu \u00e0 cheval\/Morpion - QUUT\" \/>\n<meta property=\"og:description\" content=\"Cette serviette de jeu pr\u00e9sente un design unique et deux c\u00f4t\u00e9s. \u00c0 l\u2019avant, il y a un jeu, et \u00e0 l\u2019arri\u00e8re, vous trouverez un motif graphique.\" \/>\n<meta property=\"og:url\" content=\"https:\/\/quuttoys.com\/fr\/produit\/jeu-a-cheval-morpion\/\" \/>\n<meta property=\"og:site_name\" content=\"QUUT\" \/>\n<meta property=\"article:modified_time\" content=\"2026-02-24T15:41:03+00:00\" \/>\n<meta property=\"og:image\" content=\"https:\/\/i0.wp.com\/quuttoys.com\/wp-content\/uploads\/2026\/02\/175872-Travel-game-Horses-Tic-Tac-Toe-1.jpg?fit=2476%2C2475&ssl=1\" \/>\n\t<meta property=\"og:image:width\" content=\"2476\" \/>\n\t<meta property=\"og:image:height\" content=\"2475\" \/>\n\t<meta property=\"og:image:type\" content=\"image\/jpeg\" \/>\n<meta name=\"twitter:card\" content=\"summary_large_image\" \/>\n<script type=\"application\/ld+json\" class=\"yoast-schema-graph\">{\"@context\":\"https:\\\/\\\/schema.org\",\"@graph\":[{\"@type\":\"WebPage\",\"@id\":\"https:\\\/\\\/quuttoys.com\\\/fr\\\/produit\\\/jeu-a-cheval-morpion\\\/\",\"url\":\"https:\\\/\\\/quuttoys.com\\\/fr\\\/produit\\\/jeu-a-cheval-morpion\\\/\",\"name\":\"Jeu \u00e0 cheval\\\/Morpion - QUUT\",\"isPartOf\":{\"@id\":\"https:\\\/\\\/quuttoys.com\\\/fr\\\/#website\"},\"primaryImageOfPage\":{\"@id\":\"https:\\\/\\\/quuttoys.com\\\/fr\\\/produit\\\/jeu-a-cheval-morpion\\\/#primaryimage\"},\"image\":{\"@id\":\"https:\\\/\\\/quuttoys.com\\\/fr\\\/produit\\\/jeu-a-cheval-morpion\\\/#primaryimage\"},\"thumbnailUrl\":\"https:\\\/\\\/i0.wp.com\\\/quuttoys.com\\\/wp-content\\\/uploads\\\/2026\\\/02\\\/175872-Travel-game-Horses-Tic-Tac-Toe-1.jpg?fit=2476%2C2475&ssl=1\",\"datePublished\":\"2026-02-09T16:05:38+00:00\",\"dateModified\":\"2026-02-24T15:41:03+00:00\",\"description\":\"Cette serviette de jeu pr\u00e9sente un design unique et deux c\u00f4t\u00e9s. \u00c0 l\u2019avant, il y a un jeu, et \u00e0 l\u2019arri\u00e8re, vous trouverez un motif graphique.\",\"breadcrumb\":{\"@id\":\"https:\\\/\\\/quuttoys.com\\\/fr\\\/produit\\\/jeu-a-cheval-morpion\\\/#breadcrumb\"},\"inLanguage\":\"fr-FR\",\"potentialAction\":[{\"@type\":\"ReadAction\",\"target\":[\"https:\\\/\\\/quuttoys.com\\\/fr\\\/produit\\\/jeu-a-cheval-morpion\\\/\"]}]},{\"@type\":\"ImageObject\",\"inLanguage\":\"fr-FR\",\"@id\":\"https:\\\/\\\/quuttoys.com\\\/fr\\\/produit\\\/jeu-a-cheval-morpion\\\/#primaryimage\",\"url\":\"https:\\\/\\\/i0.wp.com\\\/quuttoys.com\\\/wp-content\\\/uploads\\\/2026\\\/02\\\/175872-Travel-game-Horses-Tic-Tac-Toe-1.jpg?fit=2476%2C2475&ssl=1\",\"contentUrl\":\"https:\\\/\\\/i0.wp.com\\\/quuttoys.com\\\/wp-content\\\/uploads\\\/2026\\\/02\\\/175872-Travel-game-Horses-Tic-Tac-Toe-1.jpg?fit=2476%2C2475&ssl=1\",\"width\":2476,\"height\":2475},{\"@type\":\"BreadcrumbList\",\"@id\":\"https:\\\/\\\/quuttoys.com\\\/fr\\\/produit\\\/jeu-a-cheval-morpion\\\/#breadcrumb\",\"itemListElement\":[{\"@type\":\"ListItem\",\"position\":1,\"name\":\"Home\",\"item\":\"https:\\\/\\\/quuttoys.com\\\/fr\\\/\"},{\"@type\":\"ListItem\",\"position\":2,\"name\":\"All products\",\"item\":\"https:\\\/\\\/quuttoys.com\\\/all-products\\\/\"},{\"@type\":\"ListItem\",\"position\":3,\"name\":\"Jeu \u00e0 cheval\\\/Morpion\"}]},{\"@type\":\"WebSite\",\"@id\":\"https:\\\/\\\/quuttoys.com\\\/fr\\\/#website\",\"url\":\"https:\\\/\\\/quuttoys.com\\\/fr\\\/\",\"name\":\"QUUT\",\"description\":\"Quality toys quality time - Anywhere anytime\",\"potentialAction\":[{\"@type\":\"SearchAction\",\"target\":{\"@type\":\"EntryPoint\",\"urlTemplate\":\"https:\\\/\\\/quuttoys.com\\\/fr\\\/?s={search_term_string}\"},\"query-input\":{\"@type\":\"PropertyValueSpecification\",\"valueRequired\":true,\"valueName\":\"search_term_string\"}}],\"inLanguage\":\"fr-FR\"}]}<\/script>\n<!-- \/ Yoast SEO plugin. -->","yoast_head_json":{"title":"Jeu \u00e0 cheval\/Morpion - QUUT","description":"Cette serviette de jeu pr\u00e9sente un design unique et deux c\u00f4t\u00e9s. \u00c0 l\u2019avant, il y a un jeu, et \u00e0 l\u2019arri\u00e8re, vous trouverez un motif graphique.","robots":{"index":"index","follow":"follow","max-snippet":"max-snippet:-1","max-image-preview":"max-image-preview:large","max-video-preview":"max-video-preview:-1"},"canonical":"https:\/\/quuttoys.com\/fr\/produit\/jeu-a-cheval-morpion\/","og_locale":"fr_FR","og_type":"article","og_title":"Jeu \u00e0 cheval\/Morpion - QUUT","og_description":"Cette serviette de jeu pr\u00e9sente un design unique et deux c\u00f4t\u00e9s. \u00c0 l\u2019avant, il y a un jeu, et \u00e0 l\u2019arri\u00e8re, vous trouverez un motif graphique.","og_url":"https:\/\/quuttoys.com\/fr\/produit\/jeu-a-cheval-morpion\/","og_site_name":"QUUT","article_modified_time":"2026-02-24T15:41:03+00:00","og_image":[{"width":2476,"height":2475,"url":"https:\/\/i0.wp.com\/quuttoys.com\/wp-content\/uploads\/2026\/02\/175872-Travel-game-Horses-Tic-Tac-Toe-1.jpg?fit=2476%2C2475&ssl=1","type":"image\/jpeg"}],"twitter_card":"summary_large_image","schema":{"@context":"https:\/\/schema.org","@graph":[{"@type":"WebPage","@id":"https:\/\/quuttoys.com\/fr\/produit\/jeu-a-cheval-morpion\/","url":"https:\/\/quuttoys.com\/fr\/produit\/jeu-a-cheval-morpion\/","name":"Jeu \u00e0 cheval\/Morpion - QUUT","isPartOf":{"@id":"https:\/\/quuttoys.com\/fr\/#website"},"primaryImageOfPage":{"@id":"https:\/\/quuttoys.com\/fr\/produit\/jeu-a-cheval-morpion\/#primaryimage"},"image":{"@id":"https:\/\/quuttoys.com\/fr\/produit\/jeu-a-cheval-morpion\/#primaryimage"},"thumbnailUrl":"https:\/\/i0.wp.com\/quuttoys.com\/wp-content\/uploads\/2026\/02\/175872-Travel-game-Horses-Tic-Tac-Toe-1.jpg?fit=2476%2C2475&ssl=1","datePublished":"2026-02-09T16:05:38+00:00","dateModified":"2026-02-24T15:41:03+00:00","description":"Cette serviette de jeu pr\u00e9sente un design unique et deux c\u00f4t\u00e9s. \u00c0 l\u2019avant, il y a un jeu, et \u00e0 l\u2019arri\u00e8re, vous trouverez un motif graphique.","breadcrumb":{"@id":"https:\/\/quuttoys.com\/fr\/produit\/jeu-a-cheval-morpion\/#breadcrumb"},"inLanguage":"fr-FR","potentialAction":[{"@type":"ReadAction","target":["https:\/\/quuttoys.com\/fr\/produit\/jeu-a-cheval-morpion\/"]}]},{"@type":"ImageObject","inLanguage":"fr-FR","@id":"https:\/\/quuttoys.com\/fr\/produit\/jeu-a-cheval-morpion\/#primaryimage","url":"https:\/\/i0.wp.com\/quuttoys.com\/wp-content\/uploads\/2026\/02\/175872-Travel-game-Horses-Tic-Tac-Toe-1.jpg?fit=2476%2C2475&ssl=1","contentUrl":"https:\/\/i0.wp.com\/quuttoys.com\/wp-content\/uploads\/2026\/02\/175872-Travel-game-Horses-Tic-Tac-Toe-1.jpg?fit=2476%2C2475&ssl=1","width":2476,"height":2475},{"@type":"BreadcrumbList","@id":"https:\/\/quuttoys.com\/fr\/produit\/jeu-a-cheval-morpion\/#breadcrumb","itemListElement":[{"@type":"ListItem","position":1,"name":"Home","item":"https:\/\/quuttoys.com\/fr\/"},{"@type":"ListItem","position":2,"name":"All products","item":"https:\/\/quuttoys.com\/all-products\/"},{"@type":"ListItem","position":3,"name":"Jeu \u00e0 cheval\/Morpion"}]},{"@type":"WebSite","@id":"https:\/\/quuttoys.com\/fr\/#website","url":"https:\/\/quuttoys.com\/fr\/","name":"QUUT","description":"Quality toys quality time - Anywhere anytime","potentialAction":[{"@type":"SearchAction","target":{"@type":"EntryPoint","urlTemplate":"https:\/\/quuttoys.com\/fr\/?s={search_term_string}"},"query-input":{"@type":"PropertyValueSpecification","valueRequired":true,"valueName":"search_term_string"}}],"inLanguage":"fr-FR"}]}},"jetpack_publicize_connections":[],"jetpack_likes_enabled":true,"jetpack_sharing_enabled":true,"amp_enabled":true,"_links":{"self":[{"href":"https:\/\/quuttoys.com\/fr\/wp-json\/wp\/v2\/product\/60291","targetHints":{"allow":["GET"]}}],"collection":[{"href":"https:\/\/quuttoys.com\/fr\/wp-json\/wp\/v2\/product"}],"about":[{"href":"https:\/\/quuttoys.com\/fr\/wp-json\/wp\/v2\/types\/product"}],"wp:featuredmedia":[{"embeddable":true,"href":"https:\/\/quuttoys.com\/fr\/wp-json\/wp\/v2\/media\/59876"}],"wp:attachment":[{"href":"https:\/\/quuttoys.com\/fr\/wp-json\/wp\/v2\/media?parent=60291"}],"wp:term":[{"taxonomy":"product_brand","embeddable":true,"href":"https:\/\/quuttoys.com\/fr\/wp-json\/wp\/v2\/product_brand?post=60291"},{"taxonomy":"product_cat","embeddable":true,"href":"https:\/\/quuttoys.com\/fr\/wp-json\/wp\/v2\/product_cat?post=60291"},{"taxonomy":"product_tag","embeddable":true,"href":"https:\/\/quuttoys.com\/fr\/wp-json\/wp\/v2\/product_tag?post=60291"}],"curies":[{"name":"wp","href":"https:\/\/api.w.org\/{rel}","templated":true}]}}