{"id":60293,"date":"2026-02-09T16:41:13","date_gmt":"2026-02-09T15:41:13","guid":{"rendered":"https:\/\/quuttoys.com\/product\/bingo-lotocolor\/"},"modified":"2026-02-24T16:42:32","modified_gmt":"2026-02-24T15:42:32","slug":"bingo-lotocolor","status":"publish","type":"product","link":"https:\/\/quuttoys.com\/fr\/produit\/bingo-lotocolor\/","title":{"rendered":"Bingo\/Lotocolor"},"content":{"rendered":"<ul style=\"font-weight: 400;\">\n<li>\u00c2ge : 18 hommes+<\/li>\n<li>Joueurs : 1\u20134<\/li>\n<li>Taille : 35 x 40 cm<\/li>\n<li>Plateau de jeu en microfibre r\u00e9versible<\/li>\n<li>24 \u00e9cussons de jeu flottant<\/li>\n<li>Pochette de rangement incluse<\/li>\n<li>Nettoyage : rince les colons \u00e0 l\u2019eau, la serviette en microfibre peut \u00eatre rinc\u00e9e ou lav\u00e9e \u00e0 la machine \u00e0 laver \u00e0 30\u00b0<\/li>\n<\/ul>\n","protected":false},"excerpt":{"rendered":"<p style=\"font-weight: 400;\">Le jeu d\u2019apprentissage parfait en d\u00e9placement pour les enfants \u00e0 partir de 18 mois.<\/p>\n<p style=\"font-weight: 400;\">Ce plateau de jeu r\u00e9versible ing\u00e9nieux est fabriqu\u00e9 en microfibre douce et \u00e0 s\u00e9chage rapide, et est livr\u00e9 avec 24 patchs flottants \u00e9tanches. Id\u00e9al pour les doigts mouill\u00e9s, sablonneux ou couverts de snacks \u2014 que vous soyez chez vous, au restaurant, en vacances, au bord de la piscine ou \u00e0 la plage. <\/p>\n<p style=\"font-weight: 400;\"><strong>Grandit avec votre enfant<\/strong><\/p>\n<p style=\"font-weight: 400;\"><strong>18 mois+<\/strong><br \/>\nAssociez les taches color\u00e9es aux illustrations.<\/p>\n<p style=\"font-weight: 400;\"><strong>2 ans+<\/strong><br \/>\nRetournez le plateau et associez les patchs aux bonnes couleurs carr\u00e9es.<\/p>\n<p style=\"font-weight: 400;\"><strong>3 ans+<\/strong><br \/>\nJouez au Bingo ! Cachez les plaques face contre terre et retournez-les \u00e0 tour de r\u00f4le.<br \/>\nLe premier joueur \u00e0 compl\u00e9ter son plateau gagne.<br \/>\nUne fa\u00e7on amusante d\u2019introduire des comp\u00e9tences en m\u00e9moire et une comp\u00e9tition amicale. <\/p>\n<p style=\"font-weight: 400;\"><strong>Pourquoi les familles l\u2019adorent<\/strong><\/p>\n<ul>\n<li>3 fa\u00e7ons progressives de jouer<\/li>\n<li>2 matchs imprim\u00e9s de chaque c\u00f4t\u00e9<\/li>\n<li>Am\u00e9liore la reconnaissance des couleurs et la m\u00e9moire<\/li>\n<li>24 patchs flottants \u00e9tanches<\/li>\n<li>Conception en sable et imperm\u00e9able<\/li>\n<li>Microfibre l\u00e9g\u00e8re et \u00e0 s\u00e9chage rapide<\/li>\n<li>Il est livr\u00e9 dans une pochette de voyage pratique<\/li>\n<\/ul>\n<p style=\"font-weight: 400;\">Parce que l\u2019apprentissage devrait ressembler \u00e0 un jeu \u2014 partout.<\/p>\n","protected":false},"featured_media":59847,"template":"","meta":{"_coblocks_attr":"","_coblocks_dimensions":"","_coblocks_responsive_height":"","_coblocks_accordion_ie_support":"","_crdt_document":"","jetpack_publicize_message":"","jetpack_publicize_feature_enabled":true,"jetpack_social_post_already_shared":true,"jetpack_social_options":{"image_generator_settings":{"template":"highway","default_image_id":0,"font":"","enabled":false},"version":2},"_wpas_customize_per_network":false},"product_brand":[],"product_cat":[20989],"product_tag":[],"class_list":{"0":"post-60293","1":"product","2":"type-product","3":"status-publish","4":"has-post-thumbnail","6":"product_cat-travelgames","8":"first","9":"instock","10":"shipping-taxable","11":"product-type-simple"},"yoast_head":"<!-- This site is optimized with the Yoast SEO plugin v27.4 - https:\/\/yoast.com\/product\/yoast-seo-wordpress\/ -->\n<title>Bingo\/Lotocolor - QUUT<\/title>\n<meta name=\"description\" content=\"Cette serviette de jeu pr\u00e9sente un design unique et deux c\u00f4t\u00e9s. \u00c0 l\u2019avant, il y a un jeu, et \u00e0 l\u2019arri\u00e8re, vous trouverez un motif graphique.\" \/>\n<meta name=\"robots\" content=\"index, follow, max-snippet:-1, max-image-preview:large, max-video-preview:-1\" \/>\n<link rel=\"canonical\" href=\"https:\/\/quuttoys.com\/fr\/produit\/bingo-lotocolor\/\" \/>\n<meta property=\"og:locale\" content=\"fr_FR\" \/>\n<meta property=\"og:type\" content=\"article\" \/>\n<meta property=\"og:title\" content=\"Bingo\/Lotocolor - QUUT\" \/>\n<meta property=\"og:description\" content=\"Cette serviette de jeu pr\u00e9sente un design unique et deux c\u00f4t\u00e9s. \u00c0 l\u2019avant, il y a un jeu, et \u00e0 l\u2019arri\u00e8re, vous trouverez un motif graphique.\" \/>\n<meta property=\"og:url\" content=\"https:\/\/quuttoys.com\/fr\/produit\/bingo-lotocolor\/\" \/>\n<meta property=\"og:site_name\" content=\"QUUT\" \/>\n<meta property=\"article:modified_time\" content=\"2026-02-24T15:42:32+00:00\" \/>\n<meta property=\"og:image\" content=\"https:\/\/i0.wp.com\/quuttoys.com\/wp-content\/uploads\/2026\/02\/175858-Travel-game-Bingo-lotocolor-1.jpg?fit=1000%2C1000&ssl=1\" \/>\n\t<meta property=\"og:image:width\" content=\"1000\" \/>\n\t<meta property=\"og:image:height\" content=\"1000\" \/>\n\t<meta property=\"og:image:type\" content=\"image\/jpeg\" \/>\n<meta name=\"twitter:card\" content=\"summary_large_image\" \/>\n<script type=\"application\/ld+json\" class=\"yoast-schema-graph\">{\"@context\":\"https:\\\/\\\/schema.org\",\"@graph\":[{\"@type\":\"WebPage\",\"@id\":\"https:\\\/\\\/quuttoys.com\\\/fr\\\/produit\\\/bingo-lotocolor\\\/\",\"url\":\"https:\\\/\\\/quuttoys.com\\\/fr\\\/produit\\\/bingo-lotocolor\\\/\",\"name\":\"Bingo\\\/Lotocolor - QUUT\",\"isPartOf\":{\"@id\":\"https:\\\/\\\/quuttoys.com\\\/fr\\\/#website\"},\"primaryImageOfPage\":{\"@id\":\"https:\\\/\\\/quuttoys.com\\\/fr\\\/produit\\\/bingo-lotocolor\\\/#primaryimage\"},\"image\":{\"@id\":\"https:\\\/\\\/quuttoys.com\\\/fr\\\/produit\\\/bingo-lotocolor\\\/#primaryimage\"},\"thumbnailUrl\":\"https:\\\/\\\/i0.wp.com\\\/quuttoys.com\\\/wp-content\\\/uploads\\\/2026\\\/02\\\/175858-Travel-game-Bingo-lotocolor-1.jpg?fit=1000%2C1000&ssl=1\",\"datePublished\":\"2026-02-09T15:41:13+00:00\",\"dateModified\":\"2026-02-24T15:42:32+00:00\",\"description\":\"Cette serviette de jeu pr\u00e9sente un design unique et deux c\u00f4t\u00e9s. \u00c0 l\u2019avant, il y a un jeu, et \u00e0 l\u2019arri\u00e8re, vous trouverez un motif graphique.\",\"breadcrumb\":{\"@id\":\"https:\\\/\\\/quuttoys.com\\\/fr\\\/produit\\\/bingo-lotocolor\\\/#breadcrumb\"},\"inLanguage\":\"fr-FR\",\"potentialAction\":[{\"@type\":\"ReadAction\",\"target\":[\"https:\\\/\\\/quuttoys.com\\\/fr\\\/produit\\\/bingo-lotocolor\\\/\"]}]},{\"@type\":\"ImageObject\",\"inLanguage\":\"fr-FR\",\"@id\":\"https:\\\/\\\/quuttoys.com\\\/fr\\\/produit\\\/bingo-lotocolor\\\/#primaryimage\",\"url\":\"https:\\\/\\\/i0.wp.com\\\/quuttoys.com\\\/wp-content\\\/uploads\\\/2026\\\/02\\\/175858-Travel-game-Bingo-lotocolor-1.jpg?fit=1000%2C1000&ssl=1\",\"contentUrl\":\"https:\\\/\\\/i0.wp.com\\\/quuttoys.com\\\/wp-content\\\/uploads\\\/2026\\\/02\\\/175858-Travel-game-Bingo-lotocolor-1.jpg?fit=1000%2C1000&ssl=1\",\"width\":1000,\"height\":1000},{\"@type\":\"BreadcrumbList\",\"@id\":\"https:\\\/\\\/quuttoys.com\\\/fr\\\/produit\\\/bingo-lotocolor\\\/#breadcrumb\",\"itemListElement\":[{\"@type\":\"ListItem\",\"position\":1,\"name\":\"Home\",\"item\":\"https:\\\/\\\/quuttoys.com\\\/fr\\\/\"},{\"@type\":\"ListItem\",\"position\":2,\"name\":\"All products\",\"item\":\"https:\\\/\\\/quuttoys.com\\\/all-products\\\/\"},{\"@type\":\"ListItem\",\"position\":3,\"name\":\"Bingo\\\/Lotocolor\"}]},{\"@type\":\"WebSite\",\"@id\":\"https:\\\/\\\/quuttoys.com\\\/fr\\\/#website\",\"url\":\"https:\\\/\\\/quuttoys.com\\\/fr\\\/\",\"name\":\"QUUT\",\"description\":\"Quality toys quality time - Anywhere anytime\",\"potentialAction\":[{\"@type\":\"SearchAction\",\"target\":{\"@type\":\"EntryPoint\",\"urlTemplate\":\"https:\\\/\\\/quuttoys.com\\\/fr\\\/?s={search_term_string}\"},\"query-input\":{\"@type\":\"PropertyValueSpecification\",\"valueRequired\":true,\"valueName\":\"search_term_string\"}}],\"inLanguage\":\"fr-FR\"}]}<\/script>\n<!-- \/ Yoast SEO plugin. -->","yoast_head_json":{"title":"Bingo\/Lotocolor - QUUT","description":"Cette serviette de jeu pr\u00e9sente un design unique et deux c\u00f4t\u00e9s. \u00c0 l\u2019avant, il y a un jeu, et \u00e0 l\u2019arri\u00e8re, vous trouverez un motif graphique.","robots":{"index":"index","follow":"follow","max-snippet":"max-snippet:-1","max-image-preview":"max-image-preview:large","max-video-preview":"max-video-preview:-1"},"canonical":"https:\/\/quuttoys.com\/fr\/produit\/bingo-lotocolor\/","og_locale":"fr_FR","og_type":"article","og_title":"Bingo\/Lotocolor - QUUT","og_description":"Cette serviette de jeu pr\u00e9sente un design unique et deux c\u00f4t\u00e9s. \u00c0 l\u2019avant, il y a un jeu, et \u00e0 l\u2019arri\u00e8re, vous trouverez un motif graphique.","og_url":"https:\/\/quuttoys.com\/fr\/produit\/bingo-lotocolor\/","og_site_name":"QUUT","article_modified_time":"2026-02-24T15:42:32+00:00","og_image":[{"width":1000,"height":1000,"url":"https:\/\/i0.wp.com\/quuttoys.com\/wp-content\/uploads\/2026\/02\/175858-Travel-game-Bingo-lotocolor-1.jpg?fit=1000%2C1000&ssl=1","type":"image\/jpeg"}],"twitter_card":"summary_large_image","schema":{"@context":"https:\/\/schema.org","@graph":[{"@type":"WebPage","@id":"https:\/\/quuttoys.com\/fr\/produit\/bingo-lotocolor\/","url":"https:\/\/quuttoys.com\/fr\/produit\/bingo-lotocolor\/","name":"Bingo\/Lotocolor - QUUT","isPartOf":{"@id":"https:\/\/quuttoys.com\/fr\/#website"},"primaryImageOfPage":{"@id":"https:\/\/quuttoys.com\/fr\/produit\/bingo-lotocolor\/#primaryimage"},"image":{"@id":"https:\/\/quuttoys.com\/fr\/produit\/bingo-lotocolor\/#primaryimage"},"thumbnailUrl":"https:\/\/i0.wp.com\/quuttoys.com\/wp-content\/uploads\/2026\/02\/175858-Travel-game-Bingo-lotocolor-1.jpg?fit=1000%2C1000&ssl=1","datePublished":"2026-02-09T15:41:13+00:00","dateModified":"2026-02-24T15:42:32+00:00","description":"Cette serviette de jeu pr\u00e9sente un design unique et deux c\u00f4t\u00e9s. \u00c0 l\u2019avant, il y a un jeu, et \u00e0 l\u2019arri\u00e8re, vous trouverez un motif graphique.","breadcrumb":{"@id":"https:\/\/quuttoys.com\/fr\/produit\/bingo-lotocolor\/#breadcrumb"},"inLanguage":"fr-FR","potentialAction":[{"@type":"ReadAction","target":["https:\/\/quuttoys.com\/fr\/produit\/bingo-lotocolor\/"]}]},{"@type":"ImageObject","inLanguage":"fr-FR","@id":"https:\/\/quuttoys.com\/fr\/produit\/bingo-lotocolor\/#primaryimage","url":"https:\/\/i0.wp.com\/quuttoys.com\/wp-content\/uploads\/2026\/02\/175858-Travel-game-Bingo-lotocolor-1.jpg?fit=1000%2C1000&ssl=1","contentUrl":"https:\/\/i0.wp.com\/quuttoys.com\/wp-content\/uploads\/2026\/02\/175858-Travel-game-Bingo-lotocolor-1.jpg?fit=1000%2C1000&ssl=1","width":1000,"height":1000},{"@type":"BreadcrumbList","@id":"https:\/\/quuttoys.com\/fr\/produit\/bingo-lotocolor\/#breadcrumb","itemListElement":[{"@type":"ListItem","position":1,"name":"Home","item":"https:\/\/quuttoys.com\/fr\/"},{"@type":"ListItem","position":2,"name":"All products","item":"https:\/\/quuttoys.com\/all-products\/"},{"@type":"ListItem","position":3,"name":"Bingo\/Lotocolor"}]},{"@type":"WebSite","@id":"https:\/\/quuttoys.com\/fr\/#website","url":"https:\/\/quuttoys.com\/fr\/","name":"QUUT","description":"Quality toys quality time - Anywhere anytime","potentialAction":[{"@type":"SearchAction","target":{"@type":"EntryPoint","urlTemplate":"https:\/\/quuttoys.com\/fr\/?s={search_term_string}"},"query-input":{"@type":"PropertyValueSpecification","valueRequired":true,"valueName":"search_term_string"}}],"inLanguage":"fr-FR"}]}},"jetpack_publicize_connections":[],"jetpack_likes_enabled":true,"jetpack_sharing_enabled":true,"amp_enabled":true,"_links":{"self":[{"href":"https:\/\/quuttoys.com\/fr\/wp-json\/wp\/v2\/product\/60293","targetHints":{"allow":["GET"]}}],"collection":[{"href":"https:\/\/quuttoys.com\/fr\/wp-json\/wp\/v2\/product"}],"about":[{"href":"https:\/\/quuttoys.com\/fr\/wp-json\/wp\/v2\/types\/product"}],"wp:featuredmedia":[{"embeddable":true,"href":"https:\/\/quuttoys.com\/fr\/wp-json\/wp\/v2\/media\/59847"}],"wp:attachment":[{"href":"https:\/\/quuttoys.com\/fr\/wp-json\/wp\/v2\/media?parent=60293"}],"wp:term":[{"taxonomy":"product_brand","embeddable":true,"href":"https:\/\/quuttoys.com\/fr\/wp-json\/wp\/v2\/product_brand?post=60293"},{"taxonomy":"product_cat","embeddable":true,"href":"https:\/\/quuttoys.com\/fr\/wp-json\/wp\/v2\/product_cat?post=60293"},{"taxonomy":"product_tag","embeddable":true,"href":"https:\/\/quuttoys.com\/fr\/wp-json\/wp\/v2\/product_tag?post=60293"}],"curies":[{"name":"wp","href":"https:\/\/api.w.org\/{rel}","templated":true}]}}