{"id":60307,"date":"2026-02-10T15:43:08","date_gmt":"2026-02-10T14:43:08","guid":{"rendered":"https:\/\/quuttoys.com\/product\/coquillage\/"},"modified":"2026-03-04T12:18:51","modified_gmt":"2026-03-04T11:18:51","slug":"coquillage","status":"publish","type":"product","link":"https:\/\/quuttoys.com\/fr\/produit\/coquillage\/","title":{"rendered":"Coquillage"},"content":{"rendered":"<ul style=\"font-weight: 400;\">\n<li>Dimensions : 100 x 100 cm<\/li>\n<li>Poids : 540 g<\/li>\n<li>Mat\u00e9riau : Vinyle \u00e9pais, durable et non toxique<\/li>\n<li>Pour une utilisation dans l\u2019eau (supervision adulte requise)<\/li>\n<li>Il est livr\u00e9 avec un patch de r\u00e9paration<\/li>\n<\/ul>\n","protected":false},"excerpt":{"rendered":"<p style=\"font-weight: 400;\"><strong>Flottez vers la magie de l\u2019\u00e9t\u00e9.<\/strong><\/p>\n<p style=\"font-weight: 400;\">Le Seashell Float apporte une ambiance de plage de r\u00eave \u00e0 chaque s\u00e9ance de splash. Avec son aspect pastel doux et ses d\u00e9tails transparents de fen\u00eatres, il ajoute une touche de magie aux aventures de piscine et de mer.<\/p>\n<p style=\"font-weight: 400;\">Fabriqu\u00e9 en vinyle \u00e9pais, durable et non toxique, il est con\u00e7u pour flotter sans souci, se d\u00e9tendre et jouer tout l\u2019\u00e9t\u00e9.<\/p>\n<p style=\"font-weight: 400;\"><strong>Pourquoi les familles l\u2019aiment :<\/strong><\/p>\n[fusion_checklist icon=\"ok\" iconcolor=\"#aaaaaa\" circle=\"no\"]<\/p>\n<ul>\n<li>\u00c9l\u00e9gante conception de coquillages<\/li>\n<li>Fen\u00eatre transparente transparente<\/li>\n<li>Vinyle \u00e9pais et durable, non toxique<\/li>\n<li>Parfait pour la piscine et la plage<\/li>\n<li>L\u00e9ger et facile \u00e0 gonfler<\/li>\n<\/ul>\n<div class=\"ewa-rteLine\"><\/div>\n<p>[\/fusion_checklist]\n","protected":false},"featured_media":60012,"template":"","meta":{"_coblocks_attr":"","_coblocks_dimensions":"","_coblocks_responsive_height":"","_coblocks_accordion_ie_support":"","_crdt_document":"","jetpack_post_was_ever_published":false,"jetpack_publicize_message":"","jetpack_publicize_feature_enabled":true,"jetpack_social_post_already_shared":true,"jetpack_social_options":{"image_generator_settings":{"template":"highway","default_image_id":0,"font":"","enabled":false},"version":2},"_wpas_customize_per_network":false},"product_brand":[],"product_cat":[20993,20264],"product_tag":[],"class_list":{"0":"post-60307","1":"product","2":"type-product","3":"status-publish","4":"has-post-thumbnail","6":"product_cat-flotteurs","7":"product_cat-plage","9":"first","10":"instock","11":"shipping-taxable","12":"product-type-simple"},"yoast_head":"<!-- This site is optimized with the Yoast SEO plugin v27.3 - https:\/\/yoast.com\/product\/yoast-seo-wordpress\/ -->\n<title>Coquillage - QUUT<\/title>\n<meta name=\"description\" content=\"Cheval de bataille ou nouille d\u2019eau : tout est possible avec nos nouveaux amis gonflables. Laissez libre cours \u00e0 l\u2019imagination de votre enfant !\" \/>\n<meta name=\"robots\" content=\"index, follow, max-snippet:-1, max-image-preview:large, max-video-preview:-1\" \/>\n<link rel=\"canonical\" href=\"https:\/\/quuttoys.com\/fr\/produit\/coquillage\/\" \/>\n<meta property=\"og:locale\" content=\"fr_FR\" \/>\n<meta property=\"og:type\" content=\"article\" \/>\n<meta property=\"og:title\" content=\"Coquillage - QUUT\" \/>\n<meta property=\"og:description\" content=\"Cheval de bataille ou nouille d\u2019eau : tout est possible avec nos nouveaux amis gonflables. Laissez libre cours \u00e0 l\u2019imagination de votre enfant !\" \/>\n<meta property=\"og:url\" content=\"https:\/\/quuttoys.com\/fr\/produit\/coquillage\/\" \/>\n<meta property=\"og:site_name\" content=\"QUUT\" \/>\n<meta property=\"article:modified_time\" content=\"2026-03-04T11:18:51+00:00\" \/>\n<meta property=\"og:image\" content=\"https:\/\/quuttoys.com\/wp-content\/uploads\/2026\/02\/Seashell-float-1-scaled.jpg\" \/>\n\t<meta property=\"og:image:width\" content=\"2560\" \/>\n\t<meta property=\"og:image:height\" content=\"2560\" \/>\n\t<meta property=\"og:image:type\" content=\"image\/jpeg\" \/>\n<meta name=\"twitter:card\" content=\"summary_large_image\" \/>\n<meta name=\"twitter:label1\" content=\"Dur\u00e9e de lecture estim\u00e9e\" \/>\n\t<meta name=\"twitter:data1\" content=\"1 minute\" \/>\n<script type=\"application\/ld+json\" class=\"yoast-schema-graph\">{\"@context\":\"https:\\\/\\\/schema.org\",\"@graph\":[{\"@type\":\"WebPage\",\"@id\":\"https:\\\/\\\/quuttoys.com\\\/fr\\\/produit\\\/coquillage\\\/\",\"url\":\"https:\\\/\\\/quuttoys.com\\\/fr\\\/produit\\\/coquillage\\\/\",\"name\":\"Coquillage - QUUT\",\"isPartOf\":{\"@id\":\"https:\\\/\\\/quuttoys.com\\\/fr\\\/#website\"},\"primaryImageOfPage\":{\"@id\":\"https:\\\/\\\/quuttoys.com\\\/fr\\\/produit\\\/coquillage\\\/#primaryimage\"},\"image\":{\"@id\":\"https:\\\/\\\/quuttoys.com\\\/fr\\\/produit\\\/coquillage\\\/#primaryimage\"},\"thumbnailUrl\":\"https:\\\/\\\/i0.wp.com\\\/quuttoys.com\\\/wp-content\\\/uploads\\\/2026\\\/02\\\/Seashell-float-1-scaled.jpg?fit=2560%2C2560&ssl=1\",\"datePublished\":\"2026-02-10T14:43:08+00:00\",\"dateModified\":\"2026-03-04T11:18:51+00:00\",\"description\":\"Cheval de bataille ou nouille d\u2019eau : tout est possible avec nos nouveaux amis gonflables. Laissez libre cours \u00e0 l\u2019imagination de votre enfant !\",\"breadcrumb\":{\"@id\":\"https:\\\/\\\/quuttoys.com\\\/fr\\\/produit\\\/coquillage\\\/#breadcrumb\"},\"inLanguage\":\"fr-FR\",\"potentialAction\":[{\"@type\":\"ReadAction\",\"target\":[\"https:\\\/\\\/quuttoys.com\\\/fr\\\/produit\\\/coquillage\\\/\"]}]},{\"@type\":\"ImageObject\",\"inLanguage\":\"fr-FR\",\"@id\":\"https:\\\/\\\/quuttoys.com\\\/fr\\\/produit\\\/coquillage\\\/#primaryimage\",\"url\":\"https:\\\/\\\/i0.wp.com\\\/quuttoys.com\\\/wp-content\\\/uploads\\\/2026\\\/02\\\/Seashell-float-1-scaled.jpg?fit=2560%2C2560&ssl=1\",\"contentUrl\":\"https:\\\/\\\/i0.wp.com\\\/quuttoys.com\\\/wp-content\\\/uploads\\\/2026\\\/02\\\/Seashell-float-1-scaled.jpg?fit=2560%2C2560&ssl=1\",\"width\":2560,\"height\":2560},{\"@type\":\"BreadcrumbList\",\"@id\":\"https:\\\/\\\/quuttoys.com\\\/fr\\\/produit\\\/coquillage\\\/#breadcrumb\",\"itemListElement\":[{\"@type\":\"ListItem\",\"position\":1,\"name\":\"Home\",\"item\":\"https:\\\/\\\/quuttoys.com\\\/fr\\\/\"},{\"@type\":\"ListItem\",\"position\":2,\"name\":\"All products\",\"item\":\"https:\\\/\\\/quuttoys.com\\\/all-products\\\/\"},{\"@type\":\"ListItem\",\"position\":3,\"name\":\"Coquillage\"}]},{\"@type\":\"WebSite\",\"@id\":\"https:\\\/\\\/quuttoys.com\\\/fr\\\/#website\",\"url\":\"https:\\\/\\\/quuttoys.com\\\/fr\\\/\",\"name\":\"QUUT\",\"description\":\"Quality toys quality time - Anywhere anytime\",\"potentialAction\":[{\"@type\":\"SearchAction\",\"target\":{\"@type\":\"EntryPoint\",\"urlTemplate\":\"https:\\\/\\\/quuttoys.com\\\/fr\\\/?s={search_term_string}\"},\"query-input\":{\"@type\":\"PropertyValueSpecification\",\"valueRequired\":true,\"valueName\":\"search_term_string\"}}],\"inLanguage\":\"fr-FR\"}]}<\/script>\n<!-- \/ Yoast SEO plugin. -->","yoast_head_json":{"title":"Coquillage - QUUT","description":"Cheval de bataille ou nouille d\u2019eau : tout est possible avec nos nouveaux amis gonflables. Laissez libre cours \u00e0 l\u2019imagination de votre enfant !","robots":{"index":"index","follow":"follow","max-snippet":"max-snippet:-1","max-image-preview":"max-image-preview:large","max-video-preview":"max-video-preview:-1"},"canonical":"https:\/\/quuttoys.com\/fr\/produit\/coquillage\/","og_locale":"fr_FR","og_type":"article","og_title":"Coquillage - QUUT","og_description":"Cheval de bataille ou nouille d\u2019eau : tout est possible avec nos nouveaux amis gonflables. Laissez libre cours \u00e0 l\u2019imagination de votre enfant !","og_url":"https:\/\/quuttoys.com\/fr\/produit\/coquillage\/","og_site_name":"QUUT","article_modified_time":"2026-03-04T11:18:51+00:00","og_image":[{"width":2560,"height":2560,"url":"https:\/\/quuttoys.com\/wp-content\/uploads\/2026\/02\/Seashell-float-1-scaled.jpg","type":"image\/jpeg"}],"twitter_card":"summary_large_image","twitter_misc":{"Dur\u00e9e de lecture estim\u00e9e":"1 minute"},"schema":{"@context":"https:\/\/schema.org","@graph":[{"@type":"WebPage","@id":"https:\/\/quuttoys.com\/fr\/produit\/coquillage\/","url":"https:\/\/quuttoys.com\/fr\/produit\/coquillage\/","name":"Coquillage - QUUT","isPartOf":{"@id":"https:\/\/quuttoys.com\/fr\/#website"},"primaryImageOfPage":{"@id":"https:\/\/quuttoys.com\/fr\/produit\/coquillage\/#primaryimage"},"image":{"@id":"https:\/\/quuttoys.com\/fr\/produit\/coquillage\/#primaryimage"},"thumbnailUrl":"https:\/\/i0.wp.com\/quuttoys.com\/wp-content\/uploads\/2026\/02\/Seashell-float-1-scaled.jpg?fit=2560%2C2560&ssl=1","datePublished":"2026-02-10T14:43:08+00:00","dateModified":"2026-03-04T11:18:51+00:00","description":"Cheval de bataille ou nouille d\u2019eau : tout est possible avec nos nouveaux amis gonflables. Laissez libre cours \u00e0 l\u2019imagination de votre enfant !","breadcrumb":{"@id":"https:\/\/quuttoys.com\/fr\/produit\/coquillage\/#breadcrumb"},"inLanguage":"fr-FR","potentialAction":[{"@type":"ReadAction","target":["https:\/\/quuttoys.com\/fr\/produit\/coquillage\/"]}]},{"@type":"ImageObject","inLanguage":"fr-FR","@id":"https:\/\/quuttoys.com\/fr\/produit\/coquillage\/#primaryimage","url":"https:\/\/i0.wp.com\/quuttoys.com\/wp-content\/uploads\/2026\/02\/Seashell-float-1-scaled.jpg?fit=2560%2C2560&ssl=1","contentUrl":"https:\/\/i0.wp.com\/quuttoys.com\/wp-content\/uploads\/2026\/02\/Seashell-float-1-scaled.jpg?fit=2560%2C2560&ssl=1","width":2560,"height":2560},{"@type":"BreadcrumbList","@id":"https:\/\/quuttoys.com\/fr\/produit\/coquillage\/#breadcrumb","itemListElement":[{"@type":"ListItem","position":1,"name":"Home","item":"https:\/\/quuttoys.com\/fr\/"},{"@type":"ListItem","position":2,"name":"All products","item":"https:\/\/quuttoys.com\/all-products\/"},{"@type":"ListItem","position":3,"name":"Coquillage"}]},{"@type":"WebSite","@id":"https:\/\/quuttoys.com\/fr\/#website","url":"https:\/\/quuttoys.com\/fr\/","name":"QUUT","description":"Quality toys quality time - Anywhere anytime","potentialAction":[{"@type":"SearchAction","target":{"@type":"EntryPoint","urlTemplate":"https:\/\/quuttoys.com\/fr\/?s={search_term_string}"},"query-input":{"@type":"PropertyValueSpecification","valueRequired":true,"valueName":"search_term_string"}}],"inLanguage":"fr-FR"}]}},"jetpack_publicize_connections":[],"jetpack_likes_enabled":true,"jetpack_sharing_enabled":true,"amp_enabled":true,"_links":{"self":[{"href":"https:\/\/quuttoys.com\/fr\/wp-json\/wp\/v2\/product\/60307","targetHints":{"allow":["GET"]}}],"collection":[{"href":"https:\/\/quuttoys.com\/fr\/wp-json\/wp\/v2\/product"}],"about":[{"href":"https:\/\/quuttoys.com\/fr\/wp-json\/wp\/v2\/types\/product"}],"wp:featuredmedia":[{"embeddable":true,"href":"https:\/\/quuttoys.com\/fr\/wp-json\/wp\/v2\/media\/60012"}],"wp:attachment":[{"href":"https:\/\/quuttoys.com\/fr\/wp-json\/wp\/v2\/media?parent=60307"}],"wp:term":[{"taxonomy":"product_brand","embeddable":true,"href":"https:\/\/quuttoys.com\/fr\/wp-json\/wp\/v2\/product_brand?post=60307"},{"taxonomy":"product_cat","embeddable":true,"href":"https:\/\/quuttoys.com\/fr\/wp-json\/wp\/v2\/product_cat?post=60307"},{"taxonomy":"product_tag","embeddable":true,"href":"https:\/\/quuttoys.com\/fr\/wp-json\/wp\/v2\/product_tag?post=60307"}],"curies":[{"name":"wp","href":"https:\/\/api.w.org\/{rel}","templated":true}]}}