{"id":60332,"date":"2026-02-10T16:05:24","date_gmt":"2026-02-10T15:05:24","guid":{"rendered":"https:\/\/quuttoys.com\/product\/route-oceanique-petite\/"},"modified":"2026-03-04T11:21:52","modified_gmt":"2026-03-04T10:21:52","slug":"route-oceanique-petite","status":"publish","type":"product","link":"https:\/\/quuttoys.com\/fr\/produit\/route-oceanique-petite\/","title":{"rendered":"Route Oc\u00e9anique Petite"},"content":{"rendered":"<p>Couleur : Ocean Road<\/p>\n<p>Taille : 80 x 20 cm | 31,5 x 8 pouces<br \/>\nPoids : \u00b1 120 gr | 0,2 livre<br \/>\nMat\u00e9riau : Vinyle durable<\/p>\n<p>Volume d\u2019eau approximatif une fois gonfl\u00e9 : 35 litres (50 % rempli)<\/p>\n<p>Disponible aussi dans d\u2019autres couleurs<br \/>\n. Le saviez-vous ?<\/p>\n<p><em>Tous les produits sont garantis sans BPA, phtalates ni latex et sont \u00e9videmment 100% recyclables. Quut croit que cr\u00e9er<br \/>\nune histoire d\u2019amour avec son jouet pr\u00e9f\u00e9r\u00e9 signifie que ce jouet durera toute une vie. Il peut m\u00eame \u00eatre transmis \u00e0<br \/>\nla g\u00e9n\u00e9ration suivante.  La durabilit\u00e9 au niveau sup\u00e9rieur!<\/em><\/p>\n","protected":false},"excerpt":{"rendered":"<div>Transformez votre jardin ou votre terrasse en une oasis pleine de plaisir (pour toute la famille) avec Quut Dippy. Ses couleurs \u00e9l\u00e9gantes et ses imprim\u00e9s rappellent les journ\u00e9es paresseuses au bord de la piscine dans un paradis tropical. Gr\u00e2ce aux graphismes saisissants de la vie aquatique au fond de la piscine, on peut imaginer explorer les profondeurs de l\u2019oc\u00e9an.  <\/div>\n<div><\/div>\n<div>Remplissez la piscine d\u2019eau pour un vrai \u00e9claboussement, \u00e9claboussures et rafra\u00eechissement lors des chaudes journ\u00e9es d\u2019\u00e9t\u00e9. Que vous planifiiez une rencontre de jeu, un s\u00e9jour chez vous ou un week-end douillet en famille, la piscine Quut transformera votre jardin en la retraite familiale estivale ultime. <\/div>\n[fusion_checklist icon=\"ok\" iconcolor=\"#aaaaaa\" circle=\"no\"]<\/p>\n<ul>\n<li>\n<div>Vinyle durable<\/div>\n<\/li>\n<li>\n<div>Soupapes faciles<\/div>\n<\/li>\n<li>\n<div>Diepzee fanatasie<\/div>\n<\/li>\n<li>\n<div>Non toxique, exempt de phtalates et autres substances nocives<\/div>\n<\/li>\n<li>\n<div>100 % recyclable<\/div>\n<\/li>\n<\/ul>\n<p>[\/fusion_checklist]\n","protected":false},"featured_media":60064,"template":"","meta":{"_coblocks_attr":"","_coblocks_dimensions":"","_coblocks_responsive_height":"","_coblocks_accordion_ie_support":"","_crdt_document":"","jetpack_post_was_ever_published":false,"jetpack_publicize_message":"","jetpack_publicize_feature_enabled":true,"jetpack_social_post_already_shared":true,"jetpack_social_options":{"image_generator_settings":{"template":"highway","default_image_id":0,"font":"","enabled":false},"version":2},"_wpas_customize_per_network":false},"product_brand":[],"product_cat":[20594,20585,20263,20264],"product_tag":[],"class_list":{"0":"post-60332","1":"product","2":"type-product","3":"status-publish","4":"has-post-thumbnail","6":"product_cat-dippy-fr","7":"product_cat-garden-green-fr","8":"product_cat-outdoor-fr","9":"product_cat-plage","11":"first","12":"instock","13":"shipping-taxable","14":"product-type-simple"},"yoast_head":"<!-- This site is optimized with the Yoast SEO plugin v27.3 - https:\/\/yoast.com\/product\/yoast-seo-wordpress\/ -->\n<title>Route Oc\u00e9anique Petite - QUUT<\/title>\n<meta name=\"description\" content=\"Transformez votre jardin ou votre terrasse en une oasis pleine de plaisir (pour toute la famille) avec Quut Dippy. Ses couleurs \u00e9l\u00e9gantes et ses imprim\u00e9s rappellent les journ\u00e9es paresseuses au bord de la piscine dans un paradis tropical. Gr\u00e2ce aux graphismes saisissants de la vie aquatique au fond de la piscine, on peut imaginer explorer les profondeurs de l\u2019oc\u00e9an.\" \/>\n<meta name=\"robots\" content=\"index, follow, max-snippet:-1, max-image-preview:large, max-video-preview:-1\" \/>\n<link rel=\"canonical\" href=\"https:\/\/quuttoys.com\/fr\/produit\/route-oceanique-petite\/\" \/>\n<meta property=\"og:locale\" content=\"fr_FR\" \/>\n<meta property=\"og:type\" content=\"article\" \/>\n<meta property=\"og:title\" content=\"Route Oc\u00e9anique Petite - QUUT\" \/>\n<meta property=\"og:description\" content=\"Transformez votre jardin ou votre terrasse en une oasis pleine de plaisir (pour toute la famille) avec Quut Dippy. Ses couleurs \u00e9l\u00e9gantes et ses imprim\u00e9s rappellent les journ\u00e9es paresseuses au bord de la piscine dans un paradis tropical. Gr\u00e2ce aux graphismes saisissants de la vie aquatique au fond de la piscine, on peut imaginer explorer les profondeurs de l\u2019oc\u00e9an.\" \/>\n<meta property=\"og:url\" content=\"https:\/\/quuttoys.com\/fr\/produit\/route-oceanique-petite\/\" \/>\n<meta property=\"og:site_name\" content=\"QUUT\" \/>\n<meta property=\"article:modified_time\" content=\"2026-03-04T10:21:52+00:00\" \/>\n<meta property=\"og:image\" content=\"https:\/\/i0.wp.com\/quuttoys.com\/wp-content\/uploads\/2026\/02\/175735-Dippy-80cm-Ocean-road-1.jpg?fit=1129%2C1130&ssl=1\" \/>\n\t<meta property=\"og:image:width\" content=\"1129\" \/>\n\t<meta property=\"og:image:height\" content=\"1130\" \/>\n\t<meta property=\"og:image:type\" content=\"image\/jpeg\" \/>\n<meta name=\"twitter:card\" content=\"summary_large_image\" \/>\n<script type=\"application\/ld+json\" class=\"yoast-schema-graph\">{\"@context\":\"https:\\\/\\\/schema.org\",\"@graph\":[{\"@type\":\"WebPage\",\"@id\":\"https:\\\/\\\/quuttoys.com\\\/fr\\\/produit\\\/route-oceanique-petite\\\/\",\"url\":\"https:\\\/\\\/quuttoys.com\\\/fr\\\/produit\\\/route-oceanique-petite\\\/\",\"name\":\"Route Oc\u00e9anique Petite - QUUT\",\"isPartOf\":{\"@id\":\"https:\\\/\\\/quuttoys.com\\\/fr\\\/#website\"},\"primaryImageOfPage\":{\"@id\":\"https:\\\/\\\/quuttoys.com\\\/fr\\\/produit\\\/route-oceanique-petite\\\/#primaryimage\"},\"image\":{\"@id\":\"https:\\\/\\\/quuttoys.com\\\/fr\\\/produit\\\/route-oceanique-petite\\\/#primaryimage\"},\"thumbnailUrl\":\"https:\\\/\\\/i0.wp.com\\\/quuttoys.com\\\/wp-content\\\/uploads\\\/2026\\\/02\\\/175735-Dippy-80cm-Ocean-road-1.jpg?fit=1129%2C1130&ssl=1\",\"datePublished\":\"2026-02-10T15:05:24+00:00\",\"dateModified\":\"2026-03-04T10:21:52+00:00\",\"description\":\"Transformez votre jardin ou votre terrasse en une oasis pleine de plaisir (pour toute la famille) avec Quut Dippy. Ses couleurs \u00e9l\u00e9gantes et ses imprim\u00e9s rappellent les journ\u00e9es paresseuses au bord de la piscine dans un paradis tropical. Gr\u00e2ce aux graphismes saisissants de la vie aquatique au fond de la piscine, on peut imaginer explorer les profondeurs de l\u2019oc\u00e9an.\",\"breadcrumb\":{\"@id\":\"https:\\\/\\\/quuttoys.com\\\/fr\\\/produit\\\/route-oceanique-petite\\\/#breadcrumb\"},\"inLanguage\":\"fr-FR\",\"potentialAction\":[{\"@type\":\"ReadAction\",\"target\":[\"https:\\\/\\\/quuttoys.com\\\/fr\\\/produit\\\/route-oceanique-petite\\\/\"]}]},{\"@type\":\"ImageObject\",\"inLanguage\":\"fr-FR\",\"@id\":\"https:\\\/\\\/quuttoys.com\\\/fr\\\/produit\\\/route-oceanique-petite\\\/#primaryimage\",\"url\":\"https:\\\/\\\/i0.wp.com\\\/quuttoys.com\\\/wp-content\\\/uploads\\\/2026\\\/02\\\/175735-Dippy-80cm-Ocean-road-1.jpg?fit=1129%2C1130&ssl=1\",\"contentUrl\":\"https:\\\/\\\/i0.wp.com\\\/quuttoys.com\\\/wp-content\\\/uploads\\\/2026\\\/02\\\/175735-Dippy-80cm-Ocean-road-1.jpg?fit=1129%2C1130&ssl=1\",\"width\":1129,\"height\":1130},{\"@type\":\"BreadcrumbList\",\"@id\":\"https:\\\/\\\/quuttoys.com\\\/fr\\\/produit\\\/route-oceanique-petite\\\/#breadcrumb\",\"itemListElement\":[{\"@type\":\"ListItem\",\"position\":1,\"name\":\"Home\",\"item\":\"https:\\\/\\\/quuttoys.com\\\/fr\\\/\"},{\"@type\":\"ListItem\",\"position\":2,\"name\":\"All products\",\"item\":\"https:\\\/\\\/quuttoys.com\\\/all-products\\\/\"},{\"@type\":\"ListItem\",\"position\":3,\"name\":\"Route Oc\u00e9anique Petite\"}]},{\"@type\":\"WebSite\",\"@id\":\"https:\\\/\\\/quuttoys.com\\\/fr\\\/#website\",\"url\":\"https:\\\/\\\/quuttoys.com\\\/fr\\\/\",\"name\":\"QUUT\",\"description\":\"Quality toys quality time - Anywhere anytime\",\"potentialAction\":[{\"@type\":\"SearchAction\",\"target\":{\"@type\":\"EntryPoint\",\"urlTemplate\":\"https:\\\/\\\/quuttoys.com\\\/fr\\\/?s={search_term_string}\"},\"query-input\":{\"@type\":\"PropertyValueSpecification\",\"valueRequired\":true,\"valueName\":\"search_term_string\"}}],\"inLanguage\":\"fr-FR\"}]}<\/script>\n<!-- \/ Yoast SEO plugin. -->","yoast_head_json":{"title":"Route Oc\u00e9anique Petite - QUUT","description":"Transformez votre jardin ou votre terrasse en une oasis pleine de plaisir (pour toute la famille) avec Quut Dippy. Ses couleurs \u00e9l\u00e9gantes et ses imprim\u00e9s rappellent les journ\u00e9es paresseuses au bord de la piscine dans un paradis tropical. Gr\u00e2ce aux graphismes saisissants de la vie aquatique au fond de la piscine, on peut imaginer explorer les profondeurs de l\u2019oc\u00e9an.","robots":{"index":"index","follow":"follow","max-snippet":"max-snippet:-1","max-image-preview":"max-image-preview:large","max-video-preview":"max-video-preview:-1"},"canonical":"https:\/\/quuttoys.com\/fr\/produit\/route-oceanique-petite\/","og_locale":"fr_FR","og_type":"article","og_title":"Route Oc\u00e9anique Petite - QUUT","og_description":"Transformez votre jardin ou votre terrasse en une oasis pleine de plaisir (pour toute la famille) avec Quut Dippy. Ses couleurs \u00e9l\u00e9gantes et ses imprim\u00e9s rappellent les journ\u00e9es paresseuses au bord de la piscine dans un paradis tropical. Gr\u00e2ce aux graphismes saisissants de la vie aquatique au fond de la piscine, on peut imaginer explorer les profondeurs de l\u2019oc\u00e9an.","og_url":"https:\/\/quuttoys.com\/fr\/produit\/route-oceanique-petite\/","og_site_name":"QUUT","article_modified_time":"2026-03-04T10:21:52+00:00","og_image":[{"width":1129,"height":1130,"url":"https:\/\/i0.wp.com\/quuttoys.com\/wp-content\/uploads\/2026\/02\/175735-Dippy-80cm-Ocean-road-1.jpg?fit=1129%2C1130&ssl=1","type":"image\/jpeg"}],"twitter_card":"summary_large_image","schema":{"@context":"https:\/\/schema.org","@graph":[{"@type":"WebPage","@id":"https:\/\/quuttoys.com\/fr\/produit\/route-oceanique-petite\/","url":"https:\/\/quuttoys.com\/fr\/produit\/route-oceanique-petite\/","name":"Route Oc\u00e9anique Petite - QUUT","isPartOf":{"@id":"https:\/\/quuttoys.com\/fr\/#website"},"primaryImageOfPage":{"@id":"https:\/\/quuttoys.com\/fr\/produit\/route-oceanique-petite\/#primaryimage"},"image":{"@id":"https:\/\/quuttoys.com\/fr\/produit\/route-oceanique-petite\/#primaryimage"},"thumbnailUrl":"https:\/\/i0.wp.com\/quuttoys.com\/wp-content\/uploads\/2026\/02\/175735-Dippy-80cm-Ocean-road-1.jpg?fit=1129%2C1130&ssl=1","datePublished":"2026-02-10T15:05:24+00:00","dateModified":"2026-03-04T10:21:52+00:00","description":"Transformez votre jardin ou votre terrasse en une oasis pleine de plaisir (pour toute la famille) avec Quut Dippy. Ses couleurs \u00e9l\u00e9gantes et ses imprim\u00e9s rappellent les journ\u00e9es paresseuses au bord de la piscine dans un paradis tropical. Gr\u00e2ce aux graphismes saisissants de la vie aquatique au fond de la piscine, on peut imaginer explorer les profondeurs de l\u2019oc\u00e9an.","breadcrumb":{"@id":"https:\/\/quuttoys.com\/fr\/produit\/route-oceanique-petite\/#breadcrumb"},"inLanguage":"fr-FR","potentialAction":[{"@type":"ReadAction","target":["https:\/\/quuttoys.com\/fr\/produit\/route-oceanique-petite\/"]}]},{"@type":"ImageObject","inLanguage":"fr-FR","@id":"https:\/\/quuttoys.com\/fr\/produit\/route-oceanique-petite\/#primaryimage","url":"https:\/\/i0.wp.com\/quuttoys.com\/wp-content\/uploads\/2026\/02\/175735-Dippy-80cm-Ocean-road-1.jpg?fit=1129%2C1130&ssl=1","contentUrl":"https:\/\/i0.wp.com\/quuttoys.com\/wp-content\/uploads\/2026\/02\/175735-Dippy-80cm-Ocean-road-1.jpg?fit=1129%2C1130&ssl=1","width":1129,"height":1130},{"@type":"BreadcrumbList","@id":"https:\/\/quuttoys.com\/fr\/produit\/route-oceanique-petite\/#breadcrumb","itemListElement":[{"@type":"ListItem","position":1,"name":"Home","item":"https:\/\/quuttoys.com\/fr\/"},{"@type":"ListItem","position":2,"name":"All products","item":"https:\/\/quuttoys.com\/all-products\/"},{"@type":"ListItem","position":3,"name":"Route Oc\u00e9anique Petite"}]},{"@type":"WebSite","@id":"https:\/\/quuttoys.com\/fr\/#website","url":"https:\/\/quuttoys.com\/fr\/","name":"QUUT","description":"Quality toys quality time - Anywhere anytime","potentialAction":[{"@type":"SearchAction","target":{"@type":"EntryPoint","urlTemplate":"https:\/\/quuttoys.com\/fr\/?s={search_term_string}"},"query-input":{"@type":"PropertyValueSpecification","valueRequired":true,"valueName":"search_term_string"}}],"inLanguage":"fr-FR"}]}},"jetpack_publicize_connections":[],"jetpack_likes_enabled":true,"jetpack_sharing_enabled":true,"amp_enabled":true,"_links":{"self":[{"href":"https:\/\/quuttoys.com\/fr\/wp-json\/wp\/v2\/product\/60332","targetHints":{"allow":["GET"]}}],"collection":[{"href":"https:\/\/quuttoys.com\/fr\/wp-json\/wp\/v2\/product"}],"about":[{"href":"https:\/\/quuttoys.com\/fr\/wp-json\/wp\/v2\/types\/product"}],"wp:featuredmedia":[{"embeddable":true,"href":"https:\/\/quuttoys.com\/fr\/wp-json\/wp\/v2\/media\/60064"}],"wp:attachment":[{"href":"https:\/\/quuttoys.com\/fr\/wp-json\/wp\/v2\/media?parent=60332"}],"wp:term":[{"taxonomy":"product_brand","embeddable":true,"href":"https:\/\/quuttoys.com\/fr\/wp-json\/wp\/v2\/product_brand?post=60332"},{"taxonomy":"product_cat","embeddable":true,"href":"https:\/\/quuttoys.com\/fr\/wp-json\/wp\/v2\/product_cat?post=60332"},{"taxonomy":"product_tag","embeddable":true,"href":"https:\/\/quuttoys.com\/fr\/wp-json\/wp\/v2\/product_tag?post=60332"}],"curies":[{"name":"wp","href":"https:\/\/api.w.org\/{rel}","templated":true}]}}