{"id":60351,"date":"2026-02-09T14:24:52","date_gmt":"2026-02-09T13:24:52","guid":{"rendered":"https:\/\/quuttoys.com\/product\/hoppi-bunny\/"},"modified":"2026-03-04T13:58:06","modified_gmt":"2026-03-04T12:58:06","slug":"hoppi-bunny","status":"publish","type":"product","link":"https:\/\/quuttoys.com\/fr\/produit\/hoppi-bunny\/","title":{"rendered":"Hoppi Bunny"},"content":{"rendered":"<p>Couleur : Gris<br \/>\nclair Taille : 50 x 56 cm | 20 x 22 pouces<br \/>\nMat\u00e9riau : Vinyle \u00e9pais et durable<\/p>\n<p>\u00c9galement disponible dans d\u2019autres couleurs :<br \/>\n Bordeaux, Bleu clair<\/p>\n<p>\u00c0 utiliser sous la supervision d\u2019un adulte, d\u00e9veloppez progressivement des comp\u00e9tences de rebond pour \u00e9viter les chutes,<br \/>\n et \u00e9vitez les sources de chaleur pour \u00e9viter les d\u00e9g\u00e2ts. \u00c9vitez les surfaces vernies ou peintes pour \u00e9viter toute d\u00e9coloration.<\/p>\n<p>&nbsp;<\/p>\n<h3 class=\"\" data-fontsize=\"16\" data-lineheight=\"30.08px\">Le saviez-vous?<\/h3>\n<p><em>Tous les produits sont sans BPA ni latex et sont bien s\u00fbr recyclables. Chez Quut nous sommes persuad\u00e9s que lorsque se cr\u00e9e une histoire d\u2019amour avec son jouet pr\u00e9f\u00e9r\u00e9 on le garde soigneusement. Et ainsi il sera transmis de g\u00e9n\u00e9ration en g\u00e9n\u00e9ration. La durabilit\u00e9 au niveau sup\u00e9rieur!<\/em><\/p>\n","protected":false},"excerpt":{"rendered":"<p>Ce lapin adorable est l\u00e0 pour rendre les moments de jeu encore plus amusants et excitants.<br \/>\nAvec son corps doux et color\u00e9, il est parfait pour que les petits enfants sautent partout et passent un excellent moment. Ce compagnon rebondissant aide aussi \u00e0 am\u00e9liorer la cr\u00e9ativit\u00e9, l\u2019\u00e9quilibre, la coordination et la force musculaire. Qu\u2019il joue \u00e0 l\u2019int\u00e9rieur ou \u00e0 l\u2019ext\u00e9rieur, ce lapin adorable sera le compagnon fid\u00e8le de votre petit.<\/p>\n[fusion_checklist icon=\"ok\" iconcolor=\"#aaaaaa\" circle=\"no\"]<\/p>\n<ul>\n<li><b>Vinyle \u00e9pais et durable<\/b><\/li>\n<li><b><\/b><b>Sans danger pour la peau de votre enfant<\/b><\/li>\n<li><b><\/b><b>Hauteur des si\u00e8ges 26 cm<\/b><\/li>\n<li><b><\/b><b>Poids maximal recommand\u00e9 : 50 kg (100 lbs)<\/b><\/li>\n<li><b><\/b><b>Rapide \u00e0 gonfler et \u00e0 d\u00e9gonfler<span class=\"Apple-converted-space\"> <\/span><\/b><\/li>\n<li><b><\/b><b>Transport et stockage faciles<\/b><\/li>\n<\/ul>\n<p>[\/fusion_checklist]\n","protected":false},"featured_media":59822,"template":"","meta":{"_coblocks_attr":"","_coblocks_dimensions":"","_coblocks_responsive_height":"","_coblocks_accordion_ie_support":"","_crdt_document":"","jetpack_publicize_message":"","jetpack_publicize_feature_enabled":true,"jetpack_social_post_already_shared":true,"jetpack_social_options":{"image_generator_settings":{"template":"highway","default_image_id":0,"font":"","enabled":false},"version":2},"_wpas_customize_per_network":false},"product_brand":[],"product_cat":[20934,20995],"product_tag":[],"class_list":{"0":"post-60351","1":"product","2":"type-product","3":"status-publish","4":"has-post-thumbnail","6":"product_cat-bunny-3","7":"product_cat-bunny","9":"first","10":"instock","11":"shipping-taxable","12":"product-type-simple"},"yoast_head":"<!-- This site is optimized with the Yoast SEO plugin v27.4 - https:\/\/yoast.com\/product\/yoast-seo-wordpress\/ -->\n<title>Hoppi Bunny - QUUT<\/title>\n<meta name=\"description\" content=\"Hoppi Bunny is een vrolijk springkonijntje dat spelen extra leuk maakt\u00a0! Met zijn zachte, kleurrijke lijfje is hij ideaal voor kleine kinderen.\" \/>\n<meta name=\"robots\" content=\"index, follow, max-snippet:-1, max-image-preview:large, max-video-preview:-1\" \/>\n<link rel=\"canonical\" href=\"https:\/\/quuttoys.com\/fr\/produit\/hoppi-bunny\/\" \/>\n<meta property=\"og:locale\" content=\"fr_FR\" \/>\n<meta property=\"og:type\" content=\"article\" \/>\n<meta property=\"og:title\" content=\"Hoppi Bunny - QUUT\" \/>\n<meta property=\"og:description\" content=\"Hoppi Bunny is een vrolijk springkonijntje dat spelen extra leuk maakt\u00a0! Met zijn zachte, kleurrijke lijfje is hij ideaal voor kleine kinderen.\" \/>\n<meta property=\"og:url\" content=\"https:\/\/quuttoys.com\/fr\/produit\/hoppi-bunny\/\" \/>\n<meta property=\"og:site_name\" content=\"QUUT\" \/>\n<meta property=\"article:modified_time\" content=\"2026-03-04T12:58:06+00:00\" \/>\n<meta property=\"og:image\" content=\"https:\/\/i0.wp.com\/quuttoys.com\/wp-content\/uploads\/2026\/02\/175285-Hoppi-Bunny-grey-1.jpg?fit=1279%2C1279&ssl=1\" \/>\n\t<meta property=\"og:image:width\" content=\"1279\" \/>\n\t<meta property=\"og:image:height\" content=\"1279\" \/>\n\t<meta property=\"og:image:type\" content=\"image\/jpeg\" \/>\n<meta name=\"twitter:card\" content=\"summary_large_image\" \/>\n<meta name=\"twitter:label1\" content=\"Dur\u00e9e de lecture estim\u00e9e\" \/>\n\t<meta name=\"twitter:data1\" content=\"1 minute\" \/>\n<script type=\"application\/ld+json\" class=\"yoast-schema-graph\">{\"@context\":\"https:\\\/\\\/schema.org\",\"@graph\":[{\"@type\":\"WebPage\",\"@id\":\"https:\\\/\\\/quuttoys.com\\\/fr\\\/produit\\\/hoppi-bunny\\\/\",\"url\":\"https:\\\/\\\/quuttoys.com\\\/fr\\\/produit\\\/hoppi-bunny\\\/\",\"name\":\"Hoppi Bunny - QUUT\",\"isPartOf\":{\"@id\":\"https:\\\/\\\/quuttoys.com\\\/fr\\\/#website\"},\"primaryImageOfPage\":{\"@id\":\"https:\\\/\\\/quuttoys.com\\\/fr\\\/produit\\\/hoppi-bunny\\\/#primaryimage\"},\"image\":{\"@id\":\"https:\\\/\\\/quuttoys.com\\\/fr\\\/produit\\\/hoppi-bunny\\\/#primaryimage\"},\"thumbnailUrl\":\"https:\\\/\\\/i0.wp.com\\\/quuttoys.com\\\/wp-content\\\/uploads\\\/2026\\\/02\\\/175285-Hoppi-Bunny-grey-1.jpg?fit=1279%2C1279&ssl=1\",\"datePublished\":\"2026-02-09T13:24:52+00:00\",\"dateModified\":\"2026-03-04T12:58:06+00:00\",\"description\":\"Hoppi Bunny is een vrolijk springkonijntje dat spelen extra leuk maakt\u00a0! Met zijn zachte, kleurrijke lijfje is hij ideaal voor kleine kinderen.\",\"breadcrumb\":{\"@id\":\"https:\\\/\\\/quuttoys.com\\\/fr\\\/produit\\\/hoppi-bunny\\\/#breadcrumb\"},\"inLanguage\":\"fr-FR\",\"potentialAction\":[{\"@type\":\"ReadAction\",\"target\":[\"https:\\\/\\\/quuttoys.com\\\/fr\\\/produit\\\/hoppi-bunny\\\/\"]}]},{\"@type\":\"ImageObject\",\"inLanguage\":\"fr-FR\",\"@id\":\"https:\\\/\\\/quuttoys.com\\\/fr\\\/produit\\\/hoppi-bunny\\\/#primaryimage\",\"url\":\"https:\\\/\\\/i0.wp.com\\\/quuttoys.com\\\/wp-content\\\/uploads\\\/2026\\\/02\\\/175285-Hoppi-Bunny-grey-1.jpg?fit=1279%2C1279&ssl=1\",\"contentUrl\":\"https:\\\/\\\/i0.wp.com\\\/quuttoys.com\\\/wp-content\\\/uploads\\\/2026\\\/02\\\/175285-Hoppi-Bunny-grey-1.jpg?fit=1279%2C1279&ssl=1\",\"width\":1279,\"height\":1279},{\"@type\":\"BreadcrumbList\",\"@id\":\"https:\\\/\\\/quuttoys.com\\\/fr\\\/produit\\\/hoppi-bunny\\\/#breadcrumb\",\"itemListElement\":[{\"@type\":\"ListItem\",\"position\":1,\"name\":\"Home\",\"item\":\"https:\\\/\\\/quuttoys.com\\\/fr\\\/\"},{\"@type\":\"ListItem\",\"position\":2,\"name\":\"All products\",\"item\":\"https:\\\/\\\/quuttoys.com\\\/all-products\\\/\"},{\"@type\":\"ListItem\",\"position\":3,\"name\":\"Hoppi Bunny\"}]},{\"@type\":\"WebSite\",\"@id\":\"https:\\\/\\\/quuttoys.com\\\/fr\\\/#website\",\"url\":\"https:\\\/\\\/quuttoys.com\\\/fr\\\/\",\"name\":\"QUUT\",\"description\":\"Quality toys quality time - Anywhere anytime\",\"potentialAction\":[{\"@type\":\"SearchAction\",\"target\":{\"@type\":\"EntryPoint\",\"urlTemplate\":\"https:\\\/\\\/quuttoys.com\\\/fr\\\/?s={search_term_string}\"},\"query-input\":{\"@type\":\"PropertyValueSpecification\",\"valueRequired\":true,\"valueName\":\"search_term_string\"}}],\"inLanguage\":\"fr-FR\"}]}<\/script>\n<!-- \/ Yoast SEO plugin. -->","yoast_head_json":{"title":"Hoppi Bunny - QUUT","description":"Hoppi Bunny is een vrolijk springkonijntje dat spelen extra leuk maakt\u00a0! Met zijn zachte, kleurrijke lijfje is hij ideaal voor kleine kinderen.","robots":{"index":"index","follow":"follow","max-snippet":"max-snippet:-1","max-image-preview":"max-image-preview:large","max-video-preview":"max-video-preview:-1"},"canonical":"https:\/\/quuttoys.com\/fr\/produit\/hoppi-bunny\/","og_locale":"fr_FR","og_type":"article","og_title":"Hoppi Bunny - QUUT","og_description":"Hoppi Bunny is een vrolijk springkonijntje dat spelen extra leuk maakt\u00a0! Met zijn zachte, kleurrijke lijfje is hij ideaal voor kleine kinderen.","og_url":"https:\/\/quuttoys.com\/fr\/produit\/hoppi-bunny\/","og_site_name":"QUUT","article_modified_time":"2026-03-04T12:58:06+00:00","og_image":[{"width":1279,"height":1279,"url":"https:\/\/i0.wp.com\/quuttoys.com\/wp-content\/uploads\/2026\/02\/175285-Hoppi-Bunny-grey-1.jpg?fit=1279%2C1279&ssl=1","type":"image\/jpeg"}],"twitter_card":"summary_large_image","twitter_misc":{"Dur\u00e9e de lecture estim\u00e9e":"1 minute"},"schema":{"@context":"https:\/\/schema.org","@graph":[{"@type":"WebPage","@id":"https:\/\/quuttoys.com\/fr\/produit\/hoppi-bunny\/","url":"https:\/\/quuttoys.com\/fr\/produit\/hoppi-bunny\/","name":"Hoppi Bunny - QUUT","isPartOf":{"@id":"https:\/\/quuttoys.com\/fr\/#website"},"primaryImageOfPage":{"@id":"https:\/\/quuttoys.com\/fr\/produit\/hoppi-bunny\/#primaryimage"},"image":{"@id":"https:\/\/quuttoys.com\/fr\/produit\/hoppi-bunny\/#primaryimage"},"thumbnailUrl":"https:\/\/i0.wp.com\/quuttoys.com\/wp-content\/uploads\/2026\/02\/175285-Hoppi-Bunny-grey-1.jpg?fit=1279%2C1279&ssl=1","datePublished":"2026-02-09T13:24:52+00:00","dateModified":"2026-03-04T12:58:06+00:00","description":"Hoppi Bunny is een vrolijk springkonijntje dat spelen extra leuk maakt\u00a0! Met zijn zachte, kleurrijke lijfje is hij ideaal voor kleine kinderen.","breadcrumb":{"@id":"https:\/\/quuttoys.com\/fr\/produit\/hoppi-bunny\/#breadcrumb"},"inLanguage":"fr-FR","potentialAction":[{"@type":"ReadAction","target":["https:\/\/quuttoys.com\/fr\/produit\/hoppi-bunny\/"]}]},{"@type":"ImageObject","inLanguage":"fr-FR","@id":"https:\/\/quuttoys.com\/fr\/produit\/hoppi-bunny\/#primaryimage","url":"https:\/\/i0.wp.com\/quuttoys.com\/wp-content\/uploads\/2026\/02\/175285-Hoppi-Bunny-grey-1.jpg?fit=1279%2C1279&ssl=1","contentUrl":"https:\/\/i0.wp.com\/quuttoys.com\/wp-content\/uploads\/2026\/02\/175285-Hoppi-Bunny-grey-1.jpg?fit=1279%2C1279&ssl=1","width":1279,"height":1279},{"@type":"BreadcrumbList","@id":"https:\/\/quuttoys.com\/fr\/produit\/hoppi-bunny\/#breadcrumb","itemListElement":[{"@type":"ListItem","position":1,"name":"Home","item":"https:\/\/quuttoys.com\/fr\/"},{"@type":"ListItem","position":2,"name":"All products","item":"https:\/\/quuttoys.com\/all-products\/"},{"@type":"ListItem","position":3,"name":"Hoppi Bunny"}]},{"@type":"WebSite","@id":"https:\/\/quuttoys.com\/fr\/#website","url":"https:\/\/quuttoys.com\/fr\/","name":"QUUT","description":"Quality toys quality time - Anywhere anytime","potentialAction":[{"@type":"SearchAction","target":{"@type":"EntryPoint","urlTemplate":"https:\/\/quuttoys.com\/fr\/?s={search_term_string}"},"query-input":{"@type":"PropertyValueSpecification","valueRequired":true,"valueName":"search_term_string"}}],"inLanguage":"fr-FR"}]}},"jetpack_publicize_connections":[],"jetpack_likes_enabled":true,"jetpack_sharing_enabled":true,"amp_enabled":true,"_links":{"self":[{"href":"https:\/\/quuttoys.com\/fr\/wp-json\/wp\/v2\/product\/60351","targetHints":{"allow":["GET"]}}],"collection":[{"href":"https:\/\/quuttoys.com\/fr\/wp-json\/wp\/v2\/product"}],"about":[{"href":"https:\/\/quuttoys.com\/fr\/wp-json\/wp\/v2\/types\/product"}],"wp:featuredmedia":[{"embeddable":true,"href":"https:\/\/quuttoys.com\/fr\/wp-json\/wp\/v2\/media\/59822"}],"wp:attachment":[{"href":"https:\/\/quuttoys.com\/fr\/wp-json\/wp\/v2\/media?parent=60351"}],"wp:term":[{"taxonomy":"product_brand","embeddable":true,"href":"https:\/\/quuttoys.com\/fr\/wp-json\/wp\/v2\/product_brand?post=60351"},{"taxonomy":"product_cat","embeddable":true,"href":"https:\/\/quuttoys.com\/fr\/wp-json\/wp\/v2\/product_cat?post=60351"},{"taxonomy":"product_tag","embeddable":true,"href":"https:\/\/quuttoys.com\/fr\/wp-json\/wp\/v2\/product_tag?post=60351"}],"curies":[{"name":"wp","href":"https:\/\/api.w.org\/{rel}","templated":true}]}}