{"id":60386,"date":"2025-02-05T14:27:22","date_gmt":"2025-02-05T13:27:22","guid":{"rendered":"https:\/\/quuttoys.com\/product\/ballo-2\/"},"modified":"2026-03-04T14:12:27","modified_gmt":"2026-03-04T13:12:27","slug":"ballo-2","status":"publish","type":"product","link":"https:\/\/quuttoys.com\/fr\/produit\/ballo-2\/","title":{"rendered":"Ballo"},"content":{"rendered":"<p>Couleur : Lavande<\/p>\n<p>Taille : 20 x 20 x 20 cm (3,6L) | 7,8 x 7,8 x 7,8 pouces<br \/>\nPoids : 310 gr | 0,7 livre<br \/>\nMat\u00e9riau : HDPE (balle) \/ ABS (manche) \/ Couvercle coulant TPR) \/ PP (corde)<\/p>\n<p>&nbsp;<\/p>\n<h3>Le saviez-vous?<\/h3>\n<p><em>Tous les produits sont garantis sans BPA, phtalates ni latex et sont \u00e9videmment 100% recyclables. Quut croit que cr\u00e9er<br \/>\nune histoire d\u2019amour avec son jouet pr\u00e9f\u00e9r\u00e9 signifie que ce jouet durera toute une vie. Il peut m\u00eame \u00eatre transmis \u00e0<br \/>\nla g\u00e9n\u00e9ration suivante.  La durabilit\u00e9 au niveau sup\u00e9rieur!<\/em><\/p>\n","protected":false},"excerpt":{"rendered":"<p class=\"p1\"><span class=\"s1\">Le seau anti-d\u00e9versement<\/span><\/p>\n<p>Le design \u00e9l\u00e9gant et moderne du Ballo ainsi que sa finition douce rendent le remplissage facile pour de petites mains<br \/>\nAvec de l\u2019eau, courez sur la plage et versez facilement. Sa forme sph\u00e9rique est incroyablement stable, ce qui entra\u00eene<br \/>\nun minimum de d\u00e9versements. Transporter de l\u2019eau de la mer jusqu\u2019\u00e0 un ch\u00e2teau de sable n\u2019a jamais \u00e9t\u00e9 aussi amusant.<br \/>\n\u00c9galement disponible en taille plus petite (1,70L) pour les plus jeunes enfants.  <\/p>\n[fusion_checklist icon=\"ok\" iconcolor=\"#aaaaaa\" circle=\"no\"]<\/p>\n<ul>\n<li>Poign\u00e9e ergonomique et facile \u00e0 prendre<\/li>\n<li>Encourage l\u2019imagination, la cr\u00e9ativit\u00e9, le jeu en plein air et l\u2019interaction<\/li>\n<li>\u00c0 utiliser sur la plage, dans le jardin ou m\u00eame dans la baignoire !<\/li>\n<li>Emp\u00eache les d\u00e9versements<\/li>\n<li>S\u00fbr \u00e0 utiliser et super facile \u00e0 nettoyer<\/li>\n<li>Fabriqu\u00e9 en plastique durable et recyclable, sans BPA, sans latex ni phtalates<\/li>\n<\/ul>\n<p>[\/fusion_checklist]\n<p><a href=\"https:\/\/player.vimeo.com\/video\/84754432\" rel=\"nofollow\">https:\/\/player.vimeo.com\/video\/84754432<\/a><\/p>\n","protected":false},"featured_media":55305,"template":"","meta":{"_coblocks_attr":"","_coblocks_dimensions":"","_coblocks_responsive_height":"","_coblocks_accordion_ie_support":"","_crdt_document":"","jetpack_publicize_message":"","jetpack_publicize_feature_enabled":true,"jetpack_social_post_already_shared":true,"jetpack_social_options":{"image_generator_settings":{"template":"highway","default_image_id":0,"font":"","enabled":false},"version":2},"_wpas_customize_per_network":false},"product_brand":[],"product_cat":[20302,20268,21014,20263],"product_tag":[],"class_list":{"0":"post-60386","1":"product","2":"type-product","3":"status-publish","4":"has-post-thumbnail","6":"product_cat-ballo-fr","7":"product_cat-bathmust-fr","8":"product_cat-lavande","9":"product_cat-outdoor-fr","11":"first","12":"instock","13":"shipping-taxable","14":"product-type-simple"},"yoast_head":"<!-- This site is optimized with the Yoast SEO plugin v27.5 - https:\/\/yoast.com\/product\/yoast-seo-wordpress\/ -->\n<title>Ballo - QUUT<\/title>\n<meta name=\"robots\" content=\"index, follow, max-snippet:-1, max-image-preview:large, max-video-preview:-1\" \/>\n<link rel=\"canonical\" href=\"https:\/\/quuttoys.com\/fr\/produit\/ballo-2\/\" \/>\n<meta property=\"og:locale\" content=\"fr_FR\" \/>\n<meta property=\"og:type\" content=\"article\" \/>\n<meta property=\"og:title\" content=\"Ballo - QUUT\" \/>\n<meta property=\"og:description\" content=\"Le seau anti-d\u00e9versement Le design \u00e9l\u00e9gant et moderne du Ballo ainsi que sa finition douce rendent le remplissage facile pour de petites mains Avec de l\u2019eau, courez sur la plage et versez facilement. Sa forme sph\u00e9rique est incroyablement stable, ce qui entra\u00eene un minimum de d\u00e9versements. Transporter de l\u2019eau de la mer jusqu\u2019\u00e0 un ch\u00e2teau de sable n\u2019a jamais \u00e9t\u00e9 aussi amusant. \u00c9galement disponible en taille plus petite (1,70L) pour les plus jeunes enfants.   https:\/\/player.vimeo.com\/video\/84754432\" \/>\n<meta property=\"og:url\" content=\"https:\/\/quuttoys.com\/fr\/produit\/ballo-2\/\" \/>\n<meta property=\"og:site_name\" content=\"QUUT\" \/>\n<meta property=\"article:modified_time\" content=\"2026-03-04T13:12:27+00:00\" \/>\n<meta property=\"og:image\" content=\"https:\/\/i0.wp.com\/quuttoys.com\/wp-content\/uploads\/2025\/02\/ballo-lavender.jpg?fit=1920%2C1920&ssl=1\" \/>\n\t<meta property=\"og:image:width\" content=\"1920\" \/>\n\t<meta property=\"og:image:height\" content=\"1920\" \/>\n\t<meta property=\"og:image:type\" content=\"image\/jpeg\" \/>\n<meta name=\"twitter:card\" content=\"summary_large_image\" \/>\n<script type=\"application\/ld+json\" class=\"yoast-schema-graph\">{\"@context\":\"https:\\\/\\\/schema.org\",\"@graph\":[{\"@type\":\"WebPage\",\"@id\":\"https:\\\/\\\/quuttoys.com\\\/fr\\\/produit\\\/ballo-2\\\/\",\"url\":\"https:\\\/\\\/quuttoys.com\\\/fr\\\/produit\\\/ballo-2\\\/\",\"name\":\"Ballo - QUUT\",\"isPartOf\":{\"@id\":\"https:\\\/\\\/quuttoys.com\\\/fr\\\/#website\"},\"primaryImageOfPage\":{\"@id\":\"https:\\\/\\\/quuttoys.com\\\/fr\\\/produit\\\/ballo-2\\\/#primaryimage\"},\"image\":{\"@id\":\"https:\\\/\\\/quuttoys.com\\\/fr\\\/produit\\\/ballo-2\\\/#primaryimage\"},\"thumbnailUrl\":\"https:\\\/\\\/i0.wp.com\\\/quuttoys.com\\\/wp-content\\\/uploads\\\/2025\\\/02\\\/ballo-lavender.jpg?fit=1920%2C1920&ssl=1\",\"datePublished\":\"2025-02-05T13:27:22+00:00\",\"dateModified\":\"2026-03-04T13:12:27+00:00\",\"breadcrumb\":{\"@id\":\"https:\\\/\\\/quuttoys.com\\\/fr\\\/produit\\\/ballo-2\\\/#breadcrumb\"},\"inLanguage\":\"fr-FR\",\"potentialAction\":[{\"@type\":\"ReadAction\",\"target\":[\"https:\\\/\\\/quuttoys.com\\\/fr\\\/produit\\\/ballo-2\\\/\"]}]},{\"@type\":\"ImageObject\",\"inLanguage\":\"fr-FR\",\"@id\":\"https:\\\/\\\/quuttoys.com\\\/fr\\\/produit\\\/ballo-2\\\/#primaryimage\",\"url\":\"https:\\\/\\\/i0.wp.com\\\/quuttoys.com\\\/wp-content\\\/uploads\\\/2025\\\/02\\\/ballo-lavender.jpg?fit=1920%2C1920&ssl=1\",\"contentUrl\":\"https:\\\/\\\/i0.wp.com\\\/quuttoys.com\\\/wp-content\\\/uploads\\\/2025\\\/02\\\/ballo-lavender.jpg?fit=1920%2C1920&ssl=1\",\"width\":1920,\"height\":1920},{\"@type\":\"BreadcrumbList\",\"@id\":\"https:\\\/\\\/quuttoys.com\\\/fr\\\/produit\\\/ballo-2\\\/#breadcrumb\",\"itemListElement\":[{\"@type\":\"ListItem\",\"position\":1,\"name\":\"Home\",\"item\":\"https:\\\/\\\/quuttoys.com\\\/fr\\\/\"},{\"@type\":\"ListItem\",\"position\":2,\"name\":\"All products\",\"item\":\"https:\\\/\\\/quuttoys.com\\\/all-products\\\/\"},{\"@type\":\"ListItem\",\"position\":3,\"name\":\"Ballo\"}]},{\"@type\":\"WebSite\",\"@id\":\"https:\\\/\\\/quuttoys.com\\\/fr\\\/#website\",\"url\":\"https:\\\/\\\/quuttoys.com\\\/fr\\\/\",\"name\":\"QUUT\",\"description\":\"Quality toys quality time - Anywhere anytime\",\"potentialAction\":[{\"@type\":\"SearchAction\",\"target\":{\"@type\":\"EntryPoint\",\"urlTemplate\":\"https:\\\/\\\/quuttoys.com\\\/fr\\\/?s={search_term_string}\"},\"query-input\":{\"@type\":\"PropertyValueSpecification\",\"valueRequired\":true,\"valueName\":\"search_term_string\"}}],\"inLanguage\":\"fr-FR\"}]}<\/script>\n<!-- \/ Yoast SEO plugin. -->","yoast_head_json":{"title":"Ballo - QUUT","robots":{"index":"index","follow":"follow","max-snippet":"max-snippet:-1","max-image-preview":"max-image-preview:large","max-video-preview":"max-video-preview:-1"},"canonical":"https:\/\/quuttoys.com\/fr\/produit\/ballo-2\/","og_locale":"fr_FR","og_type":"article","og_title":"Ballo - QUUT","og_description":"Le seau anti-d\u00e9versement Le design \u00e9l\u00e9gant et moderne du Ballo ainsi que sa finition douce rendent le remplissage facile pour de petites mains Avec de l\u2019eau, courez sur la plage et versez facilement. Sa forme sph\u00e9rique est incroyablement stable, ce qui entra\u00eene un minimum de d\u00e9versements. Transporter de l\u2019eau de la mer jusqu\u2019\u00e0 un ch\u00e2teau de sable n\u2019a jamais \u00e9t\u00e9 aussi amusant. \u00c9galement disponible en taille plus petite (1,70L) pour les plus jeunes enfants.   https:\/\/player.vimeo.com\/video\/84754432","og_url":"https:\/\/quuttoys.com\/fr\/produit\/ballo-2\/","og_site_name":"QUUT","article_modified_time":"2026-03-04T13:12:27+00:00","og_image":[{"width":1920,"height":1920,"url":"https:\/\/i0.wp.com\/quuttoys.com\/wp-content\/uploads\/2025\/02\/ballo-lavender.jpg?fit=1920%2C1920&ssl=1","type":"image\/jpeg"}],"twitter_card":"summary_large_image","schema":{"@context":"https:\/\/schema.org","@graph":[{"@type":"WebPage","@id":"https:\/\/quuttoys.com\/fr\/produit\/ballo-2\/","url":"https:\/\/quuttoys.com\/fr\/produit\/ballo-2\/","name":"Ballo - QUUT","isPartOf":{"@id":"https:\/\/quuttoys.com\/fr\/#website"},"primaryImageOfPage":{"@id":"https:\/\/quuttoys.com\/fr\/produit\/ballo-2\/#primaryimage"},"image":{"@id":"https:\/\/quuttoys.com\/fr\/produit\/ballo-2\/#primaryimage"},"thumbnailUrl":"https:\/\/i0.wp.com\/quuttoys.com\/wp-content\/uploads\/2025\/02\/ballo-lavender.jpg?fit=1920%2C1920&ssl=1","datePublished":"2025-02-05T13:27:22+00:00","dateModified":"2026-03-04T13:12:27+00:00","breadcrumb":{"@id":"https:\/\/quuttoys.com\/fr\/produit\/ballo-2\/#breadcrumb"},"inLanguage":"fr-FR","potentialAction":[{"@type":"ReadAction","target":["https:\/\/quuttoys.com\/fr\/produit\/ballo-2\/"]}]},{"@type":"ImageObject","inLanguage":"fr-FR","@id":"https:\/\/quuttoys.com\/fr\/produit\/ballo-2\/#primaryimage","url":"https:\/\/i0.wp.com\/quuttoys.com\/wp-content\/uploads\/2025\/02\/ballo-lavender.jpg?fit=1920%2C1920&ssl=1","contentUrl":"https:\/\/i0.wp.com\/quuttoys.com\/wp-content\/uploads\/2025\/02\/ballo-lavender.jpg?fit=1920%2C1920&ssl=1","width":1920,"height":1920},{"@type":"BreadcrumbList","@id":"https:\/\/quuttoys.com\/fr\/produit\/ballo-2\/#breadcrumb","itemListElement":[{"@type":"ListItem","position":1,"name":"Home","item":"https:\/\/quuttoys.com\/fr\/"},{"@type":"ListItem","position":2,"name":"All products","item":"https:\/\/quuttoys.com\/all-products\/"},{"@type":"ListItem","position":3,"name":"Ballo"}]},{"@type":"WebSite","@id":"https:\/\/quuttoys.com\/fr\/#website","url":"https:\/\/quuttoys.com\/fr\/","name":"QUUT","description":"Quality toys quality time - Anywhere anytime","potentialAction":[{"@type":"SearchAction","target":{"@type":"EntryPoint","urlTemplate":"https:\/\/quuttoys.com\/fr\/?s={search_term_string}"},"query-input":{"@type":"PropertyValueSpecification","valueRequired":true,"valueName":"search_term_string"}}],"inLanguage":"fr-FR"}]}},"jetpack_publicize_connections":[],"jetpack_likes_enabled":true,"jetpack_sharing_enabled":true,"amp_enabled":true,"_links":{"self":[{"href":"https:\/\/quuttoys.com\/fr\/wp-json\/wp\/v2\/product\/60386","targetHints":{"allow":["GET"]}}],"collection":[{"href":"https:\/\/quuttoys.com\/fr\/wp-json\/wp\/v2\/product"}],"about":[{"href":"https:\/\/quuttoys.com\/fr\/wp-json\/wp\/v2\/types\/product"}],"wp:featuredmedia":[{"embeddable":true,"href":"https:\/\/quuttoys.com\/fr\/wp-json\/wp\/v2\/media\/55305"}],"wp:attachment":[{"href":"https:\/\/quuttoys.com\/fr\/wp-json\/wp\/v2\/media?parent=60386"}],"wp:term":[{"taxonomy":"product_brand","embeddable":true,"href":"https:\/\/quuttoys.com\/fr\/wp-json\/wp\/v2\/product_brand?post=60386"},{"taxonomy":"product_cat","embeddable":true,"href":"https:\/\/quuttoys.com\/fr\/wp-json\/wp\/v2\/product_cat?post=60386"},{"taxonomy":"product_tag","embeddable":true,"href":"https:\/\/quuttoys.com\/fr\/wp-json\/wp\/v2\/product_tag?post=60386"}],"curies":[{"name":"wp","href":"https:\/\/api.w.org\/{rel}","templated":true}]}}