{"id":60409,"date":"2024-09-02T12:27:00","date_gmt":"2024-09-02T10:27:00","guid":{"rendered":"https:\/\/quuttoys.com\/product\/requin-squeezi\/"},"modified":"2026-03-04T14:13:35","modified_gmt":"2026-03-04T13:13:35","slug":"requin-squeezi","status":"publish","type":"product","link":"https:\/\/quuttoys.com\/fr\/produit\/requin-squeezi\/","title":{"rendered":"Requin Squeezi"},"content":{"rendered":"<p>Taille : 15 x 8 x 12 cm | 5,9 x 3 x 4,7 pouces<br \/>\nPoids : \u00b1 200 gr | 0,4 livre<br \/>\nMat\u00e9riau : Silicone<\/p>\n<h3>Le saviez-vous?<\/h3>\n<p><em>Tous les produits sont garantis sans BPA, phtalates ni latex et sont \u00e9videmment 100% recyclables. Chez Quut nous sommes persuad\u00e9s que lorsque se cr\u00e9e une histoire d\u2019amour avec son jouet pr\u00e9f\u00e9r\u00e9 on le garde soigneusement. Et ainsi il sera transmis de g\u00e9n\u00e9ration en g\u00e9n\u00e9ration. La durabilit\u00e9 au niveau sup\u00e9rieur!<\/em><\/p>\n","protected":false},"excerpt":{"rendered":"<div class=\"ewa-rteLine\">\n<p><i>Plongez \u00e0 fond ! Le Squeezi Shark est pr\u00eat \u00e0 vous emmener dans une aventure sous-marine palpitante, directement dans votre baignoire ! <\/i><\/p>\n<p>M\u00eame les plus petites mains peuvent facilement le remplir d\u2019eau. Pressez-le sous l\u2019eau pour le remplir. Quand votre aventure aquatique est termin\u00e9e, il suffit de tirer l\u2019eau et de regarder votre requin flotter.  <\/p>\n<\/div>\n[fusion_checklist icon=\"ok\" iconcolor=\"#aaaaaa\" circle=\"no\"]<\/p>\n<ul>\n<li>\n<div class=\"ewa-rteLine\">Parfait pour la coordination \u0153il-main<\/div>\n<\/li>\n<li>\n<div class=\"ewa-rteLine\">Favorise le jeu cr\u00e9atif et la motricit\u00e9 fine<\/div>\n<\/li>\n<li>\n<div class=\"ewa-rteLine\">Facile \u00e0 jouer avec de petites mains<\/div>\n<\/li>\n<li>\n<div class=\"ewa-rteLine\">100 % silicone, donc sans moisissure<\/div>\n<\/li>\n<li>\n<div class=\"ewa-rteLine\">Facile \u00e0 nettoyer<\/div>\n<\/li>\n<li>\n<div class=\"ewa-rteLine\">Pas de substances nocives (pas de BPA, de phtalates, de latex, &#8230;)<\/div>\n<\/li>\n<\/ul>\n<p>[\/fusion_checklist]\n","protected":false},"featured_media":54010,"template":"","meta":{"_coblocks_attr":"","_coblocks_dimensions":"","_coblocks_responsive_height":"","_coblocks_accordion_ie_support":"","_crdt_document":"","jetpack_post_was_ever_published":false,"jetpack_publicize_message":"","jetpack_publicize_feature_enabled":true,"jetpack_social_post_already_shared":true,"jetpack_social_options":{"image_generator_settings":{"template":"highway","default_image_id":0,"font":"","enabled":false},"version":2},"_wpas_customize_per_network":false},"product_brand":[],"product_cat":[21013],"product_tag":[],"class_list":{"0":"post-60409","1":"product","2":"type-product","3":"status-publish","4":"has-post-thumbnail","6":"product_cat-squeezi","8":"first","9":"instock","10":"shipping-taxable","11":"product-type-simple"},"yoast_head":"<!-- This site is optimized with the Yoast SEO plugin v27.3 - https:\/\/yoast.com\/product\/yoast-seo-wordpress\/ -->\n<title>Requin Squeezi - QUUT<\/title>\n<meta name=\"description\" content=\"Pressez-le sous l\u2019eau pour le remplir. Quand votre aventure aquatique est termin\u00e9e, il suffit de tirer l\u2019eau et de regarder votre requin flotter.\" \/>\n<meta name=\"robots\" content=\"index, follow, max-snippet:-1, max-image-preview:large, max-video-preview:-1\" \/>\n<link rel=\"canonical\" href=\"https:\/\/quuttoys.com\/fr\/produit\/requin-squeezi\/\" \/>\n<meta property=\"og:locale\" content=\"fr_FR\" \/>\n<meta property=\"og:type\" content=\"article\" \/>\n<meta property=\"og:title\" content=\"Requin Squeezi - QUUT\" \/>\n<meta property=\"og:description\" content=\"Pressez-le sous l\u2019eau pour le remplir. Quand votre aventure aquatique est termin\u00e9e, il suffit de tirer l\u2019eau et de regarder votre requin flotter.\" \/>\n<meta property=\"og:url\" content=\"https:\/\/quuttoys.com\/fr\/produit\/requin-squeezi\/\" \/>\n<meta property=\"og:site_name\" content=\"QUUT\" \/>\n<meta property=\"article:modified_time\" content=\"2026-03-04T13:13:35+00:00\" \/>\n<meta property=\"og:image\" content=\"https:\/\/i0.wp.com\/quuttoys.com\/wp-content\/uploads\/2024\/09\/shark-packshot.jpg?fit=1920%2C1920&ssl=1\" \/>\n\t<meta property=\"og:image:width\" content=\"1920\" \/>\n\t<meta property=\"og:image:height\" content=\"1920\" \/>\n\t<meta property=\"og:image:type\" content=\"image\/jpeg\" \/>\n<meta name=\"twitter:card\" content=\"summary_large_image\" \/>\n<script type=\"application\/ld+json\" class=\"yoast-schema-graph\">{\"@context\":\"https:\\\/\\\/schema.org\",\"@graph\":[{\"@type\":\"WebPage\",\"@id\":\"https:\\\/\\\/quuttoys.com\\\/fr\\\/produit\\\/requin-squeezi\\\/\",\"url\":\"https:\\\/\\\/quuttoys.com\\\/fr\\\/produit\\\/requin-squeezi\\\/\",\"name\":\"Requin Squeezi - QUUT\",\"isPartOf\":{\"@id\":\"https:\\\/\\\/quuttoys.com\\\/fr\\\/#website\"},\"primaryImageOfPage\":{\"@id\":\"https:\\\/\\\/quuttoys.com\\\/fr\\\/produit\\\/requin-squeezi\\\/#primaryimage\"},\"image\":{\"@id\":\"https:\\\/\\\/quuttoys.com\\\/fr\\\/produit\\\/requin-squeezi\\\/#primaryimage\"},\"thumbnailUrl\":\"https:\\\/\\\/i0.wp.com\\\/quuttoys.com\\\/wp-content\\\/uploads\\\/2024\\\/09\\\/shark-packshot.jpg?fit=1920%2C1920&ssl=1\",\"datePublished\":\"2024-09-02T10:27:00+00:00\",\"dateModified\":\"2026-03-04T13:13:35+00:00\",\"description\":\"Pressez-le sous l\u2019eau pour le remplir. Quand votre aventure aquatique est termin\u00e9e, il suffit de tirer l\u2019eau et de regarder votre requin flotter.\",\"breadcrumb\":{\"@id\":\"https:\\\/\\\/quuttoys.com\\\/fr\\\/produit\\\/requin-squeezi\\\/#breadcrumb\"},\"inLanguage\":\"fr-FR\",\"potentialAction\":[{\"@type\":\"ReadAction\",\"target\":[\"https:\\\/\\\/quuttoys.com\\\/fr\\\/produit\\\/requin-squeezi\\\/\"]}]},{\"@type\":\"ImageObject\",\"inLanguage\":\"fr-FR\",\"@id\":\"https:\\\/\\\/quuttoys.com\\\/fr\\\/produit\\\/requin-squeezi\\\/#primaryimage\",\"url\":\"https:\\\/\\\/i0.wp.com\\\/quuttoys.com\\\/wp-content\\\/uploads\\\/2024\\\/09\\\/shark-packshot.jpg?fit=1920%2C1920&ssl=1\",\"contentUrl\":\"https:\\\/\\\/i0.wp.com\\\/quuttoys.com\\\/wp-content\\\/uploads\\\/2024\\\/09\\\/shark-packshot.jpg?fit=1920%2C1920&ssl=1\",\"width\":1920,\"height\":1920},{\"@type\":\"BreadcrumbList\",\"@id\":\"https:\\\/\\\/quuttoys.com\\\/fr\\\/produit\\\/requin-squeezi\\\/#breadcrumb\",\"itemListElement\":[{\"@type\":\"ListItem\",\"position\":1,\"name\":\"Home\",\"item\":\"https:\\\/\\\/quuttoys.com\\\/fr\\\/\"},{\"@type\":\"ListItem\",\"position\":2,\"name\":\"All products\",\"item\":\"https:\\\/\\\/quuttoys.com\\\/all-products\\\/\"},{\"@type\":\"ListItem\",\"position\":3,\"name\":\"Requin Squeezi\"}]},{\"@type\":\"WebSite\",\"@id\":\"https:\\\/\\\/quuttoys.com\\\/fr\\\/#website\",\"url\":\"https:\\\/\\\/quuttoys.com\\\/fr\\\/\",\"name\":\"QUUT\",\"description\":\"Quality toys quality time - Anywhere anytime\",\"potentialAction\":[{\"@type\":\"SearchAction\",\"target\":{\"@type\":\"EntryPoint\",\"urlTemplate\":\"https:\\\/\\\/quuttoys.com\\\/fr\\\/?s={search_term_string}\"},\"query-input\":{\"@type\":\"PropertyValueSpecification\",\"valueRequired\":true,\"valueName\":\"search_term_string\"}}],\"inLanguage\":\"fr-FR\"}]}<\/script>\n<!-- \/ Yoast SEO plugin. -->","yoast_head_json":{"title":"Requin Squeezi - QUUT","description":"Pressez-le sous l\u2019eau pour le remplir. Quand votre aventure aquatique est termin\u00e9e, il suffit de tirer l\u2019eau et de regarder votre requin flotter.","robots":{"index":"index","follow":"follow","max-snippet":"max-snippet:-1","max-image-preview":"max-image-preview:large","max-video-preview":"max-video-preview:-1"},"canonical":"https:\/\/quuttoys.com\/fr\/produit\/requin-squeezi\/","og_locale":"fr_FR","og_type":"article","og_title":"Requin Squeezi - QUUT","og_description":"Pressez-le sous l\u2019eau pour le remplir. Quand votre aventure aquatique est termin\u00e9e, il suffit de tirer l\u2019eau et de regarder votre requin flotter.","og_url":"https:\/\/quuttoys.com\/fr\/produit\/requin-squeezi\/","og_site_name":"QUUT","article_modified_time":"2026-03-04T13:13:35+00:00","og_image":[{"width":1920,"height":1920,"url":"https:\/\/i0.wp.com\/quuttoys.com\/wp-content\/uploads\/2024\/09\/shark-packshot.jpg?fit=1920%2C1920&ssl=1","type":"image\/jpeg"}],"twitter_card":"summary_large_image","schema":{"@context":"https:\/\/schema.org","@graph":[{"@type":"WebPage","@id":"https:\/\/quuttoys.com\/fr\/produit\/requin-squeezi\/","url":"https:\/\/quuttoys.com\/fr\/produit\/requin-squeezi\/","name":"Requin Squeezi - QUUT","isPartOf":{"@id":"https:\/\/quuttoys.com\/fr\/#website"},"primaryImageOfPage":{"@id":"https:\/\/quuttoys.com\/fr\/produit\/requin-squeezi\/#primaryimage"},"image":{"@id":"https:\/\/quuttoys.com\/fr\/produit\/requin-squeezi\/#primaryimage"},"thumbnailUrl":"https:\/\/i0.wp.com\/quuttoys.com\/wp-content\/uploads\/2024\/09\/shark-packshot.jpg?fit=1920%2C1920&ssl=1","datePublished":"2024-09-02T10:27:00+00:00","dateModified":"2026-03-04T13:13:35+00:00","description":"Pressez-le sous l\u2019eau pour le remplir. Quand votre aventure aquatique est termin\u00e9e, il suffit de tirer l\u2019eau et de regarder votre requin flotter.","breadcrumb":{"@id":"https:\/\/quuttoys.com\/fr\/produit\/requin-squeezi\/#breadcrumb"},"inLanguage":"fr-FR","potentialAction":[{"@type":"ReadAction","target":["https:\/\/quuttoys.com\/fr\/produit\/requin-squeezi\/"]}]},{"@type":"ImageObject","inLanguage":"fr-FR","@id":"https:\/\/quuttoys.com\/fr\/produit\/requin-squeezi\/#primaryimage","url":"https:\/\/i0.wp.com\/quuttoys.com\/wp-content\/uploads\/2024\/09\/shark-packshot.jpg?fit=1920%2C1920&ssl=1","contentUrl":"https:\/\/i0.wp.com\/quuttoys.com\/wp-content\/uploads\/2024\/09\/shark-packshot.jpg?fit=1920%2C1920&ssl=1","width":1920,"height":1920},{"@type":"BreadcrumbList","@id":"https:\/\/quuttoys.com\/fr\/produit\/requin-squeezi\/#breadcrumb","itemListElement":[{"@type":"ListItem","position":1,"name":"Home","item":"https:\/\/quuttoys.com\/fr\/"},{"@type":"ListItem","position":2,"name":"All products","item":"https:\/\/quuttoys.com\/all-products\/"},{"@type":"ListItem","position":3,"name":"Requin Squeezi"}]},{"@type":"WebSite","@id":"https:\/\/quuttoys.com\/fr\/#website","url":"https:\/\/quuttoys.com\/fr\/","name":"QUUT","description":"Quality toys quality time - Anywhere anytime","potentialAction":[{"@type":"SearchAction","target":{"@type":"EntryPoint","urlTemplate":"https:\/\/quuttoys.com\/fr\/?s={search_term_string}"},"query-input":{"@type":"PropertyValueSpecification","valueRequired":true,"valueName":"search_term_string"}}],"inLanguage":"fr-FR"}]}},"jetpack_publicize_connections":[],"jetpack_likes_enabled":true,"jetpack_sharing_enabled":true,"amp_enabled":true,"_links":{"self":[{"href":"https:\/\/quuttoys.com\/fr\/wp-json\/wp\/v2\/product\/60409","targetHints":{"allow":["GET"]}}],"collection":[{"href":"https:\/\/quuttoys.com\/fr\/wp-json\/wp\/v2\/product"}],"about":[{"href":"https:\/\/quuttoys.com\/fr\/wp-json\/wp\/v2\/types\/product"}],"wp:featuredmedia":[{"embeddable":true,"href":"https:\/\/quuttoys.com\/fr\/wp-json\/wp\/v2\/media\/54010"}],"wp:attachment":[{"href":"https:\/\/quuttoys.com\/fr\/wp-json\/wp\/v2\/media?parent=60409"}],"wp:term":[{"taxonomy":"product_brand","embeddable":true,"href":"https:\/\/quuttoys.com\/fr\/wp-json\/wp\/v2\/product_brand?post=60409"},{"taxonomy":"product_cat","embeddable":true,"href":"https:\/\/quuttoys.com\/fr\/wp-json\/wp\/v2\/product_cat?post=60409"},{"taxonomy":"product_tag","embeddable":true,"href":"https:\/\/quuttoys.com\/fr\/wp-json\/wp\/v2\/product_tag?post=60409"}],"curies":[{"name":"wp","href":"https:\/\/api.w.org\/{rel}","templated":true}]}}