{"id":60421,"date":"2023-10-17T13:04:18","date_gmt":"2023-10-17T11:13:40","guid":{"rendered":"https:\/\/quuttoys.com\/product\/dans-la-jungle\/"},"modified":"2026-03-04T14:14:02","modified_gmt":"2026-03-04T13:14:02","slug":"dans-la-jungle","status":"publish","type":"product","link":"https:\/\/quuttoys.com\/fr\/produit\/dans-la-jungle\/","title":{"rendered":"Dans la jungle"},"content":{"rendered":"<p class=\"p1\"><strong><span class=\"s1\">NETTOYAGE ET ENTRETIEN<\/span><\/strong><\/p>\n<p class=\"p1\"><em><span class=\"s1\">Rincez soigneusement apr\u00e8s chaque utilisation et placez-le dans un endroit o\u00f9 il peut s\u00e9cher compl\u00e8tement.<br \/>\nNettoyez avec un d\u00e9tergent doux si besoin.<br \/>\nLes pi\u00e8ces n\u2019absorbent pas l\u2019eau, ce qui les rend faciles \u00e0 nettoyer et r\u00e9duit la moisissure et le mildiou.<\/span><\/em><\/p>\n","protected":false},"excerpt":{"rendered":"<p>Explorez les lacs de la jungle ! Avec Croco et Hippo comme guides, chaque bain devient une exp\u00e9rience de safari inoubliable. Stimulez l\u2019imagination de vos enfants, am\u00e9liorez leur vocabulaire et leurs capacit\u00e9s de cr\u00e9ation de sons, et aidez-les \u00e0 d\u00e9velopper leurs capacit\u00e9s motrices !  Toutes les formes sont fabriqu\u00e9es en mousse EVA douce, ce qui leur permet de flotter. Le set comprend \u00e9galement 2 petits personnages.<span class=\"Apple-converted-space\"><br \/>\n<\/span><\/p>\n<p class=\"p1\">[fusion_checklist icon=\"ok\" iconcolor=\"#aaaaaa\" circle=\"no\"]<\/p>\n<ul class=\"fusion-checklist fusion-checklist-1\">\n<li class=\"fusion-li-item\">\n<div class=\"fusion-li-item-content\">Stimule la motricit\u00e9 fine<\/div>\n<\/li>\n<li class=\"fusion-li-item\"><i class=\"fusion-li-icon fa fa-check\" aria-hidden=\"true\"><\/i>\n<div class=\"fusion-li-item-content\">Encourage le jeu cr\u00e9atif<\/div>\n<\/li>\n<li class=\"fusion-li-item\"><i class=\"fusion-li-icon fa fa-check\" aria-hidden=\"true\"><\/i>\n<div class=\"fusion-li-item-content\">Temps de qualit\u00e9 parent \/ enfant<\/div>\n<\/li>\n<li class=\"fusion-li-item\"><i class=\"fusion-li-icon fa fa-check\" aria-hidden=\"true\"><\/i>\n<div class=\"fusion-li-item-content\">Mousse douce exempt de bisph\u00e9nol A, de phtalates et de latex.<\/div>\n<\/li>\n<li class=\"fusion-li-item\"><i class=\"fusion-li-icon fa fa-check\" aria-hidden=\"true\"><\/i>\n<div class=\"fusion-li-item-content\">Set contains 12 pieces<\/div>\n<\/li>\n<li class=\"fusion-li-item\"><i class=\"fusion-li-icon fa fa-check\" aria-hidden=\"true\"><\/i>\n<div class=\"fusion-li-item-content\">A partir de 10 mois<\/div>\n<\/li>\n<\/ul>\n<p>[\/fusion_checklist]<\/p>\n<p><span class=\"Apple-converted-space\"> <\/span><\/p>\n","protected":false},"featured_media":52032,"template":"","meta":{"_coblocks_attr":"","_coblocks_dimensions":"","_coblocks_responsive_height":"","_coblocks_accordion_ie_support":"","_crdt_document":"","jetpack_publicize_message":"","jetpack_publicize_feature_enabled":true,"jetpack_social_post_already_shared":true,"jetpack_social_options":{"image_generator_settings":{"template":"highway","default_image_id":0,"font":"","enabled":false},"version":2},"_wpas_customize_per_network":false},"product_brand":[],"product_cat":[20267,20992,20274,21034],"product_tag":[],"class_list":{"0":"post-60421","1":"product","2":"type-product","3":"status-publish","4":"has-post-thumbnail","6":"product_cat-bain","7":"product_cat-indispensable","8":"product_cat-newquutopia-fr","9":"product_cat-top","11":"first","12":"instock","13":"shipping-taxable","14":"product-type-simple"},"yoast_head":"<!-- This site is optimized with the Yoast SEO plugin v27.4 - https:\/\/yoast.com\/product\/yoast-seo-wordpress\/ -->\n<title>Dans la jungle - QUUT<\/title>\n<meta name=\"description\" content=\"Explorez les lacs de la jungle ! Avec Croco et Hippo comme guides, chaque bain devient une exp\u00e9rience de safari inoubliable.\" \/>\n<meta name=\"robots\" content=\"index, follow, max-snippet:-1, max-image-preview:large, max-video-preview:-1\" \/>\n<link rel=\"canonical\" href=\"https:\/\/quuttoys.com\/fr\/produit\/dans-la-jungle\/\" \/>\n<meta property=\"og:locale\" content=\"fr_FR\" \/>\n<meta property=\"og:type\" content=\"article\" \/>\n<meta property=\"og:title\" content=\"Dans la jungle - QUUT\" \/>\n<meta property=\"og:description\" content=\"Explorez les lacs de la jungle ! Avec Croco et Hippo comme guides, chaque bain devient une exp\u00e9rience de safari inoubliable.\" \/>\n<meta property=\"og:url\" content=\"https:\/\/quuttoys.com\/fr\/produit\/dans-la-jungle\/\" \/>\n<meta property=\"og:site_name\" content=\"QUUT\" \/>\n<meta property=\"article:modified_time\" content=\"2026-03-04T13:14:02+00:00\" \/>\n<meta property=\"og:image\" content=\"https:\/\/i0.wp.com\/quuttoys.com\/wp-content\/uploads\/2023\/10\/173755-Puzzle-friends-Into-the-jungle-1-scaled.jpg?fit=2560%2C2558&ssl=1\" \/>\n\t<meta property=\"og:image:width\" content=\"2560\" \/>\n\t<meta property=\"og:image:height\" content=\"2558\" \/>\n\t<meta property=\"og:image:type\" content=\"image\/jpeg\" \/>\n<meta name=\"twitter:card\" content=\"summary_large_image\" \/>\n<script type=\"application\/ld+json\" class=\"yoast-schema-graph\">{\"@context\":\"https:\\\/\\\/schema.org\",\"@graph\":[{\"@type\":\"WebPage\",\"@id\":\"https:\\\/\\\/quuttoys.com\\\/fr\\\/produit\\\/dans-la-jungle\\\/\",\"url\":\"https:\\\/\\\/quuttoys.com\\\/fr\\\/produit\\\/dans-la-jungle\\\/\",\"name\":\"Dans la jungle - QUUT\",\"isPartOf\":{\"@id\":\"https:\\\/\\\/quuttoys.com\\\/fr\\\/#website\"},\"primaryImageOfPage\":{\"@id\":\"https:\\\/\\\/quuttoys.com\\\/fr\\\/produit\\\/dans-la-jungle\\\/#primaryimage\"},\"image\":{\"@id\":\"https:\\\/\\\/quuttoys.com\\\/fr\\\/produit\\\/dans-la-jungle\\\/#primaryimage\"},\"thumbnailUrl\":\"https:\\\/\\\/i0.wp.com\\\/quuttoys.com\\\/wp-content\\\/uploads\\\/2023\\\/10\\\/173755-Puzzle-friends-Into-the-jungle-1-scaled.jpg?fit=2560%2C2558&ssl=1\",\"datePublished\":\"2023-10-17T11:13:40+00:00\",\"dateModified\":\"2026-03-04T13:14:02+00:00\",\"description\":\"Explorez les lacs de la jungle ! Avec Croco et Hippo comme guides, chaque bain devient une exp\u00e9rience de safari inoubliable.\",\"breadcrumb\":{\"@id\":\"https:\\\/\\\/quuttoys.com\\\/fr\\\/produit\\\/dans-la-jungle\\\/#breadcrumb\"},\"inLanguage\":\"fr-FR\",\"potentialAction\":[{\"@type\":\"ReadAction\",\"target\":[\"https:\\\/\\\/quuttoys.com\\\/fr\\\/produit\\\/dans-la-jungle\\\/\"]}]},{\"@type\":\"ImageObject\",\"inLanguage\":\"fr-FR\",\"@id\":\"https:\\\/\\\/quuttoys.com\\\/fr\\\/produit\\\/dans-la-jungle\\\/#primaryimage\",\"url\":\"https:\\\/\\\/i0.wp.com\\\/quuttoys.com\\\/wp-content\\\/uploads\\\/2023\\\/10\\\/173755-Puzzle-friends-Into-the-jungle-1-scaled.jpg?fit=2560%2C2558&ssl=1\",\"contentUrl\":\"https:\\\/\\\/i0.wp.com\\\/quuttoys.com\\\/wp-content\\\/uploads\\\/2023\\\/10\\\/173755-Puzzle-friends-Into-the-jungle-1-scaled.jpg?fit=2560%2C2558&ssl=1\",\"width\":2560,\"height\":2558},{\"@type\":\"BreadcrumbList\",\"@id\":\"https:\\\/\\\/quuttoys.com\\\/fr\\\/produit\\\/dans-la-jungle\\\/#breadcrumb\",\"itemListElement\":[{\"@type\":\"ListItem\",\"position\":1,\"name\":\"Home\",\"item\":\"https:\\\/\\\/quuttoys.com\\\/fr\\\/\"},{\"@type\":\"ListItem\",\"position\":2,\"name\":\"All products\",\"item\":\"https:\\\/\\\/quuttoys.com\\\/all-products\\\/\"},{\"@type\":\"ListItem\",\"position\":3,\"name\":\"Dans la jungle\"}]},{\"@type\":\"WebSite\",\"@id\":\"https:\\\/\\\/quuttoys.com\\\/fr\\\/#website\",\"url\":\"https:\\\/\\\/quuttoys.com\\\/fr\\\/\",\"name\":\"QUUT\",\"description\":\"Quality toys quality time - Anywhere anytime\",\"potentialAction\":[{\"@type\":\"SearchAction\",\"target\":{\"@type\":\"EntryPoint\",\"urlTemplate\":\"https:\\\/\\\/quuttoys.com\\\/fr\\\/?s={search_term_string}\"},\"query-input\":{\"@type\":\"PropertyValueSpecification\",\"valueRequired\":true,\"valueName\":\"search_term_string\"}}],\"inLanguage\":\"fr-FR\"}]}<\/script>\n<!-- \/ Yoast SEO plugin. -->","yoast_head_json":{"title":"Dans la jungle - QUUT","description":"Explorez les lacs de la jungle ! Avec Croco et Hippo comme guides, chaque bain devient une exp\u00e9rience de safari inoubliable.","robots":{"index":"index","follow":"follow","max-snippet":"max-snippet:-1","max-image-preview":"max-image-preview:large","max-video-preview":"max-video-preview:-1"},"canonical":"https:\/\/quuttoys.com\/fr\/produit\/dans-la-jungle\/","og_locale":"fr_FR","og_type":"article","og_title":"Dans la jungle - QUUT","og_description":"Explorez les lacs de la jungle ! Avec Croco et Hippo comme guides, chaque bain devient une exp\u00e9rience de safari inoubliable.","og_url":"https:\/\/quuttoys.com\/fr\/produit\/dans-la-jungle\/","og_site_name":"QUUT","article_modified_time":"2026-03-04T13:14:02+00:00","og_image":[{"width":2560,"height":2558,"url":"https:\/\/i0.wp.com\/quuttoys.com\/wp-content\/uploads\/2023\/10\/173755-Puzzle-friends-Into-the-jungle-1-scaled.jpg?fit=2560%2C2558&ssl=1","type":"image\/jpeg"}],"twitter_card":"summary_large_image","schema":{"@context":"https:\/\/schema.org","@graph":[{"@type":"WebPage","@id":"https:\/\/quuttoys.com\/fr\/produit\/dans-la-jungle\/","url":"https:\/\/quuttoys.com\/fr\/produit\/dans-la-jungle\/","name":"Dans la jungle - QUUT","isPartOf":{"@id":"https:\/\/quuttoys.com\/fr\/#website"},"primaryImageOfPage":{"@id":"https:\/\/quuttoys.com\/fr\/produit\/dans-la-jungle\/#primaryimage"},"image":{"@id":"https:\/\/quuttoys.com\/fr\/produit\/dans-la-jungle\/#primaryimage"},"thumbnailUrl":"https:\/\/i0.wp.com\/quuttoys.com\/wp-content\/uploads\/2023\/10\/173755-Puzzle-friends-Into-the-jungle-1-scaled.jpg?fit=2560%2C2558&ssl=1","datePublished":"2023-10-17T11:13:40+00:00","dateModified":"2026-03-04T13:14:02+00:00","description":"Explorez les lacs de la jungle ! Avec Croco et Hippo comme guides, chaque bain devient une exp\u00e9rience de safari inoubliable.","breadcrumb":{"@id":"https:\/\/quuttoys.com\/fr\/produit\/dans-la-jungle\/#breadcrumb"},"inLanguage":"fr-FR","potentialAction":[{"@type":"ReadAction","target":["https:\/\/quuttoys.com\/fr\/produit\/dans-la-jungle\/"]}]},{"@type":"ImageObject","inLanguage":"fr-FR","@id":"https:\/\/quuttoys.com\/fr\/produit\/dans-la-jungle\/#primaryimage","url":"https:\/\/i0.wp.com\/quuttoys.com\/wp-content\/uploads\/2023\/10\/173755-Puzzle-friends-Into-the-jungle-1-scaled.jpg?fit=2560%2C2558&ssl=1","contentUrl":"https:\/\/i0.wp.com\/quuttoys.com\/wp-content\/uploads\/2023\/10\/173755-Puzzle-friends-Into-the-jungle-1-scaled.jpg?fit=2560%2C2558&ssl=1","width":2560,"height":2558},{"@type":"BreadcrumbList","@id":"https:\/\/quuttoys.com\/fr\/produit\/dans-la-jungle\/#breadcrumb","itemListElement":[{"@type":"ListItem","position":1,"name":"Home","item":"https:\/\/quuttoys.com\/fr\/"},{"@type":"ListItem","position":2,"name":"All products","item":"https:\/\/quuttoys.com\/all-products\/"},{"@type":"ListItem","position":3,"name":"Dans la jungle"}]},{"@type":"WebSite","@id":"https:\/\/quuttoys.com\/fr\/#website","url":"https:\/\/quuttoys.com\/fr\/","name":"QUUT","description":"Quality toys quality time - Anywhere anytime","potentialAction":[{"@type":"SearchAction","target":{"@type":"EntryPoint","urlTemplate":"https:\/\/quuttoys.com\/fr\/?s={search_term_string}"},"query-input":{"@type":"PropertyValueSpecification","valueRequired":true,"valueName":"search_term_string"}}],"inLanguage":"fr-FR"}]}},"jetpack_publicize_connections":[],"jetpack_likes_enabled":true,"jetpack_sharing_enabled":true,"amp_enabled":true,"_links":{"self":[{"href":"https:\/\/quuttoys.com\/fr\/wp-json\/wp\/v2\/product\/60421","targetHints":{"allow":["GET"]}}],"collection":[{"href":"https:\/\/quuttoys.com\/fr\/wp-json\/wp\/v2\/product"}],"about":[{"href":"https:\/\/quuttoys.com\/fr\/wp-json\/wp\/v2\/types\/product"}],"wp:featuredmedia":[{"embeddable":true,"href":"https:\/\/quuttoys.com\/fr\/wp-json\/wp\/v2\/media\/52032"}],"wp:attachment":[{"href":"https:\/\/quuttoys.com\/fr\/wp-json\/wp\/v2\/media?parent=60421"}],"wp:term":[{"taxonomy":"product_brand","embeddable":true,"href":"https:\/\/quuttoys.com\/fr\/wp-json\/wp\/v2\/product_brand?post=60421"},{"taxonomy":"product_cat","embeddable":true,"href":"https:\/\/quuttoys.com\/fr\/wp-json\/wp\/v2\/product_cat?post=60421"},{"taxonomy":"product_tag","embeddable":true,"href":"https:\/\/quuttoys.com\/fr\/wp-json\/wp\/v2\/product_tag?post=60421"}],"curies":[{"name":"wp","href":"https:\/\/api.w.org\/{rel}","templated":true}]}}