{"id":60423,"date":"2023-10-17T15:08:56","date_gmt":"2023-10-17T13:08:56","guid":{"rendered":"https:\/\/quuttoys.com\/product\/hoppi-dino-4\/"},"modified":"2026-03-04T14:14:03","modified_gmt":"2026-03-04T13:14:03","slug":"hoppi-dino-4","status":"publish","type":"product","link":"https:\/\/quuttoys.com\/fr\/produit\/hoppi-dino-4\/","title":{"rendered":"Hoppi Dino"},"content":{"rendered":"<h3 class=\"fusion-woocommerce-tab-title fusion-responsive-typography-calculated\" data-fontsize=\"20\" data-lineheight=\"37.6px\">Description<\/h3>\n<p>Couleur : Vert Jardin<br \/>\nTaille : 50 x 70<span class=\"Apple-converted-space\">  <\/span>cm | 20 x 28 pouces<span class=\"Apple-converted-space\"> <\/span><br \/>\nMat\u00e9riau : Vinyle \u00e9pais et durable<\/p>\n<p>Disponible aussi dans d\u2019autres couleurs :<br \/>\n Lavande<\/p>\n<p>Nous recommandons la surveillance d\u2019un adulte et veillez \u00e0 \u00e9viter les escaliers, les routes et les surfaces glissantes.<br \/>\nGardez ce jouet \u00e0 l\u2019\u00e9cart du feu et des sources de chaleur.<br \/>\n\u00c9vitez le contact avec les surfaces vernies ou peintes pour \u00e9viter toute d\u00e9coloration.<\/p>\n<p>&nbsp;<\/p>\n<h3 class=\"fusion-responsive-typography-calculated\" data-fontsize=\"16\" data-lineheight=\"30.08px\">Le saviez-vous?<\/h3>\n<p><em>Tous les produits sont sans BPA ni latex et sont bien s\u00fbr recyclables. Chez Quut nous sommes persuad\u00e9s que lorsque se cr\u00e9e une histoire d\u2019amour avec son jouet pr\u00e9f\u00e9r\u00e9 on le garde soigneusement. Et ainsi il sera transmis de g\u00e9n\u00e9ration en g\u00e9n\u00e9ration. La durabilit\u00e9 au niveau sup\u00e9rieur!<\/em><\/p>\n","protected":false},"excerpt":{"rendered":"<p>Un ami sautissant rien que pour toi !<br \/>\nCe mignon dinosaure est l\u00e0 pour rendre le jeu encore plus amusant et excitant. Avec son corps doux et color\u00e9, il est parfait pour que les petits enfants sautent partout et passent un excellent moment.  Ce compagnon rebondissant aide aussi \u00e0 am\u00e9liorer la cr\u00e9ativit\u00e9, l\u2019\u00e9quilibre, la coordination et la force musculaire. Qu\u2019il joue \u00e0 l\u2019int\u00e9rieur ou \u00e0 l\u2019ext\u00e9rieur, Hoppi sera le fid\u00e8le compagnon de votre petit.<\/p>\n[fusion_checklist icon=\"ok\" iconcolor=\"#aaaaaa\" circle=\"no\"]<\/p>\n<ul>\n<li>Vinyle \u00e9pais et durable<\/li>\n<li>Sans danger pour la peau de votre enfant<\/li>\n<li>Hauteur des si\u00e8ges 26 cm<\/li>\n<li>Poids maximal recommand\u00e9 : 50 kg (100 lbs)<\/li>\n<li>Rapide \u00e0 gonfler et \u00e0 d\u00e9gonfler<span class=\"Apple-converted-space\"> <\/span><\/li>\n<li>Transport et stockage faciles<\/li>\n<\/ul>\n<p>[\/fusion_checklist]\n","protected":false},"featured_media":52128,"template":"","meta":{"_coblocks_attr":"","_coblocks_dimensions":"","_coblocks_responsive_height":"","_coblocks_accordion_ie_support":"","_crdt_document":"","jetpack_publicize_message":"","jetpack_publicize_feature_enabled":true,"jetpack_social_post_already_shared":true,"jetpack_social_options":{"image_generator_settings":{"template":"highway","default_image_id":0,"font":"","enabled":false},"version":2},"_wpas_customize_per_network":false},"product_brand":[],"product_cat":[20585,21022,20992],"product_tag":[],"class_list":{"0":"post-60423","1":"product","2":"type-product","3":"status-publish","4":"has-post-thumbnail","6":"product_cat-garden-green-fr","7":"product_cat-hoppi","8":"product_cat-indispensable","10":"first","11":"instock","12":"shipping-taxable","13":"product-type-simple"},"yoast_head":"<!-- This site is optimized with the Yoast SEO plugin v27.5 - https:\/\/yoast.com\/product\/yoast-seo-wordpress\/ -->\n<title>Hoppi Dino - QUUT<\/title>\n<meta name=\"description\" content=\"Ce compagnon rebondissant aide aussi \u00e0 am\u00e9liorer la cr\u00e9ativit\u00e9, l\u2019\u00e9quilibre, la coordination et la force musculaire. Qu\u2019il joue \u00e0 l\u2019int\u00e9rieur ou \u00e0 l\u2019ext\u00e9rieur, Hoppi sera le fid\u00e8le compagnon de votre petit.\" \/>\n<meta name=\"robots\" content=\"index, follow, max-snippet:-1, max-image-preview:large, max-video-preview:-1\" \/>\n<link rel=\"canonical\" href=\"https:\/\/quuttoys.com\/fr\/produit\/hoppi-dino-4\/\" \/>\n<meta property=\"og:locale\" content=\"fr_FR\" \/>\n<meta property=\"og:type\" content=\"article\" \/>\n<meta property=\"og:title\" content=\"Hoppi Dino - QUUT\" \/>\n<meta property=\"og:description\" content=\"Ce compagnon rebondissant aide aussi \u00e0 am\u00e9liorer la cr\u00e9ativit\u00e9, l\u2019\u00e9quilibre, la coordination et la force musculaire. Qu\u2019il joue \u00e0 l\u2019int\u00e9rieur ou \u00e0 l\u2019ext\u00e9rieur, Hoppi sera le fid\u00e8le compagnon de votre petit.\" \/>\n<meta property=\"og:url\" content=\"https:\/\/quuttoys.com\/fr\/produit\/hoppi-dino-4\/\" \/>\n<meta property=\"og:site_name\" content=\"QUUT\" \/>\n<meta property=\"article:modified_time\" content=\"2026-03-04T13:14:03+00:00\" \/>\n<meta property=\"og:image\" content=\"https:\/\/i0.wp.com\/quuttoys.com\/wp-content\/uploads\/2023\/10\/173717-Hoppi-Dino-Garden-green-1-scaled.jpg?fit=2560%2C2560&ssl=1\" \/>\n\t<meta property=\"og:image:width\" content=\"2560\" \/>\n\t<meta property=\"og:image:height\" content=\"2560\" \/>\n\t<meta property=\"og:image:type\" content=\"image\/jpeg\" \/>\n<meta name=\"twitter:card\" content=\"summary_large_image\" \/>\n<meta name=\"twitter:label1\" content=\"Dur\u00e9e de lecture estim\u00e9e\" \/>\n\t<meta name=\"twitter:data1\" content=\"1 minute\" \/>\n<script type=\"application\/ld+json\" class=\"yoast-schema-graph\">{\"@context\":\"https:\\\/\\\/schema.org\",\"@graph\":[{\"@type\":\"WebPage\",\"@id\":\"https:\\\/\\\/quuttoys.com\\\/fr\\\/produit\\\/hoppi-dino-4\\\/\",\"url\":\"https:\\\/\\\/quuttoys.com\\\/fr\\\/produit\\\/hoppi-dino-4\\\/\",\"name\":\"Hoppi Dino - QUUT\",\"isPartOf\":{\"@id\":\"https:\\\/\\\/quuttoys.com\\\/fr\\\/#website\"},\"primaryImageOfPage\":{\"@id\":\"https:\\\/\\\/quuttoys.com\\\/fr\\\/produit\\\/hoppi-dino-4\\\/#primaryimage\"},\"image\":{\"@id\":\"https:\\\/\\\/quuttoys.com\\\/fr\\\/produit\\\/hoppi-dino-4\\\/#primaryimage\"},\"thumbnailUrl\":\"https:\\\/\\\/i0.wp.com\\\/quuttoys.com\\\/wp-content\\\/uploads\\\/2023\\\/10\\\/173717-Hoppi-Dino-Garden-green-1-scaled.jpg?fit=2560%2C2560&ssl=1\",\"datePublished\":\"2023-10-17T13:08:56+00:00\",\"dateModified\":\"2026-03-04T13:14:03+00:00\",\"description\":\"Ce compagnon rebondissant aide aussi \u00e0 am\u00e9liorer la cr\u00e9ativit\u00e9, l\u2019\u00e9quilibre, la coordination et la force musculaire. Qu\u2019il joue \u00e0 l\u2019int\u00e9rieur ou \u00e0 l\u2019ext\u00e9rieur, Hoppi sera le fid\u00e8le compagnon de votre petit.\",\"breadcrumb\":{\"@id\":\"https:\\\/\\\/quuttoys.com\\\/fr\\\/produit\\\/hoppi-dino-4\\\/#breadcrumb\"},\"inLanguage\":\"fr-FR\",\"potentialAction\":[{\"@type\":\"ReadAction\",\"target\":[\"https:\\\/\\\/quuttoys.com\\\/fr\\\/produit\\\/hoppi-dino-4\\\/\"]}]},{\"@type\":\"ImageObject\",\"inLanguage\":\"fr-FR\",\"@id\":\"https:\\\/\\\/quuttoys.com\\\/fr\\\/produit\\\/hoppi-dino-4\\\/#primaryimage\",\"url\":\"https:\\\/\\\/i0.wp.com\\\/quuttoys.com\\\/wp-content\\\/uploads\\\/2023\\\/10\\\/173717-Hoppi-Dino-Garden-green-1-scaled.jpg?fit=2560%2C2560&ssl=1\",\"contentUrl\":\"https:\\\/\\\/i0.wp.com\\\/quuttoys.com\\\/wp-content\\\/uploads\\\/2023\\\/10\\\/173717-Hoppi-Dino-Garden-green-1-scaled.jpg?fit=2560%2C2560&ssl=1\",\"width\":2560,\"height\":2560},{\"@type\":\"BreadcrumbList\",\"@id\":\"https:\\\/\\\/quuttoys.com\\\/fr\\\/produit\\\/hoppi-dino-4\\\/#breadcrumb\",\"itemListElement\":[{\"@type\":\"ListItem\",\"position\":1,\"name\":\"Home\",\"item\":\"https:\\\/\\\/quuttoys.com\\\/fr\\\/\"},{\"@type\":\"ListItem\",\"position\":2,\"name\":\"All products\",\"item\":\"https:\\\/\\\/quuttoys.com\\\/all-products\\\/\"},{\"@type\":\"ListItem\",\"position\":3,\"name\":\"Hoppi Dino\"}]},{\"@type\":\"WebSite\",\"@id\":\"https:\\\/\\\/quuttoys.com\\\/fr\\\/#website\",\"url\":\"https:\\\/\\\/quuttoys.com\\\/fr\\\/\",\"name\":\"QUUT\",\"description\":\"Quality toys quality time - Anywhere anytime\",\"potentialAction\":[{\"@type\":\"SearchAction\",\"target\":{\"@type\":\"EntryPoint\",\"urlTemplate\":\"https:\\\/\\\/quuttoys.com\\\/fr\\\/?s={search_term_string}\"},\"query-input\":{\"@type\":\"PropertyValueSpecification\",\"valueRequired\":true,\"valueName\":\"search_term_string\"}}],\"inLanguage\":\"fr-FR\"}]}<\/script>\n<!-- \/ Yoast SEO plugin. -->","yoast_head_json":{"title":"Hoppi Dino - QUUT","description":"Ce compagnon rebondissant aide aussi \u00e0 am\u00e9liorer la cr\u00e9ativit\u00e9, l\u2019\u00e9quilibre, la coordination et la force musculaire. Qu\u2019il joue \u00e0 l\u2019int\u00e9rieur ou \u00e0 l\u2019ext\u00e9rieur, Hoppi sera le fid\u00e8le compagnon de votre petit.","robots":{"index":"index","follow":"follow","max-snippet":"max-snippet:-1","max-image-preview":"max-image-preview:large","max-video-preview":"max-video-preview:-1"},"canonical":"https:\/\/quuttoys.com\/fr\/produit\/hoppi-dino-4\/","og_locale":"fr_FR","og_type":"article","og_title":"Hoppi Dino - QUUT","og_description":"Ce compagnon rebondissant aide aussi \u00e0 am\u00e9liorer la cr\u00e9ativit\u00e9, l\u2019\u00e9quilibre, la coordination et la force musculaire. Qu\u2019il joue \u00e0 l\u2019int\u00e9rieur ou \u00e0 l\u2019ext\u00e9rieur, Hoppi sera le fid\u00e8le compagnon de votre petit.","og_url":"https:\/\/quuttoys.com\/fr\/produit\/hoppi-dino-4\/","og_site_name":"QUUT","article_modified_time":"2026-03-04T13:14:03+00:00","og_image":[{"width":2560,"height":2560,"url":"https:\/\/i0.wp.com\/quuttoys.com\/wp-content\/uploads\/2023\/10\/173717-Hoppi-Dino-Garden-green-1-scaled.jpg?fit=2560%2C2560&ssl=1","type":"image\/jpeg"}],"twitter_card":"summary_large_image","twitter_misc":{"Dur\u00e9e de lecture estim\u00e9e":"1 minute"},"schema":{"@context":"https:\/\/schema.org","@graph":[{"@type":"WebPage","@id":"https:\/\/quuttoys.com\/fr\/produit\/hoppi-dino-4\/","url":"https:\/\/quuttoys.com\/fr\/produit\/hoppi-dino-4\/","name":"Hoppi Dino - QUUT","isPartOf":{"@id":"https:\/\/quuttoys.com\/fr\/#website"},"primaryImageOfPage":{"@id":"https:\/\/quuttoys.com\/fr\/produit\/hoppi-dino-4\/#primaryimage"},"image":{"@id":"https:\/\/quuttoys.com\/fr\/produit\/hoppi-dino-4\/#primaryimage"},"thumbnailUrl":"https:\/\/i0.wp.com\/quuttoys.com\/wp-content\/uploads\/2023\/10\/173717-Hoppi-Dino-Garden-green-1-scaled.jpg?fit=2560%2C2560&ssl=1","datePublished":"2023-10-17T13:08:56+00:00","dateModified":"2026-03-04T13:14:03+00:00","description":"Ce compagnon rebondissant aide aussi \u00e0 am\u00e9liorer la cr\u00e9ativit\u00e9, l\u2019\u00e9quilibre, la coordination et la force musculaire. Qu\u2019il joue \u00e0 l\u2019int\u00e9rieur ou \u00e0 l\u2019ext\u00e9rieur, Hoppi sera le fid\u00e8le compagnon de votre petit.","breadcrumb":{"@id":"https:\/\/quuttoys.com\/fr\/produit\/hoppi-dino-4\/#breadcrumb"},"inLanguage":"fr-FR","potentialAction":[{"@type":"ReadAction","target":["https:\/\/quuttoys.com\/fr\/produit\/hoppi-dino-4\/"]}]},{"@type":"ImageObject","inLanguage":"fr-FR","@id":"https:\/\/quuttoys.com\/fr\/produit\/hoppi-dino-4\/#primaryimage","url":"https:\/\/i0.wp.com\/quuttoys.com\/wp-content\/uploads\/2023\/10\/173717-Hoppi-Dino-Garden-green-1-scaled.jpg?fit=2560%2C2560&ssl=1","contentUrl":"https:\/\/i0.wp.com\/quuttoys.com\/wp-content\/uploads\/2023\/10\/173717-Hoppi-Dino-Garden-green-1-scaled.jpg?fit=2560%2C2560&ssl=1","width":2560,"height":2560},{"@type":"BreadcrumbList","@id":"https:\/\/quuttoys.com\/fr\/produit\/hoppi-dino-4\/#breadcrumb","itemListElement":[{"@type":"ListItem","position":1,"name":"Home","item":"https:\/\/quuttoys.com\/fr\/"},{"@type":"ListItem","position":2,"name":"All products","item":"https:\/\/quuttoys.com\/all-products\/"},{"@type":"ListItem","position":3,"name":"Hoppi Dino"}]},{"@type":"WebSite","@id":"https:\/\/quuttoys.com\/fr\/#website","url":"https:\/\/quuttoys.com\/fr\/","name":"QUUT","description":"Quality toys quality time - Anywhere anytime","potentialAction":[{"@type":"SearchAction","target":{"@type":"EntryPoint","urlTemplate":"https:\/\/quuttoys.com\/fr\/?s={search_term_string}"},"query-input":{"@type":"PropertyValueSpecification","valueRequired":true,"valueName":"search_term_string"}}],"inLanguage":"fr-FR"}]}},"jetpack_publicize_connections":[],"jetpack_likes_enabled":true,"jetpack_sharing_enabled":true,"amp_enabled":true,"_links":{"self":[{"href":"https:\/\/quuttoys.com\/fr\/wp-json\/wp\/v2\/product\/60423","targetHints":{"allow":["GET"]}}],"collection":[{"href":"https:\/\/quuttoys.com\/fr\/wp-json\/wp\/v2\/product"}],"about":[{"href":"https:\/\/quuttoys.com\/fr\/wp-json\/wp\/v2\/types\/product"}],"wp:featuredmedia":[{"embeddable":true,"href":"https:\/\/quuttoys.com\/fr\/wp-json\/wp\/v2\/media\/52128"}],"wp:attachment":[{"href":"https:\/\/quuttoys.com\/fr\/wp-json\/wp\/v2\/media?parent=60423"}],"wp:term":[{"taxonomy":"product_brand","embeddable":true,"href":"https:\/\/quuttoys.com\/fr\/wp-json\/wp\/v2\/product_brand?post=60423"},{"taxonomy":"product_cat","embeddable":true,"href":"https:\/\/quuttoys.com\/fr\/wp-json\/wp\/v2\/product_cat?post=60423"},{"taxonomy":"product_tag","embeddable":true,"href":"https:\/\/quuttoys.com\/fr\/wp-json\/wp\/v2\/product_tag?post=60423"}],"curies":[{"name":"wp","href":"https:\/\/api.w.org\/{rel}","templated":true}]}}